{"id":83,"date":"2019-08-23T23:42:56","date_gmt":"2019-08-24T02:42:56","guid":{"rendered":"http:\/\/congresos.unlp.edu.ar\/cicda\/?page_id=83"},"modified":"2019-11-06T01:38:19","modified_gmt":"2019-11-06T04:38:19","slug":"simposio-3","status":"publish","type":"page","link":"https:\/\/congresos.unlp.edu.ar\/cicda\/simposio-3\/","title":{"rendered":"Simposio 3"},"content":{"rendered":"<p><img loading=\"lazy\" decoding=\"async\" class=\"alignnone size-full wp-image-89\" src=\"https:\/\/congresos.unlp.edu.ar\/cicda\/wp-content\/uploads\/sites\/8\/2019\/08\/69262828_2098277700278156_1145581886534320128_n.jpg\" alt=\"\" width=\"800\" height=\"600\" srcset=\"https:\/\/congresos.unlp.edu.ar\/cicda\/wp-content\/uploads\/sites\/8\/2019\/08\/69262828_2098277700278156_1145581886534320128_n.jpg 800w, https:\/\/congresos.unlp.edu.ar\/cicda\/wp-content\/uploads\/sites\/8\/2019\/08\/69262828_2098277700278156_1145581886534320128_n-300x225.jpg 300w, https:\/\/congresos.unlp.edu.ar\/cicda\/wp-content\/uploads\/sites\/8\/2019\/08\/69262828_2098277700278156_1145581886534320128_n-768x576.jpg 768w\" sizes=\"auto, (max-width: 800px) 100vw, 800px\" \/><\/p>\n<p>SIMPOSIO 3<\/p>\n<p><strong>La Historia del arte en el campo expandido: estudios decoloniales, com-<\/strong><br \/>\n<strong>parativos e interdisciplinares<\/strong><\/p>\n<p><em>\/ Coordinadora: Mag. Mar\u00eda de los \u00c1ngeles De Rueda (IHAAA, FBA, UNLP)<\/em><br \/>\n<em>\/ Moderadoras: Prof. Luc\u00eda \u00c1lvarez; Prof. In\u00e9s Fern\u00e1ndez Harari; Prof. Roc\u00edo <\/em><em>Sosa<\/em><\/p>\n<p>Para ver los res\u00famenes que componen el simposio, haga click <a href=\"https:\/\/drive.google.com\/file\/d\/1fUXo2nFe6n1939PjEMILMIHL01WCNZVI\/view?usp=sharing\">aqu\u00ed<\/a>.<\/p>\n<p>A partir del proyecto que estamos desarrollando sobre los aportes al debate sobre lo local, lo nacional y lo latinoamericano a trav\u00e9s del estudio de una serie de t\u00f3picos en producciones art\u00edsticas y teor\u00edas de las artes visuales y musicales del siglo XX, proponemos este simposio. Se trata de revisar y definir una Historia del arte expandida, sea por su objeto heterog\u00e9neo como sus metodolog\u00edas y estrategias de ense\u00f1anza e investigaci\u00f3n. Pensamos en perspectivas convergentes de la historia de las artes desde una mirada decolonial, comparativa e interdisciplinaria, poniendo en relaci\u00f3n el campo de las artes can\u00f3nicas, populares, masivas y emergentes y regionales.<br \/>\nConsideramos necesario la presentaci\u00f3n y discusi\u00f3n de trabajos sobre el descentramiento, deriva y deconstrucci\u00f3n de las modernidades a partir de conceptos y an\u00e1lisis interdisciplinarios, que permitan establecer otras perspectivas con respecto a los estudios can\u00f3nicos sobre las artes institucionalizadas y su especificidad en un circuito reducido.<\/p>\n<p>Ejes del simposio:<br \/>\n1. Experiencias actuales y pasadas en torno a los estudios comparados e interdisciplinarios en de las artes<br \/>\n2. Las historias del arte de divulgaci\u00f3n: oscilaciones entre lo local y lo global<br \/>\n3. Agenciamiento y redes regionales de producci\u00f3n y circulaci\u00f3n de las artes y las ideas, publicaciones acad\u00e9micas y no acad\u00e9micas<br \/>\n4. Decolonialidad e interdisciplina: diversos dispositivos de producci\u00f3n de conocimiento y subjetividades<\/p>\n","protected":false},"excerpt":{"rendered":"<p>SIMPOSIO 3 La Historia del arte en el campo expandido: estudios decoloniales, com- parativos e interdisciplinares \/ Coordinadora: Mag. Mar\u00eda de los \u00c1ngeles De Rueda (IHAAA, FBA, UNLP) \/ Moderadoras: Prof. Luc\u00eda \u00c1lvarez; Prof. In\u00e9s Fern\u00e1ndez Harari; Prof. Roc\u00edo Sosa Para ver los res\u00famenes que componen el simposio, haga click aqu\u00ed. A partir del proyecto [&hellip;]<\/p>\n","protected":false},"author":12,"featured_media":0,"parent":0,"menu_order":0,"comment_status":"closed","ping_status":"closed","template":"","meta":{"advgb_blocks_editor_width":"","advgb_blocks_columns_visual_guide":"","footnotes":""},"class_list":["post-83","page","type-page","status-publish","hentry","post"],"aioseo_notices":[],"coauthors":[],"author_meta":{"author_link":"https:\/\/congresos.unlp.edu.ar\/cicda\/author\/bgustavino\/","display_name":"bgustavino"},"relative_dates":{"created":"Posted 7 a\u00f1os ago","modified":"Updated 6 a\u00f1os ago"},"absolute_dates":{"created":"Posted on 23 agosto, 2019","modified":"Updated on 6 noviembre, 2019"},"absolute_dates_time":{"created":"Posted on 23 agosto, 2019 11:42 pm","modified":"Updated on 6 noviembre, 2019 1:38 am"},"featured_img_caption":"","featured_img":false,"series_order":"","_links":{"self":[{"href":"https:\/\/congresos.unlp.edu.ar\/cicda\/wp-json\/wp\/v2\/pages\/83","targetHints":{"allow":["GET"]}}],"collection":[{"href":"https:\/\/congresos.unlp.edu.ar\/cicda\/wp-json\/wp\/v2\/pages"}],"about":[{"href":"https:\/\/congresos.unlp.edu.ar\/cicda\/wp-json\/wp\/v2\/types\/page"}],"author":[{"embeddable":true,"href":"https:\/\/congresos.unlp.edu.ar\/cicda\/wp-json\/wp\/v2\/users\/12"}],"replies":[{"embeddable":true,"href":"https:\/\/congresos.unlp.edu.ar\/cicda\/wp-json\/wp\/v2\/comments?post=83"}],"version-history":[{"count":0,"href":"https:\/\/congresos.unlp.edu.ar\/cicda\/wp-json\/wp\/v2\/pages\/83\/revisions"}],"wp:attachment":[{"href":"https:\/\/congresos.unlp.edu.ar\/cicda\/wp-json\/wp\/v2\/media?parent=83"}],"curies":[{"name":"wp","href":"https:\/\/api.w.org\/{rel}","templated":true}]}}