{"id":4,"date":"2019-08-16T13:25:56","date_gmt":"2019-08-16T16:25:56","guid":{"rendered":"http:\/\/congresos.unlp.edu.ar\/cicda\/?page_id=4"},"modified":"2019-11-08T17:38:19","modified_gmt":"2019-11-08T20:38:19","slug":"inicio","status":"publish","type":"page","link":"https:\/\/congresos.unlp.edu.ar\/cicda\/","title":{"rendered":"inicio"},"content":{"rendered":"<div id=\"pl-4\"  class=\"panel-layout\" ><div id=\"pg-4-0\"  class=\"panel-grid panel-no-style\" ><div id=\"pgc-4-0-0\"  class=\"panel-grid-cell\" ><\/div><\/div><div id=\"pg-4-1\"  class=\"panel-grid panel-has-style\" ><div class=\"wide-grey panel-row-style panel-row-style-for-4-1\" ><div id=\"pgc-4-1-0\"  class=\"panel-grid-cell\" ><div id=\"panel-4-1-0-0\" class=\"so-panel widget widget_headline-widget panel-first-child panel-last-child\" data-index=\"1\" >\t\t<h1><\/h1>\n\t\t<div class=\"decoration\"><div class=\"decoration-inside\"><\/div><\/div>\n\t\t<h3>Lugar: Centro de Posgrado, Edificio \u201cSergio Karakachoff\u201d (48 e\/ 6 y 7), La Plata, Argentina \/ Organiza: Proyecto de investigaci\u00f3n I+D \u201cHistoria de la Historia del arte en la UNLP (1961-1983). De la constituci\u00f3n disciplinar a la creaci\u00f3n de la carrera universitaria\u201d. Instituto de Historia del Arte Argentino y Americano (IHAAA), Facultad de Bellas Artes, UNLP, Argentina<\/h3>\n\t\t<\/div><\/div><\/div><\/div><div id=\"pg-4-2\"  class=\"panel-grid panel-no-style\" ><div id=\"pgc-4-2-0\"  class=\"panel-grid-cell\" ><div id=\"panel-4-2-0-0\" class=\"so-panel widget widget_text panel-first-child\" data-index=\"2\" >\t\t\t<div class=\"textwidget\"><p>Para contactarse con el comit\u00e9 de organizador, dirigirse a <strong>congreso.disciplinas.artisticas@gmail.com<\/strong><\/p>\n<p>&nbsp;<\/p>\n<p><strong>Acompa\u00f1a la organizaci\u00f3n del Congreso<\/strong><\/p>\n<p>Instituto de Historia del Arte Argentino y Americano (IHAAA), Facultad de Bellas Artes, UNLP<\/p>\n<p>La reuni\u00f3n cuenta con un Subsidio de la UNLP a la organizaci\u00f3n de Reuniones cient\u00edficas, 2019.<\/p>\n<\/div>\n\t\t<\/div><div id=\"panel-4-2-0-1\" class=\"so-panel widget widget_media_gallery panel-last-child\" data-index=\"3\" >\n\t\t<style type=\"text\/css\">\n\t\t\t#gallery-1 {\n\t\t\t\tmargin: auto;\n\t\t\t}\n\t\t\t#gallery-1 .gallery-item {\n\t\t\t\tfloat: left;\n\t\t\t\tmargin-top: 10px;\n\t\t\t\ttext-align: center;\n\t\t\t\twidth: 33%;\n\t\t\t}\n\t\t\t#gallery-1 img {\n\t\t\t\tborder: 2px solid #cfcfcf;\n\t\t\t}\n\t\t\t#gallery-1 .gallery-caption {\n\t\t\t\tmargin-left: 0;\n\t\t\t}\n\t\t\t\/* see gallery_shortcode() in wp-includes\/media.php *\/\n\t\t<\/style>\n\t\t<div id='gallery-1' class='gallery galleryid-4 gallery-columns-3 gallery-size-full'><dl class='gallery-item'>\n\t\t\t<dt class='gallery-icon landscape'>\n\t\t\t\t<a href='https:\/\/congresos.unlp.edu.ar\/cicda\/inicio\/logo-ihaaa-01-1\/#main'><img loading=\"lazy\" decoding=\"async\" width=\"1535\" height=\"605\" src=\"https:\/\/congresos.unlp.edu.ar\/cicda\/wp-content\/uploads\/sites\/8\/2019\/08\/Logo-ihaaa-01-1.png\" class=\"attachment-full size-full\" alt=\"\" srcset=\"https:\/\/congresos.unlp.edu.ar\/cicda\/wp-content\/uploads\/sites\/8\/2019\/08\/Logo-ihaaa-01-1.png 1535w, https:\/\/congresos.unlp.edu.ar\/cicda\/wp-content\/uploads\/sites\/8\/2019\/08\/Logo-ihaaa-01-1-300x118.png 300w, https:\/\/congresos.unlp.edu.ar\/cicda\/wp-content\/uploads\/sites\/8\/2019\/08\/Logo-ihaaa-01-1-768x303.png 768w, https:\/\/congresos.unlp.edu.ar\/cicda\/wp-content\/uploads\/sites\/8\/2019\/08\/Logo-ihaaa-01-1-1024x404.png 1024w\" sizes=\"auto, (max-width: 1535px) 100vw, 1535px\" \/><\/a>\n\t\t\t<\/dt><\/dl>\n\t\t\t<br style='clear: both' \/>\n\t\t<\/div>\n<\/div><\/div><div id=\"pgc-4-2-1\"  class=\"panel-grid-cell\" ><div id=\"panel-4-2-1-0\" class=\"so-panel widget widget_circleicon-widget panel-first-child panel-last-child\" data-index=\"4\" >\t\t<div class=\"circle-icon-box circle-icon-position-top circle-icon-hide-box circle-icon-size-small \">\n\t\t\t\t\t\t\t<div class=\"circle-icon-wrapper\">\n\t\t\t\t\t\t\t\t\t\t<a href=\"https:\/\/drive.google.com\/file\/d\/0B5bY0v_1Yg2LVExtMTJzU1RlVjN5TWxObWg5TzNUUDRNaGNF\/view?usp=sharing\" class=\"link-icon\" target=\"_blank\">\t\t\t\t\t<div class=\"circle-icon icon-style-set\" style=\"background-image: url(https:\/\/drive.google.com\/file\/d\/0B5bY0v_1Yg2LVExtMTJzU1RlVjN5TWxObWg5TzNUUDRNaGNF\/view?usp=sharing)\">\n\t\t\t\t\t\t\t\t\t\t\t\t\t<div\n\t\t\t\t\t\t\t\tclass=\"fa fa-arrow-down  icon-style-set\"\n\t\t\t\t\t\t\t\t\t\t\t\t\t\t\t><\/div>\n\t\t\t\t\t\t\t\t\t\t\t<\/div>\n\t\t\t\t\t<\/a>\t\t\t\t<\/div>\n\t\t\t\n\t\t\t\t\t\t\t<a\n\t\t\t\t\thref=\"https:\/\/drive.google.com\/file\/d\/0B5bY0v_1Yg2LVExtMTJzU1RlVjN5TWxObWg5TzNUUDRNaGNF\/view?usp=sharing\"\n\t\t\t\t\tclass=\"link-title\" target=&quot;_blank&quot;\t\t\t\t>\n\t\t\t\t\t\t\t\t\t\t<h4 >\n\t\t\t\t\tPrograma \t\t\t\t<\/h4>\n\t\t\t\t\t\t\t\t\t\t<\/a>\n\t\t\t\n\t\t\t\t\t\t\t\t\t\t<a\n\t\t\t\t\thref=\"https:\/\/drive.google.com\/file\/d\/0B5bY0v_1Yg2LVExtMTJzU1RlVjN5TWxObWg5TzNUUDRNaGNF\/view?usp=sharing\"\n\t\t\t\t\tclass=\"more-button\"\n\t\t\t\t\ttarget=&quot;_blank&quot;\t\t\t\t>\n\t\t\t\t\tMore Info\t\t\t\t\t<i><\/i>\n\t\t\t\t<\/a>\n\t\t\t\t\t<\/div>\n\t\t<\/div><\/div><\/div><\/div>","protected":false},"excerpt":{"rendered":"<p>Lugar: Centro de Posgrado, Edificio \u201cSergio Karakachoff\u201d (48 e\/ 6 y 7), La Plata, Argentina \/ Organiza: Proyecto de investigaci\u00f3n I+D \u201cHistoria de la Historia del arte en la UNLP (1961-1983). De la constituci\u00f3n disciplinar a la creaci\u00f3n de la carrera universitaria\u201d. Instituto de Historia del Arte Argentino y Americano (IHAAA), Facultad de Bellas Artes, [&hellip;]<\/p>\n","protected":false},"author":2,"featured_media":0,"parent":0,"menu_order":0,"comment_status":"closed","ping_status":"closed","template":"","meta":{"advgb_blocks_editor_width":"","advgb_blocks_columns_visual_guide":"","footnotes":""},"class_list":["post-4","page","type-page","status-publish","hentry","post"],"aioseo_notices":[],"coauthors":[],"author_meta":{"author_link":"https:\/\/congresos.unlp.edu.ar\/cicda\/author\/congresos\/","display_name":"congresos"},"relative_dates":{"created":"Posted 7 a\u00f1os ago","modified":"Updated 6 a\u00f1os ago"},"absolute_dates":{"created":"Posted on 16 agosto, 2019","modified":"Updated on 8 noviembre, 2019"},"absolute_dates_time":{"created":"Posted on 16 agosto, 2019 1:25 pm","modified":"Updated on 8 noviembre, 2019 5:38 pm"},"featured_img_caption":"","featured_img":false,"series_order":"","_links":{"self":[{"href":"https:\/\/congresos.unlp.edu.ar\/cicda\/wp-json\/wp\/v2\/pages\/4","targetHints":{"allow":["GET"]}}],"collection":[{"href":"https:\/\/congresos.unlp.edu.ar\/cicda\/wp-json\/wp\/v2\/pages"}],"about":[{"href":"https:\/\/congresos.unlp.edu.ar\/cicda\/wp-json\/wp\/v2\/types\/page"}],"author":[{"embeddable":true,"href":"https:\/\/congresos.unlp.edu.ar\/cicda\/wp-json\/wp\/v2\/users\/2"}],"replies":[{"embeddable":true,"href":"https:\/\/congresos.unlp.edu.ar\/cicda\/wp-json\/wp\/v2\/comments?post=4"}],"version-history":[{"count":0,"href":"https:\/\/congresos.unlp.edu.ar\/cicda\/wp-json\/wp\/v2\/pages\/4\/revisions"}],"wp:attachment":[{"href":"https:\/\/congresos.unlp.edu.ar\/cicda\/wp-json\/wp\/v2\/media?parent=4"}],"curies":[{"name":"wp","href":"https:\/\/api.w.org\/{rel}","templated":true}]}}