{"id":38,"date":"2019-08-23T11:06:46","date_gmt":"2019-08-23T14:06:46","guid":{"rendered":"http:\/\/congresos.unlp.edu.ar\/cicda\/?page_id=38"},"modified":"2019-08-26T00:06:54","modified_gmt":"2019-08-26T03:06:54","slug":"simposios","status":"publish","type":"page","link":"https:\/\/congresos.unlp.edu.ar\/cicda\/simposios\/","title":{"rendered":"Simposios"},"content":{"rendered":"<div dir=\"ltr\">Se podr\u00e1n proponer re<span id=\"m_8495717869838714717m_2480225102741925211ydpebf33191m_1861232576916798643gmail-fbPhotoSnowliftCaption\" class=\"m_8495717869838714717m_2480225102741925211ydpebf33191m_1861232576916798643gmail-fbPhotosPhotoCaption\"><span class=\"m_8495717869838714717m_2480225102741925211ydpebf33191m_1861232576916798643gmail-hasCaption\">s\u00famenes para los siguientes simposios:<\/span><\/span><\/div>\n<div>\n<p>&nbsp;<\/p>\n<div><a href=\"https:\/\/congresos.unlp.edu.ar\/cicda\/simposios\/simposio-1\/\">Simposio 1:<\/a> Modelos y tradiciones [en disputa] para la ense\u00f1anza del dibujo en las disciplinas art\u00edsticas y t\u00e9cnico-proyectuales en Sudam\u00e9rica (1870-1940)<\/div>\n<div><\/div>\n<div><a href=\"https:\/\/congresos.unlp.edu.ar\/cicda\/simposios-simposio-2\/\">Simposio 2:<\/a> Historias de las m\u00fasicas desde Nuestra Am\u00e9rica<\/div>\n<div><\/div>\n<div><a href=\"https:\/\/congresos.unlp.edu.ar\/cicda\/simposio-3\/\">Simposio 3:<\/a> La Historia del arte en el campo expandido: estudios decoloniales, comparativos e interdisciplinares<\/div>\n<div><\/div>\n<div><a href=\"https:\/\/congresos.unlp.edu.ar\/cicda\/simposio-4\/\">Simposio 4:<\/a> Desde el taller. Variaciones en la pr\u00e1ctica art\u00edstica y en la pr\u00e1ctica docente del arte cer\u00e1mico<\/div>\n<div><\/div>\n<div><a href=\"https:\/\/congresos.unlp.edu.ar\/cicda\/simposio-5\/\">Simposio 5:<\/a> Calcos de yeso. Un recorrido por sus trayectorias hist\u00f3ricas, art\u00edsticas, institucionales y materiales<\/div>\n<div><\/div>\n<div><a href=\"https:\/\/congresos.unlp.edu.ar\/cicda\/simposio-6\/\">Simposio 6:<\/a> La conformaci\u00f3n disciplinar del Dise\u00f1o en Argentina y Latinoam\u00e9rica. Debates y tensiones en las trayectorias profesionales y acad\u00e9micas<\/div>\n<div><\/div>\n<div><a href=\"https:\/\/congresos.unlp.edu.ar\/cicda\/simposio-7\/\">Simposio 7:<\/a> Historia del arte: institucionalizaci\u00f3n, disciplina y conocimiento<\/div>\n<div><\/div>\n<div><a href=\"https:\/\/congresos.unlp.edu.ar\/cicda\/simposio-8\/\">Simposio 8:<\/a> La ense\u00f1anza del cine en Argentina. Experiencias, historia y memoria<\/div>\n<div><\/div>\n<div><a href=\"https:\/\/congresos.unlp.edu.ar\/cicda\/simposio-9\/\">Simposio 9:<\/a> La Historia del arte en el cruce: dentro y fuera de la Academia<\/div>\n<\/div>\n","protected":false},"excerpt":{"rendered":"<p>Se podr\u00e1n proponer res\u00famenes para los siguientes simposios: &nbsp; Simposio 1: Modelos y tradiciones [en disputa] para la ense\u00f1anza del dibujo en las disciplinas art\u00edsticas y t\u00e9cnico-proyectuales en Sudam\u00e9rica (1870-1940) Simposio 2: Historias de las m\u00fasicas desde Nuestra Am\u00e9rica Simposio 3: La Historia del arte en el campo expandido: estudios decoloniales, comparativos e interdisciplinares Simposio [&hellip;]<\/p>\n","protected":false},"author":12,"featured_media":0,"parent":0,"menu_order":0,"comment_status":"closed","ping_status":"closed","template":"","meta":{"advgb_blocks_editor_width":"","advgb_blocks_columns_visual_guide":"","footnotes":""},"class_list":["post-38","page","type-page","status-publish","hentry","post"],"aioseo_notices":[],"coauthors":[],"author_meta":{"author_link":"https:\/\/congresos.unlp.edu.ar\/cicda\/author\/bgustavino\/","display_name":"bgustavino"},"relative_dates":{"created":"Posted 7 a\u00f1os ago","modified":"Updated 7 a\u00f1os ago"},"absolute_dates":{"created":"Posted on 23 agosto, 2019","modified":"Updated on 26 agosto, 2019"},"absolute_dates_time":{"created":"Posted on 23 agosto, 2019 11:06 am","modified":"Updated on 26 agosto, 2019 12:06 am"},"featured_img_caption":"","featured_img":false,"series_order":"","_links":{"self":[{"href":"https:\/\/congresos.unlp.edu.ar\/cicda\/wp-json\/wp\/v2\/pages\/38","targetHints":{"allow":["GET"]}}],"collection":[{"href":"https:\/\/congresos.unlp.edu.ar\/cicda\/wp-json\/wp\/v2\/pages"}],"about":[{"href":"https:\/\/congresos.unlp.edu.ar\/cicda\/wp-json\/wp\/v2\/types\/page"}],"author":[{"embeddable":true,"href":"https:\/\/congresos.unlp.edu.ar\/cicda\/wp-json\/wp\/v2\/users\/12"}],"replies":[{"embeddable":true,"href":"https:\/\/congresos.unlp.edu.ar\/cicda\/wp-json\/wp\/v2\/comments?post=38"}],"version-history":[{"count":0,"href":"https:\/\/congresos.unlp.edu.ar\/cicda\/wp-json\/wp\/v2\/pages\/38\/revisions"}],"wp:attachment":[{"href":"https:\/\/congresos.unlp.edu.ar\/cicda\/wp-json\/wp\/v2\/media?parent=38"}],"curies":[{"name":"wp","href":"https:\/\/api.w.org\/{rel}","templated":true}]}}