{"id":161,"date":"2019-09-27T12:37:39","date_gmt":"2019-09-27T15:37:39","guid":{"rendered":"http:\/\/congresos.unlp.edu.ar\/cicda\/?page_id=161"},"modified":"2019-09-27T12:37:39","modified_gmt":"2019-09-27T15:37:39","slug":"informacion-general","status":"publish","type":"page","link":"https:\/\/congresos.unlp.edu.ar\/cicda\/informacion-general\/","title":{"rendered":"Informaci\u00f3n general"},"content":{"rendered":"<p>El Congreso se realizar\u00e1 en el Centro de Posgrado, Edificio \u201cSergio Karakachoff\u201d (48 e\/ 6 y 7), La Plata, Argentina. El edificio es accesible a pie desde la terminal de \u00f3mnibus y la estaci\u00f3n de trenes de la ciudad. Puede visualizar su ubicaci\u00f3n haciendo click <a href=\"https:\/\/www.google.com.ar\/maps\/place\/Centro+de+Arte+UNLP\/@-34.913113,-57.9519101,18z\/data=!3m1!4b1!4m5!3m4!1s0x95a2e6375ea3f02b:0x47bc19136d2e678!8m2!3d-34.913113!4d-57.9508158\">aqu\u00ed<\/a>.<\/p>\n<h4><strong>C\u00f3mo llegar a La Plata desde la Ciudad Aut\u00f3noma de Buenos Aires<\/strong><\/h4>\n<p class=\"lead\">La ciudad de La Plata se encuentra a escasos 50 Km de Buenos Aires, la manera m\u00e1s sencilla de llegar a esta Universidad es arribando al Aeropuerto Internacional Ministro Pistarini (Ezeiza &#8211; EZE) o al Aeroparque Jorge Newbery (AEP), situados en Capital Federal. La mayor\u00eda de los vuelos internacionales tienen como destino al primero, aunque los vuelos provenientes de pa\u00edses lim\u00edtrofes a nuestro pa\u00eds, Bolivia, Brasil, Chile y Paraguay, pueden arribar a cualquiera de los dos.<\/p>\n<div class=\"body\">\n<p><em><strong>Desde Aeroparque<\/strong><\/em><\/p>\n<p>En autom\u00f3vil: La distancia aproximada entre Buenos Aires y La Plata es de 55 Km. El acceso es sencillo debido a que ambas ciudades se encuentran conectadas por la Autopista La Plata-Buenos Aires. Se puede contratar un taxi o remise en el aeropuerto.<\/p>\n<p>En Minib\u00fas Tienda Le\u00f3n: Se toma en el aeropuerto.\u00a0 El minib\u00fas tiene un servicio regular a la ciudad de La Plata cuya duraci\u00f3n aproximada es de una hora, y el mismo finaliza en el lugar que designe el pasajero. Tanto los horarios como los costos actualizados, deben ser consultados. La empresa recomienda reservar el viaje con una anticipaci\u00f3n mayor a las 24 hs, a su l\u00ednea gratuita (0054) 0810 8885366, donde una operadora lo atender\u00e1 en espa\u00f1ol o en ingl\u00e9s.<\/p>\n<p>En Micro: En primer lugar se debe llegar a la Terminal de Retiro, tomando un taxi en el aeropuerto. El micro corresponde a la l\u00ednea 195 y tiene su parada en las d\u00e1rsenas de Metrob\u00fas frente a la terminal.\u00a0 La empresa posee servicio cada 15 minutos los d\u00edas de semana y cada 30 minutos los fines de semana. La duraci\u00f3n del viaje es de aproximadamente una hora y el mismo termina en la Terminal de La Plata (calles 4 y 42). Para llevar adelante esta opci\u00f3n, es necesario contar con una tarjeta SUBE con $150 de carga, que puede adquirirse en el aeropuerto.<\/p>\n<p><em><strong>Desde Ezeiza<\/strong><\/em><\/p>\n<p>En autom\u00f3vil: Por autopista AU 1 a Buenos Aires que empalma con Autopista La Plata- Buenos Aires. El tiempo aproximado de viaje es de una hora. Se puede contratar un taxi o remise en el aeropuerto.<\/p>\n<p>En Minib\u00fas Tienda Le\u00f3n: Se toma en el aeropuerto.\u00a0 El minib\u00fas tiene un servicio regular a la ciudad de La Plata cuya duraci\u00f3n aproximada es de una hora, y el mismo finaliza en el lugar que designe el pasajero. Tanto los horarios como los costos actualizados, deben ser consultados. La empresa recomienda reservar el viaje con una anticipaci\u00f3n mayor a las 24 hs, a su l\u00ednea gratuita (0054) 0810 8885366, donde una operadora lo atender\u00e1 en espa\u00f1ol o en ingl\u00e9s.<\/p>\n<p>En Micro: En primer lugar se debe llegar a la Terminal de Retiro, tomando un taxi en el aeropuerto. El micro corresponde a la l\u00ednea 195 y tiene su parada en las d\u00e1rsenas de Metrob\u00fas frente a la terminal.\u00a0 La empresa posee servicio cada 15 minutos los d\u00edas de semana y cada 30 minutos los fines de semana. La duraci\u00f3n del viaje es de aproximadamente una hora y el mismo termina en la Terminal de La Plata (calles 4 y 42). Para llevar adelante esta opci\u00f3n, es necesario contar con una tarjeta SUBE con $150 de carga, que puede adquirirse en el aeropuerto.<\/p>\n<p><a href=\"http:\/\/www.aa2000.com.ar\/\" target=\"_blank\" rel=\"noopener noreferrer\">Aeropuertos<\/a><br \/>\n<a href=\"http:\/\/www.tebasa.com.ar\/\" target=\"_blank\" rel=\"noopener noreferrer\">Terminal de \u00d3mnibus de Retiro<\/a>: Tel (+54) 11 4310 0700<br \/>\n<a href=\"http:\/\/www.laplataterminal.com\/\" target=\"_blank\" rel=\"noopener noreferrer\">Terminal de \u00d3mnibus de La Plata<\/a>: Tel (+54) 221 421 0992\/2182<br \/>\n<a href=\"http:\/\/www.metropol.com.ar\/\" target=\"_blank\" rel=\"noopener noreferrer\">Costera Metropolitana<\/a>: Tel (+54) 0800 222 6798<br \/>\n<a href=\"http:\/\/www.tiendaleon.com\/home\/\" target=\"_blank\" rel=\"noopener noreferrer\">Manuel Tienda Le\u00f3n<\/a>: Tel (+54) 0810 888 5366<\/p>\n<\/div>\n<h4><strong>D\u00f3nde alojarse en la ciudad<\/strong><\/h4>\n<p>APART VIA 51\u00a0|\u00a0Apart Hotel<br \/>\nDirecci\u00f3n:\u00a0AV 51 N 1162<br \/>\nTel\u00e9fono:\u00a0(0221) 453-5730<br \/>\nweb:\u00a0<a href=\"http:\/\/%20www.apartvia51.com.ar\/\">www.apartvia51.com.ar<\/a><br \/>\ncorreo:\u00a0\u00a0apartvia51@gmail.com<\/p>\n<p>VENDRAS ALGUNA VEZ \u00a0|\u00a0Bed&amp;Breakfast<br \/>\nDirecci\u00f3n:\u00a02 N 1029 E\/ 53 y 54<br \/>\nTel\u00e9fono:\u00a0(0221) 424-3769<br \/>\nweb:\u00a0www.vendrasalgunavez.com.ar<br \/>\ncorreo:\u00a0\u00a0info@vendrasalgunavez.com.ar<\/p>\n<p>HOSTEL DEL BOSQUE\u00a0|\u00a0Hostel<br \/>\nDirecci\u00f3n:\u00a054 N 460<br \/>\nTel\u00e9fono:\u00a0(0221) 489-0236<br \/>\nweb:\u00a0<a href=\"http:\/\/blogs.unlp.edu.ar\/jornadaspracticasdocentes\/alojamientos\/www.hosteldelbosque.com.ar\">www.hosteldelbosque.com.ar<\/a><br \/>\ncorreo:\u00a0\u00a0info@hosteldelbosque.com.ar<\/p>\n<p>HOSTEL UNO\u00a0|\u00a0Hostel<br \/>\nDirecci\u00f3n:\u00a0CALLE 47 N 291<br \/>\nTel\u00e9fono:\u00a0(0221) 427-7013<br \/>\nweb:\u00a0<a href=\"http:\/\/blogs.unlp.edu.ar\/jornadaspracticasdocentes\/alojamientos\/www.hosteluno.com\">www.hosteluno.com<\/a><br \/>\ncorreo:\u00a0\u00a0info@hosteluno.com<\/p>\n<p>LA PLATA HOSTEL\u00a0|\u00a0Hostel<br \/>\nDirecci\u00f3n:\u00a050 N 1066<br \/>\nTel\u00e9fono:\u00a0(0221) 457-1424<br \/>\nweb:\u00a0<a href=\"http:\/\/blogs.unlp.edu.ar\/jornadaspracticasdocentes\/alojamientos\/www.laplata-hostel.com.ar\">www.laplata-hostel.com.ar<\/a><br \/>\ncorreo:\u00a0\u00a0info@laplata-hostel.com.ar<\/p>\n<p>QUUKO HOSTEL\u00a0|\u00a0Hostel<br \/>\nDirecci\u00f3n:\u00a0Calle 11 n\u00ba 1075 entre 54 y 55<br \/>\nTel\u00e9fono:\u00a0(0221 424 0415\/ 0664)<br \/>\ncorreo: quukohostellaplata@hotmail.com<\/p>\n<p>CORREGIDOR\u00a0|\u00a0Hotel<br \/>\nDirecci\u00f3n:\u00a06 N 1026<br \/>\nTel\u00e9fono:\u00a0(0221) 425-6800<br \/>\nweb:\u00a0<a href=\"http:\/\/blogs.unlp.edu.ar\/jornadaspracticasdocentes\/alojamientos\/www.hotelcorregidor.com.ar\">www.hotelcorregidor.com.ar<\/a><br \/>\ncorreo:\u00a0\u00a0informes@hotelcorregidor.com.ar<\/p>\n<p>ARGENTINO LA PLATA\u00a0|\u00a0Hotel<br \/>\nDirecci\u00f3n:\u00a046 N 536<br \/>\nTel\u00e9fono:\u00a0(0221) 423-4111<br \/>\nweb:\u00a0www.hotelargentino.com<br \/>\ncorreo:\u00a0\u00a0info@hotelargentino.com<\/p>\n<p>HOTEL DEL SOL\u00a0|\u00a0Hotel<br \/>\nDirecci\u00f3n:\u00a010 N\u00ba 1061<br \/>\nTel\u00e9fono:\u00a0(0221) 421-6185 \/ 427-2049<br \/>\nweb:\u00a0<a href=\"http:\/\/blogs.unlp.edu.ar\/jornadaspracticasdocentes\/alojamientos\/www.hoteldelsol-laplata.com.ar\">www.hoteldelsol-laplata.com.ar<\/a><br \/>\ncorreo:\u00a0\u00a0hotel-delsol@speedy.com.ar<\/p>\n<p>LA PLATA\u00a0|\u00a0Hotel<br \/>\nDirecci\u00f3n:\u00a051 N\u00ba 783<br \/>\nTel\u00e9fono:\u00a0(0221) 4229090<br \/>\nweb:\u00a0www.weblaplatahotel.com.ar<br \/>\ncorreo:\u00a0\u00a0laplatah@speedy.com.ar<\/p>\n<p>SAN MARCO HOTEL\u00a0|\u00a0Hotel<br \/>\nDirecci\u00f3n:\u00a054 N\u00ba 523<br \/>\nTel\u00e9fono:\u00a0(0221) 4229322<br \/>\nweb:\u00a0<a href=\"http:\/\/blogs.unlp.edu.ar\/jornadaspracticasdocentes\/alojamientos\/www.sanmarcohotel.com.ar\">www.sanmarcohotel.com.ar<\/a><br \/>\ncorreo:\u00a0\u00a0reservas@sanmarcohotel.com.ar<\/p>\n<p>ROGA\u00a0|\u00a0Hotel<br \/>\nDirecci\u00f3n:\u00a054 N 334<br \/>\nTel\u00e9fono:\u00a0(0221) 4219553<br \/>\nweb:\u00a0<a href=\"http:\/\/www.hotelroga.com.ar\/\">www.hotelroga.com.ar<\/a><br \/>\ncorreo:\u00a0\u00a0info@hotelroga.com.ar<\/p>\n<p>HOTEL PLAZA\u00a0|\u00a0Hotel<br \/>\nDirecci\u00f3n:\u00a0CALLE 44 N 358<br \/>\nTel\u00e9fono:\u00a0(0221) 424-3109<\/p>\n<p>SAINT JAMES\u00a0|\u00a0Hotel<br \/>\nDirecci\u00f3n:\u00a060 N 377<br \/>\nTel\u00e9fono:\u00a0(0221) 421-8089<br \/>\ncorreo: contacto@hotelsj.com.ar<\/p>\n<p>&nbsp;<\/p>\n","protected":false},"excerpt":{"rendered":"<p>El Congreso se realizar\u00e1 en el Centro de Posgrado, Edificio \u201cSergio Karakachoff\u201d (48 e\/ 6 y 7), La Plata, Argentina. El edificio es accesible a pie desde la terminal de \u00f3mnibus y la estaci\u00f3n de trenes de la ciudad. Puede visualizar su ubicaci\u00f3n haciendo click aqu\u00ed. C\u00f3mo llegar a La Plata desde la Ciudad Aut\u00f3noma [&hellip;]<\/p>\n","protected":false},"author":12,"featured_media":0,"parent":0,"menu_order":0,"comment_status":"closed","ping_status":"closed","template":"","meta":{"advgb_blocks_editor_width":"","advgb_blocks_columns_visual_guide":"","footnotes":""},"class_list":["post-161","page","type-page","status-publish","hentry","post"],"aioseo_notices":[],"coauthors":[],"author_meta":{"author_link":"https:\/\/congresos.unlp.edu.ar\/cicda\/author\/bgustavino\/","display_name":"bgustavino"},"relative_dates":{"created":"Posted 7 a\u00f1os ago","modified":"Updated 7 a\u00f1os ago"},"absolute_dates":{"created":"Posted on 27 septiembre, 2019","modified":"Updated on 27 septiembre, 2019"},"absolute_dates_time":{"created":"Posted on 27 septiembre, 2019 12:37 pm","modified":"Updated on 27 septiembre, 2019 12:37 pm"},"featured_img_caption":"","featured_img":false,"series_order":"","_links":{"self":[{"href":"https:\/\/congresos.unlp.edu.ar\/cicda\/wp-json\/wp\/v2\/pages\/161","targetHints":{"allow":["GET"]}}],"collection":[{"href":"https:\/\/congresos.unlp.edu.ar\/cicda\/wp-json\/wp\/v2\/pages"}],"about":[{"href":"https:\/\/congresos.unlp.edu.ar\/cicda\/wp-json\/wp\/v2\/types\/page"}],"author":[{"embeddable":true,"href":"https:\/\/congresos.unlp.edu.ar\/cicda\/wp-json\/wp\/v2\/users\/12"}],"replies":[{"embeddable":true,"href":"https:\/\/congresos.unlp.edu.ar\/cicda\/wp-json\/wp\/v2\/comments?post=161"}],"version-history":[{"count":0,"href":"https:\/\/congresos.unlp.edu.ar\/cicda\/wp-json\/wp\/v2\/pages\/161\/revisions"}],"wp:attachment":[{"href":"https:\/\/congresos.unlp.edu.ar\/cicda\/wp-json\/wp\/v2\/media?parent=161"}],"curies":[{"name":"wp","href":"https:\/\/api.w.org\/{rel}","templated":true}]}}