{"id":91,"date":"2022-08-29T10:01:20","date_gmt":"2022-08-29T13:01:20","guid":{"rendered":"https:\/\/congresos.unlp.edu.ar\/ciasi\/?page_id=91"},"modified":"2022-09-05T10:48:29","modified_gmt":"2022-09-05T13:48:29","slug":"modalidad-de-participacion","status":"publish","type":"page","link":"https:\/\/congresos.unlp.edu.ar\/ciasi\/modalidad-de-participacion\/","title":{"rendered":"Modalidad de participaci\u00f3n"},"content":{"rendered":"<p><strong>Oyente<\/strong><\/p>\n<p><strong>Ponente en trabajos libres &#8211; Presentaciones de libros\u00a0<\/strong><\/p>\n<p><span style=\"font-weight: 400\"><strong>Mesas de trabajos libres:<\/strong> (individual o grupal)\u00a0 Experiencias institucionales &#8211; Narrativas de trabajo en terreno &#8211; Propuestas de trabajo sobre experiencias de trabajo institucional\/cl\u00ednico\/territorial etc.<\/span><\/p>\n<p>&nbsp;<\/p>\n<p><b>Destinado a: <\/b><span style=\"font-weight: 400\">Estudiantes y Profesionales de la psicolog\u00eda, la fonoaudiolog\u00eda, la medicina, la salud el derecho, el trabajo social, la educaci\u00f3n, la psicopedagog\u00eda y dem\u00e1s operadores en la tem\u00e1tica preocupadas por la protecci\u00f3n integral de ni\u00f1os, ni\u00f1as y adolescentes.<\/span><\/p>\n","protected":false},"excerpt":{"rendered":"<p>Oyente Ponente en trabajos libres &#8211; Presentaciones de libros\u00a0 Mesas de trabajos libres: (individual o grupal)\u00a0 Experiencias institucionales &#8211; Narrativas de trabajo en terreno &#8211; Propuestas de trabajo sobre experiencias de trabajo institucional\/cl\u00ednico\/territorial etc. &nbsp; Destinado a: Estudiantes y Profesionales de la psicolog\u00eda, la fonoaudiolog\u00eda, la medicina, la salud el derecho, el trabajo social, la [&hellip;]<\/p>\n","protected":false},"author":158,"featured_media":0,"parent":0,"menu_order":0,"comment_status":"closed","ping_status":"closed","template":"","meta":{"advgb_blocks_editor_width":"","advgb_blocks_columns_visual_guide":"","footnotes":""},"class_list":["post-91","page","type-page","status-publish","hentry","post"],"aioseo_notices":[],"coauthors":[],"author_meta":{"author_link":"https:\/\/congresos.unlp.edu.ar\/ciasi\/author\/felirodriguez7\/","display_name":"felirodriguez7"},"relative_dates":{"created":"Posted 4 a\u00f1os ago","modified":"Updated 4 a\u00f1os ago"},"absolute_dates":{"created":"Posted on 29 agosto, 2022","modified":"Updated on 5 septiembre, 2022"},"absolute_dates_time":{"created":"Posted on 29 agosto, 2022 10:01 am","modified":"Updated on 5 septiembre, 2022 10:48 am"},"featured_img_caption":"","featured_img":false,"series_order":"","_links":{"self":[{"href":"https:\/\/congresos.unlp.edu.ar\/ciasi\/wp-json\/wp\/v2\/pages\/91","targetHints":{"allow":["GET"]}}],"collection":[{"href":"https:\/\/congresos.unlp.edu.ar\/ciasi\/wp-json\/wp\/v2\/pages"}],"about":[{"href":"https:\/\/congresos.unlp.edu.ar\/ciasi\/wp-json\/wp\/v2\/types\/page"}],"author":[{"embeddable":true,"href":"https:\/\/congresos.unlp.edu.ar\/ciasi\/wp-json\/wp\/v2\/users\/158"}],"replies":[{"embeddable":true,"href":"https:\/\/congresos.unlp.edu.ar\/ciasi\/wp-json\/wp\/v2\/comments?post=91"}],"version-history":[{"count":0,"href":"https:\/\/congresos.unlp.edu.ar\/ciasi\/wp-json\/wp\/v2\/pages\/91\/revisions"}],"wp:attachment":[{"href":"https:\/\/congresos.unlp.edu.ar\/ciasi\/wp-json\/wp\/v2\/media?parent=91"}],"curies":[{"name":"wp","href":"https:\/\/api.w.org\/{rel}","templated":true}]}}