{"id":8,"date":"2022-08-23T11:04:10","date_gmt":"2022-08-23T14:04:10","guid":{"rendered":"https:\/\/congresos.unlp.edu.ar\/ciasi\/?page_id=8"},"modified":"2022-09-19T17:05:35","modified_gmt":"2022-09-19T20:05:35","slug":"pautas-para-la-presentacion-de-trabajos-libres","status":"publish","type":"page","link":"https:\/\/congresos.unlp.edu.ar\/ciasi\/pautas-para-la-presentacion-de-trabajos-libres\/","title":{"rendered":"Pautas para la presentaci\u00f3n de trabajos libres"},"content":{"rendered":"<p>En el Primer Congreso internacional: abusos sexuales contra las infancias. Intervenciones articuladas para detener las violencias se podr\u00e1n presentar trabajos escritos que aborden experiencias y\/o pr\u00e1cticas concretas. Las mismas deber\u00e1n estar enmarcadas en alguno de los ejes propuestos para el congreso y articuladas con aportes te\u00f3ricos y metodol\u00f3gicos.<\/p>\n<p>Ser\u00e1n aceptados trabajos s\u00f3lo en espa\u00f1ol y en formato word.<\/p>\n<p>El encabezado deber\u00e1 indicar: t\u00edtulo, nombre completo de autor\/a\/es\/as, correo electr\u00f3nico de referencia, universidad u organizaci\u00f3n de pertenencia, pa\u00eds, eje tem\u00e1tico en el que se presenta el trabajo.<\/p>\n<p>Se deber\u00e1 presentar un resumen en espa\u00f1ol de 2 p\u00e1ginas y cinco (5) palabras clave.<\/p>\n<p>Se aceptar\u00e1n hasta dos (2) autores\/as por trabajo y cada autor\/a podr\u00e1 presentar hasta dos (2) trabajos.<\/p>\n<p>El tiempo de exposici\u00f3n ser\u00e1 de 10\/15 minutos por presentaci\u00f3n.<\/p>\n<p>Junto con el trabajo, los autores deber\u00e1n enviar su hoja de vida, la cual tendr\u00e1 que contener sus datos personales junto con sus grados acad\u00e9micos y\/o experiencia en el \u00e1mbito de la problem\u00e1tica del abuso sexual contra las infancias.<\/p>\n<p>Criterios para la redacci\u00f3n<\/p>\n<p>Letra Times New Roman \/ Arial<\/p>\n<p>T\u00edtulos: 14 en negrita<\/p>\n<p>Subt\u00edtulo: 12 en negrita<\/p>\n<p>Cuerpo: 12<\/p>\n<p>Alineaci\u00f3n: justificada<\/p>\n<p>Interlineado: 1,5 mm.<\/p>\n<p>Tama\u00f1o de p\u00e1gina: Hoja A4<\/p>\n<p>M\u00e1rgenes: Al menos 1 pulgada e igual en todos los lados (podr\u00eda ser mayor que 1 pulgada).<\/p>\n<p>Orientaci\u00f3n de p\u00e1gina: Vertical<\/p>\n<h4>Referencias y citas bibliogr\u00e1ficas<\/h4>\n<p>Para referencias y citas bibliogr\u00e1ficas se solicita utilizar las normas de la Asociaci\u00f3n Americana de Psicolog\u00eda s\u00e9ptima edici\u00f3n:\u00a0<a href=\"https:\/\/normas-apa.org\/\">https:\/\/normas-apa.org\/<\/a>. Para las referencias bibliogr\u00e1ficas, se agregar\u00e1 un apartado al final en el que s\u00f3lo se detallar\u00e1n aquellos autores, publicaciones, sitios de Internet, etc. que hayan sido mencionados a lo largo del texto, sin excepci\u00f3n. S\u00f3lo se mencionar\u00e1n las fuentes documentales que han sido citadas \u2013 de manera directa o indirecta- en el trabajo.<\/p>\n<h4>Recepci\u00f3n, evaluaci\u00f3n y aceptaci\u00f3n de trabajos<\/h4>\n<p>Todas las presentaciones estar\u00e1n sujetas a la evaluaci\u00f3n del Comit\u00e9 Cient\u00edfico\/acad\u00e9mico, quien se expedir\u00e1 y enviar\u00e1 por correo electr\u00f3nico el dictamen correspondiente.<\/p>\n<h4><strong>Certificados<\/strong><\/h4>\n<p>Se otorgar\u00e1n certificados de expositor\/a de Trabajos Libres y\/o participantes una vez finalizado el congreso.<\/p>\n","protected":false},"excerpt":{"rendered":"<p>En el Primer Congreso internacional: abusos sexuales contra las infancias. Intervenciones articuladas para detener las violencias se podr\u00e1n presentar trabajos escritos que aborden experiencias y\/o pr\u00e1cticas concretas. Las mismas deber\u00e1n estar enmarcadas en alguno de los ejes propuestos para el congreso y articuladas con aportes te\u00f3ricos y metodol\u00f3gicos. Ser\u00e1n aceptados trabajos s\u00f3lo en espa\u00f1ol y [&hellip;]<\/p>\n","protected":false},"author":2,"featured_media":0,"parent":0,"menu_order":0,"comment_status":"closed","ping_status":"closed","template":"","meta":{"advgb_blocks_editor_width":"","advgb_blocks_columns_visual_guide":"","footnotes":""},"class_list":["post-8","page","type-page","status-publish","hentry","post"],"aioseo_notices":[],"coauthors":[],"author_meta":{"author_link":"https:\/\/congresos.unlp.edu.ar\/ciasi\/author\/congresos\/","display_name":"congresos"},"relative_dates":{"created":"Posted 4 a\u00f1os ago","modified":"Updated 4 a\u00f1os ago"},"absolute_dates":{"created":"Posted on 23 agosto, 2022","modified":"Updated on 19 septiembre, 2022"},"absolute_dates_time":{"created":"Posted on 23 agosto, 2022 11:04 am","modified":"Updated on 19 septiembre, 2022 5:05 pm"},"featured_img_caption":"","featured_img":false,"series_order":"","_links":{"self":[{"href":"https:\/\/congresos.unlp.edu.ar\/ciasi\/wp-json\/wp\/v2\/pages\/8","targetHints":{"allow":["GET"]}}],"collection":[{"href":"https:\/\/congresos.unlp.edu.ar\/ciasi\/wp-json\/wp\/v2\/pages"}],"about":[{"href":"https:\/\/congresos.unlp.edu.ar\/ciasi\/wp-json\/wp\/v2\/types\/page"}],"author":[{"embeddable":true,"href":"https:\/\/congresos.unlp.edu.ar\/ciasi\/wp-json\/wp\/v2\/users\/2"}],"replies":[{"embeddable":true,"href":"https:\/\/congresos.unlp.edu.ar\/ciasi\/wp-json\/wp\/v2\/comments?post=8"}],"version-history":[{"count":0,"href":"https:\/\/congresos.unlp.edu.ar\/ciasi\/wp-json\/wp\/v2\/pages\/8\/revisions"}],"wp:attachment":[{"href":"https:\/\/congresos.unlp.edu.ar\/ciasi\/wp-json\/wp\/v2\/media?parent=8"}],"curies":[{"name":"wp","href":"https:\/\/api.w.org\/{rel}","templated":true}]}}