{"id":28,"date":"2022-08-23T11:19:09","date_gmt":"2022-08-23T14:19:09","guid":{"rendered":"https:\/\/congresos.unlp.edu.ar\/ciasi\/?page_id=28"},"modified":"2022-09-05T10:53:28","modified_gmt":"2022-09-05T13:53:28","slug":"tarifas","status":"publish","type":"page","link":"https:\/\/congresos.unlp.edu.ar\/ciasi\/tarifas\/","title":{"rendered":"Aranceles"},"content":{"rendered":"<h4>Aranceles, pago e inscripci\u00f3n<\/h4>\n<p>Para cumplimentar los requisitos de inscripci\u00f3n al Primer Congreso Internacional, se deben realizar los tr\u00e1mites tanto de preinscripci\u00f3n como de pago del arancel, tal como se detallan a continuaci\u00f3n.<\/p>\n<p dir=\"ltr\"><strong>1) Preinscripci\u00f3n<\/strong><\/p>\n<p dir=\"ltr\">La preinscripci\u00f3n se realizar\u00e1 a trav\u00e9s del presente formulario web. Todas las personas interesadas en participar del congreso en calidad de asistentes o ponentes deber\u00e1n realizarla.<\/p>\n<p dir=\"ltr\"><strong>2) Pago de arancel<\/strong><\/p>\n<p dir=\"ltr\">El pago se realizar\u00e1 a trav\u00e9s del sistema de pagos web de la UNLP, con tarjeta de d\u00e9bito o cr\u00e9dito. El sistema contempla la posibilidad de realizar pagos a nombre de terceros, as\u00ed como abonar varias inscripciones. En caso de requerir factura, deber\u00e1 indicarlo en el mismo sistema de pagos.<\/p>\n<p dir=\"ltr\">El pago deber\u00e1n cumplimentarlo asistentes y ponentes<\/p>\n<p dir=\"ltr\">En el caso de las presentaciones libres de autor\u00eda colectiva, el pago deber\u00e1n realizarlo todxs lxs autorxs.<\/p>\n<h5 dir=\"ltr\">Aclaraci\u00f3n para participantes del exterior: el pago a trav\u00e9s del sistema web, puede realizarse con tarjeta de cr\u00e9dito Visa o MasterCard desde sus pa\u00edses de residencia.<\/h5>\n<h4 dir=\"ltr\">Tarifas<\/h4>\n<p>Estudiantes, profesionales y p\u00fablico en general hasta el 27\/09<br \/>\n$3000<br \/>\nEstudiantes, profesionales y p\u00fablico en general hasta el 27\/10<br \/>\n$4000<\/p>\n<p>Estudiantes de grado y docentes de la UNLP: sin cargo.<\/p>\n<p>Es necesario que realicen la inscripci\u00f3n v\u00eda formulario y presenten presencialmente durante el Congreso alguna certificacio\u0301n actualizada firmada por autoridad competente (director\/a de departamento de alumnos\/ensen\u0303anza y\/o director\/a de carrera\/departamento) que acredite su condicio\u0301n.<\/p>\n<h4>Link de pago<\/h4>\n<p><a href=\"https:\/\/pagos.unlp.edu.ar\/publicacion-activa\/826639f7\">https:\/\/pagos.unlp.edu.ar\/publicacion-activa\/826639f7<\/a><\/p>\n<p>&nbsp;<\/p>\n<p><img loading=\"lazy\" decoding=\"async\" class=\" wp-image-163 alignleft\" src=\"http:\/\/congresos.unlp.edu.ar\/ciasi\/wp-content\/uploads\/sites\/60\/2022\/08\/WhatsApp-Image-2022-08-29-at-11.48.04-AM-300x300.jpeg\" alt=\"\" width=\"419\" height=\"419\" srcset=\"https:\/\/congresos.unlp.edu.ar\/ciasi\/wp-content\/uploads\/sites\/60\/2022\/08\/WhatsApp-Image-2022-08-29-at-11.48.04-AM-300x300.jpeg 300w, https:\/\/congresos.unlp.edu.ar\/ciasi\/wp-content\/uploads\/sites\/60\/2022\/08\/WhatsApp-Image-2022-08-29-at-11.48.04-AM-1024x1024.jpeg 1024w, https:\/\/congresos.unlp.edu.ar\/ciasi\/wp-content\/uploads\/sites\/60\/2022\/08\/WhatsApp-Image-2022-08-29-at-11.48.04-AM-150x150.jpeg 150w, https:\/\/congresos.unlp.edu.ar\/ciasi\/wp-content\/uploads\/sites\/60\/2022\/08\/WhatsApp-Image-2022-08-29-at-11.48.04-AM-768x768.jpeg 768w, https:\/\/congresos.unlp.edu.ar\/ciasi\/wp-content\/uploads\/sites\/60\/2022\/08\/WhatsApp-Image-2022-08-29-at-11.48.04-AM.jpeg 1280w\" sizes=\"auto, (max-width: 419px) 100vw, 419px\" \/><\/p>\n","protected":false},"excerpt":{"rendered":"<p>Aranceles, pago e inscripci\u00f3n Para cumplimentar los requisitos de inscripci\u00f3n al Primer Congreso Internacional, se deben realizar los tr\u00e1mites tanto de preinscripci\u00f3n como de pago del arancel, tal como se detallan a continuaci\u00f3n. 1) Preinscripci\u00f3n La preinscripci\u00f3n se realizar\u00e1 a trav\u00e9s del presente formulario web. Todas las personas interesadas en participar del congreso en calidad [&hellip;]<\/p>\n","protected":false},"author":2,"featured_media":0,"parent":0,"menu_order":0,"comment_status":"closed","ping_status":"closed","template":"","meta":{"advgb_blocks_editor_width":"","advgb_blocks_columns_visual_guide":"","footnotes":""},"class_list":["post-28","page","type-page","status-publish","hentry","post"],"aioseo_notices":[],"coauthors":[],"author_meta":{"author_link":"https:\/\/congresos.unlp.edu.ar\/ciasi\/author\/congresos\/","display_name":"congresos"},"relative_dates":{"created":"Posted 4 a\u00f1os ago","modified":"Updated 4 a\u00f1os ago"},"absolute_dates":{"created":"Posted on 23 agosto, 2022","modified":"Updated on 5 septiembre, 2022"},"absolute_dates_time":{"created":"Posted on 23 agosto, 2022 11:19 am","modified":"Updated on 5 septiembre, 2022 10:53 am"},"featured_img_caption":"","featured_img":false,"series_order":"","_links":{"self":[{"href":"https:\/\/congresos.unlp.edu.ar\/ciasi\/wp-json\/wp\/v2\/pages\/28","targetHints":{"allow":["GET"]}}],"collection":[{"href":"https:\/\/congresos.unlp.edu.ar\/ciasi\/wp-json\/wp\/v2\/pages"}],"about":[{"href":"https:\/\/congresos.unlp.edu.ar\/ciasi\/wp-json\/wp\/v2\/types\/page"}],"author":[{"embeddable":true,"href":"https:\/\/congresos.unlp.edu.ar\/ciasi\/wp-json\/wp\/v2\/users\/2"}],"replies":[{"embeddable":true,"href":"https:\/\/congresos.unlp.edu.ar\/ciasi\/wp-json\/wp\/v2\/comments?post=28"}],"version-history":[{"count":0,"href":"https:\/\/congresos.unlp.edu.ar\/ciasi\/wp-json\/wp\/v2\/pages\/28\/revisions"}],"wp:attachment":[{"href":"https:\/\/congresos.unlp.edu.ar\/ciasi\/wp-json\/wp\/v2\/media?parent=28"}],"curies":[{"name":"wp","href":"https:\/\/api.w.org\/{rel}","templated":true}]}}