{"id":19,"date":"2022-08-23T11:17:39","date_gmt":"2022-08-23T14:17:39","guid":{"rendered":"https:\/\/congresos.unlp.edu.ar\/ciasi\/?page_id=19"},"modified":"2022-10-25T11:54:46","modified_gmt":"2022-10-25T14:54:46","slug":"presentacion","status":"publish","type":"page","link":"https:\/\/congresos.unlp.edu.ar\/ciasi\/presentacion\/","title":{"rendered":"Presentaci\u00f3n"},"content":{"rendered":"<p>La <strong>Universidad Nacional de La Plata<\/strong> y la <strong>Asociaci\u00f3n de Altos Estudios en Violencias y Abusos Sexuales<\/strong> invitan a participar del <strong>Primer Congreso Internacional: Abusos Sexuales contra las Infancias. Intervenciones articuladas para detener las violencias (CIASI).\u00a0<\/strong>El mismo tendr\u00e1 lugar los d\u00edas 28 y 29 de octubre en la ciudad de La Plata.<\/p>\n<p>El objetivo central de este Congreso es promover un espacio de reflexi\u00f3n y debate que permita integrar la actividad de los diversos actores en la lucha contra las violencias, favoreciendo la articulaci\u00f3n de intervenciones que resulten respetuosas de las v\u00edctimas. En tal sentido, los ejes que se abordar\u00e1n ser\u00e1n:<\/p>\n<ul>\n<li>Abusos sexuales contra las infancias (ASI). Sus efectos traum\u00e1ticos y tratamiento.<\/li>\n<li>ASI. Protecci\u00f3n integral de ni\u00f1as, ni\u00f1os y adolescentes. Legislaci\u00f3n y aplicaci\u00f3n en el \u00e1mbito de la justicia.<\/li>\n<li>La escucha respetuosa de las v\u00edctimas.<\/li>\n<li>La respuesta violenta ante los avances en material de ASI (Backlash)<\/li>\n<li>El falso s\u00edndrome de alienaci\u00f3n parental y violencia vicaria.<\/li>\n<li>Estrategias protectoras a v\u00edctimas de ASI y adultos.<\/li>\n<li>Los feminismos. Aportes a la tem\u00e1tica de ASI.<\/li>\n<li>La educaci\u00f3n y sus implicancias en la problem\u00e1tica del abuso sexual en las infancias.<\/li>\n<li>El discurso medi\u00e1tico frente a los abusos sexuales.<\/li>\n<\/ul>\n<p>Entre lxs conferencistas invitadxs se encuentran: Sonia Vaccaro, Isabel Cuadros, Tom\u00e1s Mart\u00edn, Dora Barrancos, Susana Toporosi, Vita Escard\u00f3, Florencia Saintout, Liliana Hendel, Irene Intebi, Adriana Puiggr\u00f3s, Julieta Calmels, Enrique Stola, Marcelo Giacoia, Diana Maff\u00eda, Andrea V\u00e1zquez, Graciela Jofr\u00e9, Gabriel Vitale, Thelma Fardin, Bettina Calvi, Nelly Minyersky, Natalia Amatiello y Carlos Rozanski.<\/p>\n<p>Este Primer Congreso CIASI 2022 es un encuentro entre profesionales, investigadorxs, funcionarixs, madres protectoras, operadorxs, comunidad educativa y organizaciones del pa\u00eds y del exterior, abocadas cotidianamente a luchar contra las violencias hacia las infancias. Est\u00e1 destinado a <span style=\"font-weight: 400\">estudiantes y profesionales de la psicolog\u00eda, la fonoaudiolog\u00eda, la medicina, la salud el derecho, el trabajo social, la educaci\u00f3n, la psicopedagog\u00eda y dem\u00e1s operadorxs en la tem\u00e1tica preocupadas por la protecci\u00f3n integral de ni\u00f1os, ni\u00f1as y adolescentes.<\/span><span style=\"font-weight: 400\">\u00a0<\/span><\/p>\n<p><strong>Direcci\u00f3n general: Carlos Rozanski y Andrea Varela<\/strong><\/p>\n<h3><\/h3>\n<h3><strong>El Congreso fue declarado de inter\u00e9s por la Secretar\u00eda de Derechos Humanos del Ministerio de Justicia y Derechos Humanos de la Naci\u00f3n y por la C\u00e1mara de Diputados de Chaco. Asimismo, la &#8220;Red de abogades querellantes en delitos sexuales&#8221; adhiere a la celebraci\u00f3n del mismo.<\/strong><\/h3>\n<p>&nbsp;<\/p>\n<p><b>FUNDAMENTACI\u00d3N<\/b><\/p>\n<p><span style=\"font-weight: 400\">Las infancias y adolescencias han sido violentadas sexualmente a lo largo de toda la historia. Hasta hace pocos a\u00f1os, la estrategia de impunidad se basaba en una frase: \u201clxs chicxs mienten\u201d.\u00a0<\/span><\/p>\n<p><span style=\"font-weight: 400\">Cuando disciplinas como la psicolog\u00eda, el trabajo social y la sociolog\u00eda, avanzaron en la investigaci\u00f3n del fen\u00f3meno y sobre todo de sus caracter\u00edsticas y consecuencias, ya no resultaba efectivo descalificar s\u00f3lo a las v\u00edctimas.\u00a0<\/span><\/p>\n<p><span style=\"font-weight: 400\">La estrategia entonces se desplaz\u00f3 al ataque hacia las madres protectoras, a quienes se comenz\u00f3 a acusar de \u201clavar\u201d el cerebro de <\/span><span style=\"font-weight: 400\">las ni\u00f1eces, <\/span><span style=\"font-weight: 400\">para hacerles creer que hab\u00edan sido abusadas.\u00a0<\/span><\/p>\n<p><span style=\"font-weight: 400\">A su vez, cuando esa estrategia comenz\u00f3 a ser desenmascarada, se ampliaron los ataques a lxs profesionales que intervienen en las investigaciones ya sea como peritos oficiales, de parte o de consulta, <\/span><span style=\"font-weight: 400\">como as\u00ed tambi\u00e9n de quienes acompa\u00f1an en los tratamientos psicol\u00f3gicos, acompa\u00f1amientos sociales, de quienes desarrollan la entrevista de la C\u00e1mara Gesell, entre otros<\/span><span style=\"font-weight: 400\">. De ese modo, psic\u00f3logxs, trabajadorxs sociales, m\u00e9dicxs y abogadxs, son denunciadxs a diario y demandadxs judicialmente por mala praxis, da\u00f1os y perjuicios y toda aquella artima\u00f1a que pueda ser \u00fatil al objetivo central de los ataques, que es el de lograr impunidad.<\/span><\/p>\n<p><span style=\"font-weight: 400\">La totalidad de las estrategias defensivas-destructivas, se basan en falsedades como el inexistente S\u00edndrome de Alienaci\u00f3n Parental (SAP) y sus suced\u00e1neos. Sin embargo, a pesar de las mentiras de las que parten, surten efecto en muchxs de lxs operadorxs del sistema tanto judicial como de salud. En especial, hay juecxs y fiscalxs sin perspectiva de g\u00e9nero y edad, que en distintos despachos de nuestro pa\u00eds y del exterior, dictan a diario medidas de exculpaci\u00f3n de los denunciados, y ordenan revinculaciones forzadas de los agresores con lxs ni\u00f1xs v\u00edctimas.<\/span><\/p>\n<p><span style=\"font-weight: 400\">Esa distancia entre la normativa protectora y la realidad cotidiana de desprotecci\u00f3n de ni\u00f1xs, madres y profesionales es el eje central de an\u00e1lisis y propuestas de CIASI 2022. Para ello, se convoca a investigadorxs, profesionales,\u00a0 funcionarixs, madres protectoras, operadorxs, comunidad educativa y organizaciones del pa\u00eds y del exterior, que se abocan cotidianamente a luchar contra las violencias hacia las infancias desde una perspectiva de g\u00e9nero y de infancia de car\u00e1cter integral.\u00a0<\/span><\/p>\n<p><span style=\"font-weight: 400\">Lo hacemos en la convicci\u00f3n de que el intercambio enriquecedor de sus puntos de vista y propuestas, se traduzcan, con la urgencia que la tem\u00e1tica impone, en intervenciones cada d\u00eda m\u00e1s respetuosas y menos revictimizantes.<\/span><\/p>\n","protected":false},"excerpt":{"rendered":"<p>La Universidad Nacional de La Plata y la Asociaci\u00f3n de Altos Estudios en Violencias y Abusos Sexuales invitan a participar del Primer Congreso Internacional: Abusos Sexuales contra las Infancias. Intervenciones articuladas para detener las violencias (CIASI).\u00a0El mismo tendr\u00e1 lugar los d\u00edas 28 y 29 de octubre en la ciudad de La Plata. El objetivo central [&hellip;]<\/p>\n","protected":false},"author":2,"featured_media":0,"parent":0,"menu_order":0,"comment_status":"closed","ping_status":"closed","template":"","meta":{"advgb_blocks_editor_width":"","advgb_blocks_columns_visual_guide":"","footnotes":""},"class_list":["post-19","page","type-page","status-publish","hentry","post"],"aioseo_notices":[],"coauthors":[],"author_meta":{"author_link":"https:\/\/congresos.unlp.edu.ar\/ciasi\/author\/congresos\/","display_name":"congresos"},"relative_dates":{"created":"Posted 4 a\u00f1os ago","modified":"Updated 3 a\u00f1os ago"},"absolute_dates":{"created":"Posted on 23 agosto, 2022","modified":"Updated on 25 octubre, 2022"},"absolute_dates_time":{"created":"Posted on 23 agosto, 2022 11:17 am","modified":"Updated on 25 octubre, 2022 11:54 am"},"featured_img_caption":"","featured_img":false,"series_order":"","_links":{"self":[{"href":"https:\/\/congresos.unlp.edu.ar\/ciasi\/wp-json\/wp\/v2\/pages\/19","targetHints":{"allow":["GET"]}}],"collection":[{"href":"https:\/\/congresos.unlp.edu.ar\/ciasi\/wp-json\/wp\/v2\/pages"}],"about":[{"href":"https:\/\/congresos.unlp.edu.ar\/ciasi\/wp-json\/wp\/v2\/types\/page"}],"author":[{"embeddable":true,"href":"https:\/\/congresos.unlp.edu.ar\/ciasi\/wp-json\/wp\/v2\/users\/2"}],"replies":[{"embeddable":true,"href":"https:\/\/congresos.unlp.edu.ar\/ciasi\/wp-json\/wp\/v2\/comments?post=19"}],"version-history":[{"count":0,"href":"https:\/\/congresos.unlp.edu.ar\/ciasi\/wp-json\/wp\/v2\/pages\/19\/revisions"}],"wp:attachment":[{"href":"https:\/\/congresos.unlp.edu.ar\/ciasi\/wp-json\/wp\/v2\/media?parent=19"}],"curies":[{"name":"wp","href":"https:\/\/api.w.org\/{rel}","templated":true}]}}