{"id":4,"date":"2021-06-11T12:16:05","date_gmt":"2021-06-11T15:16:05","guid":{"rendered":"https:\/\/congresos.unlp.edu.ar\/ciciar\/?page_id=4"},"modified":"2021-12-03T09:03:43","modified_gmt":"2021-12-03T12:03:43","slug":"inicio","status":"publish","type":"page","link":"https:\/\/congresos.unlp.edu.ar\/ciaciar\/","title":{"rendered":"Inicio"},"content":{"rendered":"<div id=\"pl-4\"  class=\"panel-layout\" ><div id=\"pg-4-0\"  class=\"panel-grid panel-no-style\" ><div id=\"pgc-4-0-0\"  class=\"panel-grid-cell\" ><div id=\"panel-4-0-0-0\" class=\"so-panel widget widget_media_video panel-first-child panel-last-child\" data-index=\"0\" ><h3 class=\"widget-title\">Segu\u00ed el CIACIAR en vivo<\/h3><div style=\"width:100%;\" class=\"wp-video\"><video class=\"wp-video-shortcode\" id=\"video-4-1\" preload=\"metadata\" controls=\"controls\"><source type=\"video\/youtube\" src=\"https:\/\/youtu.be\/DbWiert1Bzo?_=1\" \/><a href=\"https:\/\/youtu.be\/DbWiert1Bzo\">https:\/\/youtu.be\/DbWiert1Bzo<\/a><\/video><\/div><\/div><\/div><\/div><div id=\"pg-4-1\"  class=\"panel-grid panel-no-style\" ><div id=\"pgc-4-1-0\"  class=\"panel-grid-cell\" ><div id=\"panel-4-1-0-0\" class=\"so-panel widget widget_sow-editor panel-first-child\" data-index=\"1\" ><div\n\t\t\t\n\t\t\tclass=\"so-widget-sow-editor so-widget-sow-editor-base\"\n\t\t\t\n\t\t><h3 class=\"widget-title\">\u00a1Programa publicado e inscripciones abiertas!<\/h3>\n<div class=\"siteorigin-widget-tinymce textwidget\">\n\t<p>Les invitamos a consultar el <a href=\"https:\/\/congresos.unlp.edu.ar\/ciaciar\/programa\/\">programa del 3er CIACIAR<\/a>, donde van a encontrar la agenda completa del evento, incluyendo:<\/p>\n<ul>\n<li>Sesiones transversales: apertura, conferencistas invitados, paneles y presentaci\u00f3n de p\u00f3sters. Estas sesiones se podr\u00e1n seguir en vivo en sus horarios correspondientes por el <a href=\"https:\/\/www.youtube.com\/playlist?list=PLCdAvnels30ZW4XgiFhV7IXl6ulYKUTcv\">canal de YouTube de Cient\u00f3polis<\/a>.<\/li>\n<li>Sesiones tem\u00e1ticas y talleres: propuestas enviadas por la comunidad de CIACIAR. Para participar de estas actividades es necesario <a href=\"https:\/\/congresos.unlp.edu.ar\/ciaciar\/inscripcion\/\">inscribirse previamente<\/a> para recibir el link a la sala de reuni\u00f3n.<\/li>\n<\/ul>\n<blockquote>\n<h3><span style=\"color: #ff0000\"><strong>\u26a0\ufe0f Importante: la fecha de cierre de inscripciones a talleres y sesiones tem\u00e1ticas es el d\u00eda 29 de noviembre de 2021<\/strong><\/span><\/h3>\n<\/blockquote>\n<p>\u00a1Les esperamos!<\/p>\n<\/div>\n<\/div><\/div><div id=\"panel-4-1-0-1\" class=\"so-panel widget widget_sow-editor panel-last-child\" data-index=\"2\" ><div\n\t\t\t\n\t\t\tclass=\"so-widget-sow-editor so-widget-sow-editor-base\"\n\t\t\t\n\t\t><h3 class=\"widget-title\">3er CIACIAR - RICAP - reGOSH<\/h3>\n<div class=\"siteorigin-widget-tinymce textwidget\">\n\t<p><span style=\"font-weight: 400\">Durante los \u00faltimos a\u00f1os la organizaci\u00f3n de CIACIAR ha venido trabajando mancomunadamente con las redes tem\u00e1ticas RICAP y reGOSH en diversos espacios. Aprovechando algunas de las posibilidades que brinda la virtualidad, han decidido realizar en este 2021 sus eventos anuales en forma conjunta.<\/span><\/p>\n<p><span style=\"font-weight: 400\">El 3er Congreso de Ciencia Abierta y Ciudadana en Argentina (CIACIAR), reGOSH 2021 y RICAP 2021 se realizar\u00e1n conjuntamente, en <\/span><b>forma virtual y totalmente gratuita<\/b><span style=\"font-weight: 400\"> durante los d\u00edas <\/span><b>1 al 3 de diciembre de 2021<\/b><span style=\"font-weight: 400\">.\u00a0<\/span><\/p>\n<ul>\n<li style=\"font-weight: 400\"><span style=\"font-weight: 400\">CIACIAR es el Congreso de Ciencia Abierta y Ciudadana de Argentina que ya cuenta con su tercera edici\u00f3n. El mismo desde hace a\u00f1os ha generado un <\/span><b>espacio de encuentro y discusi\u00f3n<\/b><span style=\"font-weight: 400\"> sobre las pr\u00e1cticas de <\/span><b><i>ciencia abierta<\/i><\/b><span style=\"font-weight: 400\"> y <\/span><b><i>ciencia ciudadana <\/i><\/b><span style=\"font-weight: 400\">radicadas en Argentina.\u00a0<\/span><\/li>\n<li style=\"font-weight: 400\"><a href=\"http:\/\/regosh.libres.cc\"><span style=\"font-weight: 400\">reGOSH<\/span><\/a><span style=\"font-weight: 400\"> es una red que conecta personas, comunidades e instituciones en Latinoam\u00e9rica y el Caribe trabajando en <\/span><b>hardware libre y abierto para la ciencia, tecnolog\u00eda y educaci\u00f3n<\/b><span style=\"font-weight: 400\">. Como tal, forma parte del <\/span><a href=\"http:\/\/openhardware.science\"><span style=\"font-weight: 400\">movimiento global por el hardware cient\u00edfico abierto (GOSH)<\/span><\/a><span style=\"font-weight: 400\"> y organiza actividades en pos de desarrollar tanto tecnolog\u00edas abiertas como curr\u00edcula y recomendaciones de pol\u00edticas que las promuevan.<\/span><\/li>\n<li style=\"font-weight: 400\"><a href=\"http:\/\/cienciaparticipativa.net\/\"><span style=\"font-weight: 400\">RICAP<\/span><\/a><span style=\"font-weight: 400\"> es una iniciativa que conecta personas que trabajan en <\/span><b><i>ciencia participativa<\/i><\/b><i><span style=\"font-weight: 400\">,<\/span><\/i><span style=\"font-weight: 400\"> o <\/span><b><i>ciencia ciudadana<\/i><\/b><span style=\"font-weight: 400\">, en la regi\u00f3n Iberoamericana. Su objetivo es aumentar el impacto de la ciencia participativa, facilitando la colaboraci\u00f3n y el intercambio de conocimientos entre proyectos, organizaciones y personas que conforman la red, fortaleciendo sus capacidades.<\/span><\/li>\n<\/ul>\n<p><span style=\"font-weight: 400\">El objetivo de este evento es conformar un espacio de intercambio y discusi\u00f3n de ideas, experiencias y pr\u00e1cticas entre las comunidades que conviven bajo el concepto de \u201cciencia abierta y ciudadana\u201d. Creemos que es necesario un foro que permita el intercambio transversal y favorezca el di\u00e1logo entre movimientos de apertura que hoy conviven: acceso abierto, datos abiertos, hardware y software abierto, recursos educativos abiertos, ciencia ciudadana.\u00a0<\/span><\/p>\n<p><span style=\"font-weight: 400\">Consideramos que el cruce de estas miradas, incorporando tanto actores m\u00e1s experimentados como reci\u00e9n llegados, puede contribuir a consolidar y mejorar las pr\u00e1cticas de apertura del conocimiento cient\u00edfico en nuestro pa\u00eds y regi\u00f3n.Buscamos generar este espacio de encuentro incluyendo un amplio espectro de actores: cient\u00edficos, investigadores, organizaciones civiles, entusiastas de la ciencia, activistas, programadores, funcionarios de Ciencia y Tecnolog\u00eda y \u00e1reas afines, estudiantes universitarios y divulgadores de la ciencia y la tecnolog\u00eda.<\/span><\/p>\n<\/div>\n<\/div><\/div><\/div><\/div><div id=\"pg-4-2\"  class=\"panel-grid panel-no-style\" ><div id=\"pgc-4-2-0\"  class=\"panel-grid-cell\" ><div id=\"panel-4-2-0-0\" class=\"so-panel widget widget_sow-editor panel-first-child panel-last-child\" data-index=\"3\" ><div\n\t\t\t\n\t\t\tclass=\"so-widget-sow-editor so-widget-sow-editor-base\"\n\t\t\t\n\t\t><h3 class=\"widget-title\">Objetivos del Evento CIACIAR + RICAP + reGOSH<\/h3>\n<div class=\"siteorigin-widget-tinymce textwidget\">\n\t<ul>\n<li style=\"font-weight: 400\"><span style=\"font-weight: 400\">Facilitar el intercambio de experiencias y aprendizajes sobre los beneficios del hardware abierto, la ciencia abierta y la ciencia ciudadana.<\/span><\/li>\n<li style=\"font-weight: 400\"><span style=\"font-weight: 400\">Fomentar el desarrollo de herramientas e infraestructuras que faciliten la transici\u00f3n hacia formas abiertas y colaborativas de producci\u00f3n de conocimiento cient\u00edfico.<\/span><\/li>\n<li style=\"font-weight: 400\"><span style=\"font-weight: 400\">Sensibilizar a investigadores, estudiantes y hacedores de pol\u00edticas en ciencia y tecnolog\u00eda en el uso y desarrollo de herramientas, pr\u00e1cticas y pol\u00edticas de hardware abierto, ciencia abierta y ciudadana.<\/span><\/li>\n<li style=\"font-weight: 400\"><span style=\"font-weight: 400\">Fortalecer las redes latinoamericanas e iberoamericanas sobre la construcci\u00f3n de hardware cient\u00edfico abierto, la promulgaci\u00f3n y consolidaci\u00f3n de la ciencia abierta y las pr\u00e1cticas y desarrollo de la ciencia participativa.<\/span><\/li>\n<\/ul>\n<p><span style=\"font-weight: 400\">Las <strong>\u00e1reas tem\u00e1ticas de este evento<\/strong>, aunque no excluyentes son:<\/span><\/p>\n<ul>\n<li style=\"font-weight: 400\"><span style=\"font-weight: 400\">Gesti\u00f3n de publicaciones y datos cient\u00edficos en repositorios abiertos<\/span><\/li>\n<li style=\"font-weight: 400\"><span style=\"font-weight: 400\">Ciencia ciudadana y comunitaria: experiencias, herramientas, proyectos.<\/span><\/li>\n<li style=\"font-weight: 400\"><span style=\"font-weight: 400\">Pr\u00e1cticas de apertura en investigaci\u00f3n-acci\u00f3n participativa\u00a0<\/span><\/li>\n<li style=\"font-weight: 400\"><span style=\"font-weight: 400\">Desarrollo colaborativo de agendas y problemas de investigaci\u00f3n<\/span><\/li>\n<li style=\"font-weight: 400\"><span style=\"font-weight: 400\">Desarrollo de software y hardware libres para la ciencia y la educaci\u00f3n<\/span><\/li>\n<li style=\"font-weight: 400\"><span style=\"font-weight: 400\">Redes tem\u00e1ticas sobre ciencia abierta, hardware abierto cient\u00edfico y ciencia ciudadana.<\/span><\/li>\n<li style=\"font-weight: 400\"><span style=\"font-weight: 400\">Desarrollo de software para ciencia ciudadana<\/span><\/li>\n<li style=\"font-weight: 400\"><span style=\"font-weight: 400\">Desarrollo de software para hardware cient\u00edfico libre<\/span><\/li>\n<li style=\"font-weight: 400\"><span style=\"font-weight: 400\">Ciencia abierta, hardware abierto cient\u00edfico\u00a0 y ciencia ciudadana en contextos educativos<\/span>\n<ul>\n<li style=\"font-weight: 400\"><span style=\"font-weight: 400\">Educaci\u00f3n y formaci\u00f3n en ciencia abierta, hardware abierto y ciencia ciudadana<\/span><\/li>\n<li style=\"font-weight: 400\"><span style=\"font-weight: 400\">Recursos educativos abiertos (Moocs, cuadernos de texto abiertos) en ciencia abierta, hardware abierto\u00a0 y ciencia ciudadana.Evaluaci\u00f3n abierta de pares y nuevas formas abiertas de evaluaci\u00f3n<\/span><\/li>\n<\/ul>\n<\/li>\n<li style=\"font-weight: 400\"><span style=\"font-weight: 400\">Desarrollo de experiencias institucionales y espacios acad\u00e9micos de ciencia abierta<\/span><\/li>\n<li style=\"font-weight: 400\"><span style=\"font-weight: 400\">Ciencia abierta en espacios no acad\u00e9micos.<\/span><\/li>\n<li style=\"font-weight: 400\"><span style=\"font-weight: 400\">Estudios sociales sobre pr\u00e1cticas de apertura en ciencia y tecnolog\u00eda<\/span><\/li>\n<li style=\"font-weight: 400\"><span style=\"font-weight: 400\">Desarrollo de v\u00ednculos entre experiencias o proyectos de ciencia participativa y pol\u00edticas p\u00fablicas<\/span><\/li>\n<li style=\"font-weight: 400\"><span style=\"font-weight: 400\">Desarrollo de v\u00ednculos entre experiencias o proyectos de ciencia abierta y pol\u00edticas p\u00fablicas<\/span><\/li>\n<\/ul>\n<\/div>\n<\/div><\/div><\/div><\/div><div id=\"pg-4-3\"  class=\"panel-grid panel-no-style\" ><div id=\"pgc-4-3-0\"  class=\"panel-grid-cell\" ><div id=\"panel-4-3-0-0\" class=\"so-panel widget widget_sow-editor panel-first-child panel-last-child\" data-index=\"4\" ><div\n\t\t\t\n\t\t\tclass=\"so-widget-sow-editor so-widget-sow-editor-base\"\n\t\t\t\n\t\t><h3 class=\"widget-title\">Redes organizadoras<\/h3>\n<div class=\"siteorigin-widget-tinymce textwidget\">\n\t<\/div>\n<\/div><\/div><\/div><\/div><div id=\"pg-4-4\"  class=\"panel-grid panel-no-style\" ><div id=\"pgc-4-4-0\"  class=\"panel-grid-cell\" ><div id=\"panel-4-4-0-0\" class=\"so-panel widget widget_sow-editor panel-first-child panel-last-child\" data-index=\"5\" ><div\n\t\t\t\n\t\t\tclass=\"so-widget-sow-editor so-widget-sow-editor-base\"\n\t\t\t\n\t\t>\n<div class=\"siteorigin-widget-tinymce textwidget\">\n\t<p><a href=\"https:\/\/regosh.libres.cc\/\"><img loading=\"lazy\" decoding=\"async\" class=\"alignnone wp-image-48 aligncenter\" src=\"http:\/\/congresos.unlp.edu.ar\/ciaciar\/wp-content\/uploads\/sites\/35\/2021\/06\/REGOSH-300x112.png\" alt=\"\" width=\"258\" height=\"96\" srcset=\"https:\/\/congresos.unlp.edu.ar\/ciaciar\/wp-content\/uploads\/sites\/35\/2021\/06\/REGOSH-300x112.png 300w, https:\/\/congresos.unlp.edu.ar\/ciaciar\/wp-content\/uploads\/sites\/35\/2021\/06\/REGOSH-1024x381.png 1024w, https:\/\/congresos.unlp.edu.ar\/ciaciar\/wp-content\/uploads\/sites\/35\/2021\/06\/REGOSH-768x286.png 768w, https:\/\/congresos.unlp.edu.ar\/ciaciar\/wp-content\/uploads\/sites\/35\/2021\/06\/REGOSH.png 1348w\" sizes=\"auto, (max-width: 258px) 100vw, 258px\" \/><\/a><\/p>\n<p class=\"LC20lb DKV0Md\" style=\"text-align: center\"><a href=\"https:\/\/regosh.libres.cc\/\">Red Latino Americana de Tecnolog\u00edas Libres<\/a><\/p>\n<p data-wp-editing=\"1\">\n<\/div>\n<\/div><\/div><\/div><div id=\"pgc-4-4-1\"  class=\"panel-grid-cell\" ><div id=\"panel-4-4-1-0\" class=\"so-panel widget widget_sow-editor panel-first-child panel-last-child\" data-index=\"6\" ><div\n\t\t\t\n\t\t\tclass=\"so-widget-sow-editor so-widget-sow-editor-base\"\n\t\t\t\n\t\t>\n<div class=\"siteorigin-widget-tinymce textwidget\">\n\t<p style=\"text-align: center\"><a href=\"http:\/\/cienciaparticipativa.net\/\"><img loading=\"lazy\" decoding=\"async\" class=\"alignnone wp-image-49 aligncenter\" src=\"http:\/\/congresos.unlp.edu.ar\/ciaciar\/wp-content\/uploads\/sites\/35\/2021\/06\/LogoRicap_transparente-297x300.png\" alt=\"\" width=\"121\" height=\"122\" srcset=\"https:\/\/congresos.unlp.edu.ar\/ciaciar\/wp-content\/uploads\/sites\/35\/2021\/06\/LogoRicap_transparente-297x300.png 297w, https:\/\/congresos.unlp.edu.ar\/ciaciar\/wp-content\/uploads\/sites\/35\/2021\/06\/LogoRicap_transparente-150x150.png 150w, https:\/\/congresos.unlp.edu.ar\/ciaciar\/wp-content\/uploads\/sites\/35\/2021\/06\/LogoRicap_transparente.png 747w\" sizes=\"auto, (max-width: 121px) 100vw, 121px\" \/>Red Iberoamericana de Ciencia Participativa<\/a><\/p>\n<\/div>\n<\/div><\/div><\/div><\/div><div id=\"pg-4-5\"  class=\"panel-grid panel-no-style\" ><div id=\"pgc-4-5-0\"  class=\"panel-grid-cell\" ><div id=\"panel-4-5-0-0\" class=\"so-panel widget widget_sow-editor panel-first-child panel-last-child\" data-index=\"7\" ><div\n\t\t\t\n\t\t\tclass=\"so-widget-sow-editor so-widget-sow-editor-base\"\n\t\t\t\n\t\t><h3 class=\"widget-title\">Instituciones organizadoras<\/h3>\n<div class=\"siteorigin-widget-tinymce textwidget\">\n\t<\/div>\n<\/div><\/div><\/div><\/div><div id=\"pg-4-6\"  class=\"panel-grid panel-no-style\" ><div id=\"pgc-4-6-0\"  class=\"panel-grid-cell\" ><div id=\"panel-4-6-0-0\" class=\"so-panel widget widget_sow-editor panel-first-child panel-last-child\" data-index=\"8\" ><div\n\t\t\t\n\t\t\tclass=\"so-widget-sow-editor so-widget-sow-editor-base\"\n\t\t\t\n\t\t>\n<div class=\"siteorigin-widget-tinymce textwidget\">\n\t<p style=\"text-align: center\"><a href=\"https:\/\/www.cientopolis.org\/\"><img loading=\"lazy\" decoding=\"async\" class=\"size-medium wp-image-55 aligncenter\" src=\"http:\/\/congresos.unlp.edu.ar\/ciaciar\/wp-content\/uploads\/sites\/35\/2021\/07\/Logo-Cientopolis-lifia-300x94.png\" alt=\"\" width=\"300\" height=\"94\" srcset=\"https:\/\/congresos.unlp.edu.ar\/ciaciar\/wp-content\/uploads\/sites\/35\/2021\/07\/Logo-Cientopolis-lifia-300x94.png 300w, https:\/\/congresos.unlp.edu.ar\/ciaciar\/wp-content\/uploads\/sites\/35\/2021\/07\/Logo-Cientopolis-lifia-1024x321.png 1024w, https:\/\/congresos.unlp.edu.ar\/ciaciar\/wp-content\/uploads\/sites\/35\/2021\/07\/Logo-Cientopolis-lifia-768x241.png 768w, https:\/\/congresos.unlp.edu.ar\/ciaciar\/wp-content\/uploads\/sites\/35\/2021\/07\/Logo-Cientopolis-lifia-1536x482.png 1536w, https:\/\/congresos.unlp.edu.ar\/ciaciar\/wp-content\/uploads\/sites\/35\/2021\/07\/Logo-Cientopolis-lifia-2048x643.png 2048w\" sizes=\"auto, (max-width: 300px) 100vw, 300px\" \/><\/a><a href=\"https:\/\/www.cientopolis.org\/\" target=\"_blank\" rel=\"noopener\"><span style=\"font-weight: 400\">Cient\u00f3polis<\/span><\/a><\/p>\n<p data-wp-editing=\"1\">\n<\/div>\n<\/div><\/div><\/div><div id=\"pgc-4-6-1\"  class=\"panel-grid-cell\" ><div id=\"panel-4-6-1-0\" class=\"so-panel widget widget_sow-editor panel-first-child panel-last-child\" data-index=\"9\" ><div\n\t\t\t\n\t\t\tclass=\"so-widget-sow-editor so-widget-sow-editor-base\"\n\t\t\t\n\t\t>\n<div class=\"siteorigin-widget-tinymce textwidget\">\n\t<p style=\"text-align: center\"><a href=\"https:\/\/www.cientopolis.org\/\"><img loading=\"lazy\" decoding=\"async\" class=\"alignnone size-medium wp-image-91\" src=\"http:\/\/congresos.unlp.edu.ar\/ciaciar\/wp-content\/uploads\/sites\/35\/2021\/07\/logo-lifia-new-300x82.png\" alt=\"\" width=\"300\" height=\"82\" srcset=\"https:\/\/congresos.unlp.edu.ar\/ciaciar\/wp-content\/uploads\/sites\/35\/2021\/07\/logo-lifia-new-300x82.png 300w, https:\/\/congresos.unlp.edu.ar\/ciaciar\/wp-content\/uploads\/sites\/35\/2021\/07\/logo-lifia-new-1024x278.png 1024w, https:\/\/congresos.unlp.edu.ar\/ciaciar\/wp-content\/uploads\/sites\/35\/2021\/07\/logo-lifia-new-768x209.png 768w, https:\/\/congresos.unlp.edu.ar\/ciaciar\/wp-content\/uploads\/sites\/35\/2021\/07\/logo-lifia-new-1536x418.png 1536w, https:\/\/congresos.unlp.edu.ar\/ciaciar\/wp-content\/uploads\/sites\/35\/2021\/07\/logo-lifia-new-2048x557.png 2048w\" sizes=\"auto, (max-width: 300px) 100vw, 300px\" \/><\/a><\/p>\n<p style=\"text-align: center\"><a href=\"https:\/\/lifia.info.unlp.edu.ar\/\" target=\"_blank\" rel=\"noopener\"><span style=\"font-weight: 400\">LIFIA<\/span><\/a><\/p>\n<p data-wp-editing=\"1\">\n<\/div>\n<\/div><\/div><\/div><div id=\"pgc-4-6-2\"  class=\"panel-grid-cell\" ><div id=\"panel-4-6-2-0\" class=\"so-panel widget widget_sow-editor panel-first-child panel-last-child\" data-index=\"10\" ><div\n\t\t\t\n\t\t\tclass=\"so-widget-sow-editor so-widget-sow-editor-base\"\n\t\t\t\n\t\t>\n<div class=\"siteorigin-widget-tinymce textwidget\">\n\t<p style=\"text-align: center\" data-wp-editing=\"1\"><a href=\"https:\/\/fund-cenit.org.ar\/\" target=\"_blank\" rel=\"noopener\"><img loading=\"lazy\" decoding=\"async\" class=\"aligncenter\" src=\"https:\/\/fund-cenit.org.ar\/wp-content\/uploads\/logocenit.png\" width=\"199\" height=\"155\" \/><\/a><a href=\"https:\/\/fund-cenit.org.ar\/\" target=\"_blank\" rel=\"noopener\">CENIT-EEyN-UNSAM<\/a><\/p>\n<p data-wp-editing=\"1\">\n<\/div>\n<\/div><\/div><\/div><\/div><\/div>","protected":false},"excerpt":{"rendered":"<p>Les invitamos a consultar el programa del 3er CIACIAR, donde van a encontrar la agenda completa del evento, incluyendo: Sesiones transversales: apertura, conferencistas invitados, paneles y presentaci\u00f3n de p\u00f3sters. Estas sesiones se podr\u00e1n seguir en vivo en sus horarios correspondientes por el canal de YouTube de Cient\u00f3polis. Sesiones tem\u00e1ticas y talleres: propuestas enviadas por la [&hellip;]<\/p>\n","protected":false},"author":2,"featured_media":0,"parent":0,"menu_order":0,"comment_status":"closed","ping_status":"closed","template":"home-panels.php","meta":{"advgb_blocks_editor_width":"","advgb_blocks_columns_visual_guide":"","footnotes":""},"class_list":["post-4","page","type-page","status-publish","hentry","post"],"aioseo_notices":[],"coauthors":[],"author_meta":{"author_link":"https:\/\/congresos.unlp.edu.ar\/ciaciar\/author\/congresos\/","display_name":"congresos"},"relative_dates":{"created":"Posted 5 a\u00f1os ago","modified":"Updated 4 a\u00f1os ago"},"absolute_dates":{"created":"Posted on 11 junio, 2021","modified":"Updated on 3 diciembre, 2021"},"absolute_dates_time":{"created":"Posted on 11 junio, 2021 12:16 pm","modified":"Updated on 3 diciembre, 2021 9:03 am"},"featured_img_caption":"","featured_img":false,"series_order":"","_links":{"self":[{"href":"https:\/\/congresos.unlp.edu.ar\/ciaciar\/wp-json\/wp\/v2\/pages\/4","targetHints":{"allow":["GET"]}}],"collection":[{"href":"https:\/\/congresos.unlp.edu.ar\/ciaciar\/wp-json\/wp\/v2\/pages"}],"about":[{"href":"https:\/\/congresos.unlp.edu.ar\/ciaciar\/wp-json\/wp\/v2\/types\/page"}],"author":[{"embeddable":true,"href":"https:\/\/congresos.unlp.edu.ar\/ciaciar\/wp-json\/wp\/v2\/users\/2"}],"replies":[{"embeddable":true,"href":"https:\/\/congresos.unlp.edu.ar\/ciaciar\/wp-json\/wp\/v2\/comments?post=4"}],"version-history":[{"count":0,"href":"https:\/\/congresos.unlp.edu.ar\/ciaciar\/wp-json\/wp\/v2\/pages\/4\/revisions"}],"wp:attachment":[{"href":"https:\/\/congresos.unlp.edu.ar\/ciaciar\/wp-json\/wp\/v2\/media?parent=4"}],"curies":[{"name":"wp","href":"https:\/\/api.w.org\/{rel}","templated":true}]}}