{"id":28,"date":"2021-06-11T14:07:42","date_gmt":"2021-06-11T17:07:42","guid":{"rendered":"https:\/\/congresos.unlp.edu.ar\/ciciar\/?page_id=28"},"modified":"2021-07-14T20:04:48","modified_gmt":"2021-07-14T23:04:48","slug":"organizacion","status":"publish","type":"page","link":"https:\/\/congresos.unlp.edu.ar\/ciaciar\/organizacion\/","title":{"rendered":"Organizaci\u00f3n"},"content":{"rendered":"<div id=\"pl-28\"  class=\"panel-layout\" ><div id=\"pg-28-0\"  class=\"panel-grid panel-no-style\" ><div id=\"pgc-28-0-0\"  class=\"panel-grid-cell\" ><div id=\"panel-28-0-0-0\" class=\"so-panel widget widget_sow-editor panel-first-child panel-last-child\" data-index=\"0\" ><div\n\t\t\t\n\t\t\tclass=\"so-widget-sow-editor so-widget-sow-editor-base\"\n\t\t\t\n\t\t>\n<div class=\"siteorigin-widget-tinymce textwidget\">\n\t<h1 style=\"text-align: center\">Comisi\u00f3n organizadora<\/h1>\n<\/div>\n<\/div><\/div><\/div><\/div><div id=\"pg-28-1\"  class=\"panel-grid panel-no-style\" ><div id=\"pgc-28-1-0\"  class=\"panel-grid-cell\" ><div id=\"panel-28-1-0-0\" class=\"so-panel widget widget_sow-editor panel-first-child panel-last-child\" data-index=\"1\" ><div\n\t\t\t\n\t\t\tclass=\"so-widget-sow-editor so-widget-sow-editor-base\"\n\t\t\t\n\t\t>\n<div class=\"siteorigin-widget-tinymce textwidget\">\n\t<h2>Guillermina Actis<\/h2>\n<p>CENIT-EEyN-UNSAM<\/p>\n<\/div>\n<\/div><\/div><\/div><div id=\"pgc-28-1-1\"  class=\"panel-grid-cell\" ><div id=\"panel-28-1-1-0\" class=\"so-panel widget widget_sow-image panel-first-child\" data-index=\"2\" ><div\n\t\t\t\n\t\t\tclass=\"so-widget-sow-image so-widget-sow-image-default-113ccd71f3e6-28\"\n\t\t\t\n\t\t>\n<div class=\"sow-image-container\">\n\t\t<img \n\tsrc=\"https:\/\/congresos.unlp.edu.ar\/ciaciar\/wp-content\/uploads\/sites\/35\/2021\/07\/Diseno-sin-titulo.png\" width=\"150\" height=\"150\" srcset=\"https:\/\/congresos.unlp.edu.ar\/ciaciar\/wp-content\/uploads\/sites\/35\/2021\/07\/Diseno-sin-titulo.png 300w, https:\/\/congresos.unlp.edu.ar\/ciaciar\/wp-content\/uploads\/sites\/35\/2021\/07\/Diseno-sin-titulo-150x150.png 150w\" sizes=\"(max-width: 150px) 100vw, 150px\" title=\"Julieta Arancio\" alt=\"\" \t\tclass=\"so-widget-image\"\/>\n\t<\/div>\n\n<\/div><\/div><div id=\"panel-28-1-1-1\" class=\"so-panel widget widget_sow-editor panel-last-child\" data-index=\"3\" ><div\n\t\t\t\n\t\t\tclass=\"so-widget-sow-editor so-widget-sow-editor-base\"\n\t\t\t\n\t\t>\n<div class=\"siteorigin-widget-tinymce textwidget\">\n\t<h2 style=\"text-align: center\">Julieta Arancio<\/h2>\n<p style=\"text-align: center\">CENIT-UNSAM; Universidad de Bath; reGOSH<\/p>\n<\/div>\n<\/div><\/div><\/div><div id=\"pgc-28-1-2\"  class=\"panel-grid-cell\" ><div id=\"panel-28-1-2-0\" class=\"so-panel widget widget_sow-image panel-first-child\" data-index=\"4\" ><div\n\t\t\t\n\t\t\tclass=\"so-widget-sow-image so-widget-sow-image-default-113ccd71f3e6-28\"\n\t\t\t\n\t\t>\n<div class=\"sow-image-container\">\n\t\t<img \n\tsrc=\"https:\/\/congresos.unlp.edu.ar\/ciaciar\/wp-content\/uploads\/sites\/35\/2021\/07\/Diseno-sin-titulo-1.png\" width=\"150\" height=\"150\" srcset=\"https:\/\/congresos.unlp.edu.ar\/ciaciar\/wp-content\/uploads\/sites\/35\/2021\/07\/Diseno-sin-titulo-1.png 300w, https:\/\/congresos.unlp.edu.ar\/ciaciar\/wp-content\/uploads\/sites\/35\/2021\/07\/Diseno-sin-titulo-1-150x150.png 150w\" sizes=\"(max-width: 150px) 100vw, 150px\" title=\"Joaqu\u00edn Cochero\" alt=\"\" \t\tclass=\"so-widget-image\"\/>\n\t<\/div>\n\n<\/div><\/div><div id=\"panel-28-1-2-1\" class=\"so-panel widget widget_sow-editor panel-last-child\" data-index=\"5\" ><div\n\t\t\t\n\t\t\tclass=\"so-widget-sow-editor so-widget-sow-editor-base\"\n\t\t\t\n\t\t>\n<div class=\"siteorigin-widget-tinymce textwidget\">\n\t<h2 style=\"text-align: center\">Joaqu\u00edn Cochero<\/h2>\n<p style=\"text-align: center\">CONICET-UNLP; RICAP<\/p>\n<\/div>\n<\/div><\/div><\/div><div id=\"pgc-28-1-3\"  class=\"panel-grid-cell\" ><div id=\"panel-28-1-3-0\" class=\"so-panel widget widget_sow-image panel-first-child\" data-index=\"6\" ><div\n\t\t\t\n\t\t\tclass=\"so-widget-sow-image so-widget-sow-image-default-113ccd71f3e6-28\"\n\t\t\t\n\t\t>\n<div class=\"sow-image-container\">\n\t\t<img \n\tsrc=\"https:\/\/congresos.unlp.edu.ar\/ciaciar\/wp-content\/uploads\/sites\/35\/2021\/07\/Diseno-sin-titulo-2.png\" width=\"150\" height=\"150\" srcset=\"https:\/\/congresos.unlp.edu.ar\/ciaciar\/wp-content\/uploads\/sites\/35\/2021\/07\/Diseno-sin-titulo-2.png 300w, https:\/\/congresos.unlp.edu.ar\/ciaciar\/wp-content\/uploads\/sites\/35\/2021\/07\/Diseno-sin-titulo-2-150x150.png 150w\" sizes=\"(max-width: 150px) 100vw, 150px\" title=\"Diego Torres\" alt=\"\" \t\tclass=\"so-widget-image\"\/>\n\t<\/div>\n\n<\/div><\/div><div id=\"panel-28-1-3-1\" class=\"so-panel widget widget_sow-editor panel-last-child\" data-index=\"7\" ><div\n\t\t\t\n\t\t\tclass=\"so-widget-sow-editor so-widget-sow-editor-base\"\n\t\t\t\n\t\t>\n<div class=\"siteorigin-widget-tinymce textwidget\">\n\t<h2 style=\"text-align: center\">Diego Torres<\/h2>\n<p style=\"text-align: center\">LIFIA, CICPBA-Fac. de Inform\u00e1tica, UNLP<br \/>\nDepartamento de CyT, UNQ<\/p>\n<\/div>\n<\/div><\/div><\/div><\/div><\/div>","protected":false},"excerpt":{"rendered":"<p>Comisi\u00f3n organizadora Guillermina Actis CENIT-EEyN-UNSAM Julieta Arancio CENIT-UNSAM; Universidad de Bath; reGOSH Joaqu\u00edn Cochero CONICET-UNLP; RICAP Diego Torres LIFIA, CICPBA-Fac. de Inform\u00e1tica, UNLP Departamento de CyT, UNQ<\/p>\n","protected":false},"author":2,"featured_media":0,"parent":0,"menu_order":0,"comment_status":"closed","ping_status":"closed","template":"","meta":{"advgb_blocks_editor_width":"","advgb_blocks_columns_visual_guide":"","footnotes":""},"class_list":["post-28","page","type-page","status-publish","hentry","post"],"aioseo_notices":[],"coauthors":[],"author_meta":{"author_link":"https:\/\/congresos.unlp.edu.ar\/ciaciar\/author\/congresos\/","display_name":"congresos"},"relative_dates":{"created":"Posted 5 a\u00f1os ago","modified":"Updated 5 a\u00f1os ago"},"absolute_dates":{"created":"Posted on 11 junio, 2021","modified":"Updated on 14 julio, 2021"},"absolute_dates_time":{"created":"Posted on 11 junio, 2021 2:07 pm","modified":"Updated on 14 julio, 2021 8:04 pm"},"featured_img_caption":"","featured_img":false,"series_order":"","_links":{"self":[{"href":"https:\/\/congresos.unlp.edu.ar\/ciaciar\/wp-json\/wp\/v2\/pages\/28","targetHints":{"allow":["GET"]}}],"collection":[{"href":"https:\/\/congresos.unlp.edu.ar\/ciaciar\/wp-json\/wp\/v2\/pages"}],"about":[{"href":"https:\/\/congresos.unlp.edu.ar\/ciaciar\/wp-json\/wp\/v2\/types\/page"}],"author":[{"embeddable":true,"href":"https:\/\/congresos.unlp.edu.ar\/ciaciar\/wp-json\/wp\/v2\/users\/2"}],"replies":[{"embeddable":true,"href":"https:\/\/congresos.unlp.edu.ar\/ciaciar\/wp-json\/wp\/v2\/comments?post=28"}],"version-history":[{"count":0,"href":"https:\/\/congresos.unlp.edu.ar\/ciaciar\/wp-json\/wp\/v2\/pages\/28\/revisions"}],"wp:attachment":[{"href":"https:\/\/congresos.unlp.edu.ar\/ciaciar\/wp-json\/wp\/v2\/media?parent=28"}],"curies":[{"name":"wp","href":"https:\/\/api.w.org\/{rel}","templated":true}]}}