{"id":22,"date":"2021-06-11T14:07:02","date_gmt":"2021-06-11T17:07:02","guid":{"rendered":"https:\/\/congresos.unlp.edu.ar\/ciciar\/?page_id=22"},"modified":"2021-09-10T11:51:57","modified_gmt":"2021-09-10T14:51:57","slug":"fechas-importantes","status":"publish","type":"page","link":"https:\/\/congresos.unlp.edu.ar\/ciaciar\/fechas-importantes\/","title":{"rendered":"Fechas importantes"},"content":{"rendered":"<p><b>Cierre de env\u00edo de propuestas de talleres, sesiones tem\u00e1ticas y art\u00edculos (ePosters)<\/b><span style=\"font-weight: 400\"> &#8211; <del>10 de Septiembre 2021\u00a0<\/del> 17 de septiembre de 2021 <strong>(Extendida)<\/strong><\/span><\/p>\n<p><b>Apertura para votaci\u00f3n de talleres y sesiones tem\u00e1ticas<\/b><span style=\"font-weight: 400\"> &#8211; 20 de Septiembre 2021<\/span><\/p>\n<p><b>Notificaci\u00f3n de aceptaci\u00f3n de art\u00edculos (p\u00f3sters)<\/b><span style=\"font-weight: 400\"> &#8211; 11 de Octubre 2021<\/span><\/p>\n<p><strong>Realizaci\u00f3n del evento:<\/strong> 1 al 3 de diciembre 2021<\/p>\n","protected":false},"excerpt":{"rendered":"<p>Cierre de env\u00edo de propuestas de talleres, sesiones tem\u00e1ticas y art\u00edculos (ePosters) &#8211; 10 de Septiembre 2021\u00a0 17 de septiembre de 2021 (Extendida) Apertura para votaci\u00f3n de talleres y sesiones tem\u00e1ticas &#8211; 20 de Septiembre 2021 Notificaci\u00f3n de aceptaci\u00f3n de art\u00edculos (p\u00f3sters) &#8211; 11 de Octubre 2021 Realizaci\u00f3n del evento: 1 al 3 de diciembre [&hellip;]<\/p>\n","protected":false},"author":2,"featured_media":0,"parent":0,"menu_order":0,"comment_status":"closed","ping_status":"closed","template":"","meta":{"advgb_blocks_editor_width":"","advgb_blocks_columns_visual_guide":"","footnotes":""},"class_list":["post-22","page","type-page","status-publish","hentry","post"],"aioseo_notices":[],"coauthors":[],"author_meta":{"author_link":"https:\/\/congresos.unlp.edu.ar\/ciaciar\/author\/congresos\/","display_name":"congresos"},"relative_dates":{"created":"Posted 5 a\u00f1os ago","modified":"Updated 5 a\u00f1os ago"},"absolute_dates":{"created":"Posted on 11 junio, 2021","modified":"Updated on 10 septiembre, 2021"},"absolute_dates_time":{"created":"Posted on 11 junio, 2021 2:07 pm","modified":"Updated on 10 septiembre, 2021 11:51 am"},"featured_img_caption":"","featured_img":false,"series_order":"","_links":{"self":[{"href":"https:\/\/congresos.unlp.edu.ar\/ciaciar\/wp-json\/wp\/v2\/pages\/22","targetHints":{"allow":["GET"]}}],"collection":[{"href":"https:\/\/congresos.unlp.edu.ar\/ciaciar\/wp-json\/wp\/v2\/pages"}],"about":[{"href":"https:\/\/congresos.unlp.edu.ar\/ciaciar\/wp-json\/wp\/v2\/types\/page"}],"author":[{"embeddable":true,"href":"https:\/\/congresos.unlp.edu.ar\/ciaciar\/wp-json\/wp\/v2\/users\/2"}],"replies":[{"embeddable":true,"href":"https:\/\/congresos.unlp.edu.ar\/ciaciar\/wp-json\/wp\/v2\/comments?post=22"}],"version-history":[{"count":0,"href":"https:\/\/congresos.unlp.edu.ar\/ciaciar\/wp-json\/wp\/v2\/pages\/22\/revisions"}],"wp:attachment":[{"href":"https:\/\/congresos.unlp.edu.ar\/ciaciar\/wp-json\/wp\/v2\/media?parent=22"}],"curies":[{"name":"wp","href":"https:\/\/api.w.org\/{rel}","templated":true}]}}