{"id":16,"date":"2021-06-11T14:06:35","date_gmt":"2021-06-11T17:06:35","guid":{"rendered":"https:\/\/congresos.unlp.edu.ar\/ciciar\/?page_id=16"},"modified":"2021-12-03T10:01:47","modified_gmt":"2021-12-03T13:01:47","slug":"programa","status":"publish","type":"page","link":"https:\/\/congresos.unlp.edu.ar\/ciaciar\/programa\/","title":{"rendered":"Programa"},"content":{"rendered":"<p>Todos los horarios est\u00e1n publicados en zona horaria de Argentina (GMT -3). La descripci\u00f3n de los talleres y sesiones tem\u00e1ticas se puede encontrar <a href=\"https:\/\/congresos.unlp.edu.ar\/ciaciar\/talleres-y-sesiones-tematicas\/\">en este link<\/a>.<\/p>\n<table width=\"873\">\n<tbody>\n<tr>\n<td style=\"font-size: 9px\" rowspan=\"2\" width=\"80\"><\/td>\n<td style=\"text-align: center\" bgcolor=\"#d3d3d3\" width=\"262\" data-sheets-value=\"{&quot;1&quot;:3,&quot;3&quot;:44531}\" data-sheets-numberformat=\"{&quot;1&quot;:5,&quot;2&quot;:&quot;dd\\&quot;\/\\&quot;mm&quot;,&quot;3&quot;:1}\">01-dic<\/td>\n<td style=\"text-align: center\" bgcolor=\"#d3d3d3\" width=\"286\" data-sheets-value=\"{&quot;1&quot;:3,&quot;3&quot;:44531}\" data-sheets-numberformat=\"{&quot;1&quot;:5,&quot;2&quot;:&quot;dd\\&quot;\/\\&quot;mm&quot;,&quot;3&quot;:1}\">02-dic<\/td>\n<td style=\"text-align: center\" bgcolor=\"#d3d3d3\" width=\"198\" data-sheets-value=\"{&quot;1&quot;:3,&quot;3&quot;:44531}\" data-sheets-numberformat=\"{&quot;1&quot;:5,&quot;2&quot;:&quot;dd\\&quot;\/\\&quot;mm&quot;,&quot;3&quot;:1}\">03-dic<\/td>\n<\/tr>\n<tr style=\"border-bottom: 1pt solid black\">\n<td style=\"text-align: center\" bgcolor=\"#d3d3d3\" width=\"262\" data-sheets-value=\"{&quot;1&quot;:2,&quot;2&quot;:&quot;MI\u00c9RCOLES&quot;}\" data-sheets-formula=\"=MAYUSC(TEXTO(R[-1]C[0]; &quot;DDDD&quot;))\"><strong>MI\u00c9RCOLES<\/strong><\/td>\n<td style=\"text-align: center\" bgcolor=\"#d3d3d3\" width=\"286\" data-sheets-value=\"{&quot;1&quot;:2,&quot;2&quot;:&quot;JUEVES&quot;}\" data-sheets-formula=\"=MAYUSC(TEXTO(R[-1]C[0]; &quot;DDDD&quot;))\"><strong>JUEVES<\/strong><\/td>\n<td style=\"text-align: center\" bgcolor=\"#d3d3d3\" width=\"198\" data-sheets-value=\"{&quot;1&quot;:2,&quot;2&quot;:&quot;VIERNES&quot;}\" data-sheets-formula=\"=MAYUSC(TEXTO(R[-1]C[0]; &quot;DDDD&quot;))\"><strong>VIERNES<\/strong><\/td>\n<\/tr>\n<tr>\n<td style=\"text-align: right\" width=\"50\" data-sheets-value=\"{&quot;1&quot;:3,&quot;3&quot;:0.375}\" data-sheets-numberformat=\"{&quot;1&quot;:6,&quot;2&quot;:&quot;hh\\&quot;:\\&quot;mm\\&quot; \\&quot;&quot;,&quot;3&quot;:1}\">09:00<\/td>\n<td style=\"text-align: center\" bgcolor=\"#ead1dc\" width=\"262\" data-sheets-value=\"{&quot;1&quot;:2,&quot;2&quot;:&quot;Intro&quot;}\">Apertura<\/td>\n<td width=\"286\"><\/td>\n<td width=\"198\"><\/td>\n<\/tr>\n<tr style=\"border-bottom: 1pt solid black\">\n<td style=\"text-align: right\" width=\"50\" data-sheets-value=\"{&quot;1&quot;:3,&quot;3&quot;:0.3958333333333333}\" data-sheets-numberformat=\"{&quot;1&quot;:6,&quot;2&quot;:&quot;hh\\&quot;:\\&quot;mm\\&quot; \\&quot;&quot;,&quot;3&quot;:1}\">09:30<\/td>\n<td style=\"text-align: center\" bgcolor=\"#ead1dc\" width=\"262\">del 3er CIACIAR<\/td>\n<td style=\"text-align: center\" bgcolor=\"#ead1dc\" width=\"286\" data-sheets-value=\"{&quot;1&quot;:2,&quot;2&quot;:&quot;Intro&quot;}\">Apertura<\/td>\n<td style=\"text-align: center\" bgcolor=\"#ead1dc\" width=\"198\" data-sheets-value=\"{&quot;1&quot;:2,&quot;2&quot;:&quot;Intro&quot;}\">Apertura<\/td>\n<\/tr>\n<tr>\n<td style=\"text-align: right\" width=\"50\" data-sheets-value=\"{&quot;1&quot;:3,&quot;3&quot;:0.4166666666666667}\" data-sheets-numberformat=\"{&quot;1&quot;:6,&quot;2&quot;:&quot;hh\\&quot;:\\&quot;mm\\&quot; \\&quot;&quot;,&quot;3&quot;:1}\">10:00<\/td>\n<td style=\"text-align: center\" bgcolor=\"#d9ead3\" width=\"262\" data-sheets-value=\"{&quot;1&quot;:2,&quot;2&quot;:&quot;Carolina Botero (40')&quot;}\"><strong>Conferencia de apertura<\/strong><\/td>\n<td style=\"text-align: center\" bgcolor=\"#d9ead3\" width=\"286\" data-sheets-value=\"{&quot;1&quot;:2,&quot;2&quot;:&quot;Fernan Federici (20')&quot;}\"><strong>Conferencia de apertura<\/strong><\/td>\n<td style=\"text-align: center\" bgcolor=\"#d9ead3\" width=\"198\" data-sheets-value=\"{&quot;1&quot;:2,&quot;2&quot;:&quot;Evelin Heidel (20')&quot;}\"><strong>Conferencia de apertura<\/strong><\/td>\n<\/tr>\n<tr style=\"border-bottom: 1pt solid black\">\n<td style=\"text-align: right\" width=\"50\" data-sheets-value=\"{&quot;1&quot;:3,&quot;3&quot;:0.4375}\" data-sheets-numberformat=\"{&quot;1&quot;:6,&quot;2&quot;:&quot;hh\\&quot;:\\&quot;mm\\&quot; \\&quot;&quot;,&quot;3&quot;:1}\"><\/td>\n<td style=\"text-align: center\" bgcolor=\"#d9ead3\" width=\"262\"><strong>Carolina Botero:<\/strong> &#8220;La ciencia participativa en las pol\u00edticas de ciencia abierta&#8221;<\/td>\n<td style=\"text-align: center\" bgcolor=\"#d9ead3\" width=\"286\" data-sheets-value=\"{&quot;1&quot;:2,&quot;2&quot;:&quot;Gilda Collo (20')&quot;}\"><strong>Gilda Collo:<\/strong> &#8220;Ciencia Comunitaria y Ecolog\u00eda de Saberes en torno a los conflictos (socio)ambientales&#8221;<\/p>\n<p><strong>Fernan Federici:<\/strong> &#8220;Tecnolog\u00edas Free\/Libre Open Source para educaci\u00f3n e investigaci\u00f3n en biolog\u00eda&#8221;<\/td>\n<td style=\"text-align: center\" bgcolor=\"#d9ead3\" width=\"198\" data-sheets-value=\"{&quot;1&quot;:2,&quot;2&quot;:&quot;Jaume (20')&quot;}\"><strong>Jaume Piera: <\/strong>&#8220;<a href=\"https:\/\/congresos.unlp.edu.ar\/ciaciar\/wp-content\/uploads\/sites\/35\/2021\/12\/CIACIAR_JPiera.pdf\">Integrando la Ciencia Participativa en Sistemas Globales de Monitoreo Ambiental<\/a>&#8221;<\/p>\n<p><strong>Evelin Heidel: <\/strong>&#8220;<a href=\"https:\/\/docs.google.com\/presentation\/d\/1sdOG6RRwSIRh6v15px_2XsZQYPKMo6cDgvF1A8oCGJ8\/edit?usp=sharing\">Open Climate: Estrategias de lo abierto para la crisis clim\u00e1tica<\/a>&#8220;<\/td>\n<\/tr>\n<tr style=\"border-bottom: 1pt solid black\">\n<td style=\"text-align: right\" width=\"50\" data-sheets-value=\"{&quot;1&quot;:3,&quot;3&quot;:0.4479166666666667}\" data-sheets-numberformat=\"{&quot;1&quot;:6,&quot;2&quot;:&quot;hh\\&quot;:\\&quot;mm\\&quot; \\&quot;&quot;,&quot;3&quot;:1}\">10:45<\/td>\n<td style=\"text-align: center\" bgcolor=\"#ead1dc\" width=\"262\" data-sheets-value=\"{&quot;1&quot;:2,&quot;2&quot;:&quot;Corte \/ cafe virtual&quot;}\"><a href=\"https:\/\/gather.town\/app\/Q1pcpdA8OvscW3QD\/CIACIAR-cafe\"><em>Recreo \/ cafe virtual<\/em><\/a><\/td>\n<td style=\"text-align: center\" bgcolor=\"#ead1dc\" width=\"286\" data-sheets-value=\"{&quot;1&quot;:2,&quot;2&quot;:&quot;Corte \/ cafe virtual&quot;}\"><a href=\"https:\/\/gather.town\/app\/Q1pcpdA8OvscW3QD\/CIACIAR-cafe\"><em>Recreo \/ cafe virtual<\/em><\/a><\/td>\n<td style=\"text-align: center\" bgcolor=\"#ead1dc\" width=\"198\" data-sheets-value=\"{&quot;1&quot;:2,&quot;2&quot;:&quot;Corte \/ cafe virtual&quot;}\"><a href=\"https:\/\/gather.town\/app\/Q1pcpdA8OvscW3QD\/CIACIAR-cafe\"><em>Recreo \/ cafe virtual<\/em><\/a><\/td>\n<\/tr>\n<tr>\n<td style=\"text-align: right\" width=\"50\" data-sheets-value=\"{&quot;1&quot;:3,&quot;3&quot;:0.4583333333333333}\" data-sheets-numberformat=\"{&quot;1&quot;:6,&quot;2&quot;:&quot;hh\\&quot;:\\&quot;mm\\&quot; \\&quot;&quot;,&quot;3&quot;:1}\">11:00<\/td>\n<td style=\"padding-left: 40px\" rowspan=\"3\" bgcolor=\"#d9ead3\" width=\"262\" data-sheets-value=\"{&quot;1&quot;:2,&quot;2&quot;:&quot;Panel 1. Ciencia Abierta frente a la emergencia ambiental&quot;}\" data-sheets-textstyleruns=\"{&quot;1&quot;:0,&quot;2&quot;:{&quot;5&quot;:1}}\uee10{&quot;1&quot;:8}\">\n<p style=\"text-align: left\"><strong>Panel transversal: <\/strong>Ciencia Abierta frente a la emergencia ambiental<\/p>\n<p><strong>Modera:<\/strong> Julia Astegiano<\/p>\n<p><strong>Panelistas:<\/strong><\/p>\n<p>&#8211; Fernando Castro, Laboratorio agroecol\u00f3gico abierto, Mendoza<br \/>\n&#8211; Mar\u00eda Laura Costella, extensi\u00f3n rural La Consulta INTA<br \/>\n&#8211; Estefania Piegari, Grupo de Sensores Comunitarios (CoSensores)<br \/>\n&#8211; Victor Furci, ECOS de Saladillo<\/td>\n<td style=\"padding-left: 40px\" rowspan=\"3\" bgcolor=\"#d9ead3\" width=\"286\" data-sheets-value=\"{&quot;1&quot;:2,&quot;2&quot;:&quot;Panel 2. Ciencia participativa y su impacto en la pol\u00edtica p\u00fablica&quot;}\" data-sheets-textstyleruns=\"{&quot;1&quot;:0,&quot;2&quot;:{&quot;5&quot;:1}}\uee10{&quot;1&quot;:9}\">\n<p style=\"text-align: center\"><strong>Panel transversal<\/strong><\/p>\n<p style=\"text-align: center\">Ciencia participativa y su impacto en la pol\u00edtica p\u00fablica<\/p>\n<\/td>\n<td style=\"padding-left: 40px\" rowspan=\"3\" bgcolor=\"#d9ead3\" width=\"198\" data-sheets-value=\"{&quot;1&quot;:2,&quot;2&quot;:&quot;Panel 3. Redes de ciencia abierta y cooperaci\u00f3n&quot;}\" data-sheets-textstyleruns=\"{&quot;1&quot;:0,&quot;2&quot;:{&quot;5&quot;:1}}\uee10{&quot;1&quot;:8}\">\n<p style=\"text-align: center\"><strong>Panel transversal<\/strong><\/p>\n<p style=\"text-align: center\">Redes de ciencia abierta y cooperaci\u00f3n<\/p>\n<\/td>\n<\/tr>\n<tr>\n<td style=\"text-align: right\" width=\"50\" data-sheets-value=\"{&quot;1&quot;:3,&quot;3&quot;:0.4791666666666667}\" data-sheets-numberformat=\"{&quot;1&quot;:6,&quot;2&quot;:&quot;hh\\&quot;:\\&quot;mm\\&quot; \\&quot;&quot;,&quot;3&quot;:1}\">11:30<\/td>\n<\/tr>\n<tr>\n<td style=\"text-align: right\" width=\"50\" data-sheets-value=\"{&quot;1&quot;:3,&quot;3&quot;:0.5}\" data-sheets-numberformat=\"{&quot;1&quot;:6,&quot;2&quot;:&quot;hh\\&quot;:\\&quot;mm\\&quot; \\&quot;&quot;,&quot;3&quot;:1}\">12:00<\/td>\n<\/tr>\n<tr style=\"border-bottom: 1pt solid black\">\n<td style=\"text-align: right\" width=\"50\" data-sheets-value=\"{&quot;1&quot;:3,&quot;3&quot;:0.5208333333333334}\" data-sheets-numberformat=\"{&quot;1&quot;:6,&quot;2&quot;:&quot;hh\\&quot;:\\&quot;mm\\&quot; \\&quot;&quot;,&quot;3&quot;:1}\">12:30<\/td>\n<td style=\"text-align: center\" bgcolor=\"#ead1dc\" width=\"262\" data-sheets-value=\"{&quot;1&quot;:2,&quot;2&quot;:&quot;ALMUERZO-caf\u00e9 virtual&quot;}\"><a href=\"https:\/\/gather.town\/app\/Q1pcpdA8OvscW3QD\/CIACIAR-cafe\"><em>ALMUERZO-caf\u00e9 virtual<\/em><\/a><\/td>\n<td style=\"text-align: center\" bgcolor=\"#ead1dc\" width=\"286\" data-sheets-value=\"{&quot;1&quot;:2,&quot;2&quot;:&quot;ALMUERZO-caf\u00e9 virtual&quot;}\"><a href=\"https:\/\/gather.town\/app\/Q1pcpdA8OvscW3QD\/CIACIAR-cafe\"><em>ALMUERZO-caf\u00e9 virtual<\/em><\/a><\/td>\n<td style=\"text-align: center\" bgcolor=\"#ead1dc\" width=\"198\" data-sheets-value=\"{&quot;1&quot;:2,&quot;2&quot;:&quot;ALMUERZO-caf\u00e9 virtual&quot;}\"><a href=\"https:\/\/gather.town\/app\/Q1pcpdA8OvscW3QD\/CIACIAR-cafe\"><em>ALMUERZO-caf\u00e9 virtual<\/em><\/a><\/td>\n<\/tr>\n<tr>\n<td style=\"text-align: right\" width=\"50\" data-sheets-value=\"{&quot;1&quot;:3,&quot;3&quot;:0.5416666666666666}\" data-sheets-numberformat=\"{&quot;1&quot;:6,&quot;2&quot;:&quot;hh\\&quot;:\\&quot;mm\\&quot; \\&quot;&quot;,&quot;3&quot;:1}\">13:00<\/td>\n<td style=\"padding-left: 40px\" bgcolor=\"#fff2cc\" width=\"262\" data-sheets-value=\"{&quot;1&quot;:2,&quot;2&quot;:&quot;A. Espacios y estrategias de vinculaci\u00f3n para la divulgaci\u00f3n cient\u00edfica&quot;}\"><strong>Sesi\u00f3n tem\u00e1tica A.<\/strong><\/p>\n<p>Espacios y estrategias de vinculaci\u00f3n para la divulgaci\u00f3n cient\u00edfica<\/p>\n<p>&nbsp;<\/p>\n<p>&nbsp;<\/td>\n<td style=\"padding-left: 40px\" bgcolor=\"#fff2cc\" width=\"286\" data-sheets-value=\"{&quot;1&quot;:2,&quot;2&quot;:&quot;A. C\u00e1tedra libre de soberan\u00eda tecnol\u00f3gica - \u00bfHacemos ciencia abierta con herramientas libres? que tiene que ver la soberan\u00eda tecnol\u00f3gica con la ciencia abierta y ciudadana&quot;}\"><strong>Sesi\u00f3n tem\u00e1tica A.<\/strong><\/p>\n<p>C\u00e1tedra libre de soberan\u00eda tecnol\u00f3gica &#8211; \u00bfHacemos ciencia abierta con herramientas libres? que tiene que ver la soberan\u00eda tecnol\u00f3gica con la ciencia abierta y ciudadana<\/td>\n<td style=\"padding-left: 40px\" bgcolor=\"#fff2cc\" width=\"198\" data-sheets-value=\"{&quot;1&quot;:2,&quot;2&quot;:&quot;A. AlterMundi y el proyecto LibreRouter. Redes libres, comunitarias y descentralizadas. Nuestro pedacito de Internet.&quot;}\"><strong>Sesi\u00f3n tem\u00e1tica A.<\/strong><\/p>\n<p>AlterMundi y el proyecto LibreRouter. Redes libres, comunitarias y descentralizadas. Nuestro pedacito de Internet.<\/td>\n<\/tr>\n<tr style=\"padding-left: 40px\">\n<td style=\"padding-left: 40px\" width=\"50\" data-sheets-numberformat=\"{&quot;1&quot;:6,&quot;2&quot;:&quot;hh\\&quot;:\\&quot;mm\\&quot; \\&quot;&quot;,&quot;3&quot;:1}\"><\/td>\n<td style=\"padding-left: 40px\" bgcolor=\"#fff2cc\" width=\"262\" data-sheets-value=\"{&quot;1&quot;:2,&quot;2&quot;:&quot;B. reGOSH: \u00bfPor qu\u00e9 necesitamos tecnolog\u00edas libres para la ciencia y educaci\u00f3n en Latinoam\u00e9rica?&quot;}\"><strong>Sesi\u00f3n tem\u00e1tica B.<\/strong><\/p>\n<p>reGOSH: \u00bfPor qu\u00e9 necesitamos tecnolog\u00edas libres para la ciencia y educaci\u00f3n en Latinoam\u00e9rica?<\/p>\n<p>&nbsp;<\/td>\n<td style=\"padding-left: 40px\" bgcolor=\"#fff2cc\" width=\"286\" data-sheets-value=\"{&quot;1&quot;:2,&quot;2&quot;:&quot;B. Ciencia ciudadana y manejo de cuencas h\u00eddricas.&quot;}\"><strong>Sesi\u00f3n tem\u00e1tica B.<\/strong><\/p>\n<p>Ciencia ciudadana y manejo de cuencas h\u00eddricas.<\/p>\n<p>&nbsp;<\/p>\n<p>&nbsp;<\/td>\n<td style=\"padding-left: 40px\" bgcolor=\"#fff2cc\" width=\"198\" data-sheets-value=\"{&quot;1&quot;:2,&quot;2&quot;:&quot;B. Co-producci\u00f3n de conocimiento en contextos de problem\u00e1ticas \\nsocio-ambientales &quot;}\"><strong>Sesi\u00f3n tem\u00e1tica B.<\/strong><\/p>\n<p>Co-producci\u00f3n de conocimiento en contextos de problem\u00e1ticas<br \/>\nsocio-ambientales<\/td>\n<\/tr>\n<tr style=\"border-bottom: 1pt solid black\">\n<td width=\"127\"><\/td>\n<td style=\"padding-left: 40px\" bgcolor=\"#fff2cc\" width=\"262\" data-sheets-value=\"{&quot;1&quot;:2,&quot;2&quot;:&quot;C. Pr\u00e1cticas vivenciales y dispositivos digitales para la construcci\u00f3n y comunicaci\u00f3n de la ciencia abierta y participativa en la investigaci\u00f3n y preservaci\u00f3n del Patrimonio Cultural, Paleontol\u00f3gico y Natural&quot;}\"><strong>Sesi\u00f3n tem\u00e1tica C.<\/strong><\/p>\n<p>Pr\u00e1cticas vivenciales y dispositivos digitales para la construcci\u00f3n y comunicaci\u00f3n de la ciencia abierta y participativa en la investigaci\u00f3n y preservaci\u00f3n del Patrimonio Cultural, Paleontol\u00f3gico y Natural<\/td>\n<td style=\"padding-left: 40px\" bgcolor=\"#fff2cc\" width=\"286\" data-sheets-value=\"{&quot;1&quot;:2,&quot;2&quot;:&quot;C. \u00bfC\u00f3mo organizar y sostener emprendimientos basados en tecnolog\u00edas libres?&quot;}\"><strong>Sesi\u00f3n tem\u00e1tica C.<\/strong><\/p>\n<p>\u00bfC\u00f3mo organizar y sostener emprendimientos basados en tecnolog\u00edas libres?<\/p>\n<p>&nbsp;<\/p>\n<p>&nbsp;<\/p>\n<p>&nbsp;<\/td>\n<td style=\"padding-left: 40px\" bgcolor=\"#fff2cc\" width=\"198\"><strong>Sesi\u00f3n tem\u00e1tica C.<\/strong><\/p>\n<p>Eco Industria Modular<\/p>\n<p>&nbsp;<\/p>\n<p>&nbsp;<\/p>\n<p>&nbsp;<\/p>\n<p>&nbsp;<\/td>\n<\/tr>\n<tr style=\"border-bottom: 1pt solid black\">\n<td style=\"text-align: right\" width=\"50\" data-sheets-value=\"{&quot;1&quot;:3,&quot;3&quot;:0.5833333333333334}\" data-sheets-numberformat=\"{&quot;1&quot;:6,&quot;2&quot;:&quot;hh\\&quot;:\\&quot;mm\\&quot; \\&quot;&quot;,&quot;3&quot;:1}\">14:00<\/td>\n<td style=\"text-align: center\" bgcolor=\"#e1b179\" width=\"262\" data-sheets-value=\"{&quot;1&quot;:2,&quot;2&quot;:&quot;Posters (presentaci\u00f3n)&quot;}\">Posters (presentaci\u00f3n)<\/td>\n<td style=\"text-align: center\" bgcolor=\"#e1b179\" width=\"286\" data-sheets-value=\"{&quot;1&quot;:2,&quot;2&quot;:&quot;Posters (presentaci\u00f3n)&quot;}\">Posters (presentaci\u00f3n)<\/td>\n<td style=\"text-align: center\" bgcolor=\"#e1b179\" width=\"198\" data-sheets-value=\"{&quot;1&quot;:2,&quot;2&quot;:&quot;Posters (presentaci\u00f3n)&quot;}\">Posters (presentaci\u00f3n)<\/td>\n<\/tr>\n<tr style=\"border-bottom: 1pt solid black\">\n<td style=\"text-align: right\" width=\"50\" data-sheets-value=\"{&quot;1&quot;:3,&quot;3&quot;:0.6041666666666666}\" data-sheets-numberformat=\"{&quot;1&quot;:6,&quot;2&quot;:&quot;hh\\&quot;:\\&quot;mm\\&quot; \\&quot;&quot;,&quot;3&quot;:1}\">14:30<\/td>\n<td style=\"text-align: center\" bgcolor=\"#ead1dc\" width=\"262\" data-sheets-value=\"{&quot;1&quot;:2,&quot;2&quot;:&quot;Corte \/ cafe virtual&quot;}\"><a href=\"https:\/\/gather.town\/app\/Q1pcpdA8OvscW3QD\/CIACIAR-cafe\"><em>Recreo \/ cafe virtual<\/em><\/a><\/td>\n<td style=\"text-align: center\" bgcolor=\"#ead1dc\" width=\"286\" data-sheets-value=\"{&quot;1&quot;:2,&quot;2&quot;:&quot;Corte \/ cafe virtual&quot;}\"><a href=\"https:\/\/gather.town\/app\/Q1pcpdA8OvscW3QD\/CIACIAR-cafe\"><em>Recreo \/ cafe virtual<\/em><\/a><\/td>\n<td style=\"text-align: center\" bgcolor=\"#ead1dc\" width=\"198\" data-sheets-value=\"{&quot;1&quot;:2,&quot;2&quot;:&quot;Cierre&quot;}\"><em>Cierre<\/em><\/td>\n<\/tr>\n<tr>\n<td style=\"text-align: right\" width=\"50\" data-sheets-value=\"{&quot;1&quot;:3,&quot;3&quot;:0.625}\" data-sheets-numberformat=\"{&quot;1&quot;:6,&quot;2&quot;:&quot;hh\\&quot;:\\&quot;mm\\&quot; \\&quot;&quot;,&quot;3&quot;:1}\">15:00<\/td>\n<td style=\"padding-left: 40px\" rowspan=\"4\" bgcolor=\"#9fc5e8\" width=\"262\" data-sheets-value=\"{&quot;1&quot;:2,&quot;2&quot;:&quot;Taller 1. Proyecto de Recomendaci\u00f3n de la UNESCO sobre la Ciencia Abierta. Hojas de ruta para Am\u00e9rica Laitna y el Caribe.&quot;}\" data-sheets-textstyleruns=\"{&quot;1&quot;:0,&quot;2&quot;:{&quot;5&quot;:1}}\uee10{&quot;1&quot;:9}\"><strong>Taller 1.<\/strong><\/p>\n<p>Proyecto de Recomendaci\u00f3n de la UNESCO sobre la Ciencia Abierta. Hojas de ruta para Am\u00e9rica Latina y el Caribe.<\/td>\n<td style=\"padding-left: 40px\" rowspan=\"4\" bgcolor=\"#9fc5e8\" width=\"286\" data-sheets-value=\"{&quot;1&quot;:2,&quot;2&quot;:&quot;Taller 3. Delineando estrategias de producci\u00f3n de ciencia comunitaria a partir de las luchas de los pueblos fumigados&quot;}\" data-sheets-textstyleruns=\"{&quot;1&quot;:0,&quot;2&quot;:{&quot;5&quot;:1}}\uee10{&quot;1&quot;:10}\"><strong>Taller 3.<\/strong><\/p>\n<p>Delineando estrategias de producci\u00f3n de ciencia comunitaria a partir de las luchas de los pueblos fumigados<\/p>\n<p>&nbsp;<\/td>\n<td width=\"198\"><\/td>\n<\/tr>\n<tr>\n<td style=\"text-align: right\" width=\"50\" data-sheets-value=\"{&quot;1&quot;:3,&quot;3&quot;:0.6458333333333334}\" data-sheets-numberformat=\"{&quot;1&quot;:6,&quot;2&quot;:&quot;hh\\&quot;:\\&quot;mm\\&quot; \\&quot;&quot;,&quot;3&quot;:1}\">15:30<\/td>\n<td width=\"198\"><\/td>\n<\/tr>\n<tr>\n<td style=\"text-align: right\" width=\"50\" data-sheets-value=\"{&quot;1&quot;:3,&quot;3&quot;:0.6666666666666666}\" data-sheets-numberformat=\"{&quot;1&quot;:6,&quot;2&quot;:&quot;hh\\&quot;:\\&quot;mm\\&quot; \\&quot;&quot;,&quot;3&quot;:1}\">16:00<\/td>\n<td width=\"198\"><\/td>\n<\/tr>\n<tr style=\"border-bottom: 1pt solid black\">\n<td style=\"text-align: right\" width=\"127\" data-sheets-value=\"{&quot;1&quot;:3,&quot;3&quot;:0.6875}\" data-sheets-numberformat=\"{&quot;1&quot;:6,&quot;2&quot;:&quot;hh\\&quot;:\\&quot;mm\\&quot; \\&quot;&quot;,&quot;3&quot;:1}\">16:30<\/td>\n<td width=\"198\"><\/td>\n<\/tr>\n<tr style=\"border-bottom: 1pt solid black\">\n<td style=\"text-align: right\" width=\"50\" data-sheets-value=\"{&quot;1&quot;:3,&quot;3&quot;:0.7083333333333334}\" data-sheets-numberformat=\"{&quot;1&quot;:6,&quot;2&quot;:&quot;hh\\&quot;:\\&quot;mm\\&quot; \\&quot;&quot;,&quot;3&quot;:1}\">17:00<\/td>\n<td style=\"text-align: center\" bgcolor=\"#ead1dc\" width=\"262\" data-sheets-value=\"{&quot;1&quot;:2,&quot;2&quot;:&quot;Corte \/ cafe virtual&quot;}\"><a href=\"https:\/\/gather.town\/app\/Q1pcpdA8OvscW3QD\/CIACIAR-cafe\"><em>Recreo \/ cafe virtual<\/em><\/a><\/td>\n<td style=\"text-align: center\" bgcolor=\"#ead1dc\" width=\"286\" data-sheets-value=\"{&quot;1&quot;:2,&quot;2&quot;:&quot;Corte \/ cafe virtual&quot;}\"><a href=\"https:\/\/gather.town\/app\/Q1pcpdA8OvscW3QD\/CIACIAR-cafe\"><em>Recreo \/ cafe virtual<\/em><\/a><\/td>\n<td width=\"198\"><\/td>\n<\/tr>\n<tr>\n<td style=\"text-align: right\" width=\"50\" data-sheets-value=\"{&quot;1&quot;:3,&quot;3&quot;:0.7291666666666666}\" data-sheets-numberformat=\"{&quot;1&quot;:6,&quot;2&quot;:&quot;hh\\&quot;:\\&quot;mm\\&quot; \\&quot;&quot;,&quot;3&quot;:1}\">17:30<\/td>\n<td style=\"padding-left: 40px\" rowspan=\"4\" bgcolor=\"#9fc5e8\" width=\"262\" data-sheets-value=\"{&quot;1&quot;:2,&quot;2&quot;:&quot;Taller 2. Cybercirujas \/ Hackfun Rosario \u2013 Ni hardware ocioso, ni ociosxs con hardware&quot;}\" data-sheets-textstyleruns=\"{&quot;1&quot;:0,&quot;2&quot;:{&quot;5&quot;:1}}\uee10{&quot;1&quot;:9}\"><strong>Taller 2.<\/strong><\/p>\n<p>Cybercirujas \/ Hackfun Rosario \u2013 Ni hardware ocioso, ni ociosxs con hardware<\/td>\n<td style=\"padding-left: 40px\" rowspan=\"4\" bgcolor=\"#9fc5e8\" width=\"286\" data-sheets-value=\"{&quot;1&quot;:2,&quot;2&quot;:&quot;Taller 4. Ensamblado de un prototipo port\u00e1til y de bajo costo para medir la respiraci\u00f3n de suelo &quot;}\" data-sheets-textstyleruns=\"{&quot;1&quot;:0,&quot;2&quot;:{&quot;5&quot;:1}}\uee10{&quot;1&quot;:10}\"><strong>Taller 4.<\/strong><\/p>\n<p>Ensamblado de un prototipo port\u00e1til y de bajo costo para medir la respiraci\u00f3n de suelo<\/td>\n<td width=\"198\"><\/td>\n<\/tr>\n<tr>\n<td style=\"text-align: right\" width=\"50\" data-sheets-value=\"{&quot;1&quot;:3,&quot;3&quot;:0.75}\" data-sheets-numberformat=\"{&quot;1&quot;:6,&quot;2&quot;:&quot;hh\\&quot;:\\&quot;mm\\&quot; \\&quot;&quot;,&quot;3&quot;:1}\">18:00<\/td>\n<td width=\"198\"><\/td>\n<\/tr>\n<tr>\n<td style=\"text-align: right\" width=\"50\" data-sheets-value=\"{&quot;1&quot;:3,&quot;3&quot;:0.7708333333333334}\" data-sheets-numberformat=\"{&quot;1&quot;:6,&quot;2&quot;:&quot;hh\\&quot;:\\&quot;mm\\&quot; \\&quot;&quot;,&quot;3&quot;:1}\">18:30<\/td>\n<td width=\"198\"><\/td>\n<\/tr>\n<tr style=\"border-bottom: 1pt solid black\">\n<td style=\"text-align: right\" width=\"50\" data-sheets-value=\"{&quot;1&quot;:3,&quot;3&quot;:0.7916666666666666}\" data-sheets-numberformat=\"{&quot;1&quot;:6,&quot;2&quot;:&quot;hh\\&quot;:\\&quot;mm\\&quot; \\&quot;&quot;,&quot;3&quot;:1}\">19:00<\/td>\n<td width=\"198\"><\/td>\n<\/tr>\n<\/tbody>\n<\/table>\n","protected":false},"excerpt":{"rendered":"<p>Todos los horarios est\u00e1n publicados en zona horaria de Argentina (GMT -3). La descripci\u00f3n de los talleres y sesiones tem\u00e1ticas se puede encontrar en este link. 01-dic 02-dic 03-dic MI\u00c9RCOLES JUEVES VIERNES 09:00 Apertura 09:30 del 3er CIACIAR Apertura Apertura 10:00 Conferencia de apertura Conferencia de apertura Conferencia de apertura Carolina Botero: &#8220;La ciencia participativa [&hellip;]<\/p>\n","protected":false},"author":2,"featured_media":0,"parent":0,"menu_order":0,"comment_status":"closed","ping_status":"closed","template":"","meta":{"advgb_blocks_editor_width":"","advgb_blocks_columns_visual_guide":"","footnotes":""},"class_list":["post-16","page","type-page","status-publish","hentry","post"],"aioseo_notices":[],"coauthors":[],"author_meta":{"author_link":"https:\/\/congresos.unlp.edu.ar\/ciaciar\/author\/congresos\/","display_name":"congresos"},"relative_dates":{"created":"Posted 5 a\u00f1os ago","modified":"Updated 4 a\u00f1os ago"},"absolute_dates":{"created":"Posted on 11 junio, 2021","modified":"Updated on 3 diciembre, 2021"},"absolute_dates_time":{"created":"Posted on 11 junio, 2021 2:06 pm","modified":"Updated on 3 diciembre, 2021 10:01 am"},"featured_img_caption":"","featured_img":false,"series_order":"","_links":{"self":[{"href":"https:\/\/congresos.unlp.edu.ar\/ciaciar\/wp-json\/wp\/v2\/pages\/16","targetHints":{"allow":["GET"]}}],"collection":[{"href":"https:\/\/congresos.unlp.edu.ar\/ciaciar\/wp-json\/wp\/v2\/pages"}],"about":[{"href":"https:\/\/congresos.unlp.edu.ar\/ciaciar\/wp-json\/wp\/v2\/types\/page"}],"author":[{"embeddable":true,"href":"https:\/\/congresos.unlp.edu.ar\/ciaciar\/wp-json\/wp\/v2\/users\/2"}],"replies":[{"embeddable":true,"href":"https:\/\/congresos.unlp.edu.ar\/ciaciar\/wp-json\/wp\/v2\/comments?post=16"}],"version-history":[{"count":0,"href":"https:\/\/congresos.unlp.edu.ar\/ciaciar\/wp-json\/wp\/v2\/pages\/16\/revisions"}],"wp:attachment":[{"href":"https:\/\/congresos.unlp.edu.ar\/ciaciar\/wp-json\/wp\/v2\/media?parent=16"}],"curies":[{"name":"wp","href":"https:\/\/api.w.org\/{rel}","templated":true}]}}