{"id":415,"date":"2021-09-08T16:16:35","date_gmt":"2021-09-08T19:16:35","guid":{"rendered":"https:\/\/congresos.unlp.edu.ar\/camaya2021\/?page_id=415"},"modified":"2021-09-08T16:39:07","modified_gmt":"2021-09-08T19:39:07","slug":"plataforma-online-camaya-2021","status":"publish","type":"page","link":"https:\/\/congresos.unlp.edu.ar\/camaya2021\/plataforma-online-camaya-2021\/","title":{"rendered":"Plataforma Online CAMAyA 2021"},"content":{"rendered":"<div id=\"pl-415\"  class=\"panel-layout\" ><div id=\"pg-415-0\"  class=\"panel-grid panel-no-style\" ><div id=\"pgc-415-0-0\"  class=\"panel-grid-cell\" ><div id=\"panel-415-0-0-0\" class=\"so-panel widget widget_sow-editor panel-first-child\" data-index=\"0\" ><div\n\t\t\t\n\t\t\tclass=\"so-widget-sow-editor so-widget-sow-editor-base\"\n\t\t\t\n\t\t>\n<div class=\"siteorigin-widget-tinymce textwidget\">\n\t<h1 style=\"text-align: center;font-size: calc(1.5vh + 1.5vw)\"><b>Plataforma Online V CAMAyA 2021<\/b><\/h1>\n<p><span style=\"font-weight: 400;font-size: calc(0.9vh + 0.9vw)\">La plataforma virtual donde se compartir\u00e1n los enlaces para las videoconferencias y los posters se encuentra alojada en Discord. Discord es una aplicaci\u00f3n que admite videollamadas, chat de voz y texto, lo que permite a los usuarios ponerse en contacto de diferentes formas. En el contexto del V CAMAyA 2021, Discord ser\u00e1 utilizado como \u00fanico medio para la difusi\u00f3n en tiempo real de toda la informaci\u00f3n relativa al congreso, acceso a los auditorios virtuales, as\u00ed como para la exposici\u00f3n de posters. Adicionalmente la plataforma se utilizar\u00e1 durante el Taller de Biorremediaci\u00f3n.<\/span><\/p>\n<p><span style=\"font-weight: 400;font-size: calc(0.9vh + 0.9vw)\">Como primer paso para acceder al sistema deber\u00e1s registrarte en Discord: <a href=\"https:\/\/discord.com\/register\">https:\/\/discord.com\/<\/a><\/span><\/p>\n<\/div>\n<\/div><\/div><div id=\"panel-415-0-0-1\" class=\"so-panel widget widget_sow-image\" data-index=\"1\" ><div\n\t\t\t\n\t\t\tclass=\"so-widget-sow-image so-widget-sow-image-default-8b5b6f678277-415\"\n\t\t\t\n\t\t>\n<div class=\"sow-image-container\">\n\t\t<img \n\tdata-src=\"https:\/\/congresos.unlp.edu.ar\/camaya2021\/wp-content\/uploads\/sites\/31\/2021\/09\/discord_register.png\" width=\"1034\" height=\"763\" data-srcset=\"https:\/\/congresos.unlp.edu.ar\/camaya2021\/wp-content\/uploads\/sites\/31\/2021\/09\/discord_register.png 1034w, https:\/\/congresos.unlp.edu.ar\/camaya2021\/wp-content\/uploads\/sites\/31\/2021\/09\/discord_register-300x221.png 300w, https:\/\/congresos.unlp.edu.ar\/camaya2021\/wp-content\/uploads\/sites\/31\/2021\/09\/discord_register-1024x756.png 1024w, https:\/\/congresos.unlp.edu.ar\/camaya2021\/wp-content\/uploads\/sites\/31\/2021\/09\/discord_register-768x567.png 768w\" data-sizes=\"(max-width: 1034px) 100vw, 1034px\" alt=\"\" \t\tclass=\"so-widget-image lazyload\" src=\"data:image\/svg+xml;base64,PHN2ZyB3aWR0aD0iMSIgaGVpZ2h0PSIxIiB4bWxucz0iaHR0cDovL3d3dy53My5vcmcvMjAwMC9zdmciPjwvc3ZnPg==\" style=\"--smush-placeholder-width: 1034px; --smush-placeholder-aspect-ratio: 1034\/763;\" \/>\n\t<\/div>\n\n<\/div><\/div><div id=\"panel-415-0-0-2\" class=\"so-panel widget widget_sow-editor panel-last-child\" data-index=\"2\" ><div\n\t\t\t\n\t\t\tclass=\"so-widget-sow-editor so-widget-sow-editor-base\"\n\t\t\t\n\t\t>\n<div class=\"siteorigin-widget-tinymce textwidget\">\n\t<p style=\"font-weight: 400;font-size: calc(0.9vh + 0.9vw)\">Una vez que haya completado la informaci\u00f3n requerida usted tendr\u00e1 acceso a DISCORD y a la plataforma virtual del congreso. Solo los <strong>inscriptos <\/strong>al V CAMAyA 2021, al Taller de Biorremediaci\u00f3n, o a ambos contar\u00e1n con acceso al contenido privado del servidor. Para acceder al portal del V CAMAyA 2021 siga el instructivo siguiente: <a href=\"http:\/\/congresos.unlp.edu.ar\/camaya2021\/wp-content\/uploads\/sites\/31\/2021\/09\/Instructivo_Discord.pdf\">AQUI<\/a>!.<\/p>\n<\/div>\n<\/div><\/div><\/div><\/div><\/div>","protected":false},"excerpt":{"rendered":"<p>Plataforma Online V CAMAyA 2021 La plataforma virtual donde se compartir\u00e1n los enlaces para las videoconferencias y los posters se encuentra alojada en Discord. Discord es una aplicaci\u00f3n que admite videollamadas, chat de voz y texto, lo que permite a los usuarios ponerse en contacto de diferentes formas. En el contexto del V CAMAyA 2021, [&hellip;]<\/p>\n","protected":false},"author":109,"featured_media":0,"parent":0,"menu_order":0,"comment_status":"closed","ping_status":"closed","template":"","meta":{"advgb_blocks_editor_width":"","advgb_blocks_columns_visual_guide":"","footnotes":""},"class_list":["post-415","page","type-page","status-publish","hentry","post"],"aioseo_notices":[],"coauthors":[],"author_meta":{"author_link":"https:\/\/congresos.unlp.edu.ar\/camaya2021\/author\/maurijlozano\/","display_name":"maurijlozano"},"relative_dates":{"created":"Publicado 5 a\u00f1os hace","modified":"Actualizado 5 a\u00f1os hace"},"absolute_dates":{"created":"Publicado el 8 septiembre, 2021","modified":"Actualizado el 8 septiembre, 2021"},"absolute_dates_time":{"created":"Publicado el 8 septiembre, 2021 4:16 pm","modified":"Actualizado el 8 septiembre, 2021 4:39 pm"},"featured_img_caption":"","featured_img":false,"series_order":"","_links":{"self":[{"href":"https:\/\/congresos.unlp.edu.ar\/camaya2021\/wp-json\/wp\/v2\/pages\/415","targetHints":{"allow":["GET"]}}],"collection":[{"href":"https:\/\/congresos.unlp.edu.ar\/camaya2021\/wp-json\/wp\/v2\/pages"}],"about":[{"href":"https:\/\/congresos.unlp.edu.ar\/camaya2021\/wp-json\/wp\/v2\/types\/page"}],"author":[{"embeddable":true,"href":"https:\/\/congresos.unlp.edu.ar\/camaya2021\/wp-json\/wp\/v2\/users\/109"}],"replies":[{"embeddable":true,"href":"https:\/\/congresos.unlp.edu.ar\/camaya2021\/wp-json\/wp\/v2\/comments?post=415"}],"version-history":[{"count":0,"href":"https:\/\/congresos.unlp.edu.ar\/camaya2021\/wp-json\/wp\/v2\/pages\/415\/revisions"}],"wp:attachment":[{"href":"https:\/\/congresos.unlp.edu.ar\/camaya2021\/wp-json\/wp\/v2\/media?parent=415"}],"curies":[{"name":"wp","href":"https:\/\/api.w.org\/{rel}","templated":true}]}}