{"id":731,"date":"2023-03-07T16:48:02","date_gmt":"2023-03-07T19:48:02","guid":{"rendered":"https:\/\/congresos.unlp.edu.ar\/cabtp2023\/?page_id=731"},"modified":"2023-09-18T16:31:30","modified_gmt":"2023-09-18T19:31:30","slug":"novedades","status":"publish","type":"page","link":"https:\/\/congresos.unlp.edu.ar\/cabtp2023\/novedades\/","title":{"rendered":"Novedades"},"content":{"rendered":"<p><span style=\"color: #000080\">10\/3\/2023<\/span> &#8211; Se encuentran habilitadas las inscripciones y la carga de res\u00famenes.<\/p>\n<p><span style=\"color: #000080\">29\/3\/2023<\/span> &#8211; Se lanz\u00f3 la 2da Circular del evento.<\/p>\n<p><span style=\"color: #000080\">14\/4\/2023<\/span> &#8211; Promociones de alojamiento para asistentes al IV CABTP.<\/p>\n<p><span style=\"color: #000080\">11\/5\/2023 <\/span>&#8211; Se public\u00f3 el Programa Cient\u00edfico del IV CABTP.<\/p>\n<p><span style=\"color: #000080\">11\/5\/2023<\/span> &#8211; Se lanz\u00f3 la 3ra Circular del evento.<\/p>\n<p><span style=\"color: #000080\">29\/5\/2023<\/span> &#8211; Nueva fecha l\u00edmite de env\u00edo de res\u00famenes: <strong>viernes 9 de junio 2023<\/strong><\/p>\n<p><span style=\"color: #000080\">10\/7\/2023 <\/span>&#8211; La modalidad de los trabajos (oral o poster) se dar\u00e1 a conocer a comienzos de agosto.<\/p>\n<p><span style=\"color: #000080\">31\/7\/2023 <\/span>&#8211; Concluy\u00f3 la evaluaci\u00f3n de los res\u00famenes. A la brevedad se comunicar\u00e1 la modalidad de exposici\u00f3n.<\/p>\n<p><span style=\"color: #000080\">01\/8\/2023 <\/span>&#8211; Se comunicar\u00e1 por correo a la brevedad cuales trabajos han sido elegidos para modalidad ORAL.<\/p>\n<p><span style=\"color: #000080\">02\/8\/2023 <\/span>&#8211; Se han actualizado las <a title=\"Presentaci\u00f3n de trabajos aceptados\" href=\"https:\/\/congresos.unlp.edu.ar\/cabtp2023\/presentacion-de-trabajos-aceptados\/\">pautas<\/a> para las presentaciones orales y p\u00f3ster.<\/p>\n<p><span style=\"color: #000080\">03\/8\/2023 <\/span>&#8211; Los trabajos completos se presentar\u00e1n tiempo despu\u00e9s del congreso. Las pautas se dar\u00e1n a conocer con suficiente anticipaci\u00f3n.<\/p>\n<p><span style=\"color: #000080\">14\/8\/2023 <\/span>&#8211; Ya fueron seleccionados los trabajos orales y se ha comunicado por mail a sus respectivos autores.<\/p>\n<p><span style=\"color: #000080\">24\/8\/2023 <\/span>&#8211; Se encuentra disponible la 4ta Circular y el Programa final de actividades del IV CABTP 2023.<\/p>\n<p><span style=\"color: #000080\">09\/9\/2023 <\/span>&#8211; Ya se encuentran disponibles los Certificados de Asistencia y de Trabajos presentados del IV CABTP 2023 (<a href=\"https:\/\/congresos.unlp.edu.ar\/cabtp2023\/\">ver LINKS en p\u00e1gina de inicio<\/a>)<\/p>\n<p><span style=\"color: #000080\">10\/9\/2023 <\/span>&#8211; En el apartado &#8220;Inicio&#8221; se encuentra disponible un enlace al contenido audiovisual del evento.<\/p>\n<p><span style=\"color: #000080\">11\/9\/2023 <\/span>&#8211; En &#8220;Acerca del evento&#8221; ya est\u00e1 a disposici\u00f3n el Resumen del IV CABTP.<\/p>\n<p><span style=\"color: #000080\">18\/9\/2023 <\/span>&#8211; En &#8220;Env\u00edo de trabajos\/Presentaci\u00f3n de trabajos aceptados&#8221; se encuentran las pautas para los trabajos completos seleccionados (enviar directamente por mail a cabtp2023@gmail.com)<\/p>\n","protected":false},"excerpt":{"rendered":"<p>10\/3\/2023 &#8211; Se encuentran habilitadas las inscripciones y la carga de res\u00famenes. 29\/3\/2023 &#8211; Se lanz\u00f3 la 2da Circular del evento. 14\/4\/2023 &#8211; Promociones de alojamiento para asistentes al IV CABTP. 11\/5\/2023 &#8211; Se public\u00f3 el Programa Cient\u00edfico del IV CABTP. 11\/5\/2023 &#8211; Se lanz\u00f3 la 3ra Circular del evento. 29\/5\/2023 &#8211; Nueva fecha l\u00edmite [&hellip;]<\/p>\n","protected":false},"author":151,"featured_media":0,"parent":0,"menu_order":0,"comment_status":"closed","ping_status":"closed","template":"","meta":{"advgb_blocks_editor_width":"","advgb_blocks_columns_visual_guide":"","footnotes":""},"class_list":["post-731","page","type-page","status-publish","hentry","post"],"aioseo_notices":[],"coauthors":[],"author_meta":{"author_link":"https:\/\/congresos.unlp.edu.ar\/cabtp2023\/author\/facundomassolo\/","display_name":"facundomassolo"},"relative_dates":{"created":"Posted 3 a\u00f1os ago","modified":"Updated 3 a\u00f1os ago"},"absolute_dates":{"created":"Posted on 7 marzo, 2023","modified":"Updated on 18 septiembre, 2023"},"absolute_dates_time":{"created":"Posted on 7 marzo, 2023 4:48 pm","modified":"Updated on 18 septiembre, 2023 4:31 pm"},"featured_img_caption":"","featured_img":false,"series_order":"","_links":{"self":[{"href":"https:\/\/congresos.unlp.edu.ar\/cabtp2023\/wp-json\/wp\/v2\/pages\/731","targetHints":{"allow":["GET"]}}],"collection":[{"href":"https:\/\/congresos.unlp.edu.ar\/cabtp2023\/wp-json\/wp\/v2\/pages"}],"about":[{"href":"https:\/\/congresos.unlp.edu.ar\/cabtp2023\/wp-json\/wp\/v2\/types\/page"}],"author":[{"embeddable":true,"href":"https:\/\/congresos.unlp.edu.ar\/cabtp2023\/wp-json\/wp\/v2\/users\/151"}],"replies":[{"embeddable":true,"href":"https:\/\/congresos.unlp.edu.ar\/cabtp2023\/wp-json\/wp\/v2\/comments?post=731"}],"version-history":[{"count":0,"href":"https:\/\/congresos.unlp.edu.ar\/cabtp2023\/wp-json\/wp\/v2\/pages\/731\/revisions"}],"wp:attachment":[{"href":"https:\/\/congresos.unlp.edu.ar\/cabtp2023\/wp-json\/wp\/v2\/media?parent=731"}],"curies":[{"name":"wp","href":"https:\/\/api.w.org\/{rel}","templated":true}]}}