{"id":582,"date":"2022-09-08T12:00:36","date_gmt":"2022-09-08T15:00:36","guid":{"rendered":"https:\/\/congresos.unlp.edu.ar\/cabtp2023\/?page_id=582"},"modified":"2023-04-14T12:19:01","modified_gmt":"2023-04-14T15:19:01","slug":"informacion-turistica","status":"publish","type":"page","link":"https:\/\/congresos.unlp.edu.ar\/cabtp2023\/informacion-turistica\/","title":{"rendered":"Informaci\u00f3n tur\u00edstica"},"content":{"rendered":"<p><strong>CIUDAD DE LA PLATA<\/strong><\/p>\n<p>Fundada el 19 de noviembre de 1882, La Plata es la capital de la provincia de Buenos Aires y cuenta con una superficie de 940 km2 que abarca el Casco Urbano, o com\u00fanmente denominado \u201cCuadrado Perfecto\u201d, y varias localidades.\u00a0Con m\u00e1s de 900 mil habitantes est\u00e1 ubicada a 56 km de la Ciudad de Buenos Aires, a tan s\u00f3lo unos 40 minutos en auto por autopista.<\/p>\n<p>Nuestra ciudad se destaca por su arquitectura, gastronom\u00eda, museos, espacios verdes, cultura y eventos. Conozca mas en\u00a0<a href=\"https:\/\/turismo.laplata.gob.ar\/\" target=\"_blank\" rel=\"noopener\">https:\/\/turismo.laplata.gob.ar\/.<\/a><\/p>\n<p>&nbsp;<\/p>\n<p><a href=\"http:\/\/congresos.unlp.edu.ar\/cabtp2023\/wp-content\/uploads\/sites\/56\/2023\/04\/639444bb2034a11bc9affb22b7d6dbba.jpg\"><img loading=\"lazy\" decoding=\"async\" class=\"wp-image-879 alignright\" src=\"http:\/\/congresos.unlp.edu.ar\/cabtp2023\/wp-content\/uploads\/sites\/56\/2023\/04\/639444bb2034a11bc9affb22b7d6dbba-300x225.jpg\" alt=\"\" width=\"273\" height=\"205\" srcset=\"https:\/\/congresos.unlp.edu.ar\/cabtp2023\/wp-content\/uploads\/sites\/56\/2023\/04\/639444bb2034a11bc9affb22b7d6dbba-300x225.jpg 300w, https:\/\/congresos.unlp.edu.ar\/cabtp2023\/wp-content\/uploads\/sites\/56\/2023\/04\/639444bb2034a11bc9affb22b7d6dbba.jpg 440w\" sizes=\"auto, (max-width: 273px) 100vw, 273px\" \/><\/a><a href=\"http:\/\/congresos.unlp.edu.ar\/cabtp2023\/wp-content\/uploads\/sites\/56\/2023\/04\/Muni-1024x564-1.jpg\"><img loading=\"lazy\" decoding=\"async\" class=\"wp-image-880 alignleft\" src=\"http:\/\/congresos.unlp.edu.ar\/cabtp2023\/wp-content\/uploads\/sites\/56\/2023\/04\/Muni-1024x564-1-300x165.jpg\" alt=\"\" width=\"373\" height=\"205\" srcset=\"https:\/\/congresos.unlp.edu.ar\/cabtp2023\/wp-content\/uploads\/sites\/56\/2023\/04\/Muni-1024x564-1-300x165.jpg 300w, https:\/\/congresos.unlp.edu.ar\/cabtp2023\/wp-content\/uploads\/sites\/56\/2023\/04\/Muni-1024x564-1-768x423.jpg 768w, https:\/\/congresos.unlp.edu.ar\/cabtp2023\/wp-content\/uploads\/sites\/56\/2023\/04\/Muni-1024x564-1.jpg 1024w\" sizes=\"auto, (max-width: 373px) 100vw, 373px\" \/><\/a><\/p>\n<p>&nbsp;<\/p>\n<p>&nbsp;<\/p>\n<p>&nbsp;<\/p>\n<p>&nbsp;<\/p>\n<p>&nbsp;<\/p>\n<p>&nbsp;<\/p>\n<p><strong>PROMOCIONES\u00a0 PARA ASISTENTES AL IV CABTP<\/strong><\/p>\n<p>El Ente Municipal para la Actividad Tur\u00edstica (<a href=\"https:\/\/turismo.laplata.gob.ar\/ematur\/\">EMATUR<\/a>) informa que se realizaran descuentos corporativos en los hoteles que se listan en <a href=\"https:\/\/turismo.laplata.gob.ar\/portfolio\/alojamiento\/\">https:\/\/turismo.laplata.gob.ar\/portfolio\/alojamiento\/ <\/a>presentando solo la credencial del congreso.<\/p>\n<blockquote class=\"wp-embedded-content\" data-secret=\"4v8TmycqiR\"><p><a href=\"https:\/\/turismo.laplata.gob.ar\/portfolio\/alojamiento\/\">Alojamiento<\/a><\/p><\/blockquote>\n<p><iframe loading=\"lazy\" class=\"wp-embedded-content\" sandbox=\"allow-scripts\" security=\"restricted\" style=\"position: absolute; clip: rect(1px, 1px, 1px, 1px);\" title=\"&#8220;Alojamiento&#8221; &#8212; Turismo\" src=\"https:\/\/turismo.laplata.gob.ar\/portfolio\/alojamiento\/embed\/#?secret=4v8TmycqiR\" data-secret=\"4v8TmycqiR\" width=\"600\" height=\"338\" frameborder=\"0\" marginwidth=\"0\" marginheight=\"0\" scrolling=\"no\"><\/iframe><\/p>\n<p>&nbsp;<\/p>\n","protected":false},"excerpt":{"rendered":"<p>CIUDAD DE LA PLATA Fundada el 19 de noviembre de 1882, La Plata es la capital de la provincia de Buenos Aires y cuenta con una superficie de 940 km2 que abarca el Casco Urbano, o com\u00fanmente denominado \u201cCuadrado Perfecto\u201d, y varias localidades.\u00a0Con m\u00e1s de 900 mil habitantes est\u00e1 ubicada a 56 km de la [&hellip;]<\/p>\n","protected":false},"author":152,"featured_media":0,"parent":0,"menu_order":0,"comment_status":"closed","ping_status":"closed","template":"","meta":{"advgb_blocks_editor_width":"","advgb_blocks_columns_visual_guide":"","footnotes":""},"class_list":["post-582","page","type-page","status-publish","hentry","post"],"aioseo_notices":[],"coauthors":[],"author_meta":{"author_link":"https:\/\/congresos.unlp.edu.ar\/cabtp2023\/author\/mariajosezaro\/","display_name":"mariajosezaro"},"relative_dates":{"created":"Posted 4 a\u00f1os ago","modified":"Updated 3 a\u00f1os ago"},"absolute_dates":{"created":"Posted on 8 septiembre, 2022","modified":"Updated on 14 abril, 2023"},"absolute_dates_time":{"created":"Posted on 8 septiembre, 2022 12:00 pm","modified":"Updated on 14 abril, 2023 12:19 pm"},"featured_img_caption":"","featured_img":false,"series_order":"","_links":{"self":[{"href":"https:\/\/congresos.unlp.edu.ar\/cabtp2023\/wp-json\/wp\/v2\/pages\/582","targetHints":{"allow":["GET"]}}],"collection":[{"href":"https:\/\/congresos.unlp.edu.ar\/cabtp2023\/wp-json\/wp\/v2\/pages"}],"about":[{"href":"https:\/\/congresos.unlp.edu.ar\/cabtp2023\/wp-json\/wp\/v2\/types\/page"}],"author":[{"embeddable":true,"href":"https:\/\/congresos.unlp.edu.ar\/cabtp2023\/wp-json\/wp\/v2\/users\/152"}],"replies":[{"embeddable":true,"href":"https:\/\/congresos.unlp.edu.ar\/cabtp2023\/wp-json\/wp\/v2\/comments?post=582"}],"version-history":[{"count":0,"href":"https:\/\/congresos.unlp.edu.ar\/cabtp2023\/wp-json\/wp\/v2\/pages\/582\/revisions"}],"wp:attachment":[{"href":"https:\/\/congresos.unlp.edu.ar\/cabtp2023\/wp-json\/wp\/v2\/media?parent=582"}],"curies":[{"name":"wp","href":"https:\/\/api.w.org\/{rel}","templated":true}]}}