{"id":57,"date":"2022-06-22T12:23:42","date_gmt":"2022-06-22T15:23:42","guid":{"rendered":"https:\/\/congresos.unlp.edu.ar\/cabtp2023\/?page_id=57"},"modified":"2023-09-18T14:36:15","modified_gmt":"2023-09-18T17:36:15","slug":"presentacion-de-trabajos-aceptados","status":"publish","type":"page","link":"https:\/\/congresos.unlp.edu.ar\/cabtp2023\/presentacion-de-trabajos-aceptados\/","title":{"rendered":"Presentaci\u00f3n de trabajos aceptados"},"content":{"rendered":"<p><strong>TRABAJOS COMPLETOS<\/strong><\/p>\n<p>Los trabajos completos seleccionados ser\u00e1n comunicados por mail a sus respectivos autores y deber\u00e1n enviarse por el mismo medio hasta el <strong>20 de octubre de 2023<\/strong>. Se realizara una revisi\u00f3n por pares y se comunicara su aceptaci\u00f3n o si debe presentar correcciones.<\/p>\n<p>Los trabajos completos deben ajustarse al formato de la revista <strong>Investigaci\u00f3n Joven<\/strong> de la UNLP. Puede descargar las pautas en el siguiente link:\u00a0<a href=\"https:\/\/revistas.unlp.edu.ar\/index.php\/InvJov\/about\/submissions#authorGuidelines\" target=\"_blank\" rel=\"noopener\">https:\/\/revistas.unlp.edu.ar\/index.php\/InvJov\/about\/submissions#authorGuidelines<\/a><\/p>\n<p><a href=\"https:\/\/revistas.unlp.edu.ar\/InvJov\" target=\"_blank\" rel=\"noopener\"><img loading=\"lazy\" decoding=\"async\" class=\"aligncenter wp-image-1037 size-large\" src=\"http:\/\/congresos.unlp.edu.ar\/cabtp2023\/wp-content\/uploads\/sites\/56\/2023\/09\/Imagen1-1024x200.png\" alt=\"\" width=\"720\" height=\"141\" srcset=\"https:\/\/congresos.unlp.edu.ar\/cabtp2023\/wp-content\/uploads\/sites\/56\/2023\/09\/Imagen1-1024x200.png 1024w, https:\/\/congresos.unlp.edu.ar\/cabtp2023\/wp-content\/uploads\/sites\/56\/2023\/09\/Imagen1-300x59.png 300w, https:\/\/congresos.unlp.edu.ar\/cabtp2023\/wp-content\/uploads\/sites\/56\/2023\/09\/Imagen1-768x150.png 768w, https:\/\/congresos.unlp.edu.ar\/cabtp2023\/wp-content\/uploads\/sites\/56\/2023\/09\/Imagen1.png 1070w\" sizes=\"auto, (max-width: 720px) 100vw, 720px\" \/><\/a><\/p>\n<p>&nbsp;<\/p>\n<p><strong>MODALIDAD ORAL<\/strong><\/p>\n<p>Para los trabajos seleccionados con esta modalidad, adem\u00e1s de confeccionar el p\u00f3ster correspondiente, se debe realizar una breve presentaci\u00f3n en Powerpoint (o programa similar), de no m\u00e1s de 15 minutos, considerando 10 min de exposici\u00f3n + 5 min consultas o preguntas, del trabajo de investigaci\u00f3n presentado.<\/p>\n<p>Puede descargar\u00a0<a href=\"http:\/\/congresos.unlp.edu.ar\/cabtp2023\/wp-content\/uploads\/sites\/56\/2023\/08\/Formato-PPT-Orales-IV-CABTP-2023.pptx\"><strong>aqu\u00ed<\/strong>\u00a0<\/a>el modelo .ppt del Congreso CABTP, alternativamente si el enlace no funciona puede copiar y pegar en una nueva pesta\u00f1a del navegador el siguiente enlace:<\/p>\n<p>http:\/\/congresos.unlp.edu.ar\/cabtp2023\/wp-content\/uploads\/sites\/56\/2023\/08\/Formato-PPT-Orales-IV-CABTP-2023.pptx<\/p>\n<p><strong>El d\u00eda y hora\/orden de las presentaciones ser\u00e1n comunicadas v\u00eda correo electr\u00f3nico e incluidas en esta secci\u00f3n cuando est\u00e9 definido.<\/strong><\/p>\n<p><strong>MODALIDAD P\u00d3STER<\/strong><\/p>\n<p>Los posters ser\u00e1n colocados dependiendo del \u00e1rea:<\/p>\n<p>\u00c1rea 1: mi\u00e9rcoles 30 de agosto<\/p>\n<p>\u00c1reas 2-6: jueves 31 de agosto<\/p>\n<p>Pautas para los P\u00d3STER:<\/p>\n<ul>\n<li>El tama\u00f1o m\u00e1ximo del\u00a0p\u00f3ster debe ser 0,90 m de ancho x 1,20 m de altura.<\/li>\n<li>Considerar que la informaci\u00f3n volcada en el p\u00f3ster debe entenderse a 1 m de distancia aprox.<\/li>\n<li>Incluir t\u00edtulo, autores, lugar de trabajo y direcci\u00f3n de correo del expositor.<\/li>\n<li>Emplear letras legibles en texto y figuras.<\/li>\n<li>Describir aspectos m\u00e1s importantes: introducci\u00f3n, metodolog\u00eda, resultados (tablas, gr\u00e1ficos, fotograf\u00edas o texto), conclusiones y bibliograf\u00eda (opcional).<\/li>\n<li>Los p\u00f3steres se deben colocar a primera hora y permanecer en su lugar hasta el fin de las actividades del d\u00eda en que les corresponde exponer.<\/li>\n<li>La instalaci\u00f3n y el retiro del\u00a0p\u00f3ster es responsabilidad de los autores.<\/li>\n<li>Se solicita a los autores estar disponibles junto a su trabajo en los momentos destinados a su presentaci\u00f3n (consultar en el programa del Congreso).<\/li>\n<\/ul>\n<p>&nbsp;<\/p>\n","protected":false},"excerpt":{"rendered":"<p>TRABAJOS COMPLETOS Los trabajos completos seleccionados ser\u00e1n comunicados por mail a sus respectivos autores y deber\u00e1n enviarse por el mismo medio hasta el 20 de octubre de 2023. Se realizara una revisi\u00f3n por pares y se comunicara su aceptaci\u00f3n o si debe presentar correcciones. Los trabajos completos deben ajustarse al formato de la revista Investigaci\u00f3n [&hellip;]<\/p>\n","protected":false},"author":2,"featured_media":0,"parent":0,"menu_order":0,"comment_status":"closed","ping_status":"closed","template":"","meta":{"advgb_blocks_editor_width":"","advgb_blocks_columns_visual_guide":"","footnotes":""},"class_list":["post-57","page","type-page","status-publish","hentry","post"],"aioseo_notices":[],"coauthors":[],"author_meta":{"author_link":"https:\/\/congresos.unlp.edu.ar\/cabtp2023\/author\/congresos\/","display_name":"congresos"},"relative_dates":{"created":"Posted 4 a\u00f1os ago","modified":"Updated 3 a\u00f1os ago"},"absolute_dates":{"created":"Posted on 22 junio, 2022","modified":"Updated on 18 septiembre, 2023"},"absolute_dates_time":{"created":"Posted on 22 junio, 2022 12:23 pm","modified":"Updated on 18 septiembre, 2023 2:36 pm"},"featured_img_caption":"","featured_img":false,"series_order":"","_links":{"self":[{"href":"https:\/\/congresos.unlp.edu.ar\/cabtp2023\/wp-json\/wp\/v2\/pages\/57","targetHints":{"allow":["GET"]}}],"collection":[{"href":"https:\/\/congresos.unlp.edu.ar\/cabtp2023\/wp-json\/wp\/v2\/pages"}],"about":[{"href":"https:\/\/congresos.unlp.edu.ar\/cabtp2023\/wp-json\/wp\/v2\/types\/page"}],"author":[{"embeddable":true,"href":"https:\/\/congresos.unlp.edu.ar\/cabtp2023\/wp-json\/wp\/v2\/users\/2"}],"replies":[{"embeddable":true,"href":"https:\/\/congresos.unlp.edu.ar\/cabtp2023\/wp-json\/wp\/v2\/comments?post=57"}],"version-history":[{"count":0,"href":"https:\/\/congresos.unlp.edu.ar\/cabtp2023\/wp-json\/wp\/v2\/pages\/57\/revisions"}],"wp:attachment":[{"href":"https:\/\/congresos.unlp.edu.ar\/cabtp2023\/wp-json\/wp\/v2\/media?parent=57"}],"curies":[{"name":"wp","href":"https:\/\/api.w.org\/{rel}","templated":true}]}}