{"id":53,"date":"2022-06-22T12:23:11","date_gmt":"2022-06-22T15:23:11","guid":{"rendered":"https:\/\/congresos.unlp.edu.ar\/cabtp2023\/?page_id=53"},"modified":"2023-05-29T09:23:04","modified_gmt":"2023-05-29T12:23:04","slug":"pautas-y-fechas","status":"publish","type":"page","link":"https:\/\/congresos.unlp.edu.ar\/cabtp2023\/pautas-y-fechas\/","title":{"rendered":"Pautas"},"content":{"rendered":"<div id=\"pl-53\"  class=\"panel-layout\" ><div id=\"pg-53-0\"  class=\"panel-grid panel-no-style\" ><div id=\"pgc-53-0-0\"  class=\"panel-grid-cell\" ><div id=\"panel-53-0-0-0\" class=\"so-panel widget widget_sow-editor panel-first-child panel-last-child\" data-index=\"0\" ><div\n\t\t\t\n\t\t\tclass=\"so-widget-sow-editor so-widget-sow-editor-base\"\n\t\t\t\n\t\t>\n<div class=\"siteorigin-widget-tinymce textwidget\">\n\t<p style=\"text-align: center\"><strong><span style=\"color: #ff0000\">*IMPORTANTE:<\/span> Nueva fecha limite de env\u00edo de res\u00famenes viernes 9 de junio 2023<\/strong><\/p>\n<p>Para enviar un trabajo al IV Congreso Argentino de Biolog\u00eda y Tecnolog\u00eda Postcosecha deber\u00e1 acceder a la plataforma asignada para tal fin (link <a href=\"https:\/\/backend.congresos.unlp.edu.ar\/index.php\/cabtp2023\/login?source=%2Findex.php%2Fcabtp2023%2Fsubmission%2Fwizard\" target=\"_blank\" rel=\"noopener\">plataforma),<\/a> registrarse y completar el formulario de env\u00edo con sus datos personales y los referidos a los coautores. Ver Instructivo: <a href=\"https:\/\/congresos.unlp.edu.ar\/cabtp2023\/pautas-y-fechas\/instructivo-carga-de-trabajos-cabtp2023-2\/\" target=\"_blank\" rel=\"noopener\">Instructivo-carga-de-trabajos-CABTP2023<\/a><\/p>\n<p>Cada inscripto podr\u00e1 cargar hasta <strong>dos <\/strong>trabajos indicando para cada uno si desea que sea evaluado como <strong>RESUMEN <\/strong>o como candidato a presentarse en forma de Trabajo Completo en un futuro numero de la <a href=\"https:\/\/revistas.unlp.edu.ar\/revagro\" target=\"_blank\" rel=\"noopener\">Revista de la Facultad de Cs. Agrarias y Forestales<\/a> (UNLP), en este \u00faltimo caso seleccionar la opci\u00f3n <strong>RESUMEN PARA TRABAJO COMPLETO<\/strong>.<\/p>\n<p>Los res\u00famenes ser\u00e1n evaluados por el <strong>Comit\u00e9 Cient\u00edfico<\/strong> y en caso de requerir revisiones\/correcciones la decisi\u00f3n ser\u00e1 comunicada v\u00eda e-mail. Una vez corregidos, los trabajos deber\u00e1n ser subidos <strong>exclusivamente<\/strong> a la plataforma de env\u00edos y a la brevedad se indicar\u00e1 si el resumen cumple con las condiciones para la <strong>Aceptaci\u00f3n final<\/strong> o requiere una nueva ronda de revisi\u00f3n.<\/p>\n<p>El Comit\u00e9 Cient\u00edfico tendr\u00e1 la facultad de establecer la forma de <strong>PRESENTACION DE TRABAJOS ACEPTADOS<\/strong> durante el evento (<strong>ponencia oral y\/o p\u00f3ster<\/strong>), inform\u00e1ndose oportunamente al autor inscripto.<\/p>\n<p><strong>PAUTAS DE FORMATO <\/strong><\/p>\n<p>Las normas de formato coincidir\u00e1n con las solicitadas por la revista <a href=\"https:\/\/revistas.unlp.edu.ar\/InvJov\/issue\/view\/768\" target=\"_blank\" rel=\"noopener\"><strong>Investigaci\u00f3n Joven<\/strong><\/a> (UNLP), ya que se editar\u00e1 un volumen especial de esta publicaci\u00f3n dedicado a las producciones presentadas en el IV CABTP. Puede descargar la plantilla disponible aqui: <a href=\"https:\/\/congresos.unlp.edu.ar\/cabtp2023\/pautas-y-fechas\/plantilla-resumen-cabtp-2023\/\" target=\"_blank\" rel=\"noopener\">Plantilla-Resumen-CABTP 2023<\/a><\/p>\n<p><strong>Importante:<\/strong> cada archivo deber\u00e1 nombrarse con el n\u00famero de \u00e1rea tem\u00e1tica, seguido por apellido del 1\u00ba autor e inicial del nombre (Ej: 5-Gonzalez, A.). En caso de que el primer autor presente dos trabajos en la misma \u00e1rea incluir el numero 1 o 2 (Ej: 5-Gonzalez, A.1 y 5-Gonzalez, A.2).<\/p>\n<p>El contenido deber\u00e1 tener formato Microsoft Word, OpenOffice, RTF o WordPerfect., con un tama\u00f1o de fuente <strong>Times New Roman de 12 puntos<\/strong>, con espacio <strong>interlineado doble<\/strong> y cumplir con los requisitos que se mencionan a continuaci\u00f3n:<\/p>\n<p><strong>T\u00edtulo:\u00a0<\/strong>Situado en el centro de la p\u00e1gina, en may\u00fascula, tama\u00f1o de fuente 14 y negrita.<\/p>\n<p><strong>Autores:\u00a0<\/strong>se incluir\u00e1n apellido\/s y nombre\/s completos en ese orden y la direcci\u00f3n de correo electr\u00f3nico o un tel\u00e9fono\/fax del autor de contacto. Tama\u00f1o de fuente 12.<\/p>\n<p><strong>Filiaci\u00f3n:<\/strong> Lugar: Centro\/Unidad de Investigaci\u00f3n, Facultad (si corresponde), Universidad, Direcci\u00f3n, c\u00f3digo postal, Ciudad, Provincia, Pa\u00eds. En caso de existir autores de diferente o m\u00e1s de una filiaci\u00f3n, se colocar\u00e1 un super\u00edndice num\u00e9rico al finalizar el nombre de c\/u de los autores que se corresponda con la numeraci\u00f3n de cada lugar de trabajo. Tama\u00f1o de fuente 12.<\/p>\n<p><strong>Cuerpo del Resumen:\u00a0<\/strong>El resumen podr\u00e1 ser redactado en ingl\u00e9s o espa\u00f1ol y deber\u00e1 tener como m\u00e1ximo una extensi\u00f3n de 500 palabras (no m\u00e1s de dos carillas) incluyendo introducci\u00f3n, metodolog\u00eda, resultados y discusi\u00f3n, conclusiones.<\/p>\n<p><strong>Palabras clave:\u00a0<\/strong> hasta cinco palabras clave, separadas por comas.<\/p>\n<p style=\"text-align: center\"><strong>El env\u00edo de res\u00famenes estar\u00e1 habilitado hasta el 31 de mayo de 2023.<\/strong><\/p>\n<\/div>\n<\/div><\/div><\/div><\/div><\/div>","protected":false},"excerpt":{"rendered":"<p>*IMPORTANTE: Nueva fecha limite de env\u00edo de res\u00famenes viernes 9 de junio 2023 Para enviar un trabajo al IV Congreso Argentino de Biolog\u00eda y Tecnolog\u00eda Postcosecha deber\u00e1 acceder a la plataforma asignada para tal fin (link plataforma), registrarse y completar el formulario de env\u00edo con sus datos personales y los referidos a los coautores. Ver [&hellip;]<\/p>\n","protected":false},"author":2,"featured_media":0,"parent":0,"menu_order":0,"comment_status":"closed","ping_status":"closed","template":"","meta":{"advgb_blocks_editor_width":"","advgb_blocks_columns_visual_guide":"","footnotes":""},"class_list":["post-53","page","type-page","status-publish","hentry","post"],"aioseo_notices":[],"coauthors":[],"author_meta":{"author_link":"https:\/\/congresos.unlp.edu.ar\/cabtp2023\/author\/congresos\/","display_name":"congresos"},"relative_dates":{"created":"Posted 4 a\u00f1os ago","modified":"Updated 3 a\u00f1os ago"},"absolute_dates":{"created":"Posted on 22 junio, 2022","modified":"Updated on 29 mayo, 2023"},"absolute_dates_time":{"created":"Posted on 22 junio, 2022 12:23 pm","modified":"Updated on 29 mayo, 2023 9:23 am"},"featured_img_caption":"","featured_img":false,"series_order":"","_links":{"self":[{"href":"https:\/\/congresos.unlp.edu.ar\/cabtp2023\/wp-json\/wp\/v2\/pages\/53","targetHints":{"allow":["GET"]}}],"collection":[{"href":"https:\/\/congresos.unlp.edu.ar\/cabtp2023\/wp-json\/wp\/v2\/pages"}],"about":[{"href":"https:\/\/congresos.unlp.edu.ar\/cabtp2023\/wp-json\/wp\/v2\/types\/page"}],"author":[{"embeddable":true,"href":"https:\/\/congresos.unlp.edu.ar\/cabtp2023\/wp-json\/wp\/v2\/users\/2"}],"replies":[{"embeddable":true,"href":"https:\/\/congresos.unlp.edu.ar\/cabtp2023\/wp-json\/wp\/v2\/comments?post=53"}],"version-history":[{"count":0,"href":"https:\/\/congresos.unlp.edu.ar\/cabtp2023\/wp-json\/wp\/v2\/pages\/53\/revisions"}],"wp:attachment":[{"href":"https:\/\/congresos.unlp.edu.ar\/cabtp2023\/wp-json\/wp\/v2\/media?parent=53"}],"curies":[{"name":"wp","href":"https:\/\/api.w.org\/{rel}","templated":true}]}}