{"id":31,"date":"2022-06-22T12:15:16","date_gmt":"2022-06-22T15:15:16","guid":{"rendered":"https:\/\/congresos.unlp.edu.ar\/cabtp2023\/?page_id=31"},"modified":"2023-03-28T15:11:28","modified_gmt":"2023-03-28T18:11:28","slug":"comite-organizador","status":"publish","type":"page","link":"https:\/\/congresos.unlp.edu.ar\/cabtp2023\/comite-organizador\/","title":{"rendered":"Comit\u00e9s"},"content":{"rendered":"<div id=\"pl-31\"  class=\"panel-layout\" ><div id=\"pg-31-0\"  class=\"panel-grid panel-has-style\" ><div id=\"Comitorganizador\" class=\"panel-row-style panel-row-style-for-31-0\" ><div id=\"pgc-31-0-0\"  class=\"panel-grid-cell\" ><div id=\"panel-31-0-0-0\" class=\"so-panel widget widget_text panel-first-child panel-last-child\" data-index=\"0\" ><h3 class=\"widget-title\">Comit\u00e9 organizador<\/h3>\t\t\t<div class=\"textwidget\"><ul>\n<li>B\u00e1rcena, Alejandra (INFIVE, UNLP, CONICET)<\/li>\n<li>Civello, Marcos (INFIVE, UNLP, CONICET)<\/li>\n<li>Concell\u00f3n, Anal\u00eda (CIDCA, UNLP, CONICET)<\/li>\n<li>Costa, Lorenza (INFIVE, UNLP, CONICET)<\/li>\n<li>G\u00f3mez Lobato, Eugenia (INFIVE, UNLP, CONICET)<\/li>\n<li>Gonz\u00e1lez Forte, Lucia (CIDCA, UNLP, CIC-PBA)<\/li>\n<li>Hasperu\u00e9, Joaqu\u00edn (LIPA, UNLP, CONICET)<\/li>\n<li>Mart\u00ednez, Gustavo (INFIVE, UNLP, CONICET)<\/li>\n<li>Massolo, Facundo (LIPA, UNLP, CONICET)<\/li>\n<li>Ortiz, Cristian (LIPA, UNLP, CONICET)<\/li>\n<li>Rodoni, Luis (LIPA, UNLP, CONICET)<\/li>\n<li>Vicente, Ariel (LIPA, UNLP, CONICET)<\/li>\n<li>Villarreal, Natalia (INTECH, UNSAM, CONICET)<\/li>\n<li>Vi\u00f1a, Sonia (CIDCA, UNLP, CONICET)<\/li>\n<li>Zaro, Mar\u00eda Jos\u00e9 (CIDCA, UNLP, CONICET)<\/li>\n<\/ul>\n<\/div>\n\t\t<\/div><\/div><div id=\"pgc-31-0-1\"  class=\"panel-grid-cell\" ><div id=\"panel-31-0-1-0\" class=\"so-panel widget widget_text panel-first-child panel-last-child\" data-index=\"1\" ><h3 class=\"widget-title\">Comit\u00e9 cient\u00edfico<\/h3>\t\t\t<div class=\"textwidget\"><ul>\n<li style=\"font-weight: 400\">Ag\u00fcero, Victoria (INTECIN,\u00a0UBA, CONICET)<\/li>\n<li style=\"font-weight: 400\">Budde, Claudio (INTA SAN PEDRO)<\/li>\n<li style=\"font-weight: 400\">Bustamante, Claudia (CEFOBI, UNR, CONICET)<\/li>\n<li style=\"font-weight: 400\">Calvo, Gabriela (INTA ALTO VALLE)<\/li>\n<li style=\"font-weight: 400\">Di Scala, Karina (FI, UNMdP, CONICET)<\/li>\n<li style=\"font-weight: 400\">Frezza, Diana (FAUBA, UBA)<\/li>\n<li style=\"font-weight: 400\">Gergoff, Grozeff Gustavo (INFIVE, UNLP, CONICET)<\/li>\n<li style=\"font-weight: 400\">Kirschbaum, Daniel (INTA FAMAILLA)<\/li>\n<li>Lemoine, Mar\u00eda Laura (LIPA, UNLP, CONICET)<\/li>\n<li style=\"font-weight: 400\">Nico, Andr\u00e9s (FCAyF, UNLP)<\/li>\n<li style=\"font-weight: 400\">Piagentini, Andrea (FIQ, UNL)<\/li>\n<li style=\"font-weight: 400\">Pirovani, Mariel (FIQ, UNL)<\/li>\n<li style=\"font-weight: 400\">Polenta, Gustavo (INTA CASTELAR)<\/li>\n<li style=\"font-weight: 400\">Quiroga, Isabel (INTA MENDOZA)<\/li>\n<li style=\"font-weight: 400\">Rodr\u00edguez, Silvia (FAyA, UNSE)<\/li>\n<li style=\"font-weight: 400\">Sgroppo, Sonia (FACENA, UNNE)<\/li>\n<li style=\"font-weight: 400\">Tripodi, Karina (CEFOBI, CONICET)<\/li>\n<li style=\"font-weight: 400\">Villarreal, Natalia (INTECH, UNSAM, CONICET)<\/li>\n<li style=\"font-weight: 400\">Yommi, Alejandra (INTA BALCARCE)<\/li>\n<\/ul>\n<\/div>\n\t\t<\/div><\/div><\/div><\/div><\/div>","protected":false},"excerpt":{"rendered":"<p>B\u00e1rcena, Alejandra (INFIVE, UNLP, CONICET) Civello, Marcos (INFIVE, UNLP, CONICET) Concell\u00f3n, Anal\u00eda (CIDCA, UNLP, CONICET) Costa, Lorenza (INFIVE, UNLP, CONICET) G\u00f3mez Lobato, Eugenia (INFIVE, UNLP, CONICET) Gonz\u00e1lez Forte, Lucia (CIDCA, UNLP, CIC-PBA) Hasperu\u00e9, Joaqu\u00edn (LIPA, UNLP, CONICET) Mart\u00ednez, Gustavo (INFIVE, UNLP, CONICET) Massolo, Facundo (LIPA, UNLP, CONICET) Ortiz, Cristian (LIPA, UNLP, CONICET) Rodoni, Luis (LIPA, [&hellip;]<\/p>\n","protected":false},"author":2,"featured_media":0,"parent":0,"menu_order":0,"comment_status":"closed","ping_status":"closed","template":"","meta":{"advgb_blocks_editor_width":"","advgb_blocks_columns_visual_guide":"","footnotes":""},"class_list":["post-31","page","type-page","status-publish","hentry","post"],"aioseo_notices":[],"coauthors":[],"author_meta":{"author_link":"https:\/\/congresos.unlp.edu.ar\/cabtp2023\/author\/congresos\/","display_name":"congresos"},"relative_dates":{"created":"Posted 4 a\u00f1os ago","modified":"Updated 3 a\u00f1os ago"},"absolute_dates":{"created":"Posted on 22 junio, 2022","modified":"Updated on 28 marzo, 2023"},"absolute_dates_time":{"created":"Posted on 22 junio, 2022 12:15 pm","modified":"Updated on 28 marzo, 2023 3:11 pm"},"featured_img_caption":"","featured_img":false,"series_order":"","_links":{"self":[{"href":"https:\/\/congresos.unlp.edu.ar\/cabtp2023\/wp-json\/wp\/v2\/pages\/31","targetHints":{"allow":["GET"]}}],"collection":[{"href":"https:\/\/congresos.unlp.edu.ar\/cabtp2023\/wp-json\/wp\/v2\/pages"}],"about":[{"href":"https:\/\/congresos.unlp.edu.ar\/cabtp2023\/wp-json\/wp\/v2\/types\/page"}],"author":[{"embeddable":true,"href":"https:\/\/congresos.unlp.edu.ar\/cabtp2023\/wp-json\/wp\/v2\/users\/2"}],"replies":[{"embeddable":true,"href":"https:\/\/congresos.unlp.edu.ar\/cabtp2023\/wp-json\/wp\/v2\/comments?post=31"}],"version-history":[{"count":0,"href":"https:\/\/congresos.unlp.edu.ar\/cabtp2023\/wp-json\/wp\/v2\/pages\/31\/revisions"}],"wp:attachment":[{"href":"https:\/\/congresos.unlp.edu.ar\/cabtp2023\/wp-json\/wp\/v2\/media?parent=31"}],"curies":[{"name":"wp","href":"https:\/\/api.w.org\/{rel}","templated":true}]}}