{"id":131,"date":"2022-07-06T20:31:37","date_gmt":"2022-07-06T23:31:37","guid":{"rendered":"https:\/\/congresos.unlp.edu.ar\/cabtp2023\/?page_id=131"},"modified":"2023-05-13T10:22:09","modified_gmt":"2023-05-13T13:22:09","slug":"inscripcion-2","status":"publish","type":"page","link":"https:\/\/congresos.unlp.edu.ar\/cabtp2023\/inscripcion-2\/","title":{"rendered":"Inscripci\u00f3n y datos de facturaci\u00f3n"},"content":{"rendered":"<div id=\"pl-131\" class=\"panel-layout\">\n<div id=\"pg-131-0\" class=\"panel-grid panel-no-style\">\n<div id=\"pgc-131-0-0\" class=\"panel-grid-cell\" data-weight=\"1\">\n<div id=\"panel-131-0-0-0\" class=\"so-panel widget widget_sow-editor panel-first-child panel-last-child\" data-index=\"0\" data-style=\"{&quot;background_image_attachment&quot;:false,&quot;background_display&quot;:&quot;tile&quot;,&quot;background_image_size&quot;:&quot;full&quot;,&quot;border_thickness&quot;:&quot;1px&quot;}\">\n<div class=\"so-widget-sow-editor so-widget-sow-editor-base\">\n<div class=\"siteorigin-widget-tinymce textwidget\">\n<p>Para participar del IV CABTP, ud. deber\u00e1 completar el formulario de Google desde:<\/p>\n<p><a href=\"https:\/\/forms.gle\/Ysjmzb9vCfZTnuT37\" target=\"_blank\" rel=\"noopener\">https:\/\/forms.gle\/Ysjmzb9vCfZTnuT37<\/a><\/p>\n<p><strong><em>IMPORTANTE: en este mismo formulario ud. visualizar\u00e1 la carga de DATOS DE FACTURACI\u00d3N, presionando el bot\u00f3n &#8220;Siguiente&#8221; (debajo).<\/em><\/strong><\/p>\n<p>&nbsp;<\/p>\n<p><strong><em>Antes de completar el formulario de inscripci\u00f3n, les recordamos consultar la informaci\u00f3n de la secci\u00f3n <a href=\"https:\/\/congresos.unlp.edu.ar\/cabtp2023\/aranceles\/\">Aranceles y forma de pago<\/a> y realizar el pago correspondiente mediante transferencia bancaria como se indica en dicha secci\u00f3n.<\/em><\/strong><\/p>\n<p>&nbsp;<\/p>\n<p><strong>*La inscripci\u00f3n al congreso incluye el acceso a:<\/strong><\/p>\n<\/div>\n<p>&#8211; Kit de bienvenida para participantes.<\/p>\n<p>&#8211; Coffee break.<\/p>\n<p>&#8211; Coctel de bienvenida.<\/p>\n<p>&#8211; Certificados de asistencia, exposici\u00f3n, publicaci\u00f3n.<\/p>\n<p>&#8211; Publicaci\u00f3n de los res\u00famenes y trabajos completos seleccionados en la revista Investigaci\u00f3n Joven (UNLP).<\/p>\n<p>&#8211; Visita t\u00e9cnica del 01\/08\/2023 (actividad con cupo limitado).<\/p>\n<p>&nbsp;<\/p>\n<p>&nbsp;<\/p>\n<div class=\"siteorigin-widget-tinymce textwidget\">\n<p>&nbsp;<\/p>\n<\/div>\n<\/div>\n<\/div>\n<\/div>\n<\/div>\n<\/div>\n","protected":false},"excerpt":{"rendered":"<p>Para participar del IV CABTP, ud. deber\u00e1 completar el formulario de Google desde: https:\/\/forms.gle\/Ysjmzb9vCfZTnuT37 IMPORTANTE: en este mismo formulario ud. visualizar\u00e1 la carga de DATOS DE FACTURACI\u00d3N, presionando el bot\u00f3n &#8220;Siguiente&#8221; (debajo). &nbsp; Antes de completar el formulario de inscripci\u00f3n, les recordamos consultar la informaci\u00f3n de la secci\u00f3n Aranceles y forma de pago y realizar [&hellip;]<\/p>\n","protected":false},"author":151,"featured_media":0,"parent":0,"menu_order":0,"comment_status":"closed","ping_status":"closed","template":"","meta":{"advgb_blocks_editor_width":"","advgb_blocks_columns_visual_guide":"","footnotes":""},"class_list":["post-131","page","type-page","status-publish","hentry","post"],"aioseo_notices":[],"coauthors":[],"author_meta":{"author_link":"https:\/\/congresos.unlp.edu.ar\/cabtp2023\/author\/facundomassolo\/","display_name":"facundomassolo"},"relative_dates":{"created":"Posted 4 a\u00f1os ago","modified":"Updated 3 a\u00f1os ago"},"absolute_dates":{"created":"Posted on 6 julio, 2022","modified":"Updated on 13 mayo, 2023"},"absolute_dates_time":{"created":"Posted on 6 julio, 2022 8:31 pm","modified":"Updated on 13 mayo, 2023 10:22 am"},"featured_img_caption":"","featured_img":false,"series_order":"","_links":{"self":[{"href":"https:\/\/congresos.unlp.edu.ar\/cabtp2023\/wp-json\/wp\/v2\/pages\/131","targetHints":{"allow":["GET"]}}],"collection":[{"href":"https:\/\/congresos.unlp.edu.ar\/cabtp2023\/wp-json\/wp\/v2\/pages"}],"about":[{"href":"https:\/\/congresos.unlp.edu.ar\/cabtp2023\/wp-json\/wp\/v2\/types\/page"}],"author":[{"embeddable":true,"href":"https:\/\/congresos.unlp.edu.ar\/cabtp2023\/wp-json\/wp\/v2\/users\/151"}],"replies":[{"embeddable":true,"href":"https:\/\/congresos.unlp.edu.ar\/cabtp2023\/wp-json\/wp\/v2\/comments?post=131"}],"version-history":[{"count":0,"href":"https:\/\/congresos.unlp.edu.ar\/cabtp2023\/wp-json\/wp\/v2\/pages\/131\/revisions"}],"wp:attachment":[{"href":"https:\/\/congresos.unlp.edu.ar\/cabtp2023\/wp-json\/wp\/v2\/media?parent=131"}],"curies":[{"name":"wp","href":"https:\/\/api.w.org\/{rel}","templated":true}]}}