{"id":128,"date":"2022-07-06T20:28:11","date_gmt":"2022-07-06T23:28:11","guid":{"rendered":"https:\/\/congresos.unlp.edu.ar\/cabtp2023\/?page_id=128"},"modified":"2022-09-08T11:34:20","modified_gmt":"2022-09-08T14:34:20","slug":"objetivos","status":"publish","type":"page","link":"https:\/\/congresos.unlp.edu.ar\/cabtp2023\/objetivos\/","title":{"rendered":"Objetivos"},"content":{"rendered":"<div id=\"pl-128\"  class=\"panel-layout\" ><div id=\"pg-128-0\"  class=\"panel-grid panel-no-style\" ><div id=\"pgc-128-0-0\"  class=\"panel-grid-cell\" ><div id=\"panel-128-0-0-0\" class=\"so-panel widget widget_sow-editor panel-first-child panel-last-child\" data-index=\"0\" ><div\n\t\t\t\n\t\t\tclass=\"so-widget-sow-editor so-widget-sow-editor-base\"\n\t\t\t\n\t\t>\n<div class=\"siteorigin-widget-tinymce textwidget\">\n\t<p>El IV Congreso Argentino de Biolog\u00eda y Tecnolog\u00eda de Postcosecha (IV CABTP) tiene como objetivos particulares:<\/p>\n<p>- Presentar los avances de mayor impacto cient\u00edfico en el \u00e1rea de la fisiolog\u00eda de la maduraci\u00f3n, senescencia y tecnolog\u00eda de la postcosecha de productos frutihort\u00edcolas y florales producidos en el pa\u00eds.<\/p>\n<p>- Generar un \u00e1mbito de intercambio del conocimiento desarrollado, tanto a nivel b\u00e1sico como aplicado, por investigadores nacionales e internacionales de diferentes disciplinas relacionadas a la biolog\u00eda y tecnolog\u00eda de la postcosecha.<\/p>\n<\/div>\n<\/div><\/div><\/div><\/div><\/div>","protected":false},"excerpt":{"rendered":"<p>El IV Congreso Argentino de Biolog\u00eda y Tecnolog\u00eda de Postcosecha (IV CABTP) tiene como objetivos particulares: &#8211; Presentar los avances de mayor impacto cient\u00edfico en el \u00e1rea de la fisiolog\u00eda de la maduraci\u00f3n, senescencia y tecnolog\u00eda de la postcosecha de productos frutihort\u00edcolas y florales producidos en el pa\u00eds. &#8211; Generar un \u00e1mbito de intercambio del [&hellip;]<\/p>\n","protected":false},"author":151,"featured_media":0,"parent":0,"menu_order":0,"comment_status":"closed","ping_status":"closed","template":"","meta":{"advgb_blocks_editor_width":"","advgb_blocks_columns_visual_guide":"","footnotes":""},"class_list":["post-128","page","type-page","status-publish","hentry","post"],"aioseo_notices":[],"coauthors":[],"author_meta":{"author_link":"https:\/\/congresos.unlp.edu.ar\/cabtp2023\/author\/facundomassolo\/","display_name":"facundomassolo"},"relative_dates":{"created":"Posted 4 a\u00f1os ago","modified":"Updated 4 a\u00f1os ago"},"absolute_dates":{"created":"Posted on 6 julio, 2022","modified":"Updated on 8 septiembre, 2022"},"absolute_dates_time":{"created":"Posted on 6 julio, 2022 8:28 pm","modified":"Updated on 8 septiembre, 2022 11:34 am"},"featured_img_caption":"","featured_img":false,"series_order":"","_links":{"self":[{"href":"https:\/\/congresos.unlp.edu.ar\/cabtp2023\/wp-json\/wp\/v2\/pages\/128","targetHints":{"allow":["GET"]}}],"collection":[{"href":"https:\/\/congresos.unlp.edu.ar\/cabtp2023\/wp-json\/wp\/v2\/pages"}],"about":[{"href":"https:\/\/congresos.unlp.edu.ar\/cabtp2023\/wp-json\/wp\/v2\/types\/page"}],"author":[{"embeddable":true,"href":"https:\/\/congresos.unlp.edu.ar\/cabtp2023\/wp-json\/wp\/v2\/users\/151"}],"replies":[{"embeddable":true,"href":"https:\/\/congresos.unlp.edu.ar\/cabtp2023\/wp-json\/wp\/v2\/comments?post=128"}],"version-history":[{"count":0,"href":"https:\/\/congresos.unlp.edu.ar\/cabtp2023\/wp-json\/wp\/v2\/pages\/128\/revisions"}],"wp:attachment":[{"href":"https:\/\/congresos.unlp.edu.ar\/cabtp2023\/wp-json\/wp\/v2\/media?parent=128"}],"curies":[{"name":"wp","href":"https:\/\/api.w.org\/{rel}","templated":true}]}}