{"id":118,"date":"2022-07-05T19:46:09","date_gmt":"2022-07-05T22:46:09","guid":{"rendered":"https:\/\/congresos.unlp.edu.ar\/cabtp2023\/?page_id=118"},"modified":"2023-05-29T09:25:01","modified_gmt":"2023-05-29T12:25:01","slug":"fechas-importantes","status":"publish","type":"page","link":"https:\/\/congresos.unlp.edu.ar\/cabtp2023\/fechas-importantes\/","title":{"rendered":"Fechas importantes"},"content":{"rendered":"<p style=\"text-align: center\"><span style=\"color: #ff0000\"><strong>\u00a1\u00a1NUEVA FECHA LIMITE DE ENV\u00cdO DE RESUMENES!!<\/strong><\/span><\/p>\n<p style=\"text-align: left\">Debido a los numerosos pedidos solicitando aplazar el env\u00edo de los res\u00famenes se modifico la fecha y el nuevo vencimiento para enviar res\u00famenes y pagar la inscripci\u00f3n es:<\/p>\n<p style=\"text-align: center\"><strong>Viernes 9 de junio de 2023<\/strong><\/p>\n<p>&nbsp;<\/p>\n","protected":false},"excerpt":{"rendered":"<p>\u00a1\u00a1NUEVA FECHA LIMITE DE ENV\u00cdO DE RESUMENES!! Debido a los numerosos pedidos solicitando aplazar el env\u00edo de los res\u00famenes se modifico la fecha y el nuevo vencimiento para enviar res\u00famenes y pagar la inscripci\u00f3n es: Viernes 9 de junio de 2023 &nbsp;<\/p>\n","protected":false},"author":151,"featured_media":0,"parent":0,"menu_order":0,"comment_status":"closed","ping_status":"closed","template":"","meta":{"advgb_blocks_editor_width":"","advgb_blocks_columns_visual_guide":"","footnotes":""},"class_list":["post-118","page","type-page","status-publish","hentry","post"],"aioseo_notices":[],"coauthors":[],"author_meta":{"author_link":"https:\/\/congresos.unlp.edu.ar\/cabtp2023\/author\/facundomassolo\/","display_name":"facundomassolo"},"relative_dates":{"created":"Posted 4 a\u00f1os ago","modified":"Updated 3 a\u00f1os ago"},"absolute_dates":{"created":"Posted on 5 julio, 2022","modified":"Updated on 29 mayo, 2023"},"absolute_dates_time":{"created":"Posted on 5 julio, 2022 7:46 pm","modified":"Updated on 29 mayo, 2023 9:25 am"},"featured_img_caption":"","featured_img":false,"series_order":"","_links":{"self":[{"href":"https:\/\/congresos.unlp.edu.ar\/cabtp2023\/wp-json\/wp\/v2\/pages\/118","targetHints":{"allow":["GET"]}}],"collection":[{"href":"https:\/\/congresos.unlp.edu.ar\/cabtp2023\/wp-json\/wp\/v2\/pages"}],"about":[{"href":"https:\/\/congresos.unlp.edu.ar\/cabtp2023\/wp-json\/wp\/v2\/types\/page"}],"author":[{"embeddable":true,"href":"https:\/\/congresos.unlp.edu.ar\/cabtp2023\/wp-json\/wp\/v2\/users\/151"}],"replies":[{"embeddable":true,"href":"https:\/\/congresos.unlp.edu.ar\/cabtp2023\/wp-json\/wp\/v2\/comments?post=118"}],"version-history":[{"count":0,"href":"https:\/\/congresos.unlp.edu.ar\/cabtp2023\/wp-json\/wp\/v2\/pages\/118\/revisions"}],"wp:attachment":[{"href":"https:\/\/congresos.unlp.edu.ar\/cabtp2023\/wp-json\/wp\/v2\/media?parent=118"}],"curies":[{"name":"wp","href":"https:\/\/api.w.org\/{rel}","templated":true}]}}