{"id":105,"date":"2022-07-05T19:22:11","date_gmt":"2022-07-05T22:22:11","guid":{"rendered":"https:\/\/congresos.unlp.edu.ar\/cabtp2023\/?page_id=105"},"modified":"2023-03-21T11:01:00","modified_gmt":"2023-03-21T14:01:00","slug":"areas-tematicas","status":"publish","type":"page","link":"https:\/\/congresos.unlp.edu.ar\/cabtp2023\/areas-tematicas\/","title":{"rendered":"\u00c1reas tem\u00e1ticas"},"content":{"rendered":"<ol>\n<li>Tecnolog\u00edas pre y post cosecha.<\/li>\n<li>Alteraciones fisiol\u00f3gicas y\/o patog\u00e9nicas.<\/li>\n<li>Procesos bioqu\u00edmicos y\/o fisiol\u00f3gicos.<\/li>\n<li>Procesamiento m\u00ednimo.<\/li>\n<li>Composici\u00f3n qu\u00edmica y calidad.<\/li>\n<li>Poscosecha de flores y plantas arom\u00e1ticas<\/li>\n<\/ol>\n","protected":false},"excerpt":{"rendered":"<p>Tecnolog\u00edas pre y post cosecha. Alteraciones fisiol\u00f3gicas y\/o patog\u00e9nicas. Procesos bioqu\u00edmicos y\/o fisiol\u00f3gicos. Procesamiento m\u00ednimo. Composici\u00f3n qu\u00edmica y calidad. Poscosecha de flores y plantas arom\u00e1ticas<\/p>\n","protected":false},"author":151,"featured_media":0,"parent":0,"menu_order":0,"comment_status":"closed","ping_status":"closed","template":"","meta":{"advgb_blocks_editor_width":"","advgb_blocks_columns_visual_guide":"","footnotes":""},"class_list":["post-105","page","type-page","status-publish","hentry","post"],"aioseo_notices":[],"coauthors":[],"author_meta":{"author_link":"https:\/\/congresos.unlp.edu.ar\/cabtp2023\/author\/facundomassolo\/","display_name":"facundomassolo"},"relative_dates":{"created":"Posted 4 a\u00f1os ago","modified":"Updated 3 a\u00f1os ago"},"absolute_dates":{"created":"Posted on 5 julio, 2022","modified":"Updated on 21 marzo, 2023"},"absolute_dates_time":{"created":"Posted on 5 julio, 2022 7:22 pm","modified":"Updated on 21 marzo, 2023 11:01 am"},"featured_img_caption":"","featured_img":false,"series_order":"","_links":{"self":[{"href":"https:\/\/congresos.unlp.edu.ar\/cabtp2023\/wp-json\/wp\/v2\/pages\/105","targetHints":{"allow":["GET"]}}],"collection":[{"href":"https:\/\/congresos.unlp.edu.ar\/cabtp2023\/wp-json\/wp\/v2\/pages"}],"about":[{"href":"https:\/\/congresos.unlp.edu.ar\/cabtp2023\/wp-json\/wp\/v2\/types\/page"}],"author":[{"embeddable":true,"href":"https:\/\/congresos.unlp.edu.ar\/cabtp2023\/wp-json\/wp\/v2\/users\/151"}],"replies":[{"embeddable":true,"href":"https:\/\/congresos.unlp.edu.ar\/cabtp2023\/wp-json\/wp\/v2\/comments?post=105"}],"version-history":[{"count":0,"href":"https:\/\/congresos.unlp.edu.ar\/cabtp2023\/wp-json\/wp\/v2\/pages\/105\/revisions"}],"wp:attachment":[{"href":"https:\/\/congresos.unlp.edu.ar\/cabtp2023\/wp-json\/wp\/v2\/media?parent=105"}],"curies":[{"name":"wp","href":"https:\/\/api.w.org\/{rel}","templated":true}]}}