{"id":8,"date":"2025-02-14T11:41:33","date_gmt":"2025-02-14T14:41:33","guid":{"rendered":"https:\/\/congresos.unlp.edu.ar\/astralx\/?page_id=8"},"modified":"2025-12-18T10:21:37","modified_gmt":"2025-12-18T13:21:37","slug":"participants","status":"publish","type":"page","link":"https:\/\/congresos.unlp.edu.ar\/astralx\/participants\/","title":{"rendered":"Participants"},"content":{"rendered":"<h1 style=\"text-align: center\">Participants<\/h1>\n<p style=\"text-align: justify\">The School hosted 33 participants from Latin America, about half of them being from Argentina, and a third from the La Plata region. The participants were mainly PhD students, advanced Master&#8217;s (or <em>Licenciatura<\/em>) students and postdocs, as well as a few early-career researchers or young staff members.<\/p>\n<table dir=\"ltr\" style=\"height: 931px\" border=\"1\" width=\"750\" cellspacing=\"0\" cellpadding=\"0\" data-sheets-root=\"1\" data-sheets-baot=\"1\">\n<colgroup>\n<col width=\"40\" \/>\n<col width=\"234\" \/>\n<col width=\"375\" \/><\/colgroup>\n<tbody>\n<tr>\n<td>1<\/td>\n<td>Amanda Silva de Araujo<\/td>\n<td>Universidade Federal de Sergipe (Brasil)<\/td>\n<\/tr>\n<tr>\n<td>2<\/td>\n<td>Jos\u00e9 Armando Yucra Olivera<\/td>\n<td>Universidad Mayor de San Sim\u00f3n (Bolivia)<\/td>\n<\/tr>\n<tr>\n<td>3<\/td>\n<td>Rebeca Batalha<\/td>\n<td>Observat\u00f3rio Nacional (Brasil)<\/td>\n<\/tr>\n<tr>\n<td>4<\/td>\n<td>Karla Francesca Torres Garc\u00eda<\/td>\n<td>Universidad Nacional Mayor de San Marcos (Per\u00fa)<\/td>\n<\/tr>\n<tr>\n<td>5<\/td>\n<td>Mauricio El\u00edas Ch\u00e1vez<\/td>\n<td>Universidad Nacional Aut\u00f3noma de M\u00e9xico (M\u00e9xico)<\/td>\n<\/tr>\n<tr>\n<td>6<\/td>\n<td>Patrick Prado dos Santos<\/td>\n<td>Observat\u00f3rio Nacional (Brasil)<\/td>\n<\/tr>\n<tr>\n<td>7<\/td>\n<td>Diego Carvalho de Souza<\/td>\n<td>Universidade Vale do Para\u00edba (Brasil)<\/td>\n<\/tr>\n<tr>\n<td>8<\/td>\n<td>Diego Ram\u00f3n Benitez Palacios<\/td>\n<td>Universidad de Valpara\u00edso (Chile)<\/td>\n<\/tr>\n<tr>\n<td>9<\/td>\n<td>Santiago Alejandro Bernal Galarza<\/td>\n<td>Universidad de Chile (Chile)<\/td>\n<\/tr>\n<tr>\n<td>10<\/td>\n<td>Andrea Rodr\u00edguez Y\u00e1\u00f1ez<\/td>\n<td>Universidad de Guanajuato (M\u00e9xico)<\/td>\n<\/tr>\n<tr>\n<td>11<\/td>\n<td>Gustavo Adolfo Iturra Vega<\/td>\n<td>Universidad de Atacama (Chile)<\/td>\n<\/tr>\n<tr>\n<td>12<\/td>\n<td>Jennifer Alexandra Chac\u00f3n Ch\u00e1vez<\/td>\n<td>Pontificia Universidad Cat\u00f3lica de Chile (Chile)<\/td>\n<\/tr>\n<tr>\n<td>13<\/td>\n<td>Consuelo Nu\u00f1ez Pizarro<\/td>\n<td>Universidad de Valpara\u00edso (Chile)<\/td>\n<\/tr>\n<tr>\n<td>14<\/td>\n<td>Richards Pereira Albuquerque<\/td>\n<td>Universidade de S\u00e3o Paulo (Brasil)<\/td>\n<\/tr>\n<tr>\n<td>15<\/td>\n<td>Camila Ordenes Huanca<\/td>\n<td>Pontificia Universidad Cat\u00f3lica de Chile (Chile)<\/td>\n<\/tr>\n<tr>\n<td>16<\/td>\n<td>Liana Li<\/td>\n<td>Universidade de S\u00e3o Paulo (Brasil)<\/td>\n<\/tr>\n<tr>\n<td>17<\/td>\n<td>Susana Beatriz Araujo Furlan<\/td>\n<td>Instituto de Astronom\u00eda Te\u00f3rica y Experimental (Argentina)<\/td>\n<\/tr>\n<tr>\n<td>18<\/td>\n<td>Agostina Fil\u00f3como<\/td>\n<td>Universidad Nacional de R\u00edo Negro (Argentina)<\/td>\n<\/tr>\n<tr>\n<td>19<\/td>\n<td>Marina Bel\u00e9n Badaracco<\/td>\n<td>Instituto de Astronom\u00eda y F\u00edsica del Espacio (Argentina)<\/td>\n<\/tr>\n<tr>\n<td>20<\/td>\n<td>Catalina Rodr\u00edguez Buss<\/td>\n<td>Instituto de Astronom\u00eda y F\u00edsica del Espacio (Argentina)<\/td>\n<\/tr>\n<tr>\n<td>21<\/td>\n<td>Eric Pablo Antonio Gonz\u00e1lez<\/td>\n<td>OAFA\/ICATE Universidad Nacional de San Juan (Argentina)<\/td>\n<\/tr>\n<tr>\n<td>22<\/td>\n<td>Enzo Agustin Saavedra<\/td>\n<td>Instituto de Astrof\u00edsica de Canarias (Espa\u00f1a)<\/td>\n<\/tr>\n<tr>\n<td>23<\/td>\n<td>Federico Adri\u00e1n Fogantini<\/td>\n<td>Instituto Argentino de Radioastronom\u00eda (Argentina)<\/td>\n<\/tr>\n<tr>\n<td>24<\/td>\n<td>Ezequiel Zubieta<\/td>\n<td>Instituto Argentino de Radioastronom\u00eda (Argentina)<\/td>\n<\/tr>\n<tr>\n<td>25<\/td>\n<td>Giulio C. Mancuso<\/td>\n<td>Instituto Argentino de Radioastronom\u00eda (Argentina)<\/td>\n<\/tr>\n<tr>\n<td>26<\/td>\n<td>Candela Abril Bellavita<\/td>\n<td>Instituto Argentino de Radioastronom\u00eda (Argentina)<\/td>\n<\/tr>\n<tr>\n<td>27<\/td>\n<td>Lautaro West Ocampo<\/td>\n<td>Universidad Nacional de La Plata (Argentina)<\/td>\n<\/tr>\n<tr>\n<td>28<\/td>\n<td>Estefania Marcel<\/td>\n<td>Universidad Nacional de La Plata (Argentina)<\/td>\n<\/tr>\n<tr>\n<td>29<\/td>\n<td>Lucas Manuel Pasquevich<\/td>\n<td>Instituto Argentino de Radioastronom\u00eda (Argentina)<\/td>\n<\/tr>\n<tr>\n<td>30<\/td>\n<td>Joaquin Luis Weiss<\/td>\n<td>Instituto Argentino de Radioastronom\u00eda (Argentina)<\/td>\n<\/tr>\n<tr>\n<td>31<\/td>\n<td>Florencia Nadine Rizzo<\/td>\n<td>Universidad Nacional de La Plata (Argentina)<\/td>\n<\/tr>\n<tr>\n<td>32<\/td>\n<td>Camila Celeste Carballo<\/td>\n<td>Universidad Nacional de La Plata (Argentina)<\/td>\n<\/tr>\n<tr>\n<td>33<\/td>\n<td>Nelson Cruz S\u00e1nchez<\/td>\n<td>Universidad Nacional de La Plata (Argentina)<\/td>\n<\/tr>\n<\/tbody>\n<\/table>\n<p>Here you can find all the <a href=\"https:\/\/drive.google.com\/drive\/folders\/1dsX50hH-BztuRVnAw8L1siXIHvFu2WQi?usp=sharing\" target=\"_blank\" rel=\"noopener\">Students Final Presentations,<\/a><\/p>\n<p>Group Photo of the First Week of the ASTRAL-X X-ray Astronomy School:<\/p>\n<p><img loading=\"lazy\" decoding=\"async\" class=\"aligncenter size-large wp-image-402\" src=\"http:\/\/congresos.unlp.edu.ar\/astralx\/wp-content\/uploads\/sites\/96\/2025\/12\/GroupPhoto01-1024x768.jpg\" alt=\"\" width=\"720\" height=\"540\" srcset=\"https:\/\/congresos.unlp.edu.ar\/astralx\/wp-content\/uploads\/sites\/96\/2025\/12\/GroupPhoto01-1024x768.jpg 1024w, https:\/\/congresos.unlp.edu.ar\/astralx\/wp-content\/uploads\/sites\/96\/2025\/12\/GroupPhoto01-300x225.jpg 300w, https:\/\/congresos.unlp.edu.ar\/astralx\/wp-content\/uploads\/sites\/96\/2025\/12\/GroupPhoto01-768x576.jpg 768w, https:\/\/congresos.unlp.edu.ar\/astralx\/wp-content\/uploads\/sites\/96\/2025\/12\/GroupPhoto01-1536x1152.jpg 1536w, https:\/\/congresos.unlp.edu.ar\/astralx\/wp-content\/uploads\/sites\/96\/2025\/12\/GroupPhoto01-2048x1536.jpg 2048w\" sizes=\"auto, (max-width: 720px) 100vw, 720px\" \/><\/p>\n<p>&nbsp;<\/p>\n<p style=\"text-align: justify\">The ASTRAL-X School had no Registration Fee. All selected non-local participants were fully accommodated at the <a title=\"AMAU Hotel (UNLP)\" href=\"https:\/\/unlp-edu-ar.translate.goog\/institucional\/se-presenta-en-sociedad-el-primer-hotel-de-formacion-universitaria-de-america-latina-20590-25590\/?_x_tr_sl=es&amp;_x_tr_tl=en&amp;_x_tr_hl=es-419&amp;_x_tr_pto=wapp\" target=\"_blank\" rel=\"noopener\">AMAU Hotel<\/a>, at no charge from November 30 to December 13. Meals were fully covered for all the selected participants. Travel expenses were only partially covered in particular cases, after a Financial Support form is filled out together with the Registration\/Application.<\/p>\n<div class=\"su-box su-box-style-default\" id=\"\" style=\"border-color:#e6e8d2ff;border-radius:3px;\"><div class=\"su-box-title\" style=\"background-color:#e6e8d2ff;color:#73a195ff;border-top-left-radius:1px;border-top-right-radius:1px\">Sponsors<\/div><div class=\"su-box-content su-u-clearfix su-u-trim\" style=\"border-bottom-left-radius:1px;border-bottom-right-radius:1px\">\n<div class=\"su-image-carousel  su-image-carousel-columns-7 su-image-carousel-has-spacing su-image-carousel-has-outline su-image-carousel-slides-style-minimal su-image-carousel-controls-style-dark su-image-carousel-align-center\" style=\"max-width:100%\" data-flickity-options='{\"groupCells\":true,\"cellSelector\":\".su-image-carousel-item\",\"adaptiveHeight\":true,\"cellAlign\":\"left\",\"prevNextButtons\":false,\"pageDots\":false,\"autoPlay\":false,\"imagesLoaded\":true,\"contain\":false,\"selectedAttraction\":0.15,\"friction\":1}' id=\"su_image_carousel_69df2ab2594cc\"><div class=\"su-image-carousel-item\"><div class=\"su-image-carousel-item-content\"><a href=\"http:\/\/www.unlp.edu.ar\/\" target=\"_blank\" rel=\"noopener noreferrer\" data-caption=\"\"><img loading=\"lazy\" decoding=\"async\" width=\"592\" height=\"300\" src=\"https:\/\/congresos.unlp.edu.ar\/astralx\/wp-content\/uploads\/sites\/96\/2025\/05\/logounlp.png\" class=\"\" alt=\"\" srcset=\"https:\/\/congresos.unlp.edu.ar\/astralx\/wp-content\/uploads\/sites\/96\/2025\/05\/logounlp.png 592w, https:\/\/congresos.unlp.edu.ar\/astralx\/wp-content\/uploads\/sites\/96\/2025\/05\/logounlp-300x152.png 300w\" sizes=\"auto, (max-width: 592px) 100vw, 592px\" \/><\/a><\/div><\/div><div class=\"su-image-carousel-item\"><div class=\"su-image-carousel-item-content\"><a href=\"http:\/\/www.iau.org.ar\/\" target=\"_blank\" rel=\"noopener noreferrer\" data-caption=\"\"><img loading=\"lazy\" decoding=\"async\" width=\"394\" height=\"300\" src=\"https:\/\/congresos.unlp.edu.ar\/astralx\/wp-content\/uploads\/sites\/96\/2025\/05\/iau_moore_logos-1.png\" class=\"\" alt=\"IAU I-HOW | Moore Foundation\" srcset=\"https:\/\/congresos.unlp.edu.ar\/astralx\/wp-content\/uploads\/sites\/96\/2025\/05\/iau_moore_logos-1.png 394w, https:\/\/congresos.unlp.edu.ar\/astralx\/wp-content\/uploads\/sites\/96\/2025\/05\/iau_moore_logos-1-300x228.png 300w\" sizes=\"auto, (max-width: 394px) 100vw, 394px\" \/><\/a><\/div><\/div><div class=\"su-image-carousel-item\"><div class=\"su-image-carousel-item-content\"><a href=\"https:\/\/cosparhq.cnes.fr\/events\/cospar-capacity-building-workshops\/\" target=\"_blank\" rel=\"noopener noreferrer\" data-caption=\"\"><img loading=\"lazy\" decoding=\"async\" width=\"278\" height=\"300\" src=\"https:\/\/congresos.unlp.edu.ar\/astralx\/wp-content\/uploads\/sites\/96\/2025\/05\/Logo-COSPAR.png\" class=\"\" alt=\"\" \/><\/a><\/div><\/div><div class=\"su-image-carousel-item\"><div class=\"su-image-carousel-item-content\"><a href=\"https:\/\/www.nasa.gov\/\" target=\"_blank\" rel=\"noopener noreferrer\" data-caption=\"\"><img loading=\"lazy\" decoding=\"async\" width=\"359\" height=\"300\" src=\"https:\/\/congresos.unlp.edu.ar\/astralx\/wp-content\/uploads\/sites\/96\/2025\/05\/NASA_logo.svg_.png\" class=\"\" alt=\"\" srcset=\"https:\/\/congresos.unlp.edu.ar\/astralx\/wp-content\/uploads\/sites\/96\/2025\/05\/NASA_logo.svg_.png 359w, https:\/\/congresos.unlp.edu.ar\/astralx\/wp-content\/uploads\/sites\/96\/2025\/05\/NASA_logo.svg_-300x251.png 300w\" sizes=\"auto, (max-width: 359px) 100vw, 359px\" \/><\/a><\/div><\/div><div class=\"su-image-carousel-item\"><div class=\"su-image-carousel-item-content\"><a href=\"https:\/\/www.esa.int\/\" target=\"_blank\" rel=\"noopener noreferrer\" data-caption=\"\"><img loading=\"lazy\" decoding=\"async\" width=\"720\" height=\"702\" src=\"https:\/\/congresos.unlp.edu.ar\/astralx\/wp-content\/uploads\/sites\/96\/2025\/06\/esa-scaled-e1749843611550-1024x999.png\" class=\"\" alt=\"\" srcset=\"https:\/\/congresos.unlp.edu.ar\/astralx\/wp-content\/uploads\/sites\/96\/2025\/06\/esa-scaled-e1749843611550-1024x999.png 1024w, https:\/\/congresos.unlp.edu.ar\/astralx\/wp-content\/uploads\/sites\/96\/2025\/06\/esa-scaled-e1749843611550-300x293.png 300w, https:\/\/congresos.unlp.edu.ar\/astralx\/wp-content\/uploads\/sites\/96\/2025\/06\/esa-scaled-e1749843611550-768x749.png 768w, https:\/\/congresos.unlp.edu.ar\/astralx\/wp-content\/uploads\/sites\/96\/2025\/06\/esa-scaled-e1749843611550-1536x1499.png 1536w, https:\/\/congresos.unlp.edu.ar\/astralx\/wp-content\/uploads\/sites\/96\/2025\/06\/esa-scaled-e1749843611550.png 1647w\" sizes=\"auto, (max-width: 720px) 100vw, 720px\" \/><\/a><\/div><\/div><div class=\"su-image-carousel-item\"><div class=\"su-image-carousel-item-content\"><a href=\"http:\/\/www.astronomiaargentina.org.ar\/\" target=\"_blank\" rel=\"noopener noreferrer\" data-caption=\"\"><img loading=\"lazy\" decoding=\"async\" width=\"500\" height=\"500\" src=\"https:\/\/congresos.unlp.edu.ar\/astralx\/wp-content\/uploads\/sites\/96\/2025\/05\/logoAAA-1.png\" class=\"\" alt=\"\" srcset=\"https:\/\/congresos.unlp.edu.ar\/astralx\/wp-content\/uploads\/sites\/96\/2025\/05\/logoAAA-1.png 500w, https:\/\/congresos.unlp.edu.ar\/astralx\/wp-content\/uploads\/sites\/96\/2025\/05\/logoAAA-1-300x300.png 300w, https:\/\/congresos.unlp.edu.ar\/astralx\/wp-content\/uploads\/sites\/96\/2025\/05\/logoAAA-1-150x150.png 150w\" sizes=\"auto, (max-width: 500px) 100vw, 500px\" \/><\/a><\/div><\/div><div class=\"su-image-carousel-item\"><div class=\"su-image-carousel-item-content\"><a href=\"https:\/\/www.fcaglp.unlp.edu.ar\/\" target=\"_blank\" rel=\"noopener noreferrer\" data-caption=\"\"><img loading=\"lazy\" decoding=\"async\" width=\"391\" height=\"352\" src=\"https:\/\/congresos.unlp.edu.ar\/astralx\/wp-content\/uploads\/sites\/96\/2025\/05\/logos_fcag_iar_juntos.png\" class=\"\" alt=\"FCAG-UNLP | IAR\" srcset=\"https:\/\/congresos.unlp.edu.ar\/astralx\/wp-content\/uploads\/sites\/96\/2025\/05\/logos_fcag_iar_juntos.png 391w, https:\/\/congresos.unlp.edu.ar\/astralx\/wp-content\/uploads\/sites\/96\/2025\/05\/logos_fcag_iar_juntos-300x270.png 300w\" sizes=\"auto, (max-width: 391px) 100vw, 391px\" \/><\/a><\/div><\/div><\/div><script id=\"su_image_carousel_69df2ab2594cc_script\">if(window.SUImageCarousel){setTimeout(function() {window.SUImageCarousel.initGallery(document.getElementById(\"su_image_carousel_69df2ab2594cc\"))}, 0);}var su_image_carousel_69df2ab2594cc_script=document.getElementById(\"su_image_carousel_69df2ab2594cc_script\");if(su_image_carousel_69df2ab2594cc_script){su_image_carousel_69df2ab2594cc_script.parentNode.removeChild(su_image_carousel_69df2ab2594cc_script);}<\/script>\n<\/div><\/div>\n","protected":false},"excerpt":{"rendered":"<p>Participants The School hosted 33 participants from Latin America, about half of them being from Argentina, and a third from the La Plata region. The participants were mainly PhD students, advanced Master&#8217;s (or Licenciatura) students and postdocs, as well as a few early-career researchers or young staff members. 1 Amanda Silva de Araujo Universidade Federal [&hellip;]<\/p>\n","protected":false},"author":2,"featured_media":0,"parent":0,"menu_order":0,"comment_status":"closed","ping_status":"closed","template":"","meta":{"advgb_blocks_editor_width":"","advgb_blocks_columns_visual_guide":"","footnotes":""},"class_list":["post-8","page","type-page","status-publish","hentry","post"],"aioseo_notices":[],"coauthors":[],"author_meta":{"author_link":"https:\/\/congresos.unlp.edu.ar\/astralx\/author\/congresos\/","display_name":"congresos"},"relative_dates":{"created":"Posted 1 year ago","modified":"Updated 4 months ago"},"absolute_dates":{"created":"Posted on 14 February, 2025","modified":"Updated on 18 December, 2025"},"absolute_dates_time":{"created":"Posted on 14 February, 2025 11:41 am","modified":"Updated on 18 December, 2025 10:21 am"},"featured_img_caption":"","featured_img":false,"series_order":"","_links":{"self":[{"href":"https:\/\/congresos.unlp.edu.ar\/astralx\/wp-json\/wp\/v2\/pages\/8","targetHints":{"allow":["GET"]}}],"collection":[{"href":"https:\/\/congresos.unlp.edu.ar\/astralx\/wp-json\/wp\/v2\/pages"}],"about":[{"href":"https:\/\/congresos.unlp.edu.ar\/astralx\/wp-json\/wp\/v2\/types\/page"}],"author":[{"embeddable":true,"href":"https:\/\/congresos.unlp.edu.ar\/astralx\/wp-json\/wp\/v2\/users\/2"}],"replies":[{"embeddable":true,"href":"https:\/\/congresos.unlp.edu.ar\/astralx\/wp-json\/wp\/v2\/comments?post=8"}],"version-history":[{"count":0,"href":"https:\/\/congresos.unlp.edu.ar\/astralx\/wp-json\/wp\/v2\/pages\/8\/revisions"}],"wp:attachment":[{"href":"https:\/\/congresos.unlp.edu.ar\/astralx\/wp-json\/wp\/v2\/media?parent=8"}],"curies":[{"name":"wp","href":"https:\/\/api.w.org\/{rel}","templated":true}]}}