{"id":11,"date":"2025-02-14T11:41:33","date_gmt":"2025-02-14T14:41:33","guid":{"rendered":"https:\/\/congresos.unlp.edu.ar\/astralx\/?page_id=11"},"modified":"2025-11-18T13:55:45","modified_gmt":"2025-11-18T16:55:45","slug":"lecturers-organizers","status":"publish","type":"page","link":"https:\/\/congresos.unlp.edu.ar\/astralx\/lecturers-organizers\/","title":{"rendered":"Lecturers &amp; Organizers"},"content":{"rendered":"<h1 style=\"text-align: center\">Lecturers and Organizers<\/h1>\n<h3>Lecturers<\/h3>\n<ul>\n<li>Diego Altamirano, University of Southampton, United Kingdom<\/li>\n<li>Keith Arnaud, University of Maryland, United States<\/li>\n<li>Kavitha Arur, UMBC\/NASA, United States<\/li>\n<li>Matteo Bachetti, INAF, Italy<\/li>\n<li>Adam Foster, CfA Harvard, United States<\/li>\n<li>Carlos Gabriel, COSPAR, Germany<\/li>\n<li>Cecilia Garraffo, CfA Harvard, United States<\/li>\n<li>Victoria Grinberg, ESA, the Netherlands<\/li>\n<li>Matteo Guainazzi, ESA, the Netherlands<\/li>\n<li>Jeremy Hare, NASA, United States<\/li>\n<li>Elias Kammoun, Caltech, United States<\/li>\n<li>Mariano M\u00e9ndez, University of Groningen, the Netherlands<\/li>\n<li>Michela Negro, Louisiana State University, United States<\/li>\n<li>Michael Nowak, McDonnell Center for the Space Sciences, United States<\/li>\n<li>James Steiner, CfA Harvard, United States<\/li>\n<li>Ay\u015feg\u00fcl T\u00fcmer, UMBC\/NASA, United States<\/li>\n<li>Dan Wilkins, Stanford University, United States<\/li>\n<li>George Younes, UMBC\/NASA, United States<\/li>\n<\/ul>\n<h3>Speakers<\/h3>\n<ul>\n<li>Eric Burns, Louisiana State University, United States<\/li>\n<li>Alejandro C\u00e1rdenas-Avenda\u00f1o, Wake Forest University, United States<\/li>\n<li>Gustavo Romero, IAR-UNLP, Argentina<\/li>\n<\/ul>\n<h3>Scientific Organizers<\/h3>\n<ul>\n<li>Javier Garc\u00eda, NASA, United States <em><strong>(co-chair)<\/strong><\/em><\/li>\n<li>Federico Garc\u00eda, IAR-UNLP, Argentina<em><strong> (co-chair)<\/strong><\/em><\/li>\n<li>Jorge A. Combi, IAR-UNLP, Argentina<\/li>\n<li>Diego Altamirano, University of Southampton, United Kingdom<\/li>\n<li>Mariano M\u00e9ndez, University of Groningen, the Netherlands<\/li>\n<li>Kristin Kruse-Madsen, NASA, United States<\/li>\n<li>Paula Benaglia, IAR, Argentina<\/li>\n<li>Mariana Orellana, UNRN, Argentina<\/li>\n<li>Mar\u00eda Victoria del Valle, IAG-USP, Brazil<\/li>\n<li>Carlos Gabriel, COSPAR, Germany<\/li>\n<li>Matteo Guainazzi, ESA, the Netherlands<\/li>\n<li>Rodrigo Nemmen, IAG-USP, Brazil<\/li>\n<li>Alejandro C\u00e1rdenas-Avenda\u00f1o, LANL, United States<\/li>\n<li>Efrain Gatuzz, MPE Garching, Germany<\/li>\n<li>Yaher Diaz, UDP, Chile<\/li>\n<li>Vanessa Lopez-Barquero, UMD, United States<\/li>\n<li>Angel Castro, UNAM, M\u00e9xico<\/li>\n<li>Ericson L\u00f3pez. Escuela Polit\u00e9cnica Nacional, Ecuador<\/li>\n<li>Patricia Ar\u00e9valo, Universidad de Valpara\u00edso, Chile<\/li>\n<\/ul>\n<h3>Local Organizers<\/h3>\n<ul>\n<li>Federico Garc\u00eda, IAR, UNLP, Argentina <em><strong>(local coordinator)<\/strong><\/em><\/li>\n<li>Jorge Combi, IAR, UNLP, Argentina <em><strong>(local coordinator)<\/strong><\/em><\/li>\n<li>Candela Bellavita, IAR, UNLP, Argentina<\/li>\n<li>Enzo Saavedra, IAC, Spain<\/li>\n<li>Ezequiel Zubieta, IAR, Argentina<\/li>\n<li>Federico Fogantini, IAR, Argentina<\/li>\n<li>Giulio Mancuso, IAR, Argentina<\/li>\n<li>Nelson Cruz S\u00e1nchez, UNLP, Argentina<\/li>\n<li>Lautaro West Ocampo, UNLP, Argentina<\/li>\n<li>Estefania Marcel, UNLP, Argentina<\/li>\n<li>Facundo Albacete Colombo, UNRN, Argentina<\/li>\n<\/ul>\n<p>&nbsp;<\/p>\n<div class=\"su-box su-box-style-default\" id=\"\" style=\"border-color:#e6e8d2ff;border-radius:3px;\"><div class=\"su-box-title\" style=\"background-color:#e6e8d2ff;color:#73a195ff;border-top-left-radius:1px;border-top-right-radius:1px\">Sponsors<\/div><div class=\"su-box-content su-u-clearfix su-u-trim\" style=\"border-bottom-left-radius:1px;border-bottom-right-radius:1px\">\n<div class=\"su-image-carousel  su-image-carousel-columns-7 su-image-carousel-has-spacing su-image-carousel-has-outline su-image-carousel-slides-style-minimal su-image-carousel-controls-style-dark su-image-carousel-align-center\" style=\"max-width:100%\" data-flickity-options='{\"groupCells\":true,\"cellSelector\":\".su-image-carousel-item\",\"adaptiveHeight\":true,\"cellAlign\":\"left\",\"prevNextButtons\":false,\"pageDots\":false,\"autoPlay\":false,\"imagesLoaded\":true,\"contain\":false,\"selectedAttraction\":0.15,\"friction\":1}' id=\"su_image_carousel_69e042b8cb516\"><div class=\"su-image-carousel-item\"><div class=\"su-image-carousel-item-content\"><a href=\"http:\/\/www.unlp.edu.ar\/\" target=\"_blank\" rel=\"noopener noreferrer\" data-caption=\"\"><img loading=\"lazy\" decoding=\"async\" width=\"592\" height=\"300\" src=\"https:\/\/congresos.unlp.edu.ar\/astralx\/wp-content\/uploads\/sites\/96\/2025\/05\/logounlp.png\" class=\"\" alt=\"\" srcset=\"https:\/\/congresos.unlp.edu.ar\/astralx\/wp-content\/uploads\/sites\/96\/2025\/05\/logounlp.png 592w, https:\/\/congresos.unlp.edu.ar\/astralx\/wp-content\/uploads\/sites\/96\/2025\/05\/logounlp-300x152.png 300w\" sizes=\"auto, (max-width: 592px) 100vw, 592px\" \/><\/a><\/div><\/div><div class=\"su-image-carousel-item\"><div class=\"su-image-carousel-item-content\"><a href=\"http:\/\/www.iau.org.ar\/\" target=\"_blank\" rel=\"noopener noreferrer\" data-caption=\"\"><img loading=\"lazy\" decoding=\"async\" width=\"394\" height=\"300\" src=\"https:\/\/congresos.unlp.edu.ar\/astralx\/wp-content\/uploads\/sites\/96\/2025\/05\/iau_moore_logos-1.png\" class=\"\" alt=\"IAU I-HOW | Moore Foundation\" srcset=\"https:\/\/congresos.unlp.edu.ar\/astralx\/wp-content\/uploads\/sites\/96\/2025\/05\/iau_moore_logos-1.png 394w, https:\/\/congresos.unlp.edu.ar\/astralx\/wp-content\/uploads\/sites\/96\/2025\/05\/iau_moore_logos-1-300x228.png 300w\" sizes=\"auto, (max-width: 394px) 100vw, 394px\" \/><\/a><\/div><\/div><div class=\"su-image-carousel-item\"><div class=\"su-image-carousel-item-content\"><a href=\"https:\/\/cosparhq.cnes.fr\/events\/cospar-capacity-building-workshops\/\" target=\"_blank\" rel=\"noopener noreferrer\" data-caption=\"\"><img loading=\"lazy\" decoding=\"async\" width=\"278\" height=\"300\" src=\"https:\/\/congresos.unlp.edu.ar\/astralx\/wp-content\/uploads\/sites\/96\/2025\/05\/Logo-COSPAR.png\" class=\"\" alt=\"\" \/><\/a><\/div><\/div><div class=\"su-image-carousel-item\"><div class=\"su-image-carousel-item-content\"><a href=\"https:\/\/www.nasa.gov\/\" target=\"_blank\" rel=\"noopener noreferrer\" data-caption=\"\"><img loading=\"lazy\" decoding=\"async\" width=\"359\" height=\"300\" src=\"https:\/\/congresos.unlp.edu.ar\/astralx\/wp-content\/uploads\/sites\/96\/2025\/05\/NASA_logo.svg_.png\" class=\"\" alt=\"\" srcset=\"https:\/\/congresos.unlp.edu.ar\/astralx\/wp-content\/uploads\/sites\/96\/2025\/05\/NASA_logo.svg_.png 359w, https:\/\/congresos.unlp.edu.ar\/astralx\/wp-content\/uploads\/sites\/96\/2025\/05\/NASA_logo.svg_-300x251.png 300w\" sizes=\"auto, (max-width: 359px) 100vw, 359px\" \/><\/a><\/div><\/div><div class=\"su-image-carousel-item\"><div class=\"su-image-carousel-item-content\"><a href=\"https:\/\/www.esa.int\/\" target=\"_blank\" rel=\"noopener noreferrer\" data-caption=\"\"><img loading=\"lazy\" decoding=\"async\" width=\"720\" height=\"702\" src=\"https:\/\/congresos.unlp.edu.ar\/astralx\/wp-content\/uploads\/sites\/96\/2025\/06\/esa-scaled-e1749843611550-1024x999.png\" class=\"\" alt=\"\" srcset=\"https:\/\/congresos.unlp.edu.ar\/astralx\/wp-content\/uploads\/sites\/96\/2025\/06\/esa-scaled-e1749843611550-1024x999.png 1024w, https:\/\/congresos.unlp.edu.ar\/astralx\/wp-content\/uploads\/sites\/96\/2025\/06\/esa-scaled-e1749843611550-300x293.png 300w, https:\/\/congresos.unlp.edu.ar\/astralx\/wp-content\/uploads\/sites\/96\/2025\/06\/esa-scaled-e1749843611550-768x749.png 768w, https:\/\/congresos.unlp.edu.ar\/astralx\/wp-content\/uploads\/sites\/96\/2025\/06\/esa-scaled-e1749843611550-1536x1499.png 1536w, https:\/\/congresos.unlp.edu.ar\/astralx\/wp-content\/uploads\/sites\/96\/2025\/06\/esa-scaled-e1749843611550.png 1647w\" sizes=\"auto, (max-width: 720px) 100vw, 720px\" \/><\/a><\/div><\/div><div class=\"su-image-carousel-item\"><div class=\"su-image-carousel-item-content\"><a href=\"http:\/\/www.astronomiaargentina.org.ar\/\" target=\"_blank\" rel=\"noopener noreferrer\" data-caption=\"\"><img loading=\"lazy\" decoding=\"async\" width=\"500\" height=\"500\" src=\"https:\/\/congresos.unlp.edu.ar\/astralx\/wp-content\/uploads\/sites\/96\/2025\/05\/logoAAA-1.png\" class=\"\" alt=\"\" srcset=\"https:\/\/congresos.unlp.edu.ar\/astralx\/wp-content\/uploads\/sites\/96\/2025\/05\/logoAAA-1.png 500w, https:\/\/congresos.unlp.edu.ar\/astralx\/wp-content\/uploads\/sites\/96\/2025\/05\/logoAAA-1-300x300.png 300w, https:\/\/congresos.unlp.edu.ar\/astralx\/wp-content\/uploads\/sites\/96\/2025\/05\/logoAAA-1-150x150.png 150w\" sizes=\"auto, (max-width: 500px) 100vw, 500px\" \/><\/a><\/div><\/div><div class=\"su-image-carousel-item\"><div class=\"su-image-carousel-item-content\"><a href=\"https:\/\/www.fcaglp.unlp.edu.ar\/\" target=\"_blank\" rel=\"noopener noreferrer\" data-caption=\"\"><img loading=\"lazy\" decoding=\"async\" width=\"391\" height=\"352\" src=\"https:\/\/congresos.unlp.edu.ar\/astralx\/wp-content\/uploads\/sites\/96\/2025\/05\/logos_fcag_iar_juntos.png\" class=\"\" alt=\"FCAG-UNLP | IAR\" srcset=\"https:\/\/congresos.unlp.edu.ar\/astralx\/wp-content\/uploads\/sites\/96\/2025\/05\/logos_fcag_iar_juntos.png 391w, https:\/\/congresos.unlp.edu.ar\/astralx\/wp-content\/uploads\/sites\/96\/2025\/05\/logos_fcag_iar_juntos-300x270.png 300w\" sizes=\"auto, (max-width: 391px) 100vw, 391px\" \/><\/a><\/div><\/div><\/div><script id=\"su_image_carousel_69e042b8cb516_script\">if(window.SUImageCarousel){setTimeout(function() {window.SUImageCarousel.initGallery(document.getElementById(\"su_image_carousel_69e042b8cb516\"))}, 0);}var su_image_carousel_69e042b8cb516_script=document.getElementById(\"su_image_carousel_69e042b8cb516_script\");if(su_image_carousel_69e042b8cb516_script){su_image_carousel_69e042b8cb516_script.parentNode.removeChild(su_image_carousel_69e042b8cb516_script);}<\/script>\n<\/div><\/div>\n","protected":false},"excerpt":{"rendered":"<p>Lecturers and Organizers Lecturers Diego Altamirano, University of Southampton, United Kingdom Keith Arnaud, University of Maryland, United States Kavitha Arur, UMBC\/NASA, United States Matteo Bachetti, INAF, Italy Adam Foster, CfA Harvard, United States Carlos Gabriel, COSPAR, Germany Cecilia Garraffo, CfA Harvard, United States Victoria Grinberg, ESA, the Netherlands Matteo Guainazzi, ESA, the Netherlands Jeremy Hare, [&hellip;]<\/p>\n","protected":false},"author":2,"featured_media":0,"parent":0,"menu_order":0,"comment_status":"closed","ping_status":"closed","template":"","meta":{"advgb_blocks_editor_width":"","advgb_blocks_columns_visual_guide":"","footnotes":""},"class_list":["post-11","page","type-page","status-publish","hentry","post"],"aioseo_notices":[],"coauthors":[],"author_meta":{"author_link":"https:\/\/congresos.unlp.edu.ar\/astralx\/author\/congresos\/","display_name":"congresos"},"relative_dates":{"created":"Posted 1 year ago","modified":"Updated 5 months ago"},"absolute_dates":{"created":"Posted on 14 February, 2025","modified":"Updated on 18 November, 2025"},"absolute_dates_time":{"created":"Posted on 14 February, 2025 11:41 am","modified":"Updated on 18 November, 2025 1:55 pm"},"featured_img_caption":"","featured_img":false,"series_order":"","_links":{"self":[{"href":"https:\/\/congresos.unlp.edu.ar\/astralx\/wp-json\/wp\/v2\/pages\/11","targetHints":{"allow":["GET"]}}],"collection":[{"href":"https:\/\/congresos.unlp.edu.ar\/astralx\/wp-json\/wp\/v2\/pages"}],"about":[{"href":"https:\/\/congresos.unlp.edu.ar\/astralx\/wp-json\/wp\/v2\/types\/page"}],"author":[{"embeddable":true,"href":"https:\/\/congresos.unlp.edu.ar\/astralx\/wp-json\/wp\/v2\/users\/2"}],"replies":[{"embeddable":true,"href":"https:\/\/congresos.unlp.edu.ar\/astralx\/wp-json\/wp\/v2\/comments?post=11"}],"version-history":[{"count":0,"href":"https:\/\/congresos.unlp.edu.ar\/astralx\/wp-json\/wp\/v2\/pages\/11\/revisions"}],"wp:attachment":[{"href":"https:\/\/congresos.unlp.edu.ar\/astralx\/wp-json\/wp\/v2\/media?parent=11"}],"curies":[{"name":"wp","href":"https:\/\/api.w.org\/{rel}","templated":true}]}}