{"id":445,"date":"2021-09-07T08:57:39","date_gmt":"2021-09-07T11:57:39","guid":{"rendered":"https:\/\/congresos.unlp.edu.ar\/armof\/?page_id=445"},"modified":"2021-10-06T13:27:06","modified_gmt":"2021-10-06T16:27:06","slug":"introduction","status":"publish","type":"page","link":"https:\/\/congresos.unlp.edu.ar\/armof\/introduction\/?lang=en","title":{"rendered":"Home"},"content":{"rendered":"<div id=\"pl-445\"  class=\"panel-layout\" ><div id=\"pg-445-0\"  class=\"panel-grid panel-no-style\" ><div id=\"pgc-445-0-0\"  class=\"panel-grid-cell\" ><div id=\"panel-445-0-0-0\" class=\"so-panel widget widget_siteorigin-panels-builder panel-first-child panel-last-child\" data-index=\"0\" ><div id=\"pl-w615dce50bd822\"  class=\"panel-layout\" ><div id=\"pg-w615dce50bd822-0\"  class=\"panel-grid panel-no-style\" ><div id=\"pgc-w615dce50bd822-0-0\"  class=\"panel-grid-cell\" ><div id=\"panel-w615dce50bd822-0-0-0\" class=\"so-panel widget widget_shortcodes-ultimate shortcodes-ultimate panel-first-child panel-last-child\" data-index=\"0\" ><div class=\"textwidget\"><div class=\"su-image-carousel  su-image-carousel-has-spacing su-image-carousel-crop su-image-carousel-crop-1-1 su-image-carousel-has-outline su-image-carousel-adaptive su-image-carousel-slides-style-photo su-image-carousel-controls-style-dark su-image-carousel-align-center\" style=\"max-width:70%\" data-flickity-options='{\"groupCells\":true,\"cellSelector\":\".su-image-carousel-item\",\"adaptiveHeight\":false,\"cellAlign\":\"left\",\"prevNextButtons\":true,\"pageDots\":true,\"autoPlay\":3000,\"imagesLoaded\":true,\"contain\":true,\"selectedAttraction\":0.007,\"friction\":0.25}' id=\"su_image_carousel_69dfd2ddb7260\"><div class=\"su-image-carousel-item\"><div class=\"su-image-carousel-item-content\"><img loading=\"lazy\" decoding=\"async\" width=\"720\" height=\"709\" src=\"https:\/\/congresos.unlp.edu.ar\/armof\/wp-content\/uploads\/sites\/41\/2021\/09\/Perspective-1-1-1024x1008.png\" class=\"\" alt=\"\" srcset=\"https:\/\/congresos.unlp.edu.ar\/armof\/wp-content\/uploads\/sites\/41\/2021\/09\/Perspective-1-1-1024x1008.png 1024w, https:\/\/congresos.unlp.edu.ar\/armof\/wp-content\/uploads\/sites\/41\/2021\/09\/Perspective-1-1-300x295.png 300w, https:\/\/congresos.unlp.edu.ar\/armof\/wp-content\/uploads\/sites\/41\/2021\/09\/Perspective-1-1-768x756.png 768w, https:\/\/congresos.unlp.edu.ar\/armof\/wp-content\/uploads\/sites\/41\/2021\/09\/Perspective-1-1.png 1097w\" sizes=\"auto, (max-width: 720px) 100vw, 720px\" \/><\/div><\/div><div class=\"su-image-carousel-item\"><div class=\"su-image-carousel-item-content\"><img loading=\"lazy\" decoding=\"async\" width=\"720\" height=\"714\" src=\"https:\/\/congresos.unlp.edu.ar\/armof\/wp-content\/uploads\/sites\/41\/2021\/09\/Perspective-2-1-1024x1015.png\" class=\"\" alt=\"\" srcset=\"https:\/\/congresos.unlp.edu.ar\/armof\/wp-content\/uploads\/sites\/41\/2021\/09\/Perspective-2-1-1024x1015.png 1024w, https:\/\/congresos.unlp.edu.ar\/armof\/wp-content\/uploads\/sites\/41\/2021\/09\/Perspective-2-1-300x297.png 300w, https:\/\/congresos.unlp.edu.ar\/armof\/wp-content\/uploads\/sites\/41\/2021\/09\/Perspective-2-1-150x150.png 150w, https:\/\/congresos.unlp.edu.ar\/armof\/wp-content\/uploads\/sites\/41\/2021\/09\/Perspective-2-1-768x761.png 768w, https:\/\/congresos.unlp.edu.ar\/armof\/wp-content\/uploads\/sites\/41\/2021\/09\/Perspective-2-1.png 1090w\" sizes=\"auto, (max-width: 720px) 100vw, 720px\" \/><\/div><\/div><div class=\"su-image-carousel-item\"><div class=\"su-image-carousel-item-content\"><img loading=\"lazy\" decoding=\"async\" width=\"720\" height=\"710\" src=\"https:\/\/congresos.unlp.edu.ar\/armof\/wp-content\/uploads\/sites\/41\/2021\/09\/flyer-Griselda-Perspectiva-1-1024x1010.png\" class=\"\" alt=\"\" srcset=\"https:\/\/congresos.unlp.edu.ar\/armof\/wp-content\/uploads\/sites\/41\/2021\/09\/flyer-Griselda-Perspectiva-1-1024x1010.png 1024w, https:\/\/congresos.unlp.edu.ar\/armof\/wp-content\/uploads\/sites\/41\/2021\/09\/flyer-Griselda-Perspectiva-1-300x296.png 300w, https:\/\/congresos.unlp.edu.ar\/armof\/wp-content\/uploads\/sites\/41\/2021\/09\/flyer-Griselda-Perspectiva-1-768x757.png 768w, https:\/\/congresos.unlp.edu.ar\/armof\/wp-content\/uploads\/sites\/41\/2021\/09\/flyer-Griselda-Perspectiva-1.png 1294w\" sizes=\"auto, (max-width: 720px) 100vw, 720px\" \/><\/div><\/div><div class=\"su-image-carousel-item\"><div class=\"su-image-carousel-item-content\"><img loading=\"lazy\" decoding=\"async\" width=\"720\" height=\"720\" src=\"https:\/\/congresos.unlp.edu.ar\/armof\/wp-content\/uploads\/sites\/41\/2021\/09\/avales-4-1024x1024.png\" class=\"\" alt=\"\" srcset=\"https:\/\/congresos.unlp.edu.ar\/armof\/wp-content\/uploads\/sites\/41\/2021\/09\/avales-4-1024x1024.png 1024w, https:\/\/congresos.unlp.edu.ar\/armof\/wp-content\/uploads\/sites\/41\/2021\/09\/avales-4-300x300.png 300w, https:\/\/congresos.unlp.edu.ar\/armof\/wp-content\/uploads\/sites\/41\/2021\/09\/avales-4-150x150.png 150w, https:\/\/congresos.unlp.edu.ar\/armof\/wp-content\/uploads\/sites\/41\/2021\/09\/avales-4-768x768.png 768w, https:\/\/congresos.unlp.edu.ar\/armof\/wp-content\/uploads\/sites\/41\/2021\/09\/avales-4-1536x1536.png 1536w, https:\/\/congresos.unlp.edu.ar\/armof\/wp-content\/uploads\/sites\/41\/2021\/09\/avales-4-2048x2048.png 2048w\" sizes=\"auto, (max-width: 720px) 100vw, 720px\" \/><\/div><\/div><div class=\"su-image-carousel-item\"><div class=\"su-image-carousel-item-content\"><img loading=\"lazy\" decoding=\"async\" width=\"720\" height=\"724\" src=\"https:\/\/congresos.unlp.edu.ar\/armof\/wp-content\/uploads\/sites\/41\/2021\/09\/session-1-flyer-completo-cuadrado-1-1018x1024.png\" class=\"\" alt=\"\" srcset=\"https:\/\/congresos.unlp.edu.ar\/armof\/wp-content\/uploads\/sites\/41\/2021\/09\/session-1-flyer-completo-cuadrado-1-1018x1024.png 1018w, https:\/\/congresos.unlp.edu.ar\/armof\/wp-content\/uploads\/sites\/41\/2021\/09\/session-1-flyer-completo-cuadrado-1-298x300.png 298w, https:\/\/congresos.unlp.edu.ar\/armof\/wp-content\/uploads\/sites\/41\/2021\/09\/session-1-flyer-completo-cuadrado-1-150x150.png 150w, https:\/\/congresos.unlp.edu.ar\/armof\/wp-content\/uploads\/sites\/41\/2021\/09\/session-1-flyer-completo-cuadrado-1-768x772.png 768w, https:\/\/congresos.unlp.edu.ar\/armof\/wp-content\/uploads\/sites\/41\/2021\/09\/session-1-flyer-completo-cuadrado-1-1528x1536.png 1528w, https:\/\/congresos.unlp.edu.ar\/armof\/wp-content\/uploads\/sites\/41\/2021\/09\/session-1-flyer-completo-cuadrado-1-2037x2048.png 2037w\" sizes=\"auto, (max-width: 720px) 100vw, 720px\" \/><\/div><\/div><div class=\"su-image-carousel-item\"><div class=\"su-image-carousel-item-content\"><img loading=\"lazy\" decoding=\"async\" width=\"720\" height=\"723\" src=\"https:\/\/congresos.unlp.edu.ar\/armof\/wp-content\/uploads\/sites\/41\/2021\/09\/sesion-2-flyer-completo-cuadrado-1-1020x1024.png\" class=\"\" alt=\"\" srcset=\"https:\/\/congresos.unlp.edu.ar\/armof\/wp-content\/uploads\/sites\/41\/2021\/09\/sesion-2-flyer-completo-cuadrado-1-1020x1024.png 1020w, https:\/\/congresos.unlp.edu.ar\/armof\/wp-content\/uploads\/sites\/41\/2021\/09\/sesion-2-flyer-completo-cuadrado-1-300x300.png 300w, https:\/\/congresos.unlp.edu.ar\/armof\/wp-content\/uploads\/sites\/41\/2021\/09\/sesion-2-flyer-completo-cuadrado-1-150x150.png 150w, https:\/\/congresos.unlp.edu.ar\/armof\/wp-content\/uploads\/sites\/41\/2021\/09\/sesion-2-flyer-completo-cuadrado-1-768x771.png 768w, https:\/\/congresos.unlp.edu.ar\/armof\/wp-content\/uploads\/sites\/41\/2021\/09\/sesion-2-flyer-completo-cuadrado-1-1530x1536.png 1530w, https:\/\/congresos.unlp.edu.ar\/armof\/wp-content\/uploads\/sites\/41\/2021\/09\/sesion-2-flyer-completo-cuadrado-1-2040x2048.png 2040w\" sizes=\"auto, (max-width: 720px) 100vw, 720px\" \/><\/div><\/div><div class=\"su-image-carousel-item\"><div class=\"su-image-carousel-item-content\"><img loading=\"lazy\" decoding=\"async\" width=\"720\" height=\"739\" src=\"https:\/\/congresos.unlp.edu.ar\/armof\/wp-content\/uploads\/sites\/41\/2021\/10\/flyer-hiroyasu-997x1024.png\" class=\"\" alt=\"\" srcset=\"https:\/\/congresos.unlp.edu.ar\/armof\/wp-content\/uploads\/sites\/41\/2021\/10\/flyer-hiroyasu-997x1024.png 997w, https:\/\/congresos.unlp.edu.ar\/armof\/wp-content\/uploads\/sites\/41\/2021\/10\/flyer-hiroyasu-292x300.png 292w, https:\/\/congresos.unlp.edu.ar\/armof\/wp-content\/uploads\/sites\/41\/2021\/10\/flyer-hiroyasu-768x789.png 768w, https:\/\/congresos.unlp.edu.ar\/armof\/wp-content\/uploads\/sites\/41\/2021\/10\/flyer-hiroyasu-1496x1536.png 1496w, https:\/\/congresos.unlp.edu.ar\/armof\/wp-content\/uploads\/sites\/41\/2021\/10\/flyer-hiroyasu-1994x2048.png 1994w\" sizes=\"auto, (max-width: 720px) 100vw, 720px\" \/><\/div><\/div><div class=\"su-image-carousel-item\"><div class=\"su-image-carousel-item-content\"><img loading=\"lazy\" decoding=\"async\" width=\"720\" height=\"718\" src=\"https:\/\/congresos.unlp.edu.ar\/armof\/wp-content\/uploads\/sites\/41\/2021\/09\/session-4-flyer-completo-cuadrado-1-1024x1021.png\" class=\"\" alt=\"\" srcset=\"https:\/\/congresos.unlp.edu.ar\/armof\/wp-content\/uploads\/sites\/41\/2021\/09\/session-4-flyer-completo-cuadrado-1-1024x1021.png 1024w, https:\/\/congresos.unlp.edu.ar\/armof\/wp-content\/uploads\/sites\/41\/2021\/09\/session-4-flyer-completo-cuadrado-1-300x300.png 300w, https:\/\/congresos.unlp.edu.ar\/armof\/wp-content\/uploads\/sites\/41\/2021\/09\/session-4-flyer-completo-cuadrado-1-150x150.png 150w, https:\/\/congresos.unlp.edu.ar\/armof\/wp-content\/uploads\/sites\/41\/2021\/09\/session-4-flyer-completo-cuadrado-1-768x766.png 768w, https:\/\/congresos.unlp.edu.ar\/armof\/wp-content\/uploads\/sites\/41\/2021\/09\/session-4-flyer-completo-cuadrado-1-1536x1532.png 1536w, https:\/\/congresos.unlp.edu.ar\/armof\/wp-content\/uploads\/sites\/41\/2021\/09\/session-4-flyer-completo-cuadrado-1.png 1589w\" sizes=\"auto, (max-width: 720px) 100vw, 720px\" \/><\/div><\/div><\/div><script id=\"su_image_carousel_69dfd2ddb7260_script\">if(window.SUImageCarousel){setTimeout(function() {window.SUImageCarousel.initGallery(document.getElementById(\"su_image_carousel_69dfd2ddb7260\"))}, 0);}var su_image_carousel_69dfd2ddb7260_script=document.getElementById(\"su_image_carousel_69dfd2ddb7260_script\");if(su_image_carousel_69dfd2ddb7260_script){su_image_carousel_69dfd2ddb7260_script.parentNode.removeChild(su_image_carousel_69dfd2ddb7260_script);}<\/script><\/div><\/div><\/div><\/div><\/div><\/div><\/div><\/div><div id=\"pg-445-1\"  class=\"panel-grid panel-no-style\" ><div id=\"pgc-445-1-0\"  class=\"panel-grid-cell\" ><div id=\"panel-445-1-0-0\" class=\"so-panel widget widget_circleicon-widget panel-first-child panel-last-child\" data-index=\"1\" >\t\t<div class=\"circle-icon-box circle-icon-position-top circle-icon-hide-box circle-icon-size-large \">\n\t\t\t\t\t\t\t<div class=\"circle-icon-wrapper\">\n\t\t\t\t\t\t\t\t\t\t<a href=\"http:\/\/congresos.unlp.edu.ar\/armof\/wp-content\/uploads\/sites\/41\/2021\/09\/simposium-flyer_high-def-1.pdf\" class=\"link-icon\" target=\"_blank\">\t\t\t\t\t<div class=\"circle-icon icon-style-set\" style=\"background-color: #c0c3db\">\n\t\t\t\t\t\t\t\t\t\t\t\t\t<div\n\t\t\t\t\t\t\t\tclass=\"fa fa-file-pdf-o  icon-style-set\"\n\t\t\t\t\t\t\t\tstyle=\"color: #4285bf\"\t\t\t\t\t\t\t><\/div>\n\t\t\t\t\t\t\t\t\t\t\t<\/div>\n\t\t\t\t\t<\/a>\t\t\t\t<\/div>\n\t\t\t\n\t\t\t\t\t\t\t<a\n\t\t\t\t\thref=\"http:\/\/congresos.unlp.edu.ar\/armof\/wp-content\/uploads\/sites\/41\/2021\/09\/simposium-flyer_high-def-1.pdf\"\n\t\t\t\t\tclass=\"link-title\" target=&quot;_blank&quot;\t\t\t\t>\n\t\t\t\t\t\t\t\t\t\t<h4 >\n\t\t\t\t\tRecent Post\t\t\t\t<\/h4>\n\t\t\t\t\t\t\t\t\t\t<\/a>\n\t\t\t\n\t\t\t\t\t\t\t\t\t\t<a\n\t\t\t\t\thref=\"http:\/\/congresos.unlp.edu.ar\/armof\/wp-content\/uploads\/sites\/41\/2021\/09\/simposium-flyer_high-def-1.pdf\"\n\t\t\t\t\tclass=\"more-button\"\n\t\t\t\t\ttarget=&quot;_blank&quot;\t\t\t\t>\n\t\t\t\t\tM\u00e1s informaci\u00f3n\t\t\t\t\t<i><\/i>\n\t\t\t\t<\/a>\n\t\t\t\t\t<\/div>\n\t\t<\/div><\/div><div id=\"pgc-445-1-1\"  class=\"panel-grid-cell\" ><div id=\"panel-445-1-1-0\" class=\"so-panel widget widget_circleicon-widget panel-first-child panel-last-child\" data-index=\"2\" >\t\t<div class=\"circle-icon-box circle-icon-position-top circle-icon-hide-box circle-icon-size-large \">\n\t\t\t\t\t\t\t<div class=\"circle-icon-wrapper\">\n\t\t\t\t\t\t\t\t\t\t<a href=\"http:\/\/congresos.unlp.edu.ar\/armof\/wp-content\/uploads\/sites\/41\/2021\/09\/cronograma-completo-1.png\" class=\"link-icon\" target=\"_blank\">\t\t\t\t\t<div class=\"circle-icon icon-style-set\" style=\"background-color: #c0c3db\">\n\t\t\t\t\t\t\t\t\t\t\t\t\t<div\n\t\t\t\t\t\t\t\tclass=\"fa fa-file-image-o  icon-style-set\"\n\t\t\t\t\t\t\t\tstyle=\"color: #4285bf\"\t\t\t\t\t\t\t><\/div>\n\t\t\t\t\t\t\t\t\t\t\t<\/div>\n\t\t\t\t\t<\/a>\t\t\t\t<\/div>\n\t\t\t\n\t\t\t\t\t\t\t<a\n\t\t\t\t\thref=\"http:\/\/congresos.unlp.edu.ar\/armof\/wp-content\/uploads\/sites\/41\/2021\/09\/cronograma-completo-1.png\"\n\t\t\t\t\tclass=\"link-title\" target=&quot;_blank&quot;\t\t\t\t>\n\t\t\t\t\t\t\t\t\t\t<h4 >\n\t\t\t\t\tDownloadable programme\t\t\t\t<\/h4>\n\t\t\t\t\t\t\t\t\t\t<\/a>\n\t\t\t\n\t\t\t\t\t\t\t\t\t\t<a\n\t\t\t\t\thref=\"http:\/\/congresos.unlp.edu.ar\/armof\/wp-content\/uploads\/sites\/41\/2021\/09\/cronograma-completo-1.png\"\n\t\t\t\t\tclass=\"more-button\"\n\t\t\t\t\ttarget=&quot;_blank&quot;style=\"color: #0d6cbf\"\t\t\t\t>\n\t\t\t\t\tM\u00e1s informaci\u00f3n\t\t\t\t\t<i><\/i>\n\t\t\t\t<\/a>\n\t\t\t\t\t<\/div>\n\t\t<\/div><\/div><\/div><\/div>","protected":false},"excerpt":{"rendered":"<p>Recent Post M\u00e1s informaci\u00f3n Downloadable programme M\u00e1s informaci\u00f3n<\/p>\n","protected":false},"author":111,"featured_media":0,"parent":0,"menu_order":0,"comment_status":"closed","ping_status":"closed","template":"","meta":{"advgb_blocks_editor_width":"","advgb_blocks_columns_visual_guide":"","footnotes":""},"class_list":["post-445","page","type-page","status-publish","hentry","post"],"aioseo_notices":[],"coauthors":[],"author_meta":{"author_link":"https:\/\/congresos.unlp.edu.ar\/armof\/author\/jimenatuninetti\/","display_name":"jimenatuninetti"},"relative_dates":{"created":"Publicado 5 a\u00f1os hace","modified":"Actualizado 5 a\u00f1os hace"},"absolute_dates":{"created":"Publicado el 7 septiembre, 2021","modified":"Actualizado el 6 octubre, 2021"},"absolute_dates_time":{"created":"Publicado el 7 septiembre, 2021 8:57 am","modified":"Actualizado el 6 octubre, 2021 1:27 pm"},"featured_img_caption":"","featured_img":false,"series_order":"","_links":{"self":[{"href":"https:\/\/congresos.unlp.edu.ar\/armof\/wp-json\/wp\/v2\/pages\/445","targetHints":{"allow":["GET"]}}],"collection":[{"href":"https:\/\/congresos.unlp.edu.ar\/armof\/wp-json\/wp\/v2\/pages"}],"about":[{"href":"https:\/\/congresos.unlp.edu.ar\/armof\/wp-json\/wp\/v2\/types\/page"}],"author":[{"embeddable":true,"href":"https:\/\/congresos.unlp.edu.ar\/armof\/wp-json\/wp\/v2\/users\/111"}],"replies":[{"embeddable":true,"href":"https:\/\/congresos.unlp.edu.ar\/armof\/wp-json\/wp\/v2\/comments?post=445"}],"version-history":[{"count":0,"href":"https:\/\/congresos.unlp.edu.ar\/armof\/wp-json\/wp\/v2\/pages\/445\/revisions"}],"wp:attachment":[{"href":"https:\/\/congresos.unlp.edu.ar\/armof\/wp-json\/wp\/v2\/media?parent=445"}],"curies":[{"name":"wp","href":"https:\/\/api.w.org\/{rel}","templated":true}]}}