{"id":323,"date":"2021-09-03T14:41:19","date_gmt":"2021-09-03T17:41:19","guid":{"rendered":"https:\/\/congresos.unlp.edu.ar\/armof\/?page_id=323"},"modified":"2021-10-12T08:11:42","modified_gmt":"2021-10-12T11:11:42","slug":"resumenes","status":"publish","type":"page","link":"https:\/\/congresos.unlp.edu.ar\/armof\/resumenes\/","title":{"rendered":"Res\u00famenes"},"content":{"rendered":"<h3><span style=\"color: #000080\"><strong>Res\u00famenes descargables<\/strong><\/span><\/h3>\n<h3><strong>7\/10\/2021<\/strong><\/h3>\n<h4><span style=\"color: #333333\">Shengqian MA\u00a0<\/span><\/h4>\n<h3><strong>13\/10\/2021<\/strong><\/h3>\n<h4><span style=\"color: #333333\">Min TU<\/span><br \/>\n<a href=\"http:\/\/congresos.unlp.edu.ar\/armof\/wp-content\/uploads\/sites\/41\/2021\/09\/Resume_PlateroPrats_ArMOF2021.pdf\" target=\"_blank\" rel=\"noopener\"><span style=\"color: #333333\">Ana PLATERO-PRATS<\/span><\/a><br \/>\n<span style=\"color: #333333\">Muralee MURUGESU<\/span><br \/>\n<span style=\"color: #333333\">Mercedes LINARES-MOREAU<\/span><br \/>\n<span style=\"color: #333333\">Rodolfo ACOSTA<\/span><br \/>\n<span style=\"color: #333333\">Guillermina LUQUE<\/span><br \/>\n<a href=\"http:\/\/congresos.unlp.edu.ar\/armof\/wp-content\/uploads\/sites\/41\/2021\/09\/Resumen_-P.-Horcajada_ArMOF2021.pdf\" target=\"_blank\" rel=\"noopener\"><span style=\"color: #333333\">Patricia HORCAJADA<\/span><\/a><\/h4>\n<h3><strong>14\/10\/2021<\/strong><\/h3>\n<h4><a href=\"http:\/\/congresos.unlp.edu.ar\/armof\/wp-content\/uploads\/sites\/41\/2021\/09\/Resume_Calero_ArMOF2021.pdf\" target=\"_blank\" rel=\"noopener\"><span style=\"color: #333333\">Sof\u00eda CALERO<\/span><\/a><br \/>\n<span style=\"color: #333333\">Rik VAN DEUN<\/span><br \/>\n<a href=\"http:\/\/congresos.unlp.edu.ar\/armof\/wp-content\/uploads\/sites\/41\/2021\/09\/Resumen_Gandara-_ArMOF2021.pdf\" target=\"_blank\" rel=\"noopener\"><span style=\"color: #333333\">Felipe G\u00c1NDARA<\/span><\/a><br \/>\n<span style=\"color: #333333\">Javier FUHR<\/span><br \/>\n<span style=\"color: #333333\">Diego LAMAS<\/span><br \/>\n<span style=\"color: #333333\">Marcelo CEOL\u00cdN<\/span><br \/>\n<a href=\"http:\/\/congresos.unlp.edu.ar\/armof\/wp-content\/uploads\/sites\/41\/2021\/09\/Resume_Furukawa_ArMOF2021.pdf\" target=\"_blank\" rel=\"noopener\"><span style=\"color: #333333\">Hiroyasu FURUKAWA<\/span><\/a><br \/>\n<span style=\"color: #333333\">Martin HARTMANN<\/span><br \/>\n<span style=\"color: #333333\">Karim SAPAG<\/span><\/h4>\n<h4><a href=\"http:\/\/congresos.unlp.edu.ar\/armof\/wp-content\/uploads\/sites\/41\/2021\/09\/Resumen_Rodriguez_ArMOF2021.pdf\" target=\"_blank\" rel=\"noopener\"><span style=\"color: #333333\">Luis M. RODR\u00cdGUEZ<\/span><\/a><br \/>\n<span style=\"color: #333333\">Jaclyn BRUSSO<\/span><br \/>\n<a href=\"http:\/\/congresos.unlp.edu.ar\/armof\/wp-content\/uploads\/sites\/41\/2021\/09\/Resumen_MDolores-Perez_ArMOF2021.pdf\" target=\"_blank\" rel=\"noopener\"><span style=\"color: #333333\">Mar\u00eda Dolores PEREZ<\/span><\/a><\/h4>\n<h3><strong>15\/10\/2021<\/strong><\/h3>\n<h3><span style=\"color: #333333\">Joaqu\u00edn CORONAS<\/span><br \/>\n<span style=\"color: #333333\">Enrique V. RAMOS-FERN\u00c1NDEZ<\/span><br \/>\n<a href=\"http:\/\/congresos.unlp.edu.ar\/armof\/wp-content\/uploads\/sites\/41\/2021\/09\/Resumen_Manuel-Sanchez_ArMOF2021.pdf\" target=\"_blank\" rel=\"noopener\"><span style=\"color: #333333\">Manuel S\u00c1NCHEZ-S\u00c1NCHEZ<\/span><\/a><br \/>\n<a href=\"http:\/\/congresos.unlp.edu.ar\/armof\/wp-content\/uploads\/sites\/41\/2021\/09\/Resumen_AK-Diaz-Duran_ArMOF2021.pdf\" target=\"_blank\" rel=\"noopener\"><span style=\"color: #333333\">Ana K. D\u00cdAZ-DUR\u00c1N<\/span><\/a><br \/>\n<span style=\"color: #333333\">Guillermo COPELLO<\/span><br \/>\n<span style=\"color: #333333\">Germ\u00e1n G\u00d3MEZ<\/span><br \/>\n<a href=\"http:\/\/congresos.unlp.edu.ar\/armof\/wp-content\/uploads\/sites\/41\/2021\/10\/Resumen_Narda_ArMOF2021.pdf\" target=\"_blank\" rel=\"noopener\"><span style=\"color: #333333\">Griselda NARDA<\/span><\/a><\/h3>\n","protected":false},"excerpt":{"rendered":"<p>Res\u00famenes descargables 7\/10\/2021 Shengqian MA\u00a0 13\/10\/2021 Min TU Ana PLATERO-PRATS Muralee MURUGESU Mercedes LINARES-MOREAU Rodolfo ACOSTA Guillermina LUQUE Patricia HORCAJADA 14\/10\/2021 Sof\u00eda CALERO Rik VAN DEUN Felipe G\u00c1NDARA Javier FUHR Diego LAMAS Marcelo CEOL\u00cdN Hiroyasu FURUKAWA Martin HARTMANN Karim SAPAG Luis M. RODR\u00cdGUEZ Jaclyn BRUSSO Mar\u00eda Dolores PEREZ 15\/10\/2021 Joaqu\u00edn CORONAS Enrique V. RAMOS-FERN\u00c1NDEZ Manuel [&hellip;]<\/p>\n","protected":false},"author":111,"featured_media":0,"parent":0,"menu_order":0,"comment_status":"closed","ping_status":"closed","template":"","meta":{"advgb_blocks_editor_width":"","advgb_blocks_columns_visual_guide":"","footnotes":""},"class_list":["post-323","page","type-page","status-publish","hentry","post"],"aioseo_notices":[],"coauthors":[],"author_meta":{"author_link":"https:\/\/congresos.unlp.edu.ar\/armof\/author\/jimenatuninetti\/","display_name":"jimenatuninetti"},"relative_dates":{"created":"Publicado 5 a\u00f1os hace","modified":"Actualizado 5 a\u00f1os hace"},"absolute_dates":{"created":"Publicado el 3 septiembre, 2021","modified":"Actualizado el 12 octubre, 2021"},"absolute_dates_time":{"created":"Publicado el 3 septiembre, 2021 2:41 pm","modified":"Actualizado el 12 octubre, 2021 8:11 am"},"featured_img_caption":"","featured_img":false,"series_order":"","_links":{"self":[{"href":"https:\/\/congresos.unlp.edu.ar\/armof\/wp-json\/wp\/v2\/pages\/323","targetHints":{"allow":["GET"]}}],"collection":[{"href":"https:\/\/congresos.unlp.edu.ar\/armof\/wp-json\/wp\/v2\/pages"}],"about":[{"href":"https:\/\/congresos.unlp.edu.ar\/armof\/wp-json\/wp\/v2\/types\/page"}],"author":[{"embeddable":true,"href":"https:\/\/congresos.unlp.edu.ar\/armof\/wp-json\/wp\/v2\/users\/111"}],"replies":[{"embeddable":true,"href":"https:\/\/congresos.unlp.edu.ar\/armof\/wp-json\/wp\/v2\/comments?post=323"}],"version-history":[{"count":0,"href":"https:\/\/congresos.unlp.edu.ar\/armof\/wp-json\/wp\/v2\/pages\/323\/revisions"}],"wp:attachment":[{"href":"https:\/\/congresos.unlp.edu.ar\/armof\/wp-json\/wp\/v2\/media?parent=323"}],"curies":[{"name":"wp","href":"https:\/\/api.w.org\/{rel}","templated":true}]}}