{"id":23,"date":"2021-08-18T11:53:32","date_gmt":"2021-08-18T14:53:32","guid":{"rendered":"https:\/\/congresos.unlp.edu.ar\/armof\/?page_id=23"},"modified":"2021-09-24T15:28:52","modified_gmt":"2021-09-24T18:28:52","slug":"conferencistas","status":"publish","type":"page","link":"https:\/\/congresos.unlp.edu.ar\/armof\/conferencistas\/","title":{"rendered":"Conferencistas"},"content":{"rendered":"<h4><a href=\"https:\/\/chemistry.unt.edu\/people\/shengqian-ma\" target=\"_blank\" rel=\"noopener\">Shengqian MA<\/a><\/h4>\n<h4><a href=\"https:\/\/www.x-mol.com\/groups\/Tu_Lab?lang=en\" target=\"_blank\" rel=\"noopener\">Min TU<\/a><\/h4>\n<h4><a href=\"https:\/\/sites.google.com\/view\/platerolab\/home\/team\" target=\"_blank\" rel=\"noopener\">Ana PLATERO-PRATS<\/a><\/h4>\n<h4><a href=\"https:\/\/science.uottawa.ca\/chemistry\/people\/murugesu-muralee\" target=\"_blank\" rel=\"noopener\">Muralee MURUGESU<\/a><\/h4>\n<h4><a href=\"https:\/\/www.tugraz.at\/index.php?id=32495\" target=\"_blank\" rel=\"noopener\">Mercedes LINARES-MOREAU<\/a><\/h4>\n<h4><a href=\"http:\/\/www.lanais.famaf.unc.edu.ar\/members\/racosta.html\" target=\"_blank\" rel=\"noopener\">Rodolfo ACOSTA<\/a><\/h4>\n<h4><a href=\"http:\/\/www.laesunc.com\/laes\/inicio\/integrantes\/\" target=\"_blank\" rel=\"noopener\">Guillermina LUQUE<\/a><\/h4>\n<h4><a href=\"https:\/\/www.energia.imdea.org\/personal\/dra-patricia-horcajada\" target=\"_blank\" rel=\"noopener\">Patricia HORCAJADA<\/a><\/h4>\n<h4><a href=\"https:\/\/www.tue.nl\/en\/research\/research-groups\/materials-simulation-modelling\/\" target=\"_blank\" rel=\"noopener\">Sof\u00eda CALERO<\/a><\/h4>\n<h4><a href=\"https:\/\/www.l3.ugent.be\/\" target=\"_blank\" rel=\"noopener\">Rik VAN DEUN<\/a><\/h4>\n<h4><a href=\"https:\/\/wp.icmm.csic.es\/ms-mm\/people\/felipe-gandara\/\" target=\"_blank\" rel=\"noopener\">Felipe G\u00c1NDARA<\/a><\/h4>\n<h4><a href=\"https:\/\/www.researchgate.net\/profile\/Javier-Fuhr\" target=\"_blank\" rel=\"noopener\">Javier FUHR<\/a><\/h4>\n<h4><a href=\"https:\/\/laboratoriolca.wixsite.com\/lcaarg\" target=\"_blank\" rel=\"noopener\">Diego LAMAS<\/a><\/h4>\n<h4><a href=\"https:\/\/softmatter.quimica.unlp.edu.ar\/?page_id=5823\">Marcelo CEOL\u00cdN<\/a><\/h4>\n<h4><a href=\"http:\/\/alchemy.cchem.berkeley.edu\/group-members\/\" target=\"_blank\" rel=\"noopener\">Hiroyasu FURUKAWA<\/a><\/h4>\n<h4><a href=\"https:\/\/www.ecrc.fau.eu\/person\/martin-hartmann\/\" target=\"_blank\" rel=\"noopener\">Martin HARTMANN<\/a><\/h4>\n<h4><a href=\"https:\/\/infap-unsl.conicet.gov.ar\/\" target=\"_blank\" rel=\"noopener\">Karim SAPAG<\/a><\/h4>\n<h4><a href=\"https:\/\/www.conicet.gov.ar\/new_scp\/detalle.php?id=36357\" target=\"_blank\" rel=\"noopener\">Luis M. RODR\u00cdGUEZ<\/a><\/h4>\n<h4><a href=\"https:\/\/science.uottawa.ca\/chemistry\/people\/brusso-jaclyn\" target=\"_blank\" rel=\"noopener\">Jaclyn BRUSSO<\/a><\/h4>\n<h4><a href=\"https:\/\/www.researchgate.net\/profile\/M-Perez\" target=\"_blank\" rel=\"noopener\">Mar\u00eda Dolores PEREZ<\/a><\/h4>\n<h4><a href=\"https:\/\/inma.unizar-csic.es\/\" target=\"_blank\" rel=\"noopener\">Joaqu\u00edn CORONAS<\/a><\/h4>\n<h4><a href=\"https:\/\/personal.ua.es\/es\/enrique-ramos\/biography.html\" target=\"_blank\" rel=\"noopener\">Enrique V. RAMOS-FERN\u00c1NDEZ<\/a><\/h4>\n<h4><a href=\"https:\/\/icp.csic.es\/es\/perfil\/sanchez-sanchez-manuel\/\" target=\"_blank\" rel=\"noopener\">Manuel S\u00c1NCHEZ-S\u00c1NCHEZ<\/a><\/h4>\n<h4><a href=\"https:\/\/scienti.minciencias.gov.co\/cvlac\/visualizador\/generarCurriculoCv.do?cod_rh=0001408964\" target=\"_blank\" rel=\"noopener\">Ana K. D\u00cdAZ-DUR\u00c1N<\/a><\/h4>\n<h4><a href=\"https:\/\/iquimefa.conicet.gov.ar\/investigadores-formados\/\" target=\"_blank\" rel=\"noopener\">Guillermo COPELLO<\/a><\/h4>\n<h4><a href=\"https:\/\/www.researchgate.net\/profile\/German-Gomez-3\" target=\"_blank\" rel=\"noopener\">Germ\u00e1n G\u00d3MEZ<\/a><\/h4>\n<h4><a href=\"https:\/\/intequi-unsl.conicet.gov.ar\/integrantes-quimica-inorganica\/\" target=\"_blank\" rel=\"noopener\">Griselda NARDA<\/a><\/h4>\n","protected":false},"excerpt":{"rendered":"<p>Shengqian MA Min TU Ana PLATERO-PRATS Muralee MURUGESU Mercedes LINARES-MOREAU Rodolfo ACOSTA Guillermina LUQUE Patricia HORCAJADA Sof\u00eda CALERO Rik VAN DEUN Felipe G\u00c1NDARA Javier FUHR Diego LAMAS Marcelo CEOL\u00cdN Hiroyasu FURUKAWA Martin HARTMANN Karim SAPAG Luis M. RODR\u00cdGUEZ Jaclyn BRUSSO Mar\u00eda Dolores PEREZ Joaqu\u00edn CORONAS Enrique V. RAMOS-FERN\u00c1NDEZ Manuel S\u00c1NCHEZ-S\u00c1NCHEZ Ana K. D\u00cdAZ-DUR\u00c1N Guillermo COPELLO [&hellip;]<\/p>\n","protected":false},"author":2,"featured_media":0,"parent":0,"menu_order":0,"comment_status":"closed","ping_status":"closed","template":"","meta":{"advgb_blocks_editor_width":"","advgb_blocks_columns_visual_guide":"","footnotes":""},"class_list":["post-23","page","type-page","status-publish","hentry","post"],"aioseo_notices":[],"coauthors":[],"author_meta":{"author_link":"https:\/\/congresos.unlp.edu.ar\/armof\/author\/congresos\/","display_name":"congresos"},"relative_dates":{"created":"Publicado 5 a\u00f1os hace","modified":"Actualizado 5 a\u00f1os hace"},"absolute_dates":{"created":"Publicado el 18 agosto, 2021","modified":"Actualizado el 24 septiembre, 2021"},"absolute_dates_time":{"created":"Publicado el 18 agosto, 2021 11:53 am","modified":"Actualizado el 24 septiembre, 2021 3:28 pm"},"featured_img_caption":"","featured_img":false,"series_order":"","_links":{"self":[{"href":"https:\/\/congresos.unlp.edu.ar\/armof\/wp-json\/wp\/v2\/pages\/23","targetHints":{"allow":["GET"]}}],"collection":[{"href":"https:\/\/congresos.unlp.edu.ar\/armof\/wp-json\/wp\/v2\/pages"}],"about":[{"href":"https:\/\/congresos.unlp.edu.ar\/armof\/wp-json\/wp\/v2\/types\/page"}],"author":[{"embeddable":true,"href":"https:\/\/congresos.unlp.edu.ar\/armof\/wp-json\/wp\/v2\/users\/2"}],"replies":[{"embeddable":true,"href":"https:\/\/congresos.unlp.edu.ar\/armof\/wp-json\/wp\/v2\/comments?post=23"}],"version-history":[{"count":0,"href":"https:\/\/congresos.unlp.edu.ar\/armof\/wp-json\/wp\/v2\/pages\/23\/revisions"}],"wp:attachment":[{"href":"https:\/\/congresos.unlp.edu.ar\/armof\/wp-json\/wp\/v2\/media?parent=23"}],"curies":[{"name":"wp","href":"https:\/\/api.w.org\/{rel}","templated":true}]}}