{"id":13,"date":"2021-08-18T11:52:00","date_gmt":"2021-08-18T14:52:00","guid":{"rendered":"https:\/\/congresos.unlp.edu.ar\/armof\/?page_id=13"},"modified":"2021-08-28T15:00:18","modified_gmt":"2021-08-28T18:00:18","slug":"bienvenida","status":"publish","type":"page","link":"https:\/\/congresos.unlp.edu.ar\/armof\/bienvenida\/","title":{"rendered":"Bienvenida"},"content":{"rendered":"<h4><span style=\"font-weight: 400\">Las tem\u00e1ticas relacionadas con las Redes Metal-org\u00e1nicas o MOFs abarcan diversos aspectos, desde estrategias de s\u00edntesis y t\u00e9cnicas de caracterizaci\u00f3n, hasta el estudio de aplicaciones variadas como cat\u00e1lisis, remedia<\/span><span style=\"font-weight: 400\">ci\u00f3n ambiental, transporte de f\u00e1rmacos, almacenamiento de gases, aplicaciones magn\u00e9ticas, \u00f3pticas o sensores, entre otras.<\/span><span style=\"font-weight: 400\">\u00a0<\/span><\/h4>\n<h4><span style=\"font-weight: 400\">Aunque el desarrollo de esta sub-\u00e1rea de la ciencia de materiales est\u00e1 consolidada a nivel mundial, en Argentina los grupos locales no cuentan a\u00fan con un \u00e1mbito de intercambio y discusi\u00f3n espec\u00edfico, algo de vital importancia para potenciar las oportunidades de colaboraci\u00f3n. Es en ese aspecto precisamente en el que este Simposio busca aportar. El evento se realizar\u00e1 en su totalidad bajo la modalidad remota y contar\u00e1 tanto con la participaci\u00f3n de investigadores y becarios de todo el pa\u00eds, como tambi\u00e9n de investigadores del exterior expertos en la tem\u00e1tica.\u00a0<\/span><\/h4>\n<h4><\/h4>\n<h4><span style=\"font-weight: 400\">La modalidad de participaci\u00f3n ser\u00e1 a trav\u00e9s de exposiciones plenarias, semi-plenarias y cortas, contando con soporte digital del material disponible para todos los participantes registrados en tres jornadas divididas en dos sesiones. Adicionalmente, contaremos con la presencia de investigadores referentes que expondr\u00e1n acerca de sus visiones respecto de las perspectivas m\u00e1s promisorias para el desarrollo y aplicaciones futuras de los MOFs.\u00a0<\/span><\/h4>\n<h4><\/h4>\n","protected":false},"excerpt":{"rendered":"<p>Las tem\u00e1ticas relacionadas con las Redes Metal-org\u00e1nicas o MOFs abarcan diversos aspectos, desde estrategias de s\u00edntesis y t\u00e9cnicas de caracterizaci\u00f3n, hasta el estudio de aplicaciones variadas como cat\u00e1lisis, remediaci\u00f3n ambiental, transporte de f\u00e1rmacos, almacenamiento de gases, aplicaciones magn\u00e9ticas, \u00f3pticas o sensores, entre otras.\u00a0 Aunque el desarrollo de esta sub-\u00e1rea de la ciencia de materiales est\u00e1 [&hellip;]<\/p>\n","protected":false},"author":2,"featured_media":0,"parent":0,"menu_order":0,"comment_status":"closed","ping_status":"closed","template":"","meta":{"advgb_blocks_editor_width":"","advgb_blocks_columns_visual_guide":"","footnotes":""},"class_list":["post-13","page","type-page","status-publish","hentry","post"],"aioseo_notices":[],"coauthors":[],"author_meta":{"author_link":"https:\/\/congresos.unlp.edu.ar\/armof\/author\/congresos\/","display_name":"congresos"},"relative_dates":{"created":"Publicado 5 a\u00f1os hace","modified":"Actualizado 5 a\u00f1os hace"},"absolute_dates":{"created":"Publicado el 18 agosto, 2021","modified":"Actualizado el 28 agosto, 2021"},"absolute_dates_time":{"created":"Publicado el 18 agosto, 2021 11:52 am","modified":"Actualizado el 28 agosto, 2021 3:00 pm"},"featured_img_caption":"","featured_img":false,"series_order":"","_links":{"self":[{"href":"https:\/\/congresos.unlp.edu.ar\/armof\/wp-json\/wp\/v2\/pages\/13","targetHints":{"allow":["GET"]}}],"collection":[{"href":"https:\/\/congresos.unlp.edu.ar\/armof\/wp-json\/wp\/v2\/pages"}],"about":[{"href":"https:\/\/congresos.unlp.edu.ar\/armof\/wp-json\/wp\/v2\/types\/page"}],"author":[{"embeddable":true,"href":"https:\/\/congresos.unlp.edu.ar\/armof\/wp-json\/wp\/v2\/users\/2"}],"replies":[{"embeddable":true,"href":"https:\/\/congresos.unlp.edu.ar\/armof\/wp-json\/wp\/v2\/comments?post=13"}],"version-history":[{"count":0,"href":"https:\/\/congresos.unlp.edu.ar\/armof\/wp-json\/wp\/v2\/pages\/13\/revisions"}],"wp:attachment":[{"href":"https:\/\/congresos.unlp.edu.ar\/armof\/wp-json\/wp\/v2\/media?parent=13"}],"curies":[{"name":"wp","href":"https:\/\/api.w.org\/{rel}","templated":true}]}}