{"id":75,"date":"2023-12-12T13:25:36","date_gmt":"2023-12-12T16:25:36","guid":{"rendered":"https:\/\/congresos.unlp.edu.ar\/apicowplexa2024\/?page_id=75"},"modified":"2024-10-18T12:40:32","modified_gmt":"2024-10-18T15:40:32","slug":"inicio","status":"publish","type":"page","link":"https:\/\/congresos.unlp.edu.ar\/apicowplexa2024\/","title":{"rendered":"INICIO"},"content":{"rendered":"<div id=\"pl-75\"  class=\"panel-layout\" ><div id=\"pg-75-0\"  class=\"panel-grid panel-has-style\"  style=\"margin-bottom: 0px\" ><div class=\"siteorigin-panels-stretch panel-row-style panel-row-style-for-75-0\" style=\"padding: 0px 0px 0px 0px;\" data-stretch-type=\"full-width-stretch\" ><div id=\"pgc-75-0-0\"  class=\"panel-grid-cell\" ><div class=\"panel-cell-style panel-cell-style-for-75-0-0\" ><div id=\"panel-75-0-0-0\" class=\"so-panel widget widget_sow-hero panel-first-child\" data-index=\"0\" style=\"margin: 0px 0px 0px 0px;\" ><div style=\"padding: 0px 0px 0px 0px;\" class=\"panel-widget-style panel-widget-style-for-75-0-0-0\" ><div\n\t\t\t\n\t\t\tclass=\"so-widget-sow-hero so-widget-sow-hero-default-2fa0d199a226-75 so-widget-fittext-wrapper\"\n\t\t\t data-fit-text-compressor=\"0.85\"\n\t\t>\t\t\t\t<div class=\"sow-slider-base\" style=\"display: none\" tabindex=\"0\">\n\t\t\t\t\t<ul\n\t\t\t\t\tclass=\"sow-slider-images\"\n\t\t\t\t\tdata-settings=\"{&quot;pagination&quot;:true,&quot;speed&quot;:800,&quot;timeout&quot;:8000,&quot;paused&quot;:false,&quot;pause_on_hover&quot;:true,&quot;swipe&quot;:true,&quot;nav_always_show_desktop&quot;:&quot;&quot;,&quot;nav_always_show_mobile&quot;:&quot;&quot;,&quot;breakpoint&quot;:&quot;780px&quot;,&quot;unmute&quot;:false,&quot;anchor&quot;:null}\"\n\t\t\t\t\tstyle=\"min-height: 500px\"\t\t\t\t\tdata-anchor-id=\"\"\n\t\t\t\t><\/ul>\t\t\t\t<ol class=\"sow-slider-pagination\">\n\t\t\t\t\t\t\t\t\t<\/ol>\n\n\t\t\t\t<div class=\"sow-slide-nav sow-slide-nav-next\">\n\t\t\t\t\t<a href=\"#\" data-goto=\"next\" aria-label=\"diapositiva siguiente\" data-action=\"next\">\n\t\t\t\t\t\t<em class=\"sow-sld-icon-thin-right\"><\/em>\n\t\t\t\t\t<\/a>\n\t\t\t\t<\/div>\n\n\t\t\t\t<div class=\"sow-slide-nav sow-slide-nav-prev\">\n\t\t\t\t\t<a href=\"#\" data-goto=\"previous\" aria-label=\"diapositiva anterior\" data-action=\"prev\">\n\t\t\t\t\t\t<em class=\"sow-sld-icon-thin-left\"><\/em>\n\t\t\t\t\t<\/a>\n\t\t\t\t<\/div>\n\t\t\t\t<\/div><\/div><\/div><\/div><div id=\"panel-75-0-0-1\" class=\"so-panel widget widget_text panel-last-child\" data-index=\"1\" style=\"margin: 50px 300px 20px 300px;\" ><div class=\"panel-widget-style panel-widget-style-for-75-0-0-1\" >\t\t\t<div class=\"textwidget\"><p><strong><span style=\"color: #e61458\">IMPORTANT INFORMATION<\/span><\/strong><\/p>\n<p>Due to unforeseen circumstances beyond our control, the venue has been moved to Amau Hotel Auditorium, located in # 692 51st Avenue, La Plata.<\/p>\n<p><a href=\"https:\/\/amau.com.ar\">https:\/\/amau.com.ar \u00a0<\/a>The welcome cocktail will be held there as well.<\/p>\n<p><a href=\"https:\/\/www.google.com\/maps\/place\/Amau+Hotel\/@-34.9147145,-57.9538462,16z\/data=!4m9!3m8!1s0x95a2e77711ab7c0d:0x4ac57a18f7ab4b09!5m2!4m1!1i2!8m2!3d-34.9170404!4d-57.9506471!16s%2Fg%2F11rtq3yg5c?entry=ttu&amp;g_ep=EgoyMDI0MTAwOS4wIKXMDSoASAFQAw%3D%3D\">Hotel location<\/a><\/p>\n<hr \/>\n<p><strong>ApiCOWplexa 2024<\/strong> ser\u00e1 una reuni\u00f3n presencial, y brindar\u00e1 un espacio de intercambio y discusi\u00f3n entre investigadores, estudiantes, y miembros de la industria y gubernamentales, con un inter\u00e9s particular en los par\u00e1sitos apicomplexa en animales de granja. Esta reuni\u00f3n espera ser una excelente oportunidad para la creaci\u00f3n de redes e intercambio cient\u00edfico. Los temas propuestos para esta reuni\u00f3n incluyen las diferentes \u00e1reas de investigaci\u00f3n sobre par\u00e1sitos apicomplexa, abarcando <strong>Una Salud, biolog\u00eda molecular y celular, e interacciones hospedador-par\u00e1sito, inmunolog\u00eda, diagn\u00f3stico, epidemiolog\u00eda, desarrollo de f\u00e1rmacos, vacunas y control de infecciones<\/strong> por estos par\u00e1sitos.<\/p>\n<hr \/>\n<div dir=\"auto\"><strong>EJES TEM\u00c1TICOS<\/strong><\/div>\n<div dir=\"auto\">1- <span class=\"gmail_default\">Una Salud<\/span><\/div>\n<div dir=\"auto\">2- <span class=\"gmail_default\">Epidemiolog\u00eda e impacto econ\u00f3mico<\/span><\/div>\n<div dir=\"auto\">3- <span class=\"gmail_default\">Diagn\u00f3stico<\/span><\/div>\n<div dir=\"auto\">4- <span class=\"gmail_default\">Tratamiento y control<\/span><\/div>\n<div dir=\"auto\">5- <span class=\"gmail_default\">Modelos experimentales en animales e <em>in vitro<\/em>.\u00a0<\/span><\/div>\n<div dir=\"auto\">6- <span class=\"gmail_default\">Interacciones par\u00e1sito-hospedador y patogenia.<\/span><\/div>\n<div dir=\"auto\">7- <span class=\"gmail_default\">Biolog\u00eda celular y molecular.<\/span><\/div>\n<div dir=\"auto\">8- <span class=\"gmail_default\">Inmunolog\u00eda y vacunas.<\/span><\/div>\n<div dir=\"auto\">9- <span class=\"gmail_default\">Sistemas biol\u00f3gicos (gen\u00f3mica, prote\u00f3mica) y evoluci\u00f3n.\u00a0<\/span><\/div>\n<div dir=\"auto\"><\/div>\n<\/div>\n\t\t<\/div><\/div><\/div><\/div><\/div><\/div><\/div>","protected":false},"excerpt":{"rendered":"<p>IMPORTANT INFORMATION Due to unforeseen circumstances beyond our control, the venue has been moved to Amau Hotel Auditorium, located in # 692 51st Avenue, La Plata. https:\/\/amau.com.ar \u00a0The welcome cocktail will be held there as well. Hotel location ApiCOWplexa 2024 ser\u00e1 una reuni\u00f3n presencial, y brindar\u00e1 un espacio de intercambio y discusi\u00f3n entre investigadores, estudiantes, [&hellip;]<\/p>\n","protected":false},"author":190,"featured_media":0,"parent":0,"menu_order":0,"comment_status":"closed","ping_status":"closed","template":"home-panels.php","meta":{"advgb_blocks_editor_width":"","advgb_blocks_columns_visual_guide":"","footnotes":""},"class_list":["post-75","page","type-page","status-publish","hentry","post"],"aioseo_notices":[],"coauthors":[],"author_meta":{"author_link":"https:\/\/congresos.unlp.edu.ar\/apicowplexa2024\/author\/prensaydifusion\/","display_name":"prensaydifusion"},"relative_dates":{"created":"Publicado 2 a\u00f1os hace","modified":"Actualizado 1 a\u00f1o hace"},"absolute_dates":{"created":"Publicado el 12 diciembre, 2023","modified":"Actualizado el 18 octubre, 2024"},"absolute_dates_time":{"created":"Publicado el 12 diciembre, 2023 1:25 pm","modified":"Actualizado el 18 octubre, 2024 12:40 pm"},"featured_img_caption":"","featured_img":false,"series_order":"","_links":{"self":[{"href":"https:\/\/congresos.unlp.edu.ar\/apicowplexa2024\/wp-json\/wp\/v2\/pages\/75","targetHints":{"allow":["GET"]}}],"collection":[{"href":"https:\/\/congresos.unlp.edu.ar\/apicowplexa2024\/wp-json\/wp\/v2\/pages"}],"about":[{"href":"https:\/\/congresos.unlp.edu.ar\/apicowplexa2024\/wp-json\/wp\/v2\/types\/page"}],"author":[{"embeddable":true,"href":"https:\/\/congresos.unlp.edu.ar\/apicowplexa2024\/wp-json\/wp\/v2\/users\/190"}],"replies":[{"embeddable":true,"href":"https:\/\/congresos.unlp.edu.ar\/apicowplexa2024\/wp-json\/wp\/v2\/comments?post=75"}],"version-history":[{"count":0,"href":"https:\/\/congresos.unlp.edu.ar\/apicowplexa2024\/wp-json\/wp\/v2\/pages\/75\/revisions"}],"wp:attachment":[{"href":"https:\/\/congresos.unlp.edu.ar\/apicowplexa2024\/wp-json\/wp\/v2\/media?parent=75"}],"curies":[{"name":"wp","href":"https:\/\/api.w.org\/{rel}","templated":true}]}}