{"id":298,"date":"2024-03-08T10:09:13","date_gmt":"2024-03-08T13:09:13","guid":{"rendered":"https:\/\/congresos.unlp.edu.ar\/apicowplexa2024\/?page_id=298"},"modified":"2024-10-01T12:05:22","modified_gmt":"2024-10-01T15:05:22","slug":"envio-de-resumenes","status":"publish","type":"page","link":"https:\/\/congresos.unlp.edu.ar\/apicowplexa2024\/envio-de-resumenes\/","title":{"rendered":"RES\u00daMENES"},"content":{"rendered":"<div id=\"pl-298\"  class=\"panel-layout\" ><div id=\"pg-298-0\"  class=\"panel-grid panel-has-style\"  style=\"margin-bottom: 0px\" ><div class=\"siteorigin-panels-stretch panel-row-style panel-row-style-for-298-0\" style=\"padding: 0px 0px 0px 0px;\" data-stretch-type=\"full-width-stretch\" ><div id=\"pgc-298-0-0\"  class=\"panel-grid-cell\" ><div id=\"panel-298-0-0-0\" class=\"so-panel widget widget_sow-hero panel-first-child\" data-index=\"0\" style=\"margin: 0px 0px 0px 0px;\" ><div style=\"padding: 0px 0px 0px 0px;\" class=\"panel-widget-style panel-widget-style-for-298-0-0-0\" ><div\n\t\t\t\n\t\t\tclass=\"so-widget-sow-hero so-widget-sow-hero-default-6e897f0f5340-298 so-widget-fittext-wrapper\"\n\t\t\t data-fit-text-compressor=\"0.85\"\n\t\t>\t\t\t\t<div class=\"sow-slider-base\" style=\"display: none\" tabindex=\"0\">\n\t\t\t\t\t<ul\n\t\t\t\t\tclass=\"sow-slider-images\"\n\t\t\t\t\tdata-settings=\"{&quot;pagination&quot;:true,&quot;speed&quot;:800,&quot;timeout&quot;:8000,&quot;paused&quot;:false,&quot;pause_on_hover&quot;:true,&quot;swipe&quot;:true,&quot;nav_always_show_desktop&quot;:&quot;&quot;,&quot;nav_always_show_mobile&quot;:&quot;&quot;,&quot;breakpoint&quot;:&quot;780px&quot;,&quot;unmute&quot;:false,&quot;anchor&quot;:null}\"\n\t\t\t\t\tstyle=\"min-height: 500px\"\t\t\t\t\tdata-anchor-id=\"\"\n\t\t\t\t><\/ul>\t\t\t\t<ol class=\"sow-slider-pagination\">\n\t\t\t\t\t\t\t\t\t<\/ol>\n\n\t\t\t\t<div class=\"sow-slide-nav sow-slide-nav-next\">\n\t\t\t\t\t<a href=\"#\" data-goto=\"next\" aria-label=\"diapositiva siguiente\" data-action=\"next\">\n\t\t\t\t\t\t<em class=\"sow-sld-icon-thin-right\"><\/em>\n\t\t\t\t\t<\/a>\n\t\t\t\t<\/div>\n\n\t\t\t\t<div class=\"sow-slide-nav sow-slide-nav-prev\">\n\t\t\t\t\t<a href=\"#\" data-goto=\"previous\" aria-label=\"diapositiva anterior\" data-action=\"prev\">\n\t\t\t\t\t\t<em class=\"sow-sld-icon-thin-left\"><\/em>\n\t\t\t\t\t<\/a>\n\t\t\t\t<\/div>\n\t\t\t\t<\/div><\/div><\/div><\/div><div id=\"panel-298-0-0-1\" class=\"so-panel widget widget_sow-editor panel-last-child\" data-index=\"1\" style=\"margin: 50px 300px 20px 300px;\" ><div class=\"panel-widget-style panel-widget-style-for-298-0-0-1\" ><div\n\t\t\t\n\t\t\tclass=\"so-widget-sow-editor so-widget-sow-editor-base\"\n\t\t\t\n\t\t><h3 class=\"widget-title\">Lineamientos para el armado de e-posters<\/h3>\n<div class=\"siteorigin-widget-tinymce textwidget\">\n\t<p style=\"font-weight: 400\"><b><i>Modalidad de presentaci\u00f3n:<\/i><\/b><\/p>\n<p style=\"font-weight: 400\"><strong>Presentaci\u00f3n oral:<\/strong><\/p>\n<p style=\"font-weight: 400\">Cada secci\u00f3n tendra 2 comunicaciones orales, donde cada presentador tendr\u00e1 10 minutos para presentar su material y 5 minutos adicionales para preguntas. Puede utilizarse una ayuda audiovisual en forma de diapositivas con el programa de su elecci\u00f3n. Antes del 10 de octubre se informar\u00e1 si su abstract fue elegido para esta modalidad de presentaci\u00f3n.<\/p>\n<p style=\"font-weight: 400\"><b><i>Poster Pitch:<\/i><\/b><\/p>\n<p style=\"font-weight: 400\">Todos los E- posters se presentar\u00e1n con este formato. Cada presentador tendr\u00e1 5 minutos para presentar su poster y 1 minuto adicional para preguntas.<\/p>\n<p><strong>Formato:<\/strong><\/p>\n<ul>\n<li>Para que el e-poster se visualice de forma correcta, recomendamos configurarlo como una diapositiva de Power point pantalla panor\u00e1mica (widescreen; 16:9 dise\u00f1o), o su equivalente de otro software. Para ver un ejemplo, pueden <a href=\"https:\/\/congresos.unlp.edu.ar\/apicowplexa2024\/wp-content\/uploads\/sites\/74\/2024\/09\/ApicoWplexa-Sample-Slide-1.pptx\">descargar aqu\u00ed el archivo adjunto con el ejemplo.<\/a><\/li>\n<li>Una vez armado, enviar el poster en PDF al mail <strong>apicowplexa2024.fcv.unlp@gmail.com<\/strong> con el Asunto:\"poster + work code\".<\/li>\n<\/ul>\n<p><strong>Contentido:<\/strong><\/p>\n<ul>\n<li>Incluir c\u00f3digo de Abstract<\/li>\n<li>Incluir t\u00edtulo del Abstract<\/li>\n<li>Indicar autores del trabajo (apellido, primera inicial), y afiliaciones con n\u00fameros en super\u00edndice<\/li>\n<li>Incluir e-mail de contacto del autor que presenta el trabajo<\/li>\n<li>Desarrollo del poster: seg\u00fan criterio del autor (es). Puede utilizarse el dise\u00f1o, color, fuente de su elecci\u00f3n.<\/li>\n<li>La Fuente a utilizar puede ser may\u00fascula, min\u00fascula, it\u00e1lica, subrayada o negrita<\/li>\n<li>Pueden incluirse \u00edtems como:\n<ul>\n<li>Cajas para delimiter secciones (Introducci\u00f3n, Materiales y M\u00e9todos, Resultados, Conclusiones, Referencias, etc)<\/li>\n<li>Tablas<\/li>\n<li>Gr\u00e1ficos<\/li>\n<li>Fotograf\u00edas<\/li>\n<li>Figuras<\/li>\n<\/ul>\n<\/li>\n<li><strong>El tama\u00f1o m\u00ednimo de letra debe ser de 18.<\/strong><\/li>\n<\/ul>\n<\/div>\n<\/div><\/div><\/div><\/div><\/div><\/div><\/div>","protected":false},"excerpt":{"rendered":"<p>Modalidad de presentaci\u00f3n: Presentaci\u00f3n oral: Cada secci\u00f3n tendra 2 comunicaciones orales, donde cada presentador tendr\u00e1 10 minutos para presentar su material y 5 minutos adicionales para preguntas. Puede utilizarse una ayuda audiovisual en forma de diapositivas con el programa de su elecci\u00f3n. Antes del 10 de octubre se informar\u00e1 si su abstract fue elegido para [&hellip;]<\/p>\n","protected":false},"author":190,"featured_media":0,"parent":0,"menu_order":0,"comment_status":"closed","ping_status":"closed","template":"home-panels.php","meta":{"advgb_blocks_editor_width":"","advgb_blocks_columns_visual_guide":"","footnotes":""},"class_list":["post-298","page","type-page","status-publish","hentry","post"],"aioseo_notices":[],"coauthors":[],"author_meta":{"author_link":"https:\/\/congresos.unlp.edu.ar\/apicowplexa2024\/author\/prensaydifusion\/","display_name":"prensaydifusion"},"relative_dates":{"created":"Publicado 2 a\u00f1os hace","modified":"Actualizado 2 a\u00f1os hace"},"absolute_dates":{"created":"Publicado el 8 marzo, 2024","modified":"Actualizado el 1 octubre, 2024"},"absolute_dates_time":{"created":"Publicado el 8 marzo, 2024 10:09 am","modified":"Actualizado el 1 octubre, 2024 12:05 pm"},"featured_img_caption":"","featured_img":false,"series_order":"","_links":{"self":[{"href":"https:\/\/congresos.unlp.edu.ar\/apicowplexa2024\/wp-json\/wp\/v2\/pages\/298","targetHints":{"allow":["GET"]}}],"collection":[{"href":"https:\/\/congresos.unlp.edu.ar\/apicowplexa2024\/wp-json\/wp\/v2\/pages"}],"about":[{"href":"https:\/\/congresos.unlp.edu.ar\/apicowplexa2024\/wp-json\/wp\/v2\/types\/page"}],"author":[{"embeddable":true,"href":"https:\/\/congresos.unlp.edu.ar\/apicowplexa2024\/wp-json\/wp\/v2\/users\/190"}],"replies":[{"embeddable":true,"href":"https:\/\/congresos.unlp.edu.ar\/apicowplexa2024\/wp-json\/wp\/v2\/comments?post=298"}],"version-history":[{"count":0,"href":"https:\/\/congresos.unlp.edu.ar\/apicowplexa2024\/wp-json\/wp\/v2\/pages\/298\/revisions"}],"wp:attachment":[{"href":"https:\/\/congresos.unlp.edu.ar\/apicowplexa2024\/wp-json\/wp\/v2\/media?parent=298"}],"curies":[{"name":"wp","href":"https:\/\/api.w.org\/{rel}","templated":true}]}}