{"id":295,"date":"2024-03-08T10:05:33","date_gmt":"2024-03-08T13:05:33","guid":{"rendered":"https:\/\/congresos.unlp.edu.ar\/apicowplexa2024\/?page_id=295"},"modified":"2024-08-14T21:45:59","modified_gmt":"2024-08-15T00:45:59","slug":"inscripcion-y-pagos","status":"publish","type":"page","link":"https:\/\/congresos.unlp.edu.ar\/apicowplexa2024\/inscripcion-y-pagos\/","title":{"rendered":"INSCRIPCI\u00d3N"},"content":{"rendered":"<div id=\"pl-295\"  class=\"panel-layout\" ><div id=\"pg-295-0\"  class=\"panel-grid panel-has-style\"  style=\"margin-bottom: 0px\" ><div class=\"siteorigin-panels-stretch panel-row-style panel-row-style-for-295-0\" style=\"padding: 0px 0px 0px 0px;\" data-stretch-type=\"full-width-stretch\" ><div id=\"pgc-295-0-0\"  class=\"panel-grid-cell\" ><div id=\"panel-295-0-0-0\" class=\"so-panel widget widget_sow-hero panel-first-child\" data-index=\"0\" style=\"margin: 0px 0px 0px 0px;\" ><div style=\"padding: 0px 0px 0px 0px;\" class=\"panel-widget-style panel-widget-style-for-295-0-0-0\" ><div\n\t\t\t\n\t\t\tclass=\"so-widget-sow-hero so-widget-sow-hero-default-04b2868a9d4c-295 so-widget-fittext-wrapper\"\n\t\t\t data-fit-text-compressor=\"0.85\"\n\t\t>\t\t\t\t<div class=\"sow-slider-base\" style=\"display: none\" tabindex=\"0\">\n\t\t\t\t\t<ul\n\t\t\t\t\tclass=\"sow-slider-images\"\n\t\t\t\t\tdata-settings=\"{&quot;pagination&quot;:true,&quot;speed&quot;:800,&quot;timeout&quot;:8000,&quot;paused&quot;:false,&quot;pause_on_hover&quot;:true,&quot;swipe&quot;:true,&quot;nav_always_show_desktop&quot;:&quot;&quot;,&quot;nav_always_show_mobile&quot;:&quot;&quot;,&quot;breakpoint&quot;:&quot;780px&quot;,&quot;unmute&quot;:false,&quot;anchor&quot;:null}\"\n\t\t\t\t\tstyle=\"min-height: 500px\"\t\t\t\t\tdata-anchor-id=\"\"\n\t\t\t\t><\/ul>\t\t\t\t<ol class=\"sow-slider-pagination\">\n\t\t\t\t\t\t\t\t\t<\/ol>\n\n\t\t\t\t<div class=\"sow-slide-nav sow-slide-nav-next\">\n\t\t\t\t\t<a href=\"#\" data-goto=\"next\" aria-label=\"diapositiva siguiente\" data-action=\"next\">\n\t\t\t\t\t\t<em class=\"sow-sld-icon-thin-right\"><\/em>\n\t\t\t\t\t<\/a>\n\t\t\t\t<\/div>\n\n\t\t\t\t<div class=\"sow-slide-nav sow-slide-nav-prev\">\n\t\t\t\t\t<a href=\"#\" data-goto=\"previous\" aria-label=\"diapositiva anterior\" data-action=\"prev\">\n\t\t\t\t\t\t<em class=\"sow-sld-icon-thin-left\"><\/em>\n\t\t\t\t\t<\/a>\n\t\t\t\t<\/div>\n\t\t\t\t<\/div><\/div><\/div><\/div><div id=\"panel-295-0-0-1\" class=\"so-panel widget widget_sow-editor panel-last-child\" data-index=\"1\" style=\"margin: 50px 300px 20px 300px;\" ><div class=\"panel-widget-style panel-widget-style-for-295-0-0-1\" ><div\n\t\t\t\n\t\t\tclass=\"so-widget-sow-editor so-widget-sow-editor-base\"\n\t\t\t\n\t\t>\n<div class=\"siteorigin-widget-tinymce textwidget\">\n\t<p><strong>FECHAS DE INSCRIPCI\u00d3N Y ENV\u00cdO DE RES\u00daMENES<\/strong><\/p>\n<div class=\"gmail_quote\">\n<div class=\"gmail_quote\">\n<p><strong><span style=\"color: #e61458\">la fecha l\u00edmite para el env\u00edo de res\u00famenes se extendi\u00f3 hasta el 10 de septiembre<\/span><\/strong><br \/>\n<strong><span style=\"color: #e61458\">\u00a1SE EXTENDI\u00d3 LA INSCRIPCI\u00d3N TEMPRANA HASTA EL 15 DE AGOSTO DE 2024!<\/span><\/strong><\/p>\n<p><strong>Inscripci\u00f3n tard\u00eda: desde el 16 de agosto hasta el 15 de octubre de 2024.<\/strong><\/p>\n<p>Precios y formas de pago:<\/p>\n<table width=\"607\">\n<tbody>\n<tr>\n<td width=\"235\"><\/td>\n<td width=\"176\">Temprana<\/td>\n<td width=\"196\">Tard\u00eda<\/td>\n<\/tr>\n<tr>\n<td width=\"235\">Profesionales no residentes<\/td>\n<td width=\"176\">U$D 320<\/td>\n<td width=\"196\">U$D 370<\/td>\n<\/tr>\n<tr>\n<td width=\"235\">Estudiantes no residentes<\/td>\n<td width=\"176\">U$D 190<\/td>\n<td width=\"196\">U$D 230<\/td>\n<\/tr>\n<tr>\n<td width=\"235\">Profesionales residentes<\/td>\n<td width=\"176\">AR$ 120.000<\/td>\n<td width=\"196\">AR$ 150.000<\/td>\n<\/tr>\n<tr>\n<td width=\"235\">Estudiantes residentes<\/td>\n<td width=\"176\">AR$ 70.000<\/td>\n<td width=\"196\">AR$ 90.000<\/td>\n<\/tr>\n<\/tbody>\n<\/table>\n<p><a href=\"https:\/\/docs.google.com\/forms\/d\/e\/1FAIpQLScGI61Rk3suDltPf2WCp1Mp_MkX2ZLyI_Iec9Ts32O2pWyD9Q\/viewform\">Para inscribirte como residente, hac\u00e9 <span style=\"text-decoration: underline\">CLICK<\/span> <u>AQU\u00cd<\/u><\/a><\/p>\n<p><a href=\"https:\/\/docs.google.com\/forms\/d\/e\/1FAIpQLSeiENAH-za83wdk_gZUM-WNQHFNWYucdgxsiVHHCnY-pCHFJQ\/viewform\">Para inscribirte como no residente, hac\u00e9 CLICK AQU\u00cd<\/a><\/p>\n<\/div>\n<\/div>\n<\/div>\n<\/div><\/div><\/div><\/div><\/div><\/div><\/div>","protected":false},"excerpt":{"rendered":"<p>FECHAS DE INSCRIPCI\u00d3N Y ENV\u00cdO DE RES\u00daMENES la fecha l\u00edmite para el env\u00edo de res\u00famenes se extendi\u00f3 hasta el 10 de septiembre \u00a1SE EXTENDI\u00d3 LA INSCRIPCI\u00d3N TEMPRANA HASTA EL 15 DE AGOSTO DE 2024! Inscripci\u00f3n tard\u00eda: desde el 16 de agosto hasta el 15 de octubre de 2024. Precios y formas de pago: Temprana Tard\u00eda [&hellip;]<\/p>\n","protected":false},"author":190,"featured_media":0,"parent":0,"menu_order":0,"comment_status":"closed","ping_status":"closed","template":"home-panels.php","meta":{"advgb_blocks_editor_width":"","advgb_blocks_columns_visual_guide":"","footnotes":""},"class_list":["post-295","page","type-page","status-publish","hentry","post"],"aioseo_notices":[],"coauthors":[],"author_meta":{"author_link":"https:\/\/congresos.unlp.edu.ar\/apicowplexa2024\/author\/prensaydifusion\/","display_name":"prensaydifusion"},"relative_dates":{"created":"Publicado 2 a\u00f1os hace","modified":"Actualizado 2 a\u00f1os hace"},"absolute_dates":{"created":"Publicado el 8 marzo, 2024","modified":"Actualizado el 14 agosto, 2024"},"absolute_dates_time":{"created":"Publicado el 8 marzo, 2024 10:05 am","modified":"Actualizado el 14 agosto, 2024 9:45 pm"},"featured_img_caption":"","featured_img":false,"series_order":"","_links":{"self":[{"href":"https:\/\/congresos.unlp.edu.ar\/apicowplexa2024\/wp-json\/wp\/v2\/pages\/295","targetHints":{"allow":["GET"]}}],"collection":[{"href":"https:\/\/congresos.unlp.edu.ar\/apicowplexa2024\/wp-json\/wp\/v2\/pages"}],"about":[{"href":"https:\/\/congresos.unlp.edu.ar\/apicowplexa2024\/wp-json\/wp\/v2\/types\/page"}],"author":[{"embeddable":true,"href":"https:\/\/congresos.unlp.edu.ar\/apicowplexa2024\/wp-json\/wp\/v2\/users\/190"}],"replies":[{"embeddable":true,"href":"https:\/\/congresos.unlp.edu.ar\/apicowplexa2024\/wp-json\/wp\/v2\/comments?post=295"}],"version-history":[{"count":0,"href":"https:\/\/congresos.unlp.edu.ar\/apicowplexa2024\/wp-json\/wp\/v2\/pages\/295\/revisions"}],"wp:attachment":[{"href":"https:\/\/congresos.unlp.edu.ar\/apicowplexa2024\/wp-json\/wp\/v2\/media?parent=295"}],"curies":[{"name":"wp","href":"https:\/\/api.w.org\/{rel}","templated":true}]}}