{"id":292,"date":"2024-03-08T09:16:35","date_gmt":"2024-03-08T12:16:35","guid":{"rendered":"https:\/\/congresos.unlp.edu.ar\/apicowplexa2024\/?page_id=292"},"modified":"2024-10-18T12:58:08","modified_gmt":"2024-10-18T15:58:08","slug":"programa","status":"publish","type":"page","link":"https:\/\/congresos.unlp.edu.ar\/apicowplexa2024\/programa\/","title":{"rendered":"PROGRAMA"},"content":{"rendered":"<div id=\"pl-292\"  class=\"panel-layout\" ><div id=\"pg-292-0\"  class=\"panel-grid panel-has-style\"  style=\"margin-bottom: 0px\" ><div class=\"siteorigin-panels-stretch panel-row-style panel-row-style-for-292-0\" style=\"padding: 0px 0px 0px 0px;\" data-stretch-type=\"full-width-stretch\" ><div id=\"pgc-292-0-0\"  class=\"panel-grid-cell\" ><div id=\"panel-292-0-0-0\" class=\"so-panel widget widget_sow-hero panel-first-child\" data-index=\"0\" style=\"margin: 0px 0px 0px 0px;\" ><div style=\"padding: 0px 0px 0px 0px;\" class=\"panel-widget-style panel-widget-style-for-292-0-0-0\" ><div\n\t\t\t\n\t\t\tclass=\"so-widget-sow-hero so-widget-sow-hero-default-6e897f0f5340-292 so-widget-fittext-wrapper\"\n\t\t\t data-fit-text-compressor=\"0.85\"\n\t\t>\t\t\t\t<div class=\"sow-slider-base\" style=\"display: none\" tabindex=\"0\">\n\t\t\t\t\t<ul\n\t\t\t\t\tclass=\"sow-slider-images\"\n\t\t\t\t\tdata-settings=\"{&quot;pagination&quot;:true,&quot;speed&quot;:800,&quot;timeout&quot;:8000,&quot;paused&quot;:false,&quot;pause_on_hover&quot;:true,&quot;swipe&quot;:true,&quot;nav_always_show_desktop&quot;:&quot;&quot;,&quot;nav_always_show_mobile&quot;:&quot;&quot;,&quot;breakpoint&quot;:&quot;780px&quot;,&quot;unmute&quot;:false,&quot;anchor&quot;:null}\"\n\t\t\t\t\tstyle=\"min-height: 500px\"\t\t\t\t\tdata-anchor-id=\"\"\n\t\t\t\t><\/ul>\t\t\t\t<ol class=\"sow-slider-pagination\">\n\t\t\t\t\t\t\t\t\t<\/ol>\n\n\t\t\t\t<div class=\"sow-slide-nav sow-slide-nav-next\">\n\t\t\t\t\t<a href=\"#\" data-goto=\"next\" aria-label=\"diapositiva siguiente\" data-action=\"next\">\n\t\t\t\t\t\t<em class=\"sow-sld-icon-thin-right\"><\/em>\n\t\t\t\t\t<\/a>\n\t\t\t\t<\/div>\n\n\t\t\t\t<div class=\"sow-slide-nav sow-slide-nav-prev\">\n\t\t\t\t\t<a href=\"#\" data-goto=\"previous\" aria-label=\"diapositiva anterior\" data-action=\"prev\">\n\t\t\t\t\t\t<em class=\"sow-sld-icon-thin-left\"><\/em>\n\t\t\t\t\t<\/a>\n\t\t\t\t<\/div>\n\t\t\t\t<\/div><\/div><\/div><\/div><div id=\"panel-292-0-0-1\" class=\"so-panel widget widget_sow-editor panel-last-child\" data-index=\"1\" style=\"margin: 50px 300px 20px 300px;\" ><div class=\"panel-widget-style panel-widget-style-for-292-0-0-1\" ><div\n\t\t\t\n\t\t\tclass=\"so-widget-sow-editor so-widget-sow-editor-base\"\n\t\t\t\n\t\t><h3 class=\"widget-title\">PROGRAMA FINAL<\/h3>\n<div class=\"siteorigin-widget-tinymce textwidget\">\n\t<p><strong>WEDNESDAY, OCTOBER 23<\/strong><\/p>\n<p><strong><em>\u00a0<\/em><\/strong><\/p>\n<p><strong>-14:00-16:00:<\/strong> Registration<\/p>\n<p><strong>-16:00: Opening ceremony. <\/strong>Speakers: Dr. Cecilia Venturini (Argentina) and Dr. Dadin Prando Moore (Argentina).<\/p>\n<p><strong>-16:15-17:00: Symposium:<\/strong> <em>\"ApicoWplexa meeting: History, achievements and consequences ...\u201d <\/em>Speaker: Dr. Andrew Hemphill (Switzerland).<\/p>\n<p>&nbsp;<\/p>\n<p><strong>SESSION 1: ONE HEALTH<\/strong><\/p>\n<p>Chairs: Dr. Mar\u00eda Cecilia Venturini (Argentina) and Dr. Dad\u00edn Prando Moore (Argentina).<\/p>\n<p><strong>17:00-17:30: Keynote<\/strong><em>: \u201cA One Health Perspective of Apicomplexan Parasites in Europe.\u201d <\/em>Speaker: Dr. Frank Katzer.<\/p>\n<p><strong>-17:30-19:00:<\/strong> Oral presentations and electronic posters.<\/p>\n<p><strong><em>Oral presentations:<\/em><\/strong><\/p>\n<p><strong>17:30-17:45: OH1. <\/strong>Cryptosporidiosis of newborn calves in Argentina: overview and surprising findings. Presenting author: Schnittger, L.<\/p>\n<p><strong>17:45-18:00: OH2. <\/strong>Diagnostic biomarkers of <em>Toxoplasma gondii<\/em> early infection in experimentally infected sheep. Presenting author: Huertas-L\u00f3pez, A.<\/p>\n<p><strong><em>E-posters:<\/em><\/strong><\/p>\n<p><strong>OH3.<\/strong> Investigating transmission of <em>Cryptosporidium parvum<\/em> between Greylag geese and livestock. Presenting author: Hamilton, C.<\/p>\n<p><strong>OH4.<\/strong> Identification of <em>Sarcocystis<\/em> infecting the musculature of the invasive African green monkey in St Kitts. Presenting author: Freeman, M.<\/p>\n<p><strong>OH5.<\/strong> Detection and molecular characterization of <em>Toxoplasma gondii<\/em> in American minks (<em>Neogale vison<\/em>) introduced in Patagonia, Argentina. Presenting author: Runco, M. (<strong>*<\/strong>)<\/p>\n<p><strong>OH6.<\/strong> Survival of <em>Toxoplasma gondii<\/em> oocysts in a semi-arid climate in northeastern Brazil. Presenting author: Ferreira Feitosa, T. (<strong>*<\/strong>)<\/p>\n<p><strong>OH7. <\/strong>Serological insights <em>Toxoplasma gondii<\/em> and<em> Neospora caninum<\/em> in free-ranging wild boar and <em>Axis deer<\/em> populations in Uruguay. Presenting author: Cabrera, A.<\/p>\n<p><strong>OH8. <\/strong>Molecular characterisation of <em>Cryptosporidium<\/em> spp. from the intestine of synanthropic rodents from urban and peri-urban areas of La Plata, Argentina. Presenting author: Fitte, B.<\/p>\n<p><strong>OH9. <\/strong>Elucidating immune responses to <em>Toxoplasma gondii<\/em> in porcine skeletal muscle and neurons. Presenting author: Chandrasegaran, P. R. G. (<strong>*<\/strong>)<\/p>\n<p><strong>OH10.<\/strong> Prevalence of anti-<em>Toxoplasma gondii<\/em> antibodies in slaughterhouse workers in the state of Para\u00edba, Brazil: epidemiological assessment and occupational risks. Presenting author: Ribeiro Vilela, V. L. (<strong>*<\/strong>)<\/p>\n<p><strong>OH11. <\/strong>Analysis of free-living seabirds from Brazil as potential hosts of <em>Toxoplasma gondii. <\/em>Presenting author: Chiebao, D.<\/p>\n<p>&nbsp;<\/p>\n<p><strong>-19:15:<\/strong> Welcome reception. Amau Hotel.<\/p>\n<p>&nbsp;<\/p>\n<p><strong>\u00a0<\/strong><\/p>\n<p><strong>THURSDAY, OCTOBER 24<\/strong><\/p>\n<p><strong>\u00a0<\/strong><\/p>\n<p><strong>SESSION 2: EPIDEMIOLOGY AND ECONOMIC IMPACT<\/strong><\/p>\n<p>Chairs: Dr. Gast\u00f3n Mor\u00e9 (Switzerland) and Dr. Alexandre Leit\u00e3o (Portugal).<\/p>\n<p><strong>- 09:00-9:30: Keynote: <\/strong><em>\"Apicomplexan parasites associated with reproductive losses in South America\". <\/em>Speaker: Dr. Germ\u00e1n Cant\u00f3n (Argentina).<\/p>\n<p><strong>- 9:30-11:00:<\/strong> Oral presentations and electronic posters.<\/p>\n<p><strong><em>Oral presentations:<\/em><\/strong><\/p>\n<p><strong>-9:30-9:45: EEI1.<\/strong> Confirmation of the dog (<em>Canis lupus familiaris<\/em>) as definitive host of <em>Sarcocystis aucheniae <\/em>under natural conditions by microscopy and molecular studies. Presenting author: Florin-Christensen M.<\/p>\n<p><strong>-9:45-10:00: EEI2.<\/strong> <em>Sarcocystis<\/em> spp. and <em>Toxoplasma gondii <\/em>in muscles from wild boars (<em>Sus scrofa<\/em>) in Switzerland. Presenting author: Mor\u00e9 G.<\/p>\n<p><strong><em>E-posters (1<sup>st<\/sup> part):<\/em><\/strong><\/p>\n<p><strong>EEI3.<\/strong> Estimation of direct economic and productive losses due to abortions caused by <em>Neospora caninum<\/em> in the primary dairy sector of Uruguay. Presenting author: Carrillo Parraguez, M.<\/p>\n<p><strong>EEI4.<\/strong> Natural infection with <em>Besnoitia akodoni<\/em> (protozoa: Sarcocystidae) in synanthropic (<em>Muridae<\/em>) and wild (<em>Cricetidae<\/em>) rodents of Argentina. Presenting author: Bentancourt Rossoli, J. V. (<strong>*<\/strong>)<\/p>\n<p><strong>EEI5.<\/strong> <em>Neospora caninum<\/em> and <em>Toxoplasma gondii<\/em> in naturally infected synanthropic (<em>Muridae<\/em>) and wild (<em>Cricetidae<\/em>) rodents from argentina. Presenting author: Bentancourt Rossoli, J. V. (<strong>*<\/strong>)<\/p>\n<p><strong>EEI6.<\/strong> Detection of <em>Toxoplasma gondii<\/em> in retail meat from S\u00e3o Paulo megacity, Brazil. Presenting author: Chiebao, D.<\/p>\n<p><strong>EEI7.<\/strong> Molecular detection of agents transmitted by vector arthropods in buffalos (<em>Bubalus bubalis<\/em>) and associated ectoparasites in southeastern Brazil. Presenting author: Zacarias Machado, R.<\/p>\n<p><strong>EEI8.<\/strong> Molecular occurrence of <em>Theileria parva<\/em> in cattle and wild buffalos in Mozambique. Presenting author: Zacarias Machado, R.<\/p>\n<p><strong>EEI9.<\/strong> Bovine coccidiosis: retrospective study of 63 outbreaks at INTA Balcarce (1998-2024). Presenting author: Vilatu\u00f1a, E. (<strong>*<\/strong>)<\/p>\n<p><strong>EEI10.<\/strong> <em>Cryptosporidium<\/em> spp. in outbreaks of bovine neonatal diarrhea registered at INTA Balcarce (2001-2023). Presenting author: Vilatu\u00f1a, E. (<strong>*<\/strong>)<\/p>\n<p><strong><em>E- poster session continues after Session 5 (18:20-19:15 hs)<\/em><\/strong><\/p>\n<p><strong>-11:00-11:30:<\/strong> <em>Coffee break.<\/em><\/p>\n<p><em>\u00a0<\/em><\/p>\n<p><em>\u00a0<\/em><\/p>\n<p><strong>SESSION 3:<\/strong> <strong>DIAGNOSIS<\/strong><\/p>\n<p>Chairs: Dr. Luc\u00eda Mar\u00eda Campero (Argentina) and Dr. Magdalena Rambeaud (Argentina).<\/p>\n<p><strong>-11:30-12:00: Keynote: <\/strong><em>\"Serodiagnosis of Toxoplasma gondii infection: recent advances and a One Health approach\". <\/em>Speaker: Dr. Gema \u00c1lvarez Garc\u00eda (Spain).<\/p>\n<p><strong>-12:00-13:30:<\/strong> Oral presentations and electronic posters.<\/p>\n<p><strong><em>Oral presentations:<\/em><\/strong><\/p>\n<p><strong>-12:00-12:15: D1. <\/strong>Development of a real-time LAMP for the specific and sensitive detection of <em>Cryptosporidium parvum<\/em> in water samples. Presenting author: de Alba, P. (<strong>*<\/strong>)<\/p>\n<p><strong>-12:15-12:30: D2. <\/strong>Modernizing diagnosis of coccidiosis: challenges faced in adding molecular species differentiation and enumeration to OPG counts from litter or fecal samples. Presenting author: Lindo, D. P. (<strong>*<\/strong>)<\/p>\n<p><strong><em>E-posters:<\/em><\/strong><\/p>\n<p><strong>D3<em>. <\/em><\/strong>Cryptosporidiosis in dairy cattle from Buenos Aires, Argentina. Presenting author: Basset, C. M. (<strong>*<\/strong>)<\/p>\n<p><strong>D5<em>. <\/em><\/strong>Development and validation of a new IgM-ELISA to detect anti- <em>Toxoplasma gondii<\/em> antibodies in sheep sera. Presenting author: Huertas-L\u00f3pez, A.<\/p>\n<p><strong>D6<em>. <\/em><\/strong>Exploring NcSAG1 and NcSRS2: Recombinant Proteins of <em>Neospora caninum<\/em> and their role in pathogenesis and diagnostics. Presenting author: Echeverr\u00eda, S.<\/p>\n<p><strong>D7. <\/strong>First report of congenital toxoplasmosis in guanacos (<em>Lama guanicoe<\/em>) from Los Glaciares National Park, Argentina. Presenting author: Campero, L. M.<\/p>\n<p><strong>D8. <\/strong>Assessment of diagnostic techniques of bovine abortion by <em>Neospora caninum<\/em> at INTA Balcarce. Presenting author: Sosa, E. (<strong>*<\/strong>)<\/p>\n<p><strong>D9. <\/strong>A putative new <em>Besnoitia <\/em>species in the southern black-eared opossum <em>Didelphis aurita. <\/em>Presenting author: Mor\u00e9, G.A.<\/p>\n<p><strong>D10.<\/strong> Detection of <em>Sarcocystis capracanis<\/em> and <em>Sarcocystis hircicanis<\/em> in goats from Argentina. Presenting author: Steffen, K. D.<\/p>\n<p><strong>-13:30-14:45:<\/strong> <em>Lunch.<\/em><\/p>\n<p><em>\u00a0<\/em><\/p>\n<p><em>\u00a0<\/em><\/p>\n<p><strong>SESSION 4: TREATMENT AND CONTROL<\/strong><\/p>\n<p>Chairs: Dr. Pita Gondim (Brazil) and Dr. Dadin Prando Moore (Argentina)<\/p>\n<p><strong>-14:45-15:15: Keynote: <\/strong><em>\u201cCurrent and potentially novel options for control of diseases caused by apicomplexans affecting farm animals.\u201d <\/em>Speaker: Dr. Andrew Hemphil (Switzerland).<\/p>\n<p><strong>-15:15-16:45<\/strong> Oral presentations and electronic posters.<\/p>\n<p><strong><em>Oral presentations: <\/em><\/strong><\/p>\n<p><strong>-15:15-15:30: TC1. <\/strong>Effects of the novel bumped kinase inhibitor BKI-1708 against <em>Toxoplasma gondii<\/em>, <em>Neospora caninum<\/em> and <em>Besnoitia besnoiti<\/em>: differences and similarities. Presenting author: Ferreira de Sousa, M.C. (<strong>*<\/strong>)<\/p>\n<p><strong>-15:30-15:45: TC2. <\/strong>Tartrolon E: a new drug candidate for <em>Cryptosporidium parvum <\/em>infections. Preliminary results. Presenting author: Fumuso, F.G. (<strong>*<\/strong>)<\/p>\n<p><strong><em>E-posters:<\/em><\/strong><\/p>\n<p><strong>TC3. <\/strong><em>In vitro <\/em>and <em>in vivo<\/em> activities of a trithiolato-diruthenium complex conjugated with sulfadoxine against the apicomplexan parasite <em>Toxoplasma gondii<\/em>. Presenting author: H\u00e4nggeli, K.P.A. (<strong>*<\/strong>)<\/p>\n<p><strong>TC4. <\/strong>Marine compound tartrolon E rapidly blocks <em>Toxoplasma gondii<\/em> host cells invasion capacity without affecting viability, morphology, nor attachment capabilities. Presenting author: Fumuso, F.G. (<strong>*<\/strong>)<\/p>\n<p><strong>TC5. <\/strong>Repurposing of covid box and kinetic box to discover potential drugs against <em>Besnoitia besnoiti<\/em> infection. Presenting author: \u00c1lvarez, G.<\/p>\n<p><strong>TC6. <\/strong>Drug discovery against <em>Sarcocystis neurona<\/em> infection. Presenting author: Kubota, R.<\/p>\n<p><strong>TC7.<\/strong> <em>Cryptosporidium<\/em> specific IgY antibodies reduce severe diarrhea in an experimental calf model of infection and disease. Presenting author: Mira, A.<\/p>\n<p><strong>TC8. <\/strong><em>In vitro<\/em> assessment of antimicrobial peptides as potential agents against <em>Toxoplasma gondii<\/em>. Presenting author: Amdouni, Y.<\/p>\n<p><strong>TC9. <\/strong><em>In vitro<\/em> anticoccidial effect of naringenin and dehydrated grapefruit peel (<em>Citrus x paradisi<\/em>). Presenting author: P\u00e9rez-Fonseca, A.<\/p>\n<p><strong>TC10. <\/strong>Reduction of abortion rates in an Argentinean beef herd by culling <em>Neospora caninum<\/em> seropositive heifers. Presenting author: Moore, D.P.<\/p>\n<p><strong>TC12. <\/strong>Efficacy of a calcium-dependent protein kinase 1 inhibitor, BKI-1708 in animal infection models of <em>Cryptosporidium<\/em>. Presenting author: Ojo, K.K.<\/p>\n<p><strong>-16:45-17:15: <\/strong><em>Coffee break.<\/em><\/p>\n<p><em>\u00a0<\/em><\/p>\n<p><strong>SESSION 5:<\/strong> <strong><em>IN VITRO <\/em>AND<em> IN VIVO <\/em>MODELS<\/strong><\/p>\n<p>Chairs: Dr. Gema Alvarez Garc\u00eda (Spain) and Dr. Andrea Dellarupe (Argentina).<\/p>\n<p><strong>-17:15-17:45: Keynote:<\/strong><em> \u201cRuminant models for tissue cysts-forming apicomplexan parasites: Reflections on the parasite and the host\u2026 and a plea for consistency.\u201d <\/em>Speaker: Dr. Luis Ortega Mora (Spain).<\/p>\n<p><strong>-17:45-18:30:<\/strong> Oral presentations and electronic posters.<\/p>\n<p>&nbsp;<\/p>\n<p><strong><em>Oral presentations:<\/em><\/strong><\/p>\n<p><strong>-17:45-18:00:<\/strong> <strong>IVIVM1.<\/strong> Contrary to the accepted paradigm that type III <em>Toxoplasma gondii<\/em> strains show remarkable diversity of virulence degrees evaluated in a harmonized mouse model. Presenting author: Salas-Fajardo, M.Y. (<strong>*<\/strong>)<\/p>\n<p><strong>-18:00-18:15: IVIVM2. <\/strong>Differences in virulence and oocyst shedding profiles in lambs experimentally infected with different isolates of <em>Cryptosporidium parvum<\/em>. Presenting author: Bartley, P.<\/p>\n<p><strong><em>E-posters:<\/em><\/strong><\/p>\n<p><strong>IVIVM 3.<\/strong> Experimental infection model in calves with <em>C. parvum:<\/em> infectious dose, diarrhea and oocyst excretion. Presenting author: Garro, C. (<strong>*<\/strong>)<\/p>\n<p><strong>-18:20-19:00: Epidemiology and economic impact (2<sup>nd <\/sup>part)<\/strong><\/p>\n<p><strong>EEI11<\/strong>. Sheep, Toxoplasma, and genetic diversity: insights from Uruguay. Presenting author: Tana-Hern\u00e1ndez, L.<\/p>\n<p><strong>EEI12<\/strong>. <em>Toxoplasma gondii<\/em> and <em>Neospora caninum<\/em> in ruminants from Somalia. Presenting author: Barros, L.D.<\/p>\n<p><strong>EEI13.<\/strong> <em>Neospora caninum <\/em>congenital transmission and abortion rates in dairy and beef cattle of central Argentina (1998\u20132024). Presenting author: Cant\u00f3n, G.<\/p>\n<p><strong>EEI14<\/strong>. Equine piroplasmisis: molecular detection of <em>Theileria equi <\/em>and <em>Babesia caballi<\/em> in Corrientes, Argentina. Presenting author: Ganzinelli, S. (<strong>*<\/strong>)<\/p>\n<p><strong>EEI15<\/strong>. PCR detection of cattle cyst-forming coccidian in fecal material of canids from\u00a0\u00a0\u00a0 South-eastern Buenos Aires, Argentina. Presenting author: Soto Cabrera, A. (<strong>*<\/strong>)<\/p>\n<p><strong>\u00a0<\/strong><\/p>\n<p><strong>\u00a0<\/strong><\/p>\n<p><strong>\u00a0<\/strong><\/p>\n<p><strong>FRIDAY, OCTOBER 25<\/strong><\/p>\n<p><strong>\u00a0<\/strong><\/p>\n<p><strong>SESSION 6:<\/strong> <strong>PARASITE-HOST INTERACTIONS AND PATHOGENESIS<\/strong><\/p>\n<p>Chairs: Dr. Juan M. Unzaga (Argentina) and Dr. Luis M. Ortega Mora (Spain).<\/p>\n<p><strong>-09:00-9:30: Keynote: <\/strong><em>\u201cThe role of dogs as definitive hosts of Neospora caninum and several other cyst-forming coccidian parasites.\u201d <\/em>Speaker: Dr. Pita Gondim (Brazil).<\/p>\n<p><strong>-9:30-11:00:<\/strong> Oral presentations and electronic posters.<\/p>\n<p><strong><em>Oral presentations:<\/em><\/strong><\/p>\n<p><strong>-9:30-9:45:<\/strong> <strong>PHIP1.<\/strong> Identifying functional genomic variants and genes associated with <em>Theileria <\/em>infection in cattle. Presenting author: Powell, J.<\/p>\n<p><strong>-9:45-10:00: PHIP2. <\/strong>Early dynamics of <em>Toxoplasma gondii<\/em> infection in pregnant sheep. Presenting author: S\u00e1nchez-S\u00e1nchez, R.<\/p>\n<p><strong><em>E-posters:<\/em><\/strong><\/p>\n<p><strong>PHIP3.<\/strong> Cytokine expression in bovine fetuses spontaneously aborted by <em>Neospora caninum<\/em>. Presenting author: Sosa, E. (<strong>*<\/strong>)<\/p>\n<p><strong>PHIP4.<\/strong> Immune response differences in cattle breeds revealed by differential gene expression analysis following experimental <em>Neospora caninum<\/em> infection. Presenting author: Fiorani, F. (<strong>*<\/strong>)<\/p>\n<p><strong>PHIP5.<\/strong> An overexpression screen identifies interferon stimulated genes that control <em>Toxoplasma<\/em> <em>gondii<\/em> in porcine cells. Presenting author: Ungogo, M.A.<\/p>\n<p><strong>PHIP6. <\/strong>Characterization of <em>Toxoplasma gondii<\/em> non-archetypal isolates provide new insights into their phenotypic traits and confirm the laboratory adaptation phenomena. Presenting author: Ortega-Mora, L.M.<\/p>\n<p><strong>PHIP7.<\/strong> Exploring NCROP2 role in <em>Neospora caninum <\/em>virulence through transcriptomic analysis of bovine macrophages. Presenting author: Ortega-Mora, L.M.<\/p>\n<p><strong>PHIP8.<\/strong> Modulation of host cell membrane fluidity by <em>Neospora caninum<\/em>: a study using laurdan fluorescence and hyperspectral imaging. Presenting author: Cabrera, A.<\/p>\n<p><strong>-11:00-11:30:<\/strong> <em>Coffee break.<\/em><\/p>\n<p><strong>SESSION 7:<\/strong> <strong>CELLULAR AND MOLECULAR BIOLOGY<\/strong><\/p>\n<p>Chairs: Dr. Mar\u00eda Eugenia Francia (Uruguay) and Dr. Lais Pardini (Argentina).<\/p>\n<p><strong>-11:30-12:00: Keynote:<\/strong><em> \u201cAdvances in population genetic studies of Toxoplasma gondii and their applications in the molecular epidemiology of toxoplasmosis\". <\/em>Speaker: Dr. Chunlei Su (USA).<\/p>\n<p><strong>-12:00-13:00:<\/strong> Oral presentations and electronic posters.<\/p>\n<p><strong><em>Oral presentations:<\/em><\/strong><\/p>\n<p><strong>-12:00-12:15:<\/strong> <strong>CMB1.<\/strong> An iswi-related chromatin remodeler orchestrates parasite life cycle progression by insulating gene expression in a densely packed genome. Presenting author: Pachano, B. (*)<\/p>\n<p><strong>-12:15-12:30: CMB2.<\/strong> <em>Neospora caninum<\/em> invasion and replication are modulated by cathelicidins in mouse bone marrow-derived macrophages. Presenting author: Fiorani, F. (*)<\/p>\n<p><strong><em>E-posters:<\/em><\/strong><\/p>\n<p><strong>CMB3. <\/strong>Mitochondrial damage and il-1 production of monocyte by <em>Neospora caninum <\/em>infection is mediated by dense granule protein 7 and prohibitin. Presenting author: Nishikawa, Y.<\/p>\n<p><strong>CMB4. <\/strong>Innate immune response in <em>Neospora caninum<\/em> and BoAHV-1 co-infection: the interaction of TLRs and cathelicidins. Presenting author: Pl\u00e1, N. (<strong>*<\/strong>)<\/p>\n<p><strong>CMB5.<\/strong> Virulence studies of <em>Neospora caninum<\/em> in goat trophoblast primary culture. Presenting author: Alvarez, B.E. (<strong>*<\/strong>)<\/p>\n<p><strong>-13:00-14:15:<\/strong> <em>Lunch<\/em><\/p>\n<p><em>\u00a0<\/em><\/p>\n<p><strong>SESSION 8: IMMUNOLOGY AND VACCINES<\/strong><\/p>\n<p>Chairs: Dr. M.C. Venturini (Argentina) and Dr. Andrew Hemphill (Switzerland).<\/p>\n<p><strong>-14:15-14:45: Keynote: <\/strong><em>\u201cModulating type and localization of adaptive immunity to improve protection against Neospora caninum and Toxoplasma gondii.\u201d <\/em>Speaker: Dr. Alexandre Leit\u00e3o (Portugal).<\/p>\n<p><strong>-14:45-16:15:<\/strong> Oral presentations and electronic posters.<\/p>\n<p><strong><em>Oral presentations:<\/em><\/strong><\/p>\n<p><strong>-14:45-15:00: IV1. <\/strong>Evaluation of the humoral immune response of pigs immunized by intradermal and intramuscular routes with a multigene DNA vaccine (ROP18 + SAG1) against <em>Toxoplasma gondii<\/em>. Presenting author: Garc\u00eda J.L.<\/p>\n<p><strong>-15:00-15:15: IV2. <\/strong>Development of next generation vaccine against <em>Toxoplasma gondii<\/em>. Presenting author: Nishikawa, Y.<\/p>\n<p><strong><em>E-posters:<\/em><\/strong><\/p>\n<p><strong>IV3. <\/strong>Identification of conserved putative surface antigens expressed in infective stages of <em>Eimeria tenella<\/em> and <em>E. acervulina<\/em> through reverse vaccinology. Presenting author: Tomazic, M.<\/p>\n<p><strong>IV4. <\/strong>Immunization with plant-based vaccine expressing <em>Toxoplasma gondii<\/em> SAG1 fused to plant hsp90 elicits protective immune response in lambs. Presenting author: Campero, L.M.<\/p>\n<p><strong><em>E- posters: Epidemiology and economic impact (3<sup>rd <\/sup>part) <\/em><\/strong><\/p>\n<p><strong>OH12. <\/strong>Enhancing One Health outcomes: the importance of data structure and distribution. Presenting author: Helman, E. (<strong>*<\/strong>)<\/p>\n<p><strong>EEI16<\/strong>. Everything about neosporosis in Colombia. Presenting author: Rivas L\u00f3pez, C. P. (*)<\/p>\n<p><strong>EEI17<\/strong>. Seroepidemiology of bovine neosporosis in the dairy herd at INTA Balcarce. Presenting author: Garc\u00eda, C. E. (*)<\/p>\n<p><strong>EEI18<\/strong>. High prevalence cluster of <em>Neospora caninum<\/em> identified in the Mar y Sierras dairy basin, Argentina. Presenting author: Soto Cabrera, A. (<strong>*<\/strong>)<\/p>\n<p><strong>EEI20<\/strong>. <em>Sarcocystis<\/em> cysts burden distribution in striated muscles of lambs. Presenting author: Moore, D. P.<\/p>\n<p>&nbsp;<\/p>\n<p><strong>-16:15-16:45:<\/strong> <em>Coffee break.<\/em><\/p>\n<p><em>\u00a0<\/em><\/p>\n<p><strong>SESSION 9: BIOLOGICAL SYSTEMS (GENOMICS, PROTEOMICS) AND EVOLUTION<\/strong><\/p>\n<p>Chairs: Dr. Chunlei Su (USA) and Dr. Frank Katzer (Scotland).<\/p>\n<p><strong>-16:45-17:15: Keynote:<\/strong> \u201c<em>From the Bench to the Field: Translating Functional Genomics Discoveries into Practical Solutions for the Productive Sectors.\u201d <\/em>Speaker: Dr. Mar\u00eda Eugenia Francia (Uruguay).<\/p>\n<p><strong>-17:15-17:45:<\/strong> Oral presentations.<\/p>\n<p><strong><em>Oral presentations:<\/em><\/strong><\/p>\n<p><strong>-17:15-17:30: BSE1.<\/strong> The tiny, but diverse, mitochondrial genomes of eimeriid and adeleorinid coccidia. Presenting author: Barta, J.R.<\/p>\n<p><strong>-17:30-17:45: BSE2. <\/strong>Genomic analyses of <em>Goussia degiustii<\/em> and <em>Goussia leucisci,<\/em> coccidian parasites infecting fish. Presenting author: Cohen, B. (<strong>*<\/strong>)<\/p>\n<p><strong>-18:30: <\/strong>Awards. Closing comments.<\/p>\n<p><strong>-20:30:<\/strong> Congress dinner. Land Plaza Hotel.<\/p>\n<p><em>Oral Presentations and E-posters marked with <strong>(*)<\/strong> participate for the Junior Scientist Awards.<\/em><\/p>\n<p>&nbsp;<\/p>\n<\/div>\n<\/div><\/div><\/div><\/div><\/div><\/div><\/div>","protected":false},"excerpt":{"rendered":"<p>WEDNESDAY, OCTOBER 23 \u00a0 -14:00-16:00: Registration -16:00: Opening ceremony. Speakers: Dr. Cecilia Venturini (Argentina) and Dr. Dadin Prando Moore (Argentina). -16:15-17:00: Symposium: \u00abApicoWplexa meeting: History, achievements and consequences &#8230;\u201d Speaker: Dr. Andrew Hemphill (Switzerland). &nbsp; SESSION 1: ONE HEALTH Chairs: Dr. Mar\u00eda Cecilia Venturini (Argentina) and Dr. Dad\u00edn Prando Moore (Argentina). 17:00-17:30: Keynote: \u201cA One [&hellip;]<\/p>\n","protected":false},"author":190,"featured_media":0,"parent":0,"menu_order":0,"comment_status":"closed","ping_status":"closed","template":"home-panels.php","meta":{"advgb_blocks_editor_width":"","advgb_blocks_columns_visual_guide":"","footnotes":""},"class_list":["post-292","page","type-page","status-publish","hentry","post"],"aioseo_notices":[],"coauthors":[],"author_meta":{"author_link":"https:\/\/congresos.unlp.edu.ar\/apicowplexa2024\/author\/prensaydifusion\/","display_name":"prensaydifusion"},"relative_dates":{"created":"Publicado 2 a\u00f1os hace","modified":"Actualizado 1 a\u00f1o hace"},"absolute_dates":{"created":"Publicado el 8 marzo, 2024","modified":"Actualizado el 18 octubre, 2024"},"absolute_dates_time":{"created":"Publicado el 8 marzo, 2024 9:16 am","modified":"Actualizado el 18 octubre, 2024 12:58 pm"},"featured_img_caption":"","featured_img":false,"series_order":"","_links":{"self":[{"href":"https:\/\/congresos.unlp.edu.ar\/apicowplexa2024\/wp-json\/wp\/v2\/pages\/292","targetHints":{"allow":["GET"]}}],"collection":[{"href":"https:\/\/congresos.unlp.edu.ar\/apicowplexa2024\/wp-json\/wp\/v2\/pages"}],"about":[{"href":"https:\/\/congresos.unlp.edu.ar\/apicowplexa2024\/wp-json\/wp\/v2\/types\/page"}],"author":[{"embeddable":true,"href":"https:\/\/congresos.unlp.edu.ar\/apicowplexa2024\/wp-json\/wp\/v2\/users\/190"}],"replies":[{"embeddable":true,"href":"https:\/\/congresos.unlp.edu.ar\/apicowplexa2024\/wp-json\/wp\/v2\/comments?post=292"}],"version-history":[{"count":0,"href":"https:\/\/congresos.unlp.edu.ar\/apicowplexa2024\/wp-json\/wp\/v2\/pages\/292\/revisions"}],"wp:attachment":[{"href":"https:\/\/congresos.unlp.edu.ar\/apicowplexa2024\/wp-json\/wp\/v2\/media?parent=292"}],"curies":[{"name":"wp","href":"https:\/\/api.w.org\/{rel}","templated":true}]}}