{"id":289,"date":"2024-03-08T09:02:15","date_gmt":"2024-03-08T12:02:15","guid":{"rendered":"https:\/\/congresos.unlp.edu.ar\/apicowplexa2024\/?page_id=289"},"modified":"2024-08-14T21:32:46","modified_gmt":"2024-08-15T00:32:46","slug":"organizacion","status":"publish","type":"page","link":"https:\/\/congresos.unlp.edu.ar\/apicowplexa2024\/organizacion\/","title":{"rendered":"ORGANIZACI\u00d3N"},"content":{"rendered":"<div id=\"pl-289\"  class=\"panel-layout\" ><div id=\"pg-289-0\"  class=\"panel-grid panel-has-style\"  style=\"margin-bottom: 0px\" ><div class=\"siteorigin-panels-stretch panel-row-style panel-row-style-for-289-0\" style=\"padding: 0px 0px 0px 0px;\" data-stretch-type=\"full-width-stretch\" ><div id=\"pgc-289-0-0\"  class=\"panel-grid-cell\" ><div id=\"panel-289-0-0-0\" class=\"so-panel widget widget_sow-hero panel-first-child\" data-index=\"0\" style=\"margin: 0px 0px 0px 0px;\" ><div style=\"padding: 0px 0px 0px 0px;\" class=\"panel-widget-style panel-widget-style-for-289-0-0-0\" ><div\n\t\t\t\n\t\t\tclass=\"so-widget-sow-hero so-widget-sow-hero-default-6e897f0f5340-289 so-widget-fittext-wrapper\"\n\t\t\t data-fit-text-compressor=\"0.85\"\n\t\t>\t\t\t\t<div class=\"sow-slider-base\" style=\"display: none\" tabindex=\"0\">\n\t\t\t\t\t<ul\n\t\t\t\t\tclass=\"sow-slider-images\"\n\t\t\t\t\tdata-settings=\"{&quot;pagination&quot;:true,&quot;speed&quot;:800,&quot;timeout&quot;:8000,&quot;paused&quot;:false,&quot;pause_on_hover&quot;:true,&quot;swipe&quot;:true,&quot;nav_always_show_desktop&quot;:&quot;&quot;,&quot;nav_always_show_mobile&quot;:&quot;&quot;,&quot;breakpoint&quot;:&quot;780px&quot;,&quot;unmute&quot;:false,&quot;anchor&quot;:null}\"\n\t\t\t\t\tstyle=\"min-height: 500px\"\t\t\t\t\tdata-anchor-id=\"\"\n\t\t\t\t><\/ul>\t\t\t\t<ol class=\"sow-slider-pagination\">\n\t\t\t\t\t\t\t\t\t<\/ol>\n\n\t\t\t\t<div class=\"sow-slide-nav sow-slide-nav-next\">\n\t\t\t\t\t<a href=\"#\" data-goto=\"next\" aria-label=\"diapositiva siguiente\" data-action=\"next\">\n\t\t\t\t\t\t<em class=\"sow-sld-icon-thin-right\"><\/em>\n\t\t\t\t\t<\/a>\n\t\t\t\t<\/div>\n\n\t\t\t\t<div class=\"sow-slide-nav sow-slide-nav-prev\">\n\t\t\t\t\t<a href=\"#\" data-goto=\"previous\" aria-label=\"diapositiva anterior\" data-action=\"prev\">\n\t\t\t\t\t\t<em class=\"sow-sld-icon-thin-left\"><\/em>\n\t\t\t\t\t<\/a>\n\t\t\t\t<\/div>\n\t\t\t\t<\/div><\/div><\/div><\/div><div id=\"panel-289-0-0-1\" class=\"so-panel widget widget_sow-editor panel-last-child\" data-index=\"1\" style=\"margin: 50px 300px 20px 300px;\" ><div class=\"panel-widget-style panel-widget-style-for-289-0-0-1\" ><div\n\t\t\t\n\t\t\tclass=\"so-widget-sow-editor so-widget-sow-editor-base\"\n\t\t\t\n\t\t>\n<div class=\"siteorigin-widget-tinymce textwidget\">\n\t<p><strong><em>Comit\u00e9 Organizador Local<\/em><\/strong><\/p>\n<ul>\n<li>Mar\u00eda Cecilia Venturini (Universidad Nacional de La Plata, Argentina)<\/li>\n<li>Magdalena Rambeaud (Universidad Nacional de La Plata, Argentina)<\/li>\n<li>Lais Pardini (Universidad Nacional de La Plata, Argentina)<\/li>\n<li>Andrea Dellarupe (Universidad Nacional de La Plata, Argentina)<\/li>\n<li>Mar\u00eda Laura Gos (Universidad Nacional de La Plata, Argentina)<\/li>\n<\/ul>\n<p>&nbsp;<\/p>\n<p><strong><em>Comit\u00e9 Cient\u00edfico<\/em><\/strong><\/p>\n<ul>\n<li>Andrew Hemphill (Universidad de Berna, Suiza)<\/li>\n<li>Alexandre Leit\u00e3o (Universidad de Lisboa, Portugal)<\/li>\n<li>Luis Ortega Mora (Universidad Complutense de Madrid, Espa\u00f1a)<\/li>\n<li>Juan Manuel Unzaga (Universidad Nacional de La Plata, Argentina)<\/li>\n<li>Dad\u00edn Prando Moore (Instituto de Innovaci\u00f3n para la Producci\u00f3n Agropecuaria y el Desarrollo Sostenible, Argentina)<\/li>\n<li>Diego Eiras (Universidad Nacional de La Plata, Argentina)<\/li>\n<li>Mariana Bernstein (Universidad Nacional de La Plata, Argentina)<\/li>\n<li>Gast\u00f3n Mor\u00e9 (Universidad de Berna, Suiza)<\/li>\n<li>Luc\u00eda M. Campero (Instituto de Innovaci\u00f3n para la Producci\u00f3n Agropecuaria y el Desarrollo Sostenible, Argentina)<\/li>\n<li>Walter Basso (Universidad de Berna, Suiza)<\/li>\n<li>Luis Fernando Pita Gondim (Universidad Federal da Bahia, Brasil)<\/li>\n<li>Mar\u00eda Eugenia Francia (Instituto Pasteur de Montevideo, Uruguay)<\/li>\n<li>Chunlei Su (Universidad de Tennessee, Estados Unidos)<\/li>\n<li>Hilda Pe\u00f1a (Facultad de Medicina Veterinaria de Zootecnia - Universidad de San Pablo, Brasil)<\/li>\n<li>Gema \u00c1lvarez Garc\u00eda (SALUVET, UCM, Espa\u00f1a)<\/li>\n<\/ul>\n<\/div>\n<\/div><\/div><\/div><\/div><\/div><\/div><\/div>","protected":false},"excerpt":{"rendered":"<p>Comit\u00e9 Organizador Local Mar\u00eda Cecilia Venturini (Universidad Nacional de La Plata, Argentina) Magdalena Rambeaud (Universidad Nacional de La Plata, Argentina) Lais Pardini (Universidad Nacional de La Plata, Argentina) Andrea Dellarupe (Universidad Nacional de La Plata, Argentina) Mar\u00eda Laura Gos (Universidad Nacional de La Plata, Argentina) &nbsp; Comit\u00e9 Cient\u00edfico Andrew Hemphill (Universidad de Berna, Suiza) Alexandre [&hellip;]<\/p>\n","protected":false},"author":190,"featured_media":0,"parent":0,"menu_order":0,"comment_status":"closed","ping_status":"closed","template":"home-panels.php","meta":{"advgb_blocks_editor_width":"","advgb_blocks_columns_visual_guide":"","footnotes":""},"class_list":["post-289","page","type-page","status-publish","hentry","post"],"aioseo_notices":[],"coauthors":[],"author_meta":{"author_link":"https:\/\/congresos.unlp.edu.ar\/apicowplexa2024\/author\/prensaydifusion\/","display_name":"prensaydifusion"},"relative_dates":{"created":"Publicado 2 a\u00f1os hace","modified":"Actualizado 2 a\u00f1os hace"},"absolute_dates":{"created":"Publicado el 8 marzo, 2024","modified":"Actualizado el 14 agosto, 2024"},"absolute_dates_time":{"created":"Publicado el 8 marzo, 2024 9:02 am","modified":"Actualizado el 14 agosto, 2024 9:32 pm"},"featured_img_caption":"","featured_img":false,"series_order":"","_links":{"self":[{"href":"https:\/\/congresos.unlp.edu.ar\/apicowplexa2024\/wp-json\/wp\/v2\/pages\/289","targetHints":{"allow":["GET"]}}],"collection":[{"href":"https:\/\/congresos.unlp.edu.ar\/apicowplexa2024\/wp-json\/wp\/v2\/pages"}],"about":[{"href":"https:\/\/congresos.unlp.edu.ar\/apicowplexa2024\/wp-json\/wp\/v2\/types\/page"}],"author":[{"embeddable":true,"href":"https:\/\/congresos.unlp.edu.ar\/apicowplexa2024\/wp-json\/wp\/v2\/users\/190"}],"replies":[{"embeddable":true,"href":"https:\/\/congresos.unlp.edu.ar\/apicowplexa2024\/wp-json\/wp\/v2\/comments?post=289"}],"version-history":[{"count":0,"href":"https:\/\/congresos.unlp.edu.ar\/apicowplexa2024\/wp-json\/wp\/v2\/pages\/289\/revisions"}],"wp:attachment":[{"href":"https:\/\/congresos.unlp.edu.ar\/apicowplexa2024\/wp-json\/wp\/v2\/media?parent=289"}],"curies":[{"name":"wp","href":"https:\/\/api.w.org\/{rel}","templated":true}]}}