{"id":291,"date":"2024-03-08T09:02:15","date_gmt":"2024-03-08T12:02:15","guid":{"rendered":"https:\/\/congresos.unlp.edu.ar\/apicowplexa2024\/organizacion-del-evento\/"},"modified":"2024-08-14T21:33:40","modified_gmt":"2024-08-15T00:33:40","slug":"organization","status":"publish","type":"page","link":"https:\/\/congresos.unlp.edu.ar\/apicowplexa2024\/en\/organization\/","title":{"rendered":"ORGANIZATION"},"content":{"rendered":"<div id=\"pl-291\"  class=\"panel-layout\" ><div id=\"pg-291-0\"  class=\"panel-grid panel-has-style\"  style=\"margin-bottom: 0px\" ><div class=\"siteorigin-panels-stretch panel-row-style panel-row-style-for-291-0\" style=\"padding: 0px 0px 0px 0px;\" data-stretch-type=\"full-width-stretch\" ><div id=\"pgc-291-0-0\"  class=\"panel-grid-cell\" ><div id=\"panel-291-0-0-0\" class=\"so-panel widget widget_sow-hero panel-first-child\" data-index=\"0\" style=\"margin: 0px 0px 0px 0px;\" ><div style=\"padding: 0px 0px 0px 0px;\" class=\"panel-widget-style panel-widget-style-for-291-0-0-0\" ><div\n\t\t\t\n\t\t\tclass=\"so-widget-sow-hero so-widget-sow-hero-default-04b2868a9d4c-291 so-widget-fittext-wrapper\"\n\t\t\t data-fit-text-compressor=\"0.85\"\n\t\t>\t\t\t\t<div class=\"sow-slider-base\" style=\"display: none\" tabindex=\"0\">\n\t\t\t\t\t<ul\n\t\t\t\t\tclass=\"sow-slider-images\"\n\t\t\t\t\tdata-settings=\"{&quot;pagination&quot;:true,&quot;speed&quot;:800,&quot;timeout&quot;:8000,&quot;paused&quot;:false,&quot;pause_on_hover&quot;:true,&quot;swipe&quot;:true,&quot;nav_always_show_desktop&quot;:&quot;&quot;,&quot;nav_always_show_mobile&quot;:&quot;&quot;,&quot;breakpoint&quot;:&quot;780px&quot;,&quot;unmute&quot;:false,&quot;anchor&quot;:null}\"\n\t\t\t\t\tstyle=\"min-height: 500px\"\t\t\t\t\tdata-anchor-id=\"\"\n\t\t\t\t><\/ul>\t\t\t\t<ol class=\"sow-slider-pagination\">\n\t\t\t\t\t\t\t\t\t<\/ol>\n\n\t\t\t\t<div class=\"sow-slide-nav sow-slide-nav-next\">\n\t\t\t\t\t<a href=\"#\" data-goto=\"next\" aria-label=\"Next slide\" data-action=\"next\">\n\t\t\t\t\t\t<em class=\"sow-sld-icon-thin-right\"><\/em>\n\t\t\t\t\t<\/a>\n\t\t\t\t<\/div>\n\n\t\t\t\t<div class=\"sow-slide-nav sow-slide-nav-prev\">\n\t\t\t\t\t<a href=\"#\" data-goto=\"previous\" aria-label=\"Previous slide\" data-action=\"prev\">\n\t\t\t\t\t\t<em class=\"sow-sld-icon-thin-left\"><\/em>\n\t\t\t\t\t<\/a>\n\t\t\t\t<\/div>\n\t\t\t\t<\/div><\/div><\/div><\/div><div id=\"panel-291-0-0-1\" class=\"so-panel widget widget_sow-editor panel-last-child\" data-index=\"1\" style=\"margin: 50px 300px 20px 300px;\" ><div class=\"panel-widget-style panel-widget-style-for-291-0-0-1\" ><div\n\t\t\t\n\t\t\tclass=\"so-widget-sow-editor so-widget-sow-editor-base\"\n\t\t\t\n\t\t>\n<div class=\"siteorigin-widget-tinymce textwidget\">\n\t<p><strong><em>Local Organizing Committee<\/em><\/strong><\/p>\n<ul>\n<li>Mar\u00eda Cecilia Venturini (Nacional University of La Plata, Argentina)<\/li>\n<li>Magdalena Rambeaud (Nacional University of La Plata, Argentina)<\/li>\n<li>Lais Pardini (Nacional University of La Plata, Argentina)<\/li>\n<li>Andrea Dellarupe (Nacional University of La Plata, Argentina)<\/li>\n<li>Mar\u00eda Laura Gos (Nacional University of La Plata, Argentina)<\/li>\n<\/ul>\n<p>&nbsp;<\/p>\n<p><strong><em>Scientific Committee<\/em><\/strong><\/p>\n<ul>\n<li>Andrew Hemphill (University of Bern, Switzerland)<\/li>\n<li>Alexandre Leit\u00e3o (University of Lisbon, Portugal)<\/li>\n<li>Luis Ortega Mora (Complutense University of Madrid, Spain)<\/li>\n<li>Juan Manuel Unzaga (National University of La Plata, Argentina)<\/li>\n<li>Dad\u00edn Prando Moore (Innovation Institute for Agricultural Production and Sustainable Development, Argentina)<\/li>\n<li>Diego Eiras (National University of La Plata, Argentina)<\/li>\n<li>Mariana Bernstein (National University of La Plata, Argentina)<\/li>\n<li>Gast\u00f3n Mor\u00e9 (University of Bern, Suiza)<\/li>\n<li>Luc\u00eda M. Campero (Innovation Institute for Agricultural Production and Sustainable Development, Argentina)<\/li>\n<li>Walter Basso (University of Bern, Suiza)<\/li>\n<li>Luis Fernando Pita Gondim (Federal University of Bahia, Brazil)<\/li>\n<li>Mar\u00eda Eugenia Francia (Institute Pasteur de Montevideo, Uruguay)<\/li>\n<li>Chunlei Su (University of Tennessee, USA)<\/li>\n<li>Hilda Pena (Faculdade de Medicina Veterin\u00e1ria e Zootecnia - USP, Brazil)<\/li>\n<li>Gema \u00c1lvarez Garc\u00eda (SALUVET, UCM, Espa\u00f1a)<\/li>\n<\/ul>\n<\/div>\n<\/div><\/div><\/div><\/div><\/div><\/div><\/div>","protected":false},"excerpt":{"rendered":"<p>Local Organizing Committee Mar\u00eda Cecilia Venturini (Nacional University of La Plata, Argentina) Magdalena Rambeaud (Nacional University of La Plata, Argentina) Lais Pardini (Nacional University of La Plata, Argentina) Andrea Dellarupe (Nacional University of La Plata, Argentina) Mar\u00eda Laura Gos (Nacional University of La Plata, Argentina) &nbsp; Scientific Committee Andrew Hemphill (University of Bern, Switzerland) Alexandre [&hellip;]<\/p>\n","protected":false},"author":190,"featured_media":0,"parent":0,"menu_order":0,"comment_status":"closed","ping_status":"closed","template":"home-panels.php","meta":{"advgb_blocks_editor_width":"","advgb_blocks_columns_visual_guide":"","footnotes":""},"class_list":["post-291","page","type-page","status-publish","hentry","post"],"aioseo_notices":[],"coauthors":[],"author_meta":{"author_link":"https:\/\/congresos.unlp.edu.ar\/apicowplexa2024\/en\/author\/prensaydifusion\/","display_name":"prensaydifusion"},"relative_dates":{"created":"Posted 2 years ago","modified":"Updated 2 years ago"},"absolute_dates":{"created":"Posted on 8 March, 2024","modified":"Updated on 14 August, 2024"},"absolute_dates_time":{"created":"Posted on 8 March, 2024 9:02 am","modified":"Updated on 14 August, 2024 9:33 pm"},"featured_img_caption":"","featured_img":false,"series_order":"","_links":{"self":[{"href":"https:\/\/congresos.unlp.edu.ar\/apicowplexa2024\/en\/wp-json\/wp\/v2\/pages\/291","targetHints":{"allow":["GET"]}}],"collection":[{"href":"https:\/\/congresos.unlp.edu.ar\/apicowplexa2024\/en\/wp-json\/wp\/v2\/pages"}],"about":[{"href":"https:\/\/congresos.unlp.edu.ar\/apicowplexa2024\/en\/wp-json\/wp\/v2\/types\/page"}],"author":[{"embeddable":true,"href":"https:\/\/congresos.unlp.edu.ar\/apicowplexa2024\/en\/wp-json\/wp\/v2\/users\/190"}],"replies":[{"embeddable":true,"href":"https:\/\/congresos.unlp.edu.ar\/apicowplexa2024\/en\/wp-json\/wp\/v2\/comments?post=291"}],"version-history":[{"count":0,"href":"https:\/\/congresos.unlp.edu.ar\/apicowplexa2024\/en\/wp-json\/wp\/v2\/pages\/291\/revisions"}],"wp:attachment":[{"href":"https:\/\/congresos.unlp.edu.ar\/apicowplexa2024\/en\/wp-json\/wp\/v2\/media?parent=291"}],"curies":[{"name":"wp","href":"https:\/\/api.w.org\/{rel}","templated":true}]}}