{"id":8,"date":"2024-03-22T11:29:47","date_gmt":"2024-03-22T14:29:47","guid":{"rendered":"https:\/\/congresos.unlp.edu.ar\/aacr2024\/?page_id=8"},"modified":"2024-10-31T09:39:45","modified_gmt":"2024-10-31T12:39:45","slug":"sedes","status":"publish","type":"page","link":"https:\/\/congresos.unlp.edu.ar\/aacr2024\/sedes\/","title":{"rendered":"Sedes"},"content":{"rendered":"<div id=\"pl-8\"  class=\"panel-layout\" ><div id=\"pg-8-0\"  class=\"panel-grid panel-no-style\" ><div id=\"pgc-8-0-0\"  class=\"panel-grid-cell\" ><div id=\"panel-8-0-0-0\" class=\"so-panel widget widget_sow-editor panel-first-child panel-last-child\" data-index=\"0\" ><div\n\t\t\t\n\t\t\tclass=\"so-widget-sow-editor so-widget-sow-editor-base\"\n\t\t\t\n\t\t>\n<div class=\"siteorigin-widget-tinymce textwidget\">\n\t<p>La XIX Reuni\u00f3n Anual de la AACr se desarrollar\u00e1 en YPF Tecnolog\u00eda (Y-TEC) que se encuentra ubicada en <strong>Av. del Petroleo Argentino 900-1198, Berisso,<\/strong> Provincia de Buenos Aires. Se recuerda que por requerimientos administrativos de la sede de la reuni\u00f3n, <strong>no podr\u00e1n ingresar al edificio aquellas personas que no se encuentren inscriptas<\/strong>.<\/p>\n<\/div>\n<\/div><\/div><\/div><\/div><div id=\"pg-8-1\"  class=\"panel-grid panel-no-style\" ><div id=\"pgc-8-1-0\"  class=\"panel-grid-cell\" ><div id=\"panel-8-1-0-0\" class=\"so-panel widget widget_shortcodes-ultimate shortcodes-ultimate panel-first-child panel-last-child\" data-index=\"1\" ><div class=\"textwidget\"><div class=\"su-gmap su-u-responsive-media-yes\"><iframe loading=\"lazy\" width=\"600\" height=\"400\" src=\"\/\/maps.google.com\/maps?q=Av.%20del%20Petroleo%20Argentino%20900-1198%2C%20B1923%20Berisso%2C%20Provincia%20de%20Buenos%20Aires&amp;output=embed\" title=\"\"><\/iframe><\/div><\/div><\/div><\/div><\/div><div id=\"pg-8-2\"  class=\"panel-grid panel-no-style\" ><div id=\"pgc-8-2-0\"  class=\"panel-grid-cell\" ><div id=\"panel-8-2-0-0\" class=\"so-panel widget widget_sow-editor panel-first-child panel-last-child\" data-index=\"2\" ><div\n\t\t\t\n\t\t\tclass=\"so-widget-sow-editor so-widget-sow-editor-base\"\n\t\t\t\n\t\t>\n<div class=\"siteorigin-widget-tinymce textwidget\">\n\t<p>Si desea saber c\u00f3mo llegar en transporte p\u00fablico, haga click <a href=\"https:\/\/maps.app.goo.gl\/Uw7hZBpMTi5LGSmV7\">aqu\u00ed<\/a>,\u00a0 luego seleccione \"C\u00f3mo llegar\". Indique su punto de partida y seleccione la opci\u00f3n \"transporte p\u00fablico\" en la barra superior. De esta manera se mostrar\u00e1n las l\u00edneas y ramales de cada colectivo, con su horario y frecuencia.<\/p>\n<p>&nbsp;<\/p>\n<p>Cualquier consulta no dude en escribirnos: reunionaacr2024@gmail.com<\/p>\n<\/div>\n<\/div><\/div><\/div><\/div><\/div>","protected":false},"excerpt":{"rendered":"<p>La XIX Reuni\u00f3n Anual de la AACr se desarrollar\u00e1 en YPF Tecnolog\u00eda (Y-TEC) que se encuentra ubicada en Av. del Petroleo Argentino 900-1198, Berisso, Provincia de Buenos Aires. Se recuerda que por requerimientos administrativos de la sede de la reuni\u00f3n, no podr\u00e1n ingresar al edificio aquellas personas que no se encuentren inscriptas.<\/p>\n","protected":false},"author":202,"featured_media":0,"parent":0,"menu_order":0,"comment_status":"closed","ping_status":"closed","template":"","meta":{"advgb_blocks_editor_width":"","advgb_blocks_columns_visual_guide":"","footnotes":""},"class_list":["post-8","page","type-page","status-publish","hentry","post"],"aioseo_notices":[],"coauthors":[],"author_meta":{"author_link":"https:\/\/congresos.unlp.edu.ar\/aacr2024\/author\/ssoler\/","display_name":"ssoler"},"relative_dates":{"created":"Posted 2 a\u00f1os ago","modified":"Updated 1 a\u00f1o ago"},"absolute_dates":{"created":"Posted on 22 marzo, 2024","modified":"Updated on 31 octubre, 2024"},"absolute_dates_time":{"created":"Posted on 22 marzo, 2024 11:29 am","modified":"Updated on 31 octubre, 2024 9:39 am"},"featured_img_caption":"","featured_img":false,"series_order":"","_links":{"self":[{"href":"https:\/\/congresos.unlp.edu.ar\/aacr2024\/wp-json\/wp\/v2\/pages\/8","targetHints":{"allow":["GET"]}}],"collection":[{"href":"https:\/\/congresos.unlp.edu.ar\/aacr2024\/wp-json\/wp\/v2\/pages"}],"about":[{"href":"https:\/\/congresos.unlp.edu.ar\/aacr2024\/wp-json\/wp\/v2\/types\/page"}],"author":[{"embeddable":true,"href":"https:\/\/congresos.unlp.edu.ar\/aacr2024\/wp-json\/wp\/v2\/users\/202"}],"replies":[{"embeddable":true,"href":"https:\/\/congresos.unlp.edu.ar\/aacr2024\/wp-json\/wp\/v2\/comments?post=8"}],"version-history":[{"count":0,"href":"https:\/\/congresos.unlp.edu.ar\/aacr2024\/wp-json\/wp\/v2\/pages\/8\/revisions"}],"wp:attachment":[{"href":"https:\/\/congresos.unlp.edu.ar\/aacr2024\/wp-json\/wp\/v2\/media?parent=8"}],"curies":[{"name":"wp","href":"https:\/\/api.w.org\/{rel}","templated":true}]}}