{"id":6,"date":"2024-03-22T11:29:47","date_gmt":"2024-03-22T14:29:47","guid":{"rendered":"https:\/\/congresos.unlp.edu.ar\/aacr2024\/?page_id=6"},"modified":"2024-06-14T12:52:17","modified_gmt":"2024-06-14T15:52:17","slug":"inicio","status":"publish","type":"page","link":"https:\/\/congresos.unlp.edu.ar\/aacr2024\/","title":{"rendered":"Inicio"},"content":{"rendered":"<div id=\"pl-6\"  class=\"panel-layout\" ><div id=\"pg-6-0\"  class=\"panel-grid panel-no-style\" ><div id=\"pgc-6-0-0\"  class=\"panel-grid-cell\" ><div id=\"panel-6-0-0-0\" class=\"so-panel widget widget_text panel-first-child panel-last-child\" data-index=\"0\" >\t\t\t<div class=\"textwidget\"><p><span style=\"font-weight: 400\">La <\/span><i><span style=\"font-weight: 400\">Asociaci\u00f3n Argentina de Cristalograf\u00eda<\/span><\/i><span style=\"font-weight: 400\"> (AACr), el <\/span><i><span style=\"font-weight: 400\">Centro de Tecnolog\u00eda de Recursos Minerales y Cer\u00e1mica <\/span><\/i><span style=\"font-weight: 400\">(<\/span><span style=\"font-weight: 400\">CETMIC), el <\/span><i><span style=\"font-weight: 400\">Instituto de F\u00edsica de La Plata<\/span><\/i><span style=\"font-weight: 400\"> (IFLP), el <\/span><i><span style=\"font-weight: 400\">Centro de Investigaci\u00f3n y Desarrollo en Ciencias Aplicadas<\/span><\/i><span style=\"font-weight: 400\"> (CINDECA), el <\/span><i><span style=\"font-weight: 400\">Instituto de Investigaciones Fisicoqu\u00edmicas Te\u00f3ricas y Aplicadas<\/span><\/i><span style=\"font-weight: 400\"> (INIFTA), el <\/span><i><span style=\"font-weight: 400\">Centro de Investigaciones Geol\u00f3gicas<\/span><\/i><span style=\"font-weight: 400\"> (CIG), <\/span><i><span style=\"font-weight: 400\">YPF Tecnolog\u00eda S. A. <\/span><\/i><span style=\"font-weight: 400\">(Y-TEC)<\/span><span style=\"font-weight: 400\">\u00a0y la <\/span><i><span style=\"font-weight: 400\">Universidad Nacional de La Plata <\/span><\/i><span style=\"font-weight: 400\">(UNLP) invitan a participar en la <\/span><b>XIX Reuni\u00f3n Anual de la Asociaci\u00f3n Argentina de Cristalograf\u00eda.<\/b><span style=\"font-weight: 400\"><br \/>\n<\/span> <span style=\"font-weight: 400\"><br \/>\n<\/span><span style=\"font-weight: 400\">La Asociaci\u00f3n Argentina de Cristalograf\u00eda (AACr) fue creada en Villa Giardino, C\u00f3rdoba en Octubre de 2004, a los efectos de reunir a representantes de todos los grupos de investigaci\u00f3n del pa\u00eds que trabajan en Cristalograf\u00eda o que emplean t\u00e9cnicas de caracterizaci\u00f3n estructural.<\/span><span style=\"font-weight: 400\"><br \/>\n<\/span><span style=\"font-weight: 400\"><br \/>\n<\/span><span style=\"font-weight: 400\">La <strong>AACr<\/strong> es una entidad que se dedica a promover y difundir la Cristalograf\u00eda en nuestro pa\u00eds y a nuclear a los grupos que trabajan en esta \u00e1rea del conocimiento y\/o la aplican como herramienta en sus investigaciones. Dado el car\u00e1cter transversal de la Cristalograf\u00eda, las tem\u00e1ticas que se abordan son muy diversas, abarcando disciplinas tales como<\/span> <span style=\"font-weight: 400\">Qu\u00edmica, Ingenier\u00eda de Materiales, Biolog\u00eda, Geolog\u00eda, Arqueolog\u00eda, etc.<\/span><\/p>\n<p><span style=\"font-weight: 400\">La <strong>Reuni\u00f3n Anual de la AACr<\/strong> es reconocida como un foro din\u00e1mico donde los expertos de la cristalograf\u00eda se re\u00fanen para intercambiar ideas, debatir los \u00faltimos avances en el campo y abordar los desaf\u00edos que enfrenta la comunidad cient\u00edfica. Este evento proporciona un espacio de debate cr\u00edtico, intercambio\u00a0 y reflexi\u00f3n del conocimiento cient\u00edfico, contribuyendo as\u00ed a la formaci\u00f3n de equipos de trabajo multidisciplinarios de personas del \u00e1mbito cient\u00edfico. Asimismo, se espera poder explorar nuevas t\u00e9cnicas, metodolog\u00edas y aplicaciones en cristalograf\u00eda.<\/span><\/p>\n<p><span style=\"font-weight: 400\">La XIX Reuni\u00f3n de la AACr y contar\u00e1 con <\/span><b>2 eventos sat\u00e9lites<\/b><span style=\"font-weight: 400\">: el <\/span><b>XII Taller<\/b><span style=\"font-weight: 400\"> de la AACr que tratar\u00e1 sobre \u201c<\/span><i><span style=\"font-weight: 400\">Avances en t\u00e9cnicas cristalogr\u00e1ficas para el estudio de materiales para la energ\u00eda<\/span><\/i><span style=\"font-weight: 400\">\u201d y la <\/span><b>XV Escuela<\/b><span style=\"font-weight: 400\"> de la AACr cuya tem\u00e1tica estar\u00e1 dedicada a \u201c<\/span><i><span style=\"font-weight: 400\">Cristalograf\u00eda b\u00e1sica y t\u00e9cnicas basadas en rayos X (difracci\u00f3n, dispersi\u00f3n y absorci\u00f3n<\/span><\/i><span style=\"font-weight: 400\">)\u201d.<\/span><\/p>\n<\/div>\n\t\t<\/div><\/div><\/div><div id=\"pg-6-1\"  class=\"panel-grid panel-no-style\" ><div id=\"pgc-6-1-0\"  class=\"panel-grid-cell\" ><div id=\"panel-6-1-0-0\" class=\"so-panel widget widget_sow-slider panel-first-child panel-last-child\" data-index=\"1\" ><div\n\t\t\t\n\t\t\tclass=\"so-widget-sow-slider so-widget-sow-slider-default-a04976eef775-6\"\n\t\t\t\n\t\t>\t\t\t\t<div class=\"sow-slider-base\" style=\"display: none\" tabindex=\"0\">\n\t\t\t\t\t<ul\n\t\t\t\t\tclass=\"sow-slider-images\"\n\t\t\t\t\tdata-settings=\"{&quot;pagination&quot;:true,&quot;speed&quot;:300,&quot;timeout&quot;:3000,&quot;paused&quot;:false,&quot;pause_on_hover&quot;:true,&quot;swipe&quot;:true,&quot;nav_always_show_desktop&quot;:true,&quot;nav_always_show_mobile&quot;:true,&quot;breakpoint&quot;:&quot;780px&quot;,&quot;unmute&quot;:false,&quot;anchor&quot;:null}\"\n\t\t\t\t\t\t\t\t\t\tdata-anchor-id=\"\"\n\t\t\t\t>\t\t<li class=\"sow-slider-image\" style=\"visibility: visible;\" >\n\t\t\t\t\t\t<img loading=\"lazy\" decoding=\"async\" width=\"1512\" height=\"378\" src=\"https:\/\/congresos.unlp.edu.ar\/aacr2024\/wp-content\/uploads\/sites\/85\/2024\/04\/Diapositiva4-1.jpg\" class=\"sow-slider-background-image\" alt=\"\" style=\"\" srcset=\"https:\/\/congresos.unlp.edu.ar\/aacr2024\/wp-content\/uploads\/sites\/85\/2024\/04\/Diapositiva4-1.jpg 1512w, https:\/\/congresos.unlp.edu.ar\/aacr2024\/wp-content\/uploads\/sites\/85\/2024\/04\/Diapositiva4-1-300x75.jpg 300w, https:\/\/congresos.unlp.edu.ar\/aacr2024\/wp-content\/uploads\/sites\/85\/2024\/04\/Diapositiva4-1-1024x256.jpg 1024w, https:\/\/congresos.unlp.edu.ar\/aacr2024\/wp-content\/uploads\/sites\/85\/2024\/04\/Diapositiva4-1-768x192.jpg 768w\" sizes=\"auto, (max-width: 1512px) 100vw, 1512px\" \/>\t\t<\/li>\n\t\t\t\t<li class=\"sow-slider-image\" style=\"visibility: hidden;\" >\n\t\t\t\t\t\t<img loading=\"lazy\" decoding=\"async\" width=\"1512\" height=\"378\" src=\"https:\/\/congresos.unlp.edu.ar\/aacr2024\/wp-content\/uploads\/sites\/85\/2024\/04\/Diapositiva2-1.jpg\" class=\"sow-slider-background-image\" alt=\"\" style=\"\" srcset=\"https:\/\/congresos.unlp.edu.ar\/aacr2024\/wp-content\/uploads\/sites\/85\/2024\/04\/Diapositiva2-1.jpg 1512w, https:\/\/congresos.unlp.edu.ar\/aacr2024\/wp-content\/uploads\/sites\/85\/2024\/04\/Diapositiva2-1-300x75.jpg 300w, https:\/\/congresos.unlp.edu.ar\/aacr2024\/wp-content\/uploads\/sites\/85\/2024\/04\/Diapositiva2-1-1024x256.jpg 1024w, https:\/\/congresos.unlp.edu.ar\/aacr2024\/wp-content\/uploads\/sites\/85\/2024\/04\/Diapositiva2-1-768x192.jpg 768w\" sizes=\"auto, (max-width: 1512px) 100vw, 1512px\" \/>\t\t<\/li>\n\t\t\t\t<li class=\"sow-slider-image\" style=\"visibility: hidden;\" >\n\t\t\t\t\t\t<img loading=\"lazy\" decoding=\"async\" width=\"1512\" height=\"378\" src=\"https:\/\/congresos.unlp.edu.ar\/aacr2024\/wp-content\/uploads\/sites\/85\/2024\/04\/Diapositiva7-1.jpg\" class=\"sow-slider-background-image\" alt=\"\" style=\"\" srcset=\"https:\/\/congresos.unlp.edu.ar\/aacr2024\/wp-content\/uploads\/sites\/85\/2024\/04\/Diapositiva7-1.jpg 1512w, https:\/\/congresos.unlp.edu.ar\/aacr2024\/wp-content\/uploads\/sites\/85\/2024\/04\/Diapositiva7-1-300x75.jpg 300w, https:\/\/congresos.unlp.edu.ar\/aacr2024\/wp-content\/uploads\/sites\/85\/2024\/04\/Diapositiva7-1-1024x256.jpg 1024w, https:\/\/congresos.unlp.edu.ar\/aacr2024\/wp-content\/uploads\/sites\/85\/2024\/04\/Diapositiva7-1-768x192.jpg 768w\" sizes=\"auto, (max-width: 1512px) 100vw, 1512px\" \/>\t\t<\/li>\n\t\t\t\t<li class=\"sow-slider-image\" style=\"visibility: hidden;\" >\n\t\t\t\t\t\t<img loading=\"lazy\" decoding=\"async\" width=\"1512\" height=\"378\" src=\"https:\/\/congresos.unlp.edu.ar\/aacr2024\/wp-content\/uploads\/sites\/85\/2024\/04\/Diapositiva5-1.jpg\" class=\"sow-slider-background-image\" alt=\"\" style=\"\" srcset=\"https:\/\/congresos.unlp.edu.ar\/aacr2024\/wp-content\/uploads\/sites\/85\/2024\/04\/Diapositiva5-1.jpg 1512w, https:\/\/congresos.unlp.edu.ar\/aacr2024\/wp-content\/uploads\/sites\/85\/2024\/04\/Diapositiva5-1-300x75.jpg 300w, https:\/\/congresos.unlp.edu.ar\/aacr2024\/wp-content\/uploads\/sites\/85\/2024\/04\/Diapositiva5-1-1024x256.jpg 1024w, https:\/\/congresos.unlp.edu.ar\/aacr2024\/wp-content\/uploads\/sites\/85\/2024\/04\/Diapositiva5-1-768x192.jpg 768w\" sizes=\"auto, (max-width: 1512px) 100vw, 1512px\" \/>\t\t<\/li>\n\t\t\t\t<li class=\"sow-slider-image\" style=\"visibility: hidden;\" >\n\t\t\t\t\t\t<img loading=\"lazy\" decoding=\"async\" width=\"1512\" height=\"378\" src=\"https:\/\/congresos.unlp.edu.ar\/aacr2024\/wp-content\/uploads\/sites\/85\/2024\/04\/Diapositiva9-1.jpg\" class=\"sow-slider-background-image\" alt=\"\" style=\"\" srcset=\"https:\/\/congresos.unlp.edu.ar\/aacr2024\/wp-content\/uploads\/sites\/85\/2024\/04\/Diapositiva9-1.jpg 1512w, https:\/\/congresos.unlp.edu.ar\/aacr2024\/wp-content\/uploads\/sites\/85\/2024\/04\/Diapositiva9-1-300x75.jpg 300w, https:\/\/congresos.unlp.edu.ar\/aacr2024\/wp-content\/uploads\/sites\/85\/2024\/04\/Diapositiva9-1-1024x256.jpg 1024w, https:\/\/congresos.unlp.edu.ar\/aacr2024\/wp-content\/uploads\/sites\/85\/2024\/04\/Diapositiva9-1-768x192.jpg 768w\" sizes=\"auto, (max-width: 1512px) 100vw, 1512px\" \/>\t\t<\/li>\n\t\t\t\t<li class=\"sow-slider-image\" style=\"visibility: hidden;\" >\n\t\t\t\t\t\t<img loading=\"lazy\" decoding=\"async\" width=\"1512\" height=\"378\" src=\"https:\/\/congresos.unlp.edu.ar\/aacr2024\/wp-content\/uploads\/sites\/85\/2024\/04\/Diapositiva6-1.jpg\" class=\"sow-slider-background-image\" alt=\"\" style=\"\" srcset=\"https:\/\/congresos.unlp.edu.ar\/aacr2024\/wp-content\/uploads\/sites\/85\/2024\/04\/Diapositiva6-1.jpg 1512w, https:\/\/congresos.unlp.edu.ar\/aacr2024\/wp-content\/uploads\/sites\/85\/2024\/04\/Diapositiva6-1-300x75.jpg 300w, https:\/\/congresos.unlp.edu.ar\/aacr2024\/wp-content\/uploads\/sites\/85\/2024\/04\/Diapositiva6-1-1024x256.jpg 1024w, https:\/\/congresos.unlp.edu.ar\/aacr2024\/wp-content\/uploads\/sites\/85\/2024\/04\/Diapositiva6-1-768x192.jpg 768w\" sizes=\"auto, (max-width: 1512px) 100vw, 1512px\" \/>\t\t<\/li>\n\t\t\t\t<li class=\"sow-slider-image\" style=\"visibility: hidden;\" >\n\t\t\t\t\t\t<img loading=\"lazy\" decoding=\"async\" width=\"1512\" height=\"378\" src=\"https:\/\/congresos.unlp.edu.ar\/aacr2024\/wp-content\/uploads\/sites\/85\/2024\/04\/Diapositiva3-1.jpg\" class=\"sow-slider-background-image\" alt=\"\" style=\"\" srcset=\"https:\/\/congresos.unlp.edu.ar\/aacr2024\/wp-content\/uploads\/sites\/85\/2024\/04\/Diapositiva3-1.jpg 1512w, https:\/\/congresos.unlp.edu.ar\/aacr2024\/wp-content\/uploads\/sites\/85\/2024\/04\/Diapositiva3-1-300x75.jpg 300w, https:\/\/congresos.unlp.edu.ar\/aacr2024\/wp-content\/uploads\/sites\/85\/2024\/04\/Diapositiva3-1-1024x256.jpg 1024w, https:\/\/congresos.unlp.edu.ar\/aacr2024\/wp-content\/uploads\/sites\/85\/2024\/04\/Diapositiva3-1-768x192.jpg 768w\" sizes=\"auto, (max-width: 1512px) 100vw, 1512px\" \/>\t\t<\/li>\n\t\t\t\t<li class=\"sow-slider-image\" style=\"visibility: hidden;\" >\n\t\t\t\t\t\t<img loading=\"lazy\" decoding=\"async\" width=\"1512\" height=\"378\" src=\"https:\/\/congresos.unlp.edu.ar\/aacr2024\/wp-content\/uploads\/sites\/85\/2024\/04\/Diapositiva1-1.jpg\" class=\"sow-slider-background-image\" alt=\"\" style=\"\" srcset=\"https:\/\/congresos.unlp.edu.ar\/aacr2024\/wp-content\/uploads\/sites\/85\/2024\/04\/Diapositiva1-1.jpg 1512w, https:\/\/congresos.unlp.edu.ar\/aacr2024\/wp-content\/uploads\/sites\/85\/2024\/04\/Diapositiva1-1-300x75.jpg 300w, https:\/\/congresos.unlp.edu.ar\/aacr2024\/wp-content\/uploads\/sites\/85\/2024\/04\/Diapositiva1-1-1024x256.jpg 1024w, https:\/\/congresos.unlp.edu.ar\/aacr2024\/wp-content\/uploads\/sites\/85\/2024\/04\/Diapositiva1-1-768x192.jpg 768w\" sizes=\"auto, (max-width: 1512px) 100vw, 1512px\" \/>\t\t<\/li>\n\t\t\t\t<li class=\"sow-slider-image\" style=\"visibility: hidden;\" >\n\t\t\t\t\t\t<img loading=\"lazy\" decoding=\"async\" width=\"1512\" height=\"378\" src=\"https:\/\/congresos.unlp.edu.ar\/aacr2024\/wp-content\/uploads\/sites\/85\/2024\/04\/Diapositiva8-1.jpg\" class=\"sow-slider-background-image\" alt=\"\" style=\"\" srcset=\"https:\/\/congresos.unlp.edu.ar\/aacr2024\/wp-content\/uploads\/sites\/85\/2024\/04\/Diapositiva8-1.jpg 1512w, https:\/\/congresos.unlp.edu.ar\/aacr2024\/wp-content\/uploads\/sites\/85\/2024\/04\/Diapositiva8-1-300x75.jpg 300w, https:\/\/congresos.unlp.edu.ar\/aacr2024\/wp-content\/uploads\/sites\/85\/2024\/04\/Diapositiva8-1-1024x256.jpg 1024w, https:\/\/congresos.unlp.edu.ar\/aacr2024\/wp-content\/uploads\/sites\/85\/2024\/04\/Diapositiva8-1-768x192.jpg 768w\" sizes=\"auto, (max-width: 1512px) 100vw, 1512px\" \/>\t\t<\/li>\n\t\t<\/ul>\t\t\t\t<ol class=\"sow-slider-pagination\">\n\t\t\t\t\t\t\t\t\t\t\t<li><a href=\"#\" data-goto=\"0\" aria-label=\"Display slide 1\"><\/a><\/li>\n\t\t\t\t\t\t\t\t\t\t\t<li><a href=\"#\" data-goto=\"1\" aria-label=\"Display slide 2\"><\/a><\/li>\n\t\t\t\t\t\t\t\t\t\t\t<li><a href=\"#\" data-goto=\"2\" aria-label=\"Display slide 3\"><\/a><\/li>\n\t\t\t\t\t\t\t\t\t\t\t<li><a href=\"#\" data-goto=\"3\" aria-label=\"Display slide 4\"><\/a><\/li>\n\t\t\t\t\t\t\t\t\t\t\t<li><a href=\"#\" data-goto=\"4\" aria-label=\"Display slide 5\"><\/a><\/li>\n\t\t\t\t\t\t\t\t\t\t\t<li><a href=\"#\" data-goto=\"5\" aria-label=\"Display slide 6\"><\/a><\/li>\n\t\t\t\t\t\t\t\t\t\t\t<li><a href=\"#\" data-goto=\"6\" aria-label=\"Display slide 7\"><\/a><\/li>\n\t\t\t\t\t\t\t\t\t\t\t<li><a href=\"#\" data-goto=\"7\" aria-label=\"Display slide 8\"><\/a><\/li>\n\t\t\t\t\t\t\t\t\t\t\t<li><a href=\"#\" data-goto=\"8\" aria-label=\"Display slide 9\"><\/a><\/li>\n\t\t\t\t\t\t\t\t\t<\/ol>\n\n\t\t\t\t<div class=\"sow-slide-nav sow-slide-nav-next\">\n\t\t\t\t\t<a href=\"#\" data-goto=\"next\" aria-label=\"Next slide\" data-action=\"next\">\n\t\t\t\t\t\t<em class=\"sow-sld-icon-medium-right\"><\/em>\n\t\t\t\t\t<\/a>\n\t\t\t\t<\/div>\n\n\t\t\t\t<div class=\"sow-slide-nav sow-slide-nav-prev\">\n\t\t\t\t\t<a href=\"#\" data-goto=\"previous\" aria-label=\"Previous slide\" data-action=\"prev\">\n\t\t\t\t\t\t<em class=\"sow-sld-icon-medium-left\"><\/em>\n\t\t\t\t\t<\/a>\n\t\t\t\t<\/div>\n\t\t\t\t<\/div><\/div><\/div><\/div><\/div><div id=\"pg-6-2\"  class=\"panel-grid panel-no-style\" ><div id=\"pgc-6-2-0\"  class=\"panel-grid-cell\" ><div id=\"panel-6-2-0-0\" class=\"so-panel widget widget_circleicon-widget panel-first-child panel-last-child\" data-index=\"2\" >\t\t<div class=\"circle-icon-box circle-icon-position-top circle-icon-hide-box circle-icon-size-small \">\n\t\t\t\t\t\t\t<div class=\"circle-icon-wrapper\">\n\t\t\t\t\t\t\t\t\t\t<a href=\"http:\/\/congresos.unlp.edu.ar\/aacr2024\/wp-content\/uploads\/sites\/85\/2024\/04\/1era-Circular-AACr-2024.pdf\" class=\"link-icon\" target=\"_blank\">\t\t\t\t\t<div class=\"circle-icon icon-style-set\" style=\"background-color: #69afd1\">\n\t\t\t\t\t\t\t\t\t\t\t\t\t<div\n\t\t\t\t\t\t\t\tclass=\"fa fa-file-pdf-o  icon-style-set\"\n\t\t\t\t\t\t\t\t\t\t\t\t\t\t\t><\/div>\n\t\t\t\t\t\t\t\t\t\t\t<\/div>\n\t\t\t\t\t<\/a>\t\t\t\t<\/div>\n\t\t\t\n\t\t\t\t\t\t\t<a\n\t\t\t\t\thref=\"http:\/\/congresos.unlp.edu.ar\/aacr2024\/wp-content\/uploads\/sites\/85\/2024\/04\/1era-Circular-AACr-2024.pdf\"\n\t\t\t\t\tclass=\"link-title\" target=&quot;_blank&quot;\t\t\t\t>\n\t\t\t\t\t\t\t\t\t\t\t\t\t<\/a>\n\t\t\t\n\t\t\t\t\t\t\t\t\t\t<a\n\t\t\t\t\thref=\"http:\/\/congresos.unlp.edu.ar\/aacr2024\/wp-content\/uploads\/sites\/85\/2024\/04\/1era-Circular-AACr-2024.pdf\"\n\t\t\t\t\tclass=\"more-button\"\n\t\t\t\t\ttarget=&quot;_blank&quot;\t\t\t\t>\n\t\t\t\t\tPrimera Circular\t\t\t\t\t<i><\/i>\n\t\t\t\t<\/a>\n\t\t\t\t\t<\/div>\n\t\t<\/div><\/div><div id=\"pgc-6-2-1\"  class=\"panel-grid-cell panel-grid-cell-mobile-last\" ><div id=\"panel-6-2-1-0\" class=\"so-panel widget widget_circleicon-widget panel-first-child panel-last-child\" data-index=\"3\" >\t\t<div class=\"circle-icon-box circle-icon-position-top circle-icon-hide-box circle-icon-size-small \">\n\t\t\t\t\t\t\t<div class=\"circle-icon-wrapper\">\n\t\t\t\t\t\t\t\t\t\t<a href=\"https:\/\/congresos.unlp.edu.ar\/aacr2024\/wp-content\/uploads\/sites\/85\/2024\/06\/2da-Circular-AACr-2024.pdf\" class=\"link-icon\" target=\"_blank\">\t\t\t\t\t<div class=\"circle-icon icon-style-set\" style=\"background-color: #69afd1\">\n\t\t\t\t\t\t\t\t\t\t\t\t\t<div\n\t\t\t\t\t\t\t\tclass=\"fa fa-file-pdf-o  icon-style-set\"\n\t\t\t\t\t\t\t\t\t\t\t\t\t\t\t><\/div>\n\t\t\t\t\t\t\t\t\t\t\t<\/div>\n\t\t\t\t\t<\/a>\t\t\t\t<\/div>\n\t\t\t\n\t\t\t\t\t\t\t<a\n\t\t\t\t\thref=\"https:\/\/congresos.unlp.edu.ar\/aacr2024\/wp-content\/uploads\/sites\/85\/2024\/06\/2da-Circular-AACr-2024.pdf\"\n\t\t\t\t\tclass=\"link-title\" target=&quot;_blank&quot;\t\t\t\t>\n\t\t\t\t\t\t\t\t\t\t\t\t\t<\/a>\n\t\t\t\n\t\t\t\t\t\t\t\t\t\t<a\n\t\t\t\t\thref=\"https:\/\/congresos.unlp.edu.ar\/aacr2024\/wp-content\/uploads\/sites\/85\/2024\/06\/2da-Circular-AACr-2024.pdf\"\n\t\t\t\t\tclass=\"more-button\"\n\t\t\t\t\ttarget=&quot;_blank&quot;\t\t\t\t>\n\t\t\t\t\tSegunda Circular\t\t\t\t\t<i><\/i>\n\t\t\t\t<\/a>\n\t\t\t\t\t<\/div>\n\t\t<\/div><\/div><div id=\"pgc-6-2-2\"  class=\"panel-grid-cell panel-grid-cell-empty\" ><\/div><\/div><\/div>","protected":false},"excerpt":{"rendered":"<p>La Asociaci\u00f3n Argentina de Cristalograf\u00eda (AACr), el Centro de Tecnolog\u00eda de Recursos Minerales y Cer\u00e1mica (CETMIC), el Instituto de F\u00edsica de La Plata (IFLP), el Centro de Investigaci\u00f3n y Desarrollo en Ciencias Aplicadas (CINDECA), el Instituto de Investigaciones Fisicoqu\u00edmicas Te\u00f3ricas y Aplicadas (INIFTA), el Centro de Investigaciones Geol\u00f3gicas (CIG), YPF Tecnolog\u00eda S. A. (Y-TEC)\u00a0y la [&hellip;]<\/p>\n","protected":false},"author":202,"featured_media":0,"parent":0,"menu_order":0,"comment_status":"closed","ping_status":"closed","template":"home-panels.php","meta":{"advgb_blocks_editor_width":"","advgb_blocks_columns_visual_guide":"","footnotes":""},"class_list":["post-6","page","type-page","status-publish","hentry","post"],"aioseo_notices":[],"coauthors":[],"author_meta":{"author_link":"https:\/\/congresos.unlp.edu.ar\/aacr2024\/author\/ssoler\/","display_name":"ssoler"},"relative_dates":{"created":"Posted 2 a\u00f1os ago","modified":"Updated 2 a\u00f1os ago"},"absolute_dates":{"created":"Posted on 22 marzo, 2024","modified":"Updated on 14 junio, 2024"},"absolute_dates_time":{"created":"Posted on 22 marzo, 2024 11:29 am","modified":"Updated on 14 junio, 2024 12:52 pm"},"featured_img_caption":"","featured_img":false,"series_order":"","_links":{"self":[{"href":"https:\/\/congresos.unlp.edu.ar\/aacr2024\/wp-json\/wp\/v2\/pages\/6","targetHints":{"allow":["GET"]}}],"collection":[{"href":"https:\/\/congresos.unlp.edu.ar\/aacr2024\/wp-json\/wp\/v2\/pages"}],"about":[{"href":"https:\/\/congresos.unlp.edu.ar\/aacr2024\/wp-json\/wp\/v2\/types\/page"}],"author":[{"embeddable":true,"href":"https:\/\/congresos.unlp.edu.ar\/aacr2024\/wp-json\/wp\/v2\/users\/202"}],"replies":[{"embeddable":true,"href":"https:\/\/congresos.unlp.edu.ar\/aacr2024\/wp-json\/wp\/v2\/comments?post=6"}],"version-history":[{"count":0,"href":"https:\/\/congresos.unlp.edu.ar\/aacr2024\/wp-json\/wp\/v2\/pages\/6\/revisions"}],"wp:attachment":[{"href":"https:\/\/congresos.unlp.edu.ar\/aacr2024\/wp-json\/wp\/v2\/media?parent=6"}],"curies":[{"name":"wp","href":"https:\/\/api.w.org\/{rel}","templated":true}]}}