{"id":488,"date":"2024-11-04T18:55:27","date_gmt":"2024-11-04T21:55:27","guid":{"rendered":"https:\/\/congresos.unlp.edu.ar\/aacr2024\/?page_id=488"},"modified":"2024-12-18T11:54:55","modified_gmt":"2024-12-18T14:54:55","slug":"libro-de-resumenes","status":"publish","type":"page","link":"https:\/\/congresos.unlp.edu.ar\/aacr2024\/libro-de-resumenes\/","title":{"rendered":"Libro de Res\u00famenes"},"content":{"rendered":"<p>Puede <a href=\"https:\/\/drive.google.com\/file\/d\/1TfY_fFL9B4COxbBuDv3IHDWfZZXKUQVb\/view?usp=sharing\">acceder aqu\u00ed<\/a> a la versi\u00f3n definitiva del libro de res\u00famenes del evento.<\/p>\n<p>Libro de Res\u00famenes de la XIX Reuni\u00f3n Anual de la Asociaci\u00f3n Argentina de Cristalograf\u00eda<\/p>\n<p>ISBN: 978-950-34-2455-1<\/p>\n<p><a href=\"https:\/\/doi.org\/10.35537\/10915\/175092\">https:\/\/doi.org\/10.35537\/10915\/175092<\/a><\/p>\n<p><a href=\"http:\/\/sedici.unlp.edu.ar\/handle\/10915\/175092\">http:\/\/sedici.unlp.edu.ar\/handle\/10915\/175092<\/a><\/p>\n<p>&nbsp;<\/p>\n","protected":false},"excerpt":{"rendered":"<p>Puede acceder aqu\u00ed a la versi\u00f3n definitiva del libro de res\u00famenes del evento. Libro de Res\u00famenes de la XIX Reuni\u00f3n Anual de la Asociaci\u00f3n Argentina de Cristalograf\u00eda ISBN: 978-950-34-2455-1 https:\/\/doi.org\/10.35537\/10915\/175092 http:\/\/sedici.unlp.edu.ar\/handle\/10915\/175092 &nbsp;<\/p>\n","protected":false},"author":69,"featured_media":0,"parent":0,"menu_order":0,"comment_status":"closed","ping_status":"closed","template":"","meta":{"advgb_blocks_editor_width":"","advgb_blocks_columns_visual_guide":"","footnotes":""},"class_list":["post-488","page","type-page","status-publish","hentry","post"],"aioseo_notices":[],"coauthors":[],"author_meta":{"author_link":"https:\/\/congresos.unlp.edu.ar\/aacr2024\/author\/mslegnoverde\/","display_name":"mslegnoverde"},"relative_dates":{"created":"Posted 2 a\u00f1os ago","modified":"Updated 1 a\u00f1o ago"},"absolute_dates":{"created":"Posted on 4 noviembre, 2024","modified":"Updated on 18 diciembre, 2024"},"absolute_dates_time":{"created":"Posted on 4 noviembre, 2024 6:55 pm","modified":"Updated on 18 diciembre, 2024 11:54 am"},"featured_img_caption":"","featured_img":false,"series_order":"","_links":{"self":[{"href":"https:\/\/congresos.unlp.edu.ar\/aacr2024\/wp-json\/wp\/v2\/pages\/488","targetHints":{"allow":["GET"]}}],"collection":[{"href":"https:\/\/congresos.unlp.edu.ar\/aacr2024\/wp-json\/wp\/v2\/pages"}],"about":[{"href":"https:\/\/congresos.unlp.edu.ar\/aacr2024\/wp-json\/wp\/v2\/types\/page"}],"author":[{"embeddable":true,"href":"https:\/\/congresos.unlp.edu.ar\/aacr2024\/wp-json\/wp\/v2\/users\/69"}],"replies":[{"embeddable":true,"href":"https:\/\/congresos.unlp.edu.ar\/aacr2024\/wp-json\/wp\/v2\/comments?post=488"}],"version-history":[{"count":0,"href":"https:\/\/congresos.unlp.edu.ar\/aacr2024\/wp-json\/wp\/v2\/pages\/488\/revisions"}],"wp:attachment":[{"href":"https:\/\/congresos.unlp.edu.ar\/aacr2024\/wp-json\/wp\/v2\/media?parent=488"}],"curies":[{"name":"wp","href":"https:\/\/api.w.org\/{rel}","templated":true}]}}