{"id":260,"date":"2024-04-22T08:45:02","date_gmt":"2024-04-22T11:45:02","guid":{"rendered":"https:\/\/congresos.unlp.edu.ar\/aacr2024\/?page_id=260"},"modified":"2024-11-20T14:02:15","modified_gmt":"2024-11-20T17:02:15","slug":"novedades","status":"publish","type":"page","link":"https:\/\/congresos.unlp.edu.ar\/aacr2024\/novedades\/","title":{"rendered":"NOVEDADES"},"content":{"rendered":"<div id=\"pl-260\" class=\"panel-layout\">\n<div id=\"pg-260-0\" class=\"panel-grid panel-no-style\">\n<div id=\"pgc-260-0-0\" class=\"panel-grid-cell\" data-weight=\"1\">\n<div id=\"panel-260-0-0-0\" class=\"so-panel widget widget_sow-editor panel-first-child panel-last-child\" data-index=\"0\" data-style=\"{&quot;background_image_attachment&quot;:false,&quot;background_display&quot;:&quot;tile&quot;,&quot;background_image_size&quot;:&quot;full&quot;,&quot;background_image_opacity&quot;:&quot;100&quot;,&quot;border_thickness&quot;:&quot;1px&quot;}\">\n<div class=\"so-widget-sow-editor so-widget-sow-editor-base\">\n<div class=\"siteorigin-widget-tinymce textwidget\">\n<p><strong><em><span style=\"color: #993300\">20\/11\/2024<\/span><\/em><\/strong><\/p>\n<p>Se encuentran disponibles los <a href=\"https:\/\/congresos.unlp.edu.ar\/aacr2024\/certificados\/\">certificados<\/a> de la reuni\u00f3n y una <a href=\"https:\/\/congresos.unlp.edu.ar\/aacr2024\/galeria-de-fotos\/\">galer\u00eda de fotos<\/a> del evento.<\/p>\n<p><strong><em><span style=\"color: #993300\">31\/10\/2024<\/span><\/em><\/strong><\/p>\n<p>Se encuentran disponibles el programa completo de la reuni\u00f3n (Secci\u00f3n <a title=\"Programa\" href=\"https:\/\/congresos.unlp.edu.ar\/aacr2024\/programa-2\/\">PROGRAMA<\/a>)<\/p>\n<p><strong><em><span style=\"color: #993300\">01\/10\/2024<\/span><\/em><\/strong><\/p>\n<p>Se encuentran disponibles las pautas de presentaci\u00f3n para trabajos orales y posters\u00a0 (Secci\u00f3n\u00a0<a href=\"https:\/\/congresos.unlp.edu.ar\/aacr2024\/pautas-de-presentacion\/\">Pautas de presentaci\u00f3n<\/a>)<\/p>\n<p><strong><em><span style=\"color: #993300\">23\/09\/2024<\/span><\/em><\/strong><\/p>\n<p>Se encuentra disponible el Programa de la Reuni\u00f3n y la informaci\u00f3n referida a las conferencias que se brindar\u00e1n ( Secciones <a href=\"https:\/\/congresos.unlp.edu.ar\/aacr2024\/programa-2\/\">Programa<\/a> y\u00a0<a href=\"https:\/\/congresos.unlp.edu.ar\/aacr2024\/conferencias-o-conferencistas\/\">Conferencistas confirmados,<\/a> respectivamente)<\/p>\n<p><strong><em><span style=\"color: #993300\">16\/09\/2024<\/span><\/em><\/strong><\/p>\n<p>Se actualiz\u00f3 la informaci\u00f3n en la Secci\u00f3n &#8220;<a href=\"https:\/\/congresos.unlp.edu.ar\/aacr2024\/sedes\/\">Sedes<\/a>&#8220;.<\/p>\n<p><strong><em><span style=\"color: #993300\">31\/07\/2024<\/span><\/em><\/strong><\/p>\n<p>La fecha l\u00edmite para el env\u00edo de trabajos se prorroga hasta el 16 de agosto.<\/p>\n<p><strong><em><span style=\"color: #993300\">10\/07\/2024<\/span><\/em><\/strong><\/p>\n<p>Se actualiz\u00f3 la informaci\u00f3n sobre la escuela (visitar la secci\u00f3n espec\u00edfica en la p\u00e1gina web) y se public\u00f3 el formulario para solicitar ayuda econ\u00f3mica (disponible en <a href=\"https:\/\/congresos.unlp.edu.ar\/aacr2024\/inscripcion\/\" target=\"_blank\" rel=\"noopener\">incripci\u00f3n y aranceles<\/a>).<\/p>\n<p><strong><em><span style=\"color: #993300\">27\/05\/2024<\/span><\/em><\/strong><\/p>\n<p>Se public\u00f3 la <a href=\"https:\/\/congresos.unlp.edu.ar\/aacr2024\/wp-content\/uploads\/sites\/85\/2024\/06\/2da-Circular-AACr-2024.pdf\">Segunda Circular<\/a> con novedades recientes.<\/p>\n<p><strong><em><span style=\"color: #993300\">16\/05\/2024<\/span><\/em><\/strong><\/p>\n<p>Se actualiz\u00f3 la secci\u00f3n \u201c<a href=\"https:\/\/congresos.unlp.edu.ar\/aacr2024\/envio-de-resumenes\/\">La Reuni\u00f3n\/Trabajos<\/a>\u201d\u00a0 con informaci\u00f3n sobre la escritura y env\u00edo de los res\u00famenes.<\/p>\n<p><strong><em><span style=\"color: #993300\">22\/04\/2024<\/span><\/em><\/strong><\/p>\n<p>Se encuentra disponible el <a title=\"Inscripci\u00f3n y aranceles\" href=\"https:\/\/congresos.unlp.edu.ar\/aacr2024\/inscripcion\/\" target=\"_blank\" rel=\"noopener\">Formulario de Inscripci\u00f3n<\/a>.<\/p>\n<\/div>\n<\/div>\n<\/div>\n<\/div>\n<\/div>\n<\/div>\n","protected":false},"excerpt":{"rendered":"<p>20\/11\/2024 Se encuentran disponibles los certificados de la reuni\u00f3n y una galer\u00eda de fotos del evento. 31\/10\/2024 Se encuentran disponibles el programa completo de la reuni\u00f3n (Secci\u00f3n PROGRAMA) 01\/10\/2024 Se encuentran disponibles las pautas de presentaci\u00f3n para trabajos orales y posters\u00a0 (Secci\u00f3n\u00a0Pautas de presentaci\u00f3n) 23\/09\/2024 Se encuentra disponible el Programa de la Reuni\u00f3n y la [&hellip;]<\/p>\n","protected":false},"author":69,"featured_media":0,"parent":0,"menu_order":0,"comment_status":"closed","ping_status":"closed","template":"","meta":{"advgb_blocks_editor_width":"","advgb_blocks_columns_visual_guide":"","footnotes":""},"class_list":["post-260","page","type-page","status-publish","hentry","post"],"aioseo_notices":[],"coauthors":[],"author_meta":{"author_link":"https:\/\/congresos.unlp.edu.ar\/aacr2024\/author\/mslegnoverde\/","display_name":"mslegnoverde"},"relative_dates":{"created":"Posted 2 a\u00f1os ago","modified":"Updated 1 a\u00f1o ago"},"absolute_dates":{"created":"Posted on 22 abril, 2024","modified":"Updated on 20 noviembre, 2024"},"absolute_dates_time":{"created":"Posted on 22 abril, 2024 8:45 am","modified":"Updated on 20 noviembre, 2024 2:02 pm"},"featured_img_caption":"","featured_img":false,"series_order":"","_links":{"self":[{"href":"https:\/\/congresos.unlp.edu.ar\/aacr2024\/wp-json\/wp\/v2\/pages\/260","targetHints":{"allow":["GET"]}}],"collection":[{"href":"https:\/\/congresos.unlp.edu.ar\/aacr2024\/wp-json\/wp\/v2\/pages"}],"about":[{"href":"https:\/\/congresos.unlp.edu.ar\/aacr2024\/wp-json\/wp\/v2\/types\/page"}],"author":[{"embeddable":true,"href":"https:\/\/congresos.unlp.edu.ar\/aacr2024\/wp-json\/wp\/v2\/users\/69"}],"replies":[{"embeddable":true,"href":"https:\/\/congresos.unlp.edu.ar\/aacr2024\/wp-json\/wp\/v2\/comments?post=260"}],"version-history":[{"count":0,"href":"https:\/\/congresos.unlp.edu.ar\/aacr2024\/wp-json\/wp\/v2\/pages\/260\/revisions"}],"wp:attachment":[{"href":"https:\/\/congresos.unlp.edu.ar\/aacr2024\/wp-json\/wp\/v2\/media?parent=260"}],"curies":[{"name":"wp","href":"https:\/\/api.w.org\/{rel}","templated":true}]}}