{"id":218,"date":"2024-04-08T22:59:10","date_gmt":"2024-04-09T01:59:10","guid":{"rendered":"https:\/\/congresos.unlp.edu.ar\/aacr2024\/?page_id=218"},"modified":"2024-11-04T13:36:02","modified_gmt":"2024-11-04T16:36:02","slug":"programa-2","status":"publish","type":"page","link":"https:\/\/congresos.unlp.edu.ar\/aacr2024\/programa-2\/","title":{"rendered":"Programa"},"content":{"rendered":"<div id=\"pl-218\"  class=\"panel-layout\" ><div id=\"pg-218-0\"  class=\"panel-grid panel-no-style\" ><div id=\"pgc-218-0-0\"  class=\"panel-grid-cell\" ><div id=\"panel-218-0-0-0\" class=\"so-panel widget widget_text panel-first-child\" data-index=\"0\" >\t\t\t<div class=\"textwidget\"><p>Se recuerda que por requerimientos administrativos de la sede de la reuni\u00f3n, <strong>no podr\u00e1n ingresar al edificio aquellas personas que no se encuentren inscriptas.<\/strong><\/p>\n<p>Aqu\u00ed puede descargar el <a href=\"https:\/\/congresos.unlp.edu.ar\/aacr2024\/wp-content\/uploads\/sites\/85\/2024\/11\/PROGRAMA-COMPLETO-1.pdf\" target=\"_blank\" rel=\"noopener\">PROGRAMA COMPLETO<\/a> (incluye sesiones de p\u00f3sters)<\/p>\n<\/div>\n\t\t<\/div><div id=\"panel-218-0-0-1\" class=\"so-panel widget widget_media_image\" data-index=\"1\" ><img loading=\"lazy\" decoding=\"async\" width=\"1275\" height=\"1650\" src=\"https:\/\/congresos.unlp.edu.ar\/aacr2024\/wp-content\/uploads\/sites\/85\/2024\/11\/miercoles_page-0001.jpg\" class=\"image wp-image-493  attachment-full size-full\" alt=\"\" style=\"max-width: 100%; height: auto;\" srcset=\"https:\/\/congresos.unlp.edu.ar\/aacr2024\/wp-content\/uploads\/sites\/85\/2024\/11\/miercoles_page-0001.jpg 1275w, https:\/\/congresos.unlp.edu.ar\/aacr2024\/wp-content\/uploads\/sites\/85\/2024\/11\/miercoles_page-0001-232x300.jpg 232w, https:\/\/congresos.unlp.edu.ar\/aacr2024\/wp-content\/uploads\/sites\/85\/2024\/11\/miercoles_page-0001-791x1024.jpg 791w, https:\/\/congresos.unlp.edu.ar\/aacr2024\/wp-content\/uploads\/sites\/85\/2024\/11\/miercoles_page-0001-768x994.jpg 768w, https:\/\/congresos.unlp.edu.ar\/aacr2024\/wp-content\/uploads\/sites\/85\/2024\/11\/miercoles_page-0001-1187x1536.jpg 1187w\" sizes=\"auto, (max-width: 1275px) 100vw, 1275px\" \/><\/div><div id=\"panel-218-0-0-2\" class=\"so-panel widget widget_media_image\" data-index=\"2\" ><img loading=\"lazy\" decoding=\"async\" width=\"1275\" height=\"1650\" src=\"https:\/\/congresos.unlp.edu.ar\/aacr2024\/wp-content\/uploads\/sites\/85\/2024\/11\/jueves_page-0001.jpg\" class=\"image wp-image-492  attachment-full size-full\" alt=\"\" style=\"max-width: 100%; height: auto;\" srcset=\"https:\/\/congresos.unlp.edu.ar\/aacr2024\/wp-content\/uploads\/sites\/85\/2024\/11\/jueves_page-0001.jpg 1275w, https:\/\/congresos.unlp.edu.ar\/aacr2024\/wp-content\/uploads\/sites\/85\/2024\/11\/jueves_page-0001-232x300.jpg 232w, https:\/\/congresos.unlp.edu.ar\/aacr2024\/wp-content\/uploads\/sites\/85\/2024\/11\/jueves_page-0001-791x1024.jpg 791w, https:\/\/congresos.unlp.edu.ar\/aacr2024\/wp-content\/uploads\/sites\/85\/2024\/11\/jueves_page-0001-768x994.jpg 768w, https:\/\/congresos.unlp.edu.ar\/aacr2024\/wp-content\/uploads\/sites\/85\/2024\/11\/jueves_page-0001-1187x1536.jpg 1187w\" sizes=\"auto, (max-width: 1275px) 100vw, 1275px\" \/><\/div><div id=\"panel-218-0-0-3\" class=\"so-panel widget widget_media_image panel-last-child\" data-index=\"3\" ><img loading=\"lazy\" decoding=\"async\" width=\"1275\" height=\"1650\" src=\"https:\/\/congresos.unlp.edu.ar\/aacr2024\/wp-content\/uploads\/sites\/85\/2024\/11\/viernes_page-0001.jpg\" class=\"image wp-image-494  attachment-full size-full\" alt=\"\" style=\"max-width: 100%; height: auto;\" srcset=\"https:\/\/congresos.unlp.edu.ar\/aacr2024\/wp-content\/uploads\/sites\/85\/2024\/11\/viernes_page-0001.jpg 1275w, https:\/\/congresos.unlp.edu.ar\/aacr2024\/wp-content\/uploads\/sites\/85\/2024\/11\/viernes_page-0001-232x300.jpg 232w, https:\/\/congresos.unlp.edu.ar\/aacr2024\/wp-content\/uploads\/sites\/85\/2024\/11\/viernes_page-0001-791x1024.jpg 791w, https:\/\/congresos.unlp.edu.ar\/aacr2024\/wp-content\/uploads\/sites\/85\/2024\/11\/viernes_page-0001-768x994.jpg 768w, https:\/\/congresos.unlp.edu.ar\/aacr2024\/wp-content\/uploads\/sites\/85\/2024\/11\/viernes_page-0001-1187x1536.jpg 1187w\" sizes=\"auto, (max-width: 1275px) 100vw, 1275px\" \/><\/div><\/div><\/div><\/div>","protected":false},"excerpt":{"rendered":"<p>Se recuerda que por requerimientos administrativos de la sede de la reuni\u00f3n, no podr\u00e1n ingresar al edificio aquellas personas que no se encuentren inscriptas. Aqu\u00ed puede descargar el PROGRAMA COMPLETO (incluye sesiones de p\u00f3sters)<\/p>\n","protected":false},"author":69,"featured_media":0,"parent":0,"menu_order":0,"comment_status":"closed","ping_status":"closed","template":"","meta":{"advgb_blocks_editor_width":"","advgb_blocks_columns_visual_guide":"","footnotes":""},"class_list":["post-218","page","type-page","status-publish","hentry","post"],"aioseo_notices":[],"coauthors":[],"author_meta":{"author_link":"https:\/\/congresos.unlp.edu.ar\/aacr2024\/author\/mslegnoverde\/","display_name":"mslegnoverde"},"relative_dates":{"created":"Posted 2 a\u00f1os ago","modified":"Updated 1 a\u00f1o ago"},"absolute_dates":{"created":"Posted on 8 abril, 2024","modified":"Updated on 4 noviembre, 2024"},"absolute_dates_time":{"created":"Posted on 8 abril, 2024 10:59 pm","modified":"Updated on 4 noviembre, 2024 1:36 pm"},"featured_img_caption":"","featured_img":false,"series_order":"","_links":{"self":[{"href":"https:\/\/congresos.unlp.edu.ar\/aacr2024\/wp-json\/wp\/v2\/pages\/218","targetHints":{"allow":["GET"]}}],"collection":[{"href":"https:\/\/congresos.unlp.edu.ar\/aacr2024\/wp-json\/wp\/v2\/pages"}],"about":[{"href":"https:\/\/congresos.unlp.edu.ar\/aacr2024\/wp-json\/wp\/v2\/types\/page"}],"author":[{"embeddable":true,"href":"https:\/\/congresos.unlp.edu.ar\/aacr2024\/wp-json\/wp\/v2\/users\/69"}],"replies":[{"embeddable":true,"href":"https:\/\/congresos.unlp.edu.ar\/aacr2024\/wp-json\/wp\/v2\/comments?post=218"}],"version-history":[{"count":0,"href":"https:\/\/congresos.unlp.edu.ar\/aacr2024\/wp-json\/wp\/v2\/pages\/218\/revisions"}],"wp:attachment":[{"href":"https:\/\/congresos.unlp.edu.ar\/aacr2024\/wp-json\/wp\/v2\/media?parent=218"}],"curies":[{"name":"wp","href":"https:\/\/api.w.org\/{rel}","templated":true}]}}