{"id":19,"date":"2024-03-22T11:29:47","date_gmt":"2024-03-22T14:29:47","guid":{"rendered":"https:\/\/congresos.unlp.edu.ar\/aacr2024\/?page_id=19"},"modified":"2024-11-01T16:20:44","modified_gmt":"2024-11-01T19:20:44","slug":"programa","status":"publish","type":"page","link":"https:\/\/congresos.unlp.edu.ar\/aacr2024\/programa\/","title":{"rendered":"Programa y cronograma"},"content":{"rendered":"<div id=\"pl-19\"  class=\"panel-layout\" ><div id=\"pg-19-0\"  class=\"panel-grid panel-no-style\" ><div id=\"pgc-19-0-0\"  class=\"panel-grid-cell\" ><div id=\"panel-19-0-0-0\" class=\"so-panel widget widget_sow-editor panel-first-child panel-last-child\" data-index=\"0\" ><div\n\t\t\t\n\t\t\tclass=\"so-widget-sow-editor so-widget-sow-editor-base\"\n\t\t\t\n\t\t>\n<div class=\"siteorigin-widget-tinymce textwidget\">\n\t<p style=\"text-align: center\"><strong>CRISTALOGRAF\u00cdA B\u00c1SICA Y T\u00c9CNICAS BASADAS EN RAYOS X <\/strong><\/p>\n<p style=\"text-align: center\"><strong>(DIFRACCI\u00d3N, DISPERSI\u00d3N Y ABSORCI\u00d3N)<\/strong><\/p>\n<p>&nbsp;<\/p>\n<p><b>OBJETIVO<\/b><span style=\"font-weight: 400\">:<\/span><\/p>\n<p><span style=\"font-weight: 400\">Que el estudiante adquiera conocimientos b\u00e1sicos sobre cristalograf\u00eda y difracci\u00f3n de rayos X de monocristales y polvo. Introducir al estudiante en la problem\u00e1tica de la resoluci\u00f3n y refinamiento de estructuras cristalinas y en el an\u00e1lisis de sustancias policristalinas despertando su particular inter\u00e9s por esta \u00e1rea de la ciencia.<\/span><\/p>\n<p><span style=\"font-weight: 400\">\u00a0<\/span><b>TEMARIO:<\/b><\/p>\n<p><b>\u00a0<\/b><span style=\"font-weight: 400\">1) <\/span><i><span style=\"font-weight: 400\">Simetr\u00eda de Cristales<\/span><\/i><\/p>\n<p><span style=\"font-weight: 400\">\u00a02) <\/span><i><span style=\"font-weight: 400\">F\u00edsica de los rayos-X, generaci\u00f3n<\/span><\/i><\/p>\n<p><span style=\"font-weight: 400\">\u00a03) <\/span><i><span style=\"font-weight: 400\">Dispersi\u00f3n de rayos-X por \u00e1tomos, mol\u00e9culas y s\u00f3lidos<\/span><\/i><\/p>\n<p><span style=\"font-weight: 400\">\u00a04) <\/span><i><span style=\"font-weight: 400\">M\u00e9todos de colecci\u00f3n, resoluci\u00f3n y an\u00e1lisis de estructuras cristalinas<\/span><\/i><\/p>\n<p><span style=\"font-weight: 400\">\u00a05) <\/span><i><span style=\"font-weight: 400\">Pr\u00e1cticas de reducci\u00f3n de datos, resoluci\u00f3n y refinamiento de estructuras de mol\u00e9culas peque\u00f1as por difracci\u00f3n de cristal \u00fanico<\/span><\/i><\/p>\n<p><span style=\"font-weight: 400\">6) U<i><span lang=\"ES-MX\">so de base de datos de estructuras (ICSD, CSD)<\/span><\/i><\/span><\/p>\n<p><i><span style=\"font-weight: 400\">7) Fundamentos de Absorci\u00f3n de rayos X y sus aplicaciones<\/span><\/i><\/p>\n<p><span style=\"font-weight: 400\">8) <\/span><i><span style=\"font-weight: 400\">Fundamentos de difracci\u00f3n de polvo y aspectos experimentales<\/span><\/i><\/p>\n<p><span style=\"font-weight: 400\">9)<\/span><i><span style=\"font-weight: 400\"> Indexaci\u00f3n de patrones de difracci\u00f3n por polvos cristalinos<\/span><\/i><\/p>\n<p><span style=\"font-weight: 400\">10)<\/span><i><span style=\"font-weight: 400\"> Identificaci\u00f3n de compuestos y empleo de bases de datos de polvos cristalinos<\/span><\/i><\/p>\n<p><span style=\"font-weight: 400\">11)<\/span><i><span style=\"font-weight: 400\"> El m\u00e9todo de Rietveld de refinamiento estructural<\/span><\/i><\/p>\n<p><span style=\"font-weight: 400\">12) <\/span><i><span style=\"font-weight: 400\">An\u00e1lisis microestructural (tama\u00f1o de cristalita y microdeformaciones)<\/span><\/i><\/p>\n<p><span style=\"font-weight: 400\">\u00a0<\/span><\/p>\n<\/div>\n<\/div><\/div><\/div><\/div><div id=\"pg-19-1\"  class=\"panel-grid panel-no-style\" ><div id=\"pgc-19-1-0\"  class=\"panel-grid-cell\" ><div id=\"panel-19-1-0-0\" class=\"so-panel widget widget_circleicon-widget panel-first-child panel-last-child\" data-index=\"1\" >\t\t<div class=\"circle-icon-box circle-icon-position-top circle-icon-hide-box circle-icon-size-small \">\n\t\t\t\t\t\t\t<div class=\"circle-icon-wrapper\">\n\t\t\t\t\t\t\t\t\t\t<a href=\"https:\/\/congresos.unlp.edu.ar\/aacr2024\/wp-content\/uploads\/sites\/85\/2024\/07\/programa-escuela-AACr2024-1.pdf\" class=\"link-icon\" target=\"_blank\">\t\t\t\t\t<div class=\"circle-icon icon-style-set\" style=\"background-color: #64add2\">\n\t\t\t\t\t\t\t\t\t\t\t\t\t<div\n\t\t\t\t\t\t\t\tclass=\"fa fa-file-pdf-o  icon-style-set\"\n\t\t\t\t\t\t\t\t\t\t\t\t\t\t\t><\/div>\n\t\t\t\t\t\t\t\t\t\t\t<\/div>\n\t\t\t\t\t<\/a>\t\t\t\t<\/div>\n\t\t\t\n\t\t\t\t\t\t\t<a\n\t\t\t\t\thref=\"https:\/\/congresos.unlp.edu.ar\/aacr2024\/wp-content\/uploads\/sites\/85\/2024\/07\/programa-escuela-AACr2024-1.pdf\"\n\t\t\t\t\tclass=\"link-title\" target=&quot;_blank&quot;\t\t\t\t>\n\t\t\t\t\t\t\t\t\t\t\t\t\t<\/a>\n\t\t\t\n\t\t\t\t\t\t\t\t\t\t<a\n\t\t\t\t\thref=\"https:\/\/congresos.unlp.edu.ar\/aacr2024\/wp-content\/uploads\/sites\/85\/2024\/07\/programa-escuela-AACr2024-1.pdf\"\n\t\t\t\t\tclass=\"more-button\"\n\t\t\t\t\ttarget=&quot;_blank&quot;\t\t\t\t>\n\t\t\t\t\tPrograma de la Escuela\t\t\t\t\t<i><\/i>\n\t\t\t\t<\/a>\n\t\t\t\t\t<\/div>\n\t\t<\/div><\/div><div id=\"pgc-19-1-1\"  class=\"panel-grid-cell\" ><div id=\"panel-19-1-1-0\" class=\"so-panel widget widget_circleicon-widget panel-first-child panel-last-child\" data-index=\"2\" >\t\t<div class=\"circle-icon-box circle-icon-position-top circle-icon-hide-box circle-icon-size-small \">\n\t\t\t\t\t\t\t<div class=\"circle-icon-wrapper\">\n\t\t\t\t\t\t\t\t\t\t<a href=\"https:\/\/congresos.unlp.edu.ar\/aacr2024\/wp-content\/uploads\/sites\/85\/2024\/11\/Cronograma-escuela-AACr2024_Final.pdf\" class=\"link-icon\" target=\"_blank\">\t\t\t\t\t<div class=\"circle-icon icon-style-set\" style=\"background-color: #64add2\">\n\t\t\t\t\t\t\t\t\t\t\t\t\t<div\n\t\t\t\t\t\t\t\tclass=\"fa fa-file-pdf-o  icon-style-set\"\n\t\t\t\t\t\t\t\t\t\t\t\t\t\t\t><\/div>\n\t\t\t\t\t\t\t\t\t\t\t<\/div>\n\t\t\t\t\t<\/a>\t\t\t\t<\/div>\n\t\t\t\n\t\t\t\t\t\t\t<a\n\t\t\t\t\thref=\"https:\/\/congresos.unlp.edu.ar\/aacr2024\/wp-content\/uploads\/sites\/85\/2024\/11\/Cronograma-escuela-AACr2024_Final.pdf\"\n\t\t\t\t\tclass=\"link-title\" target=&quot;_blank&quot;\t\t\t\t>\n\t\t\t\t\t\t\t\t\t\t\t\t\t<\/a>\n\t\t\t\n\t\t\t\t\t\t\t\t\t\t<a\n\t\t\t\t\thref=\"https:\/\/congresos.unlp.edu.ar\/aacr2024\/wp-content\/uploads\/sites\/85\/2024\/11\/Cronograma-escuela-AACr2024_Final.pdf\"\n\t\t\t\t\tclass=\"more-button\"\n\t\t\t\t\ttarget=&quot;_blank&quot;\t\t\t\t>\n\t\t\t\t\tCronograma de la Escuela\t\t\t\t\t<i><\/i>\n\t\t\t\t<\/a>\n\t\t\t\t\t<\/div>\n\t\t<\/div><\/div><\/div><\/div>","protected":false},"excerpt":{"rendered":"<p>CRISTALOGRAF\u00cdA B\u00c1SICA Y T\u00c9CNICAS BASADAS EN RAYOS X (DIFRACCI\u00d3N, DISPERSI\u00d3N Y ABSORCI\u00d3N) &nbsp; OBJETIVO: Que el estudiante adquiera conocimientos b\u00e1sicos sobre cristalograf\u00eda y difracci\u00f3n de rayos X de monocristales y polvo. Introducir al estudiante en la problem\u00e1tica de la resoluci\u00f3n y refinamiento de estructuras cristalinas y en el an\u00e1lisis de sustancias policristalinas despertando su particular [&hellip;]<\/p>\n","protected":false},"author":202,"featured_media":0,"parent":0,"menu_order":0,"comment_status":"closed","ping_status":"closed","template":"","meta":{"advgb_blocks_editor_width":"","advgb_blocks_columns_visual_guide":"","footnotes":""},"class_list":["post-19","page","type-page","status-publish","hentry","post"],"aioseo_notices":[],"coauthors":[],"author_meta":{"author_link":"https:\/\/congresos.unlp.edu.ar\/aacr2024\/author\/ssoler\/","display_name":"ssoler"},"relative_dates":{"created":"Posted 2 a\u00f1os ago","modified":"Updated 2 a\u00f1os ago"},"absolute_dates":{"created":"Posted on 22 marzo, 2024","modified":"Updated on 1 noviembre, 2024"},"absolute_dates_time":{"created":"Posted on 22 marzo, 2024 11:29 am","modified":"Updated on 1 noviembre, 2024 4:20 pm"},"featured_img_caption":"","featured_img":false,"series_order":"","_links":{"self":[{"href":"https:\/\/congresos.unlp.edu.ar\/aacr2024\/wp-json\/wp\/v2\/pages\/19","targetHints":{"allow":["GET"]}}],"collection":[{"href":"https:\/\/congresos.unlp.edu.ar\/aacr2024\/wp-json\/wp\/v2\/pages"}],"about":[{"href":"https:\/\/congresos.unlp.edu.ar\/aacr2024\/wp-json\/wp\/v2\/types\/page"}],"author":[{"embeddable":true,"href":"https:\/\/congresos.unlp.edu.ar\/aacr2024\/wp-json\/wp\/v2\/users\/202"}],"replies":[{"embeddable":true,"href":"https:\/\/congresos.unlp.edu.ar\/aacr2024\/wp-json\/wp\/v2\/comments?post=19"}],"version-history":[{"count":0,"href":"https:\/\/congresos.unlp.edu.ar\/aacr2024\/wp-json\/wp\/v2\/pages\/19\/revisions"}],"wp:attachment":[{"href":"https:\/\/congresos.unlp.edu.ar\/aacr2024\/wp-json\/wp\/v2\/media?parent=19"}],"curies":[{"name":"wp","href":"https:\/\/api.w.org\/{rel}","templated":true}]}}