{"id":15,"date":"2024-03-22T11:29:47","date_gmt":"2024-03-22T14:29:47","guid":{"rendered":"https:\/\/congresos.unlp.edu.ar\/aacr2024\/?page_id=15"},"modified":"2024-10-22T14:59:11","modified_gmt":"2024-10-22T17:59:11","slug":"inscripcion","status":"publish","type":"page","link":"https:\/\/congresos.unlp.edu.ar\/aacr2024\/inscripcion\/","title":{"rendered":"Inscripci\u00f3n y aranceles"},"content":{"rendered":"<div id=\"pl-15\" class=\"panel-layout\">\n<div id=\"pg-15-0\" class=\"panel-grid panel-no-style\">\n<div id=\"pgc-15-0-0\" class=\"panel-grid-cell\" data-weight=\"1\">\n<div id=\"panel-15-0-0-0\" class=\"so-panel widget widget_text panel-first-child panel-last-child\" data-index=\"0\" data-style=\"{&quot;background_image_attachment&quot;:false,&quot;background_display&quot;:&quot;tile&quot;,&quot;background_image_size&quot;:&quot;full&quot;,&quot;background_image_opacity&quot;:&quot;100&quot;,&quot;border_thickness&quot;:&quot;1px&quot;}\">\n<div class=\"textwidget\">\n<p>Se recuerda que por requerimientos administrativos de la sede de la reuni\u00f3n, <strong>no podr\u00e1n ingresar al edificio aquellas personas que no se encuentren inscriptas.<\/strong><\/p>\n<p>Usted podr\u00e1 acceder al Formulario de inscripci\u00f3n haciendo click\u00a0<a href=\"https:\/\/forms.gle\/gHUpe7644TWQaVCe9\" target=\"_blank\" rel=\"noopener\"><em><strong>aqu\u00ed<\/strong><\/em><\/a>. <strong>Cierre de la inscripci\u00f3n 7\/10\/2024<\/strong><\/p>\n<p>Se dar\u00e1n ayudas econ\u00f3micas para el pago de traslado, se dar\u00e1 prioridad a aquellos que asistan a la escuela y a la reuni\u00f3n con presentaci\u00f3n de trabajo.\u00a0 Para solicitar la ayuda econ\u00f3mica debe completar el <strong><em><a href=\"https:\/\/forms.gle\/Xh9wejbxZBbhNjDu5\" target=\"_blank\" rel=\"noopener\">siguiente formulario,<\/a>\u00a0<\/em><\/strong>en el mismo se debe adjuntar una nota de aval de su director\/a de carreras.<\/p>\n<p>&nbsp;<\/p>\n<\/div>\n<\/div>\n<\/div>\n<\/div>\n<div id=\"pg-15-1\" class=\"panel-grid panel-no-style\" data-style=\"{&quot;background_image_attachment&quot;:false,&quot;background_display&quot;:&quot;tile&quot;,&quot;background_image_size&quot;:&quot;full&quot;,&quot;background_image_opacity&quot;:&quot;100&quot;,&quot;border_thickness&quot;:&quot;1px&quot;,&quot;full_height&quot;:&quot;&quot;,&quot;cell_alignment&quot;:&quot;flex-start&quot;}\">\n<div id=\"pgc-15-1-0\" class=\"panel-grid-cell panel-grid-cell-mobile-last\" data-weight=\"0.97389598406207\">\n<div id=\"panel-15-1-0-0\" class=\"so-panel widget widget_text panel-first-child panel-last-child\" data-index=\"1\" data-style=\"{&quot;background_image_attachment&quot;:false,&quot;background_display&quot;:&quot;tile&quot;,&quot;background_image_size&quot;:&quot;full&quot;,&quot;background_image_opacity&quot;:&quot;100&quot;,&quot;border_thickness&quot;:&quot;1px&quot;}\">\n<div class=\"textwidget\">\n<p>&nbsp;<\/p>\n<table style=\"border: 1px solid black;border-collapse: collapse\">\n<thead>\n<tr>\n<th style=\"border: 1px solid black;text-align: center;vertical-align: center\" rowspan=\"2\">Categor\u00edas<\/th>\n<th style=\"border: 1px solid black;text-align: center\" colspan=\"2\">Aranceles <sup>(*)<\/sup><\/th>\n<\/tr>\n<tr>\n<th style=\"border: 1px solid black;text-align: center\">Hasta el 31\/08\/2024<\/th>\n<th style=\"border: 1px solid black;text-align: center\">Despu\u00e9s del 31\/08\/2024<\/th>\n<\/tr>\n<\/thead>\n<tbody>\n<tr>\n<td style=\"border: 1px solid black;padding: 10px\" width=\"350\">Socios estudiantes AACr (posgrado y grado)<\/td>\n<td style=\"border: 1px solid black;text-align: center\" width=\"150\">Sin cargo*<\/td>\n<td style=\"border: 1px solid black;text-align: center\" width=\"150\">Sin cargo*<\/td>\n<\/tr>\n<tr>\n<td style=\"border: 1px solid black;padding: 10px\" width=\"350\">Socios activos AACr (investigadores, personal de apoyo, posdocs y profesionales)<\/td>\n<td style=\"border: 1px solid black;text-align: center\" width=\"150\">Sin cargo*<\/td>\n<td style=\"border: 1px solid black;text-align: center\" width=\"150\">Sin cargo*<\/td>\n<\/tr>\n<tr>\n<td style=\"border: 1px solid black;padding: 10px\" width=\"350\"><span style=\"font-weight: 400\">No socios Estudiantes (posgrado y grado)<\/span><\/td>\n<td style=\"border: 1px solid black;text-align: center\" width=\"150\">$30000<\/td>\n<td style=\"border: 1px solid black;text-align: center\" width=\"150\">$35000<\/td>\n<\/tr>\n<tr>\n<td style=\"border: 1px solid black;padding: 10px\" width=\"350\">No socios Investigadores, personal de apoyo, posdocs y profesionales<\/td>\n<td style=\"border: 1px solid black;text-align: center\" width=\"150\">$50000<\/td>\n<td style=\"border: 1px solid black;text-align: center\" width=\"150\">$75000<\/td>\n<\/tr>\n<\/tbody>\n<\/table>\n<p>&nbsp;<\/p>\n<\/div>\n<\/div>\n<\/div>\n<div id=\"pgc-15-1-1\" class=\"panel-grid-cell panel-grid-cell-empty\" data-weight=\"0.026104015937926\"><\/div>\n<\/div>\n<div id=\"pg-15-2\" class=\"panel-grid panel-no-style\" data-style=\"{&quot;background_image_attachment&quot;:false,&quot;background_display&quot;:&quot;tile&quot;,&quot;background_image_size&quot;:&quot;full&quot;,&quot;background_image_opacity&quot;:&quot;100&quot;,&quot;border_thickness&quot;:&quot;1px&quot;,&quot;full_height&quot;:&quot;&quot;,&quot;cell_alignment&quot;:&quot;flex-start&quot;}\">\n<div id=\"pgc-15-2-0\" class=\"panel-grid-cell\" data-weight=\"1\">\n<div id=\"panel-15-2-0-0\" class=\"so-panel widget widget_text panel-first-child panel-last-child\" data-index=\"2\" data-style=\"{&quot;background_image_attachment&quot;:false,&quot;background_display&quot;:&quot;tile&quot;,&quot;background_image_size&quot;:&quot;full&quot;,&quot;background_image_opacity&quot;:&quot;100&quot;,&quot;border_thickness&quot;:&quot;1px&quot;}\">\n<div class=\"textwidget\">\n<p><span style=\"font-weight: 400\">* La inscripci\u00f3n es sin costo si se tiene abonadas las cuotas 2023 y 2024. <\/span><span style=\"font-weight: 400\">La AACr da la posibilidad de asociarse (antes del 31\/08\/24) y tener derecho a participar de los eventos de 2024.<\/span><\/p>\n<p><span style=\"font-weight: 400\">Montos de la cuota societaria anual: <\/span><span style=\"font-weight: 400\">$ 20000<\/span><span style=\"font-weight: 400\"> (s. activos) \u2013 $ 10000<\/span><span style=\"font-weight: 400\">\u00a0(estudiantes)\u00a0<\/span><\/p>\n<p><span style=\"font-weight: 400\">Para <strong>asociarse<\/strong> a la AACr o pagar la <\/span><span style=\"font-weight: 400\"><b>cuota societaria <\/b>contactarse con los delegados regionales (ver <a style=\"font-weight: 400\" href=\"http:\/\/www.cristalografia.com.ar\/index.php\/autoridades\">http:\/\/www.cristalografia.com.ar\/index.php\/autoridades<\/a>)<\/span><\/p>\n<p>&nbsp;<\/p>\n<p><strong>INSTRUCCIONES PARA EL PAGO ANTICIPADO DE LA INSCRIPCI\u00d3N<\/strong><\/p>\n<p><span style=\"font-weight: 400\">El pago de la <strong>inscripci\u00f3n<\/strong> a la XIX Reuni\u00f3n Anual de la AACr\u00a0<\/span><span style=\"font-weight: 400\">incluye la presentaci\u00f3n de hasta dos trabajos, material del congreso y coffee break.<\/span><\/p>\n<p><span style=\"font-weight: 400\">El mismo debe hacerse por transferencia bancaria a:\u00a0<\/span><\/p>\n<p><strong>Titular: Fundaci\u00f3n Ciencias Exactas<\/strong><\/p>\n<p><strong>Banco HSBC Sucursal 066 La Plata<\/strong><\/p>\n<p><strong>Cuenta Corriente: N\u00ba 0663242142<\/strong><\/p>\n<p><strong>CBU 1500016900006632421428<\/strong><\/p>\n<p><strong>CUIT N\u00ba 30-64390899-5<\/strong><\/p>\n<p>&nbsp;<\/p>\n<p><span style=\"font-weight: 400\">El comprobante de pago deber\u00e1 enviarse a <a href=\"mailto:tes.reunionaacr2024@gmail.com\">tes.reunionaacr2024@gmail.com<\/a><\/span><span style=\"font-weight: 400\"> consignando en el asunto \u201cPago Apellido, iniciales (Ej: Pago Perez, M.A)\u201d, en caso de que se tratase del pago de m\u00e1s de una inscripci\u00f3n deber\u00e1 mencionarse a todos los involucrados (Ej. Pago Perez, M.A.; Rodriguez, J.M.; \u2026.\u201d)<\/span><\/p>\n<p><span style=\"font-weight: 400\">Si se requiere factura, junto con el comprobante de pago, por favor, enviar los datos de facturaci\u00f3n:<\/span><\/p>\n<ul>\n<li><span style=\"font-weight: 400\"> Raz\u00f3n Social<\/span><\/li>\n<li><span style=\"font-weight: 400\"> CUIT<\/span><\/li>\n<li><span style=\"font-weight: 400\"> Domicilio<\/span><\/li>\n<li><span style=\"font-weight: 400\"> Nombres y apellido completos de la o las personas inscriptas<\/span><\/li>\n<li><span style=\"font-weight: 400\"> Aclarar si se necesita incluir en la factura alguna aclaraci\u00f3n particular (por ejemplo, c\u00f3digo de proyecto\/subsidio y datos del titular)<\/span><\/li>\n<\/ul>\n<p>&nbsp;<\/p>\n<p><span style=\"font-weight: 400\">De no necesitar factura con alg\u00fan requisito especial, debe consignarse nombres y apellido completos y DNI de la persona inscripta o, en el caso del pago de m\u00e1s de una inscripci\u00f3n a trav\u00e9s de una \u00fanica transferencia, los mencionados datos de alguna de las personas cuya inscripci\u00f3n haya sido abonada con esa transferencia.<\/span><\/p>\n<p>&nbsp;<\/p>\n<p>&nbsp;<\/p>\n<\/div>\n<\/div>\n<\/div>\n<\/div>\n<\/div>\n","protected":false},"excerpt":{"rendered":"<p>Se recuerda que por requerimientos administrativos de la sede de la reuni\u00f3n, no podr\u00e1n ingresar al edificio aquellas personas que no se encuentren inscriptas. Usted podr\u00e1 acceder al Formulario de inscripci\u00f3n haciendo click\u00a0aqu\u00ed. Cierre de la inscripci\u00f3n 7\/10\/2024 Se dar\u00e1n ayudas econ\u00f3micas para el pago de traslado, se dar\u00e1 prioridad a aquellos que asistan a [&hellip;]<\/p>\n","protected":false},"author":202,"featured_media":0,"parent":0,"menu_order":0,"comment_status":"closed","ping_status":"closed","template":"","meta":{"advgb_blocks_editor_width":"","advgb_blocks_columns_visual_guide":"","footnotes":""},"class_list":["post-15","page","type-page","status-publish","hentry","post"],"aioseo_notices":[],"coauthors":[],"author_meta":{"author_link":"https:\/\/congresos.unlp.edu.ar\/aacr2024\/author\/ssoler\/","display_name":"ssoler"},"relative_dates":{"created":"Posted 2 a\u00f1os ago","modified":"Updated 2 a\u00f1os ago"},"absolute_dates":{"created":"Posted on 22 marzo, 2024","modified":"Updated on 22 octubre, 2024"},"absolute_dates_time":{"created":"Posted on 22 marzo, 2024 11:29 am","modified":"Updated on 22 octubre, 2024 2:59 pm"},"featured_img_caption":"","featured_img":false,"series_order":"","_links":{"self":[{"href":"https:\/\/congresos.unlp.edu.ar\/aacr2024\/wp-json\/wp\/v2\/pages\/15","targetHints":{"allow":["GET"]}}],"collection":[{"href":"https:\/\/congresos.unlp.edu.ar\/aacr2024\/wp-json\/wp\/v2\/pages"}],"about":[{"href":"https:\/\/congresos.unlp.edu.ar\/aacr2024\/wp-json\/wp\/v2\/types\/page"}],"author":[{"embeddable":true,"href":"https:\/\/congresos.unlp.edu.ar\/aacr2024\/wp-json\/wp\/v2\/users\/202"}],"replies":[{"embeddable":true,"href":"https:\/\/congresos.unlp.edu.ar\/aacr2024\/wp-json\/wp\/v2\/comments?post=15"}],"version-history":[{"count":0,"href":"https:\/\/congresos.unlp.edu.ar\/aacr2024\/wp-json\/wp\/v2\/pages\/15\/revisions"}],"wp:attachment":[{"href":"https:\/\/congresos.unlp.edu.ar\/aacr2024\/wp-json\/wp\/v2\/media?parent=15"}],"curies":[{"name":"wp","href":"https:\/\/api.w.org\/{rel}","templated":true}]}}