{"id":147,"date":"2024-04-04T08:30:58","date_gmt":"2024-04-04T11:30:58","guid":{"rendered":"https:\/\/congresos.unlp.edu.ar\/aacr2024\/?page_id=147"},"modified":"2024-10-10T08:57:20","modified_gmt":"2024-10-10T11:57:20","slug":"pautas-de-presentacion","status":"publish","type":"page","link":"https:\/\/congresos.unlp.edu.ar\/aacr2024\/pautas-de-presentacion\/","title":{"rendered":"Pautas de presentaci\u00f3n"},"content":{"rendered":"<p><strong>Presentaciones orales:<\/strong><\/p>\n<p>Los trabajos bajo la modalidad oral deber\u00e1n presentarse en un tiempo de 15 minutos incluyendo preguntas.<\/p>\n<p>Ser\u00e1 requerido que los archivos asociados a la presentaci\u00f3n (.pptx, .pdf, etc) sean enviados antes del d\u00eda <em><strong>lunes 4 de noviembre<\/strong><\/em>, por correo electr\u00f3nico a la organizaci\u00f3n (<strong>r<\/strong><b>eunionaacr2024@gmail.com)<\/b>.<\/p>\n<p>&nbsp;<\/p>\n<p><strong>Presentaciones murales:<\/strong><\/p>\n<p>Los trabajos a presentarse en la modalidad p\u00f3ster deber\u00e1n tener 90 cm de ancho x 120 cm de alto.<\/p>\n","protected":false},"excerpt":{"rendered":"<p>Presentaciones orales: Los trabajos bajo la modalidad oral deber\u00e1n presentarse en un tiempo de 15 minutos incluyendo preguntas. Ser\u00e1 requerido que los archivos asociados a la presentaci\u00f3n (.pptx, .pdf, etc) sean enviados antes del d\u00eda lunes 4 de noviembre, por correo electr\u00f3nico a la organizaci\u00f3n (reunionaacr2024@gmail.com). &nbsp; Presentaciones murales: Los trabajos a presentarse en la [&hellip;]<\/p>\n","protected":false},"author":69,"featured_media":0,"parent":0,"menu_order":0,"comment_status":"closed","ping_status":"closed","template":"","meta":{"advgb_blocks_editor_width":"","advgb_blocks_columns_visual_guide":"","footnotes":""},"class_list":["post-147","page","type-page","status-publish","hentry","post"],"aioseo_notices":[],"coauthors":[],"author_meta":{"author_link":"https:\/\/congresos.unlp.edu.ar\/aacr2024\/author\/mslegnoverde\/","display_name":"mslegnoverde"},"relative_dates":{"created":"Posted 2 a\u00f1os ago","modified":"Updated 2 a\u00f1os ago"},"absolute_dates":{"created":"Posted on 4 abril, 2024","modified":"Updated on 10 octubre, 2024"},"absolute_dates_time":{"created":"Posted on 4 abril, 2024 8:30 am","modified":"Updated on 10 octubre, 2024 8:57 am"},"featured_img_caption":"","featured_img":false,"series_order":"","_links":{"self":[{"href":"https:\/\/congresos.unlp.edu.ar\/aacr2024\/wp-json\/wp\/v2\/pages\/147","targetHints":{"allow":["GET"]}}],"collection":[{"href":"https:\/\/congresos.unlp.edu.ar\/aacr2024\/wp-json\/wp\/v2\/pages"}],"about":[{"href":"https:\/\/congresos.unlp.edu.ar\/aacr2024\/wp-json\/wp\/v2\/types\/page"}],"author":[{"embeddable":true,"href":"https:\/\/congresos.unlp.edu.ar\/aacr2024\/wp-json\/wp\/v2\/users\/69"}],"replies":[{"embeddable":true,"href":"https:\/\/congresos.unlp.edu.ar\/aacr2024\/wp-json\/wp\/v2\/comments?post=147"}],"version-history":[{"count":0,"href":"https:\/\/congresos.unlp.edu.ar\/aacr2024\/wp-json\/wp\/v2\/pages\/147\/revisions"}],"wp:attachment":[{"href":"https:\/\/congresos.unlp.edu.ar\/aacr2024\/wp-json\/wp\/v2\/media?parent=147"}],"curies":[{"name":"wp","href":"https:\/\/api.w.org\/{rel}","templated":true}]}}