{"id":12,"date":"2024-03-22T11:29:47","date_gmt":"2024-03-22T14:29:47","guid":{"rendered":"https:\/\/congresos.unlp.edu.ar\/aacr2024\/?page_id=12"},"modified":"2024-07-15T09:37:15","modified_gmt":"2024-07-15T12:37:15","slug":"organizacion","status":"publish","type":"page","link":"https:\/\/congresos.unlp.edu.ar\/aacr2024\/organizacion\/","title":{"rendered":"Organizaci\u00f3n"},"content":{"rendered":"<div id=\"pl-12\"  class=\"panel-layout\" ><div id=\"pg-12-0\"  class=\"panel-grid panel-no-style\" ><div id=\"pgc-12-0-0\"  class=\"panel-grid-cell\" ><div id=\"panel-12-0-0-0\" class=\"so-panel widget widget_sow-editor panel-first-child panel-last-child\" data-index=\"0\" ><div\n\t\t\t\n\t\t\tclass=\"so-widget-sow-editor so-widget-sow-editor-base\"\n\t\t\t\n\t\t>\n<div class=\"siteorigin-widget-tinymce textwidget\">\n\t<p><strong>COMIT\u00c9 CIENT\u00cdFICO<\/strong><\/p>\n<p><span style=\"font-weight: 400\">Daniel <\/span><b>Vega<\/b><span style=\"font-weight: 400\"> (Chair), CAC (CONICET-CNEA)<\/span><\/p>\n<p><span style=\"font-weight: 400\">Oscar <\/span><b>Piro,<\/b><span style=\"font-weight: 400\"> IFLP (CONICET-UNLP)<\/span><\/p>\n<p><span style=\"font-weight: 400\">Mart\u00edn <\/span><b>Saleta,<\/b><span style=\"font-weight: 400\"> CAB (CONICET-CNEA)<\/span><\/p>\n<p><span style=\"font-weight: 400\">Dina <\/span><b>Tob\u00eda, <\/b><span style=\"font-weight: 400\">CAB (CONICET-CNEA)<\/span><\/p>\n<p><span style=\"font-weight: 400\">Florencia<\/span>\u00a0<b>Di Salvo, <\/b><span style=\"font-weight: 400\">INQUIMAE (CONICET-UBA)<\/span><\/p>\n<p><span style=\"font-weight: 400\">Marta <\/span><b>Dailoff,<\/b><span style=\"font-weight: 400\"> CCT Bah\u00eda Blanca (CONICET)<\/span><\/p>\n<p><span style=\"font-weight: 400\">Carlos <\/span><b>L\u00f3pez, <\/b><span style=\"font-weight: 400\">INTEQUI<\/span> <span style=\"font-weight: 400\">(CONICET-UNSL)<\/span><\/p>\n<p><span style=\"font-weight: 400\">Valeria C. <\/span><b>Fuertes, <\/b><span style=\"font-weight: 400\">INFIQC<\/span> <span style=\"font-weight: 400\">(CONICET-UNC)<\/span><\/p>\n<p><span style=\"font-weight: 400\">Clarisa E. <\/span><b>\u00c1lvarez,<\/b><span style=\"font-weight: 400\"> CEFOBI (CONICET-UNR)<\/span><\/p>\n<p><span style=\"font-weight: 400\">Pablo <\/span><b>Botta,<\/b><span style=\"font-weight: 400\"> INTEMA (CONICET-UNMDP)<\/span><\/p>\n<p><span style=\"font-weight: 400\">Alberto <\/span><b>Caneiro,<\/b><span style=\"font-weight: 400\"> (Y-TEC)<\/span><\/p>\n<p>&nbsp;<\/p>\n<p><strong>COMIT\u00c9 ORGANIZADOR<\/strong><\/p>\n<p>Susana <b>Conconi <\/b>(Chair), CETMIC (CONICET-UNLP-CICPBA)<\/p>\n<p><span style=\"font-weight: 400\">Gustavo <\/span><b>Echeverr\u00eda, <\/b><span style=\"font-weight: 400\">IFLP (CONICET-UNLP)<\/span><\/p>\n<p><span style=\"font-weight: 400\">Mart\u00edn <\/span><b>Mizrahi,<\/b><span style=\"font-weight: 400\"> INIFTA (CONICET-UNLP)<\/span><\/p>\n<p><span style=\"font-weight: 400\">Daniel <\/span><b>Poir\u00e9,<\/b><span style=\"font-weight: 400\"> CIG (CONICET-UNLP)<\/span><\/p>\n<p><span style=\"font-weight: 400\">Diego <\/span><b>Richard,<\/b><span style=\"font-weight: 400\"> CETMIC (CONICET-UNLP-CICPBA)<\/span><\/p>\n<p><span style=\"font-weight: 400\">Anabella <\/span><b>Mocciaro,\u00a0 <\/b><span style=\"font-weight: 400\">CETMIC( CONICET-UNLP-CICPBA)<\/span><\/p>\n<p><span style=\"font-weight: 400\">Ana <\/span><b>Bianchi,<\/b><span style=\"font-weight: 400\"> IFLP (CONICET-UNLP)<\/span><\/p>\n<p><span style=\"font-weight: 400\">Ver\u00f3nica <\/span><b>Ferraresi Curotto,<\/b><span style=\"font-weight: 400\"> IFLP (CONICET-UNLP)<\/span><\/p>\n<p><span style=\"font-weight: 400\">Mar\u00eda \u00c1ngela <\/span><b>Alvarez Manso,<\/b><span style=\"font-weight: 400\"> CETMIC (CONICET-UNLP-CICPBA)<\/span><\/p>\n<p><span style=\"font-weight: 400\">Karina <\/span><b>Irvicelli,<\/b><span style=\"font-weight: 400\"> (Y-TEC)<\/span><\/p>\n<p><span style=\"font-weight: 400\">Mar\u00eda Soledad <\/span><b>Legnoverde,<\/b><span style=\"font-weight: 400\"> CINDECA (CONICET-UNLP-CICPBA)<\/span><\/p>\n<p>&nbsp;<\/p>\n<p><span style=\"font-weight: 400\">Colaboradores<\/span><\/p>\n<p><span style=\"font-weight: 400\">Gustavo <\/span><b>Suarez,<\/b><span style=\"font-weight: 400\"> CETMIC (CONICET-UNLP-CICPBA)<\/span><\/p>\n<p><span style=\"font-weight: 400\">Nicol\u00e1s M. <\/span><b>Rendtorff, <\/b><span style=\"font-weight: 400\">CETMIC (CONICET-UNLP-CICPBA)<\/span><\/p>\n<p><span style=\"font-weight: 400\">Matias <\/span><b>Gauna,<\/b><span style=\"font-weight: 400\"> CETMIC (CONICET-UNLP-CICPBA)<\/span><\/p>\n<p>&nbsp;<\/p>\n<\/div>\n<\/div><\/div><\/div><\/div><\/div>","protected":false},"excerpt":{"rendered":"<p>COMIT\u00c9 CIENT\u00cdFICO Daniel Vega (Chair), CAC (CONICET-CNEA) Oscar Piro, IFLP (CONICET-UNLP) Mart\u00edn Saleta, CAB (CONICET-CNEA) Dina Tob\u00eda, CAB (CONICET-CNEA) Florencia\u00a0Di Salvo, INQUIMAE (CONICET-UBA) Marta Dailoff, CCT Bah\u00eda Blanca (CONICET) Carlos L\u00f3pez, INTEQUI (CONICET-UNSL) Valeria C. Fuertes, INFIQC (CONICET-UNC) Clarisa E. \u00c1lvarez, CEFOBI (CONICET-UNR) Pablo Botta, INTEMA (CONICET-UNMDP) Alberto Caneiro, (Y-TEC) &nbsp; COMIT\u00c9 ORGANIZADOR Susana Conconi [&hellip;]<\/p>\n","protected":false},"author":202,"featured_media":0,"parent":0,"menu_order":0,"comment_status":"closed","ping_status":"closed","template":"","meta":{"advgb_blocks_editor_width":"","advgb_blocks_columns_visual_guide":"","footnotes":""},"class_list":["post-12","page","type-page","status-publish","hentry","post"],"aioseo_notices":[],"coauthors":[],"author_meta":{"author_link":"https:\/\/congresos.unlp.edu.ar\/aacr2024\/author\/ssoler\/","display_name":"ssoler"},"relative_dates":{"created":"Posted 2 a\u00f1os ago","modified":"Updated 2 a\u00f1os ago"},"absolute_dates":{"created":"Posted on 22 marzo, 2024","modified":"Updated on 15 julio, 2024"},"absolute_dates_time":{"created":"Posted on 22 marzo, 2024 11:29 am","modified":"Updated on 15 julio, 2024 9:37 am"},"featured_img_caption":"","featured_img":false,"series_order":"","_links":{"self":[{"href":"https:\/\/congresos.unlp.edu.ar\/aacr2024\/wp-json\/wp\/v2\/pages\/12","targetHints":{"allow":["GET"]}}],"collection":[{"href":"https:\/\/congresos.unlp.edu.ar\/aacr2024\/wp-json\/wp\/v2\/pages"}],"about":[{"href":"https:\/\/congresos.unlp.edu.ar\/aacr2024\/wp-json\/wp\/v2\/types\/page"}],"author":[{"embeddable":true,"href":"https:\/\/congresos.unlp.edu.ar\/aacr2024\/wp-json\/wp\/v2\/users\/202"}],"replies":[{"embeddable":true,"href":"https:\/\/congresos.unlp.edu.ar\/aacr2024\/wp-json\/wp\/v2\/comments?post=12"}],"version-history":[{"count":0,"href":"https:\/\/congresos.unlp.edu.ar\/aacr2024\/wp-json\/wp\/v2\/pages\/12\/revisions"}],"wp:attachment":[{"href":"https:\/\/congresos.unlp.edu.ar\/aacr2024\/wp-json\/wp\/v2\/media?parent=12"}],"curies":[{"name":"wp","href":"https:\/\/api.w.org\/{rel}","templated":true}]}}