{"id":11,"date":"2024-03-22T11:29:47","date_gmt":"2024-03-22T14:29:47","guid":{"rendered":"https:\/\/congresos.unlp.edu.ar\/aacr2024\/?page_id=11"},"modified":"2024-05-16T11:52:30","modified_gmt":"2024-05-16T14:52:30","slug":"politica-de-libertad-cientifica","status":"publish","type":"page","link":"https:\/\/congresos.unlp.edu.ar\/aacr2024\/politica-de-libertad-cientifica\/","title":{"rendered":"Pol\u00edtica de libertad cient\u00edfica"},"content":{"rendered":"<div id=\"pl-11\"  class=\"panel-layout\" ><div id=\"pg-11-0\"  class=\"panel-grid panel-no-style\" ><div id=\"pgc-11-0-0\"  class=\"panel-grid-cell\" ><div id=\"panel-11-0-0-0\" class=\"so-panel widget widget_text panel-first-child panel-last-child\" data-index=\"0\" >\t\t\t<div class=\"textwidget\"><p><span style=\"font-weight: 400\">El Comit\u00e9 Organizador de la XIX Reuni\u00f3n Anual, el XII Taller y la XV Escuela de la Asociaci\u00f3n Argentina de Cristalograf\u00eda se compromete a atender la pol\u00edtica b\u00e1sica de no discriminaci\u00f3n y reafirma el derecho y libertad de los cient\u00edficos a participar en actividades cient\u00edficas internacionales sin importar factores como origen \u00e9tnico, religi\u00f3n, nacionalidad, idioma, postura pol\u00edtica, g\u00e9nero, sexo o edad, de acuerdo con los Estatutos del Consejo Internacional de Ciencia.<\/span><\/p>\n<p><span style=\"font-weight: 400\">En esta Reuni\u00f3n y en sus eventos sat\u00e9lite no existir\u00e1n barreras que impidan la libre participaci\u00f3n de cient\u00edficos de buena fe.<\/span><\/p>\n<\/div>\n\t\t<\/div><\/div><\/div><div id=\"pg-11-1\"  class=\"panel-grid panel-no-style\" ><div id=\"pgc-11-1-0\"  class=\"panel-grid-cell\" ><div id=\"panel-11-1-0-0\" class=\"so-panel widget widget_media_image panel-first-child panel-last-child\" data-index=\"1\" ><img loading=\"lazy\" decoding=\"async\" width=\"150\" height=\"150\" src=\"https:\/\/congresos.unlp.edu.ar\/aacr2024\/wp-content\/uploads\/sites\/85\/2024\/04\/IUCr-150x150.png\" class=\"image wp-image-164  attachment-thumbnail size-thumbnail\" alt=\"\" style=\"max-width: 100%; height: auto;\" srcset=\"https:\/\/congresos.unlp.edu.ar\/aacr2024\/wp-content\/uploads\/sites\/85\/2024\/04\/IUCr-150x150.png 150w, https:\/\/congresos.unlp.edu.ar\/aacr2024\/wp-content\/uploads\/sites\/85\/2024\/04\/IUCr-300x300.png 300w, https:\/\/congresos.unlp.edu.ar\/aacr2024\/wp-content\/uploads\/sites\/85\/2024\/04\/IUCr-768x770.png 768w, https:\/\/congresos.unlp.edu.ar\/aacr2024\/wp-content\/uploads\/sites\/85\/2024\/04\/IUCr.png 878w\" sizes=\"auto, (max-width: 150px) 100vw, 150px\" \/><\/div><\/div><div id=\"pgc-11-1-1\"  class=\"panel-grid-cell\" ><div id=\"panel-11-1-1-0\" class=\"so-panel widget widget_text panel-first-child panel-last-child\" data-index=\"2\" >\t\t\t<div class=\"textwidget\"><p>&nbsp;<\/p>\n<p><span style=\"font-weight: 400\">Por otra lado, tambi\u00e9n declaramos que la AACr cumple fielmente con los lineamientos de la IUCr en cuanto a Igualdad de G\u00e9nero y Diversidad y el C\u00f3digo de Conducta de la IUCr\u00a0 (<\/span><a href=\"https:\/\/www.iucr.org\/iucr\/governance\/advisory-committees\/gedc\" target=\"_blank\" rel=\"noopener\"><span style=\"font-weight: 400\">https:\/\/www.iucr.org\/iucr\/governance\/advisory-committees\/gedc<\/span><\/a><span style=\"font-weight: 400\">)<\/span><\/p>\n<p>&nbsp;<\/p>\n<\/div>\n\t\t<\/div><\/div><\/div><\/div>","protected":false},"excerpt":{"rendered":"<p>El Comit\u00e9 Organizador de la XIX Reuni\u00f3n Anual, el XII Taller y la XV Escuela de la Asociaci\u00f3n Argentina de Cristalograf\u00eda se compromete a atender la pol\u00edtica b\u00e1sica de no discriminaci\u00f3n y reafirma el derecho y libertad de los cient\u00edficos a participar en actividades cient\u00edficas internacionales sin importar factores como origen \u00e9tnico, religi\u00f3n, nacionalidad, idioma, [&hellip;]<\/p>\n","protected":false},"author":202,"featured_media":0,"parent":0,"menu_order":0,"comment_status":"closed","ping_status":"closed","template":"","meta":{"advgb_blocks_editor_width":"","advgb_blocks_columns_visual_guide":"","footnotes":""},"class_list":["post-11","page","type-page","status-publish","hentry","post"],"aioseo_notices":[],"coauthors":[],"author_meta":{"author_link":"https:\/\/congresos.unlp.edu.ar\/aacr2024\/author\/ssoler\/","display_name":"ssoler"},"relative_dates":{"created":"Posted 2 a\u00f1os ago","modified":"Updated 2 a\u00f1os ago"},"absolute_dates":{"created":"Posted on 22 marzo, 2024","modified":"Updated on 16 mayo, 2024"},"absolute_dates_time":{"created":"Posted on 22 marzo, 2024 11:29 am","modified":"Updated on 16 mayo, 2024 11:52 am"},"featured_img_caption":"","featured_img":false,"series_order":"","_links":{"self":[{"href":"https:\/\/congresos.unlp.edu.ar\/aacr2024\/wp-json\/wp\/v2\/pages\/11","targetHints":{"allow":["GET"]}}],"collection":[{"href":"https:\/\/congresos.unlp.edu.ar\/aacr2024\/wp-json\/wp\/v2\/pages"}],"about":[{"href":"https:\/\/congresos.unlp.edu.ar\/aacr2024\/wp-json\/wp\/v2\/types\/page"}],"author":[{"embeddable":true,"href":"https:\/\/congresos.unlp.edu.ar\/aacr2024\/wp-json\/wp\/v2\/users\/202"}],"replies":[{"embeddable":true,"href":"https:\/\/congresos.unlp.edu.ar\/aacr2024\/wp-json\/wp\/v2\/comments?post=11"}],"version-history":[{"count":0,"href":"https:\/\/congresos.unlp.edu.ar\/aacr2024\/wp-json\/wp\/v2\/pages\/11\/revisions"}],"wp:attachment":[{"href":"https:\/\/congresos.unlp.edu.ar\/aacr2024\/wp-json\/wp\/v2\/media?parent=11"}],"curies":[{"name":"wp","href":"https:\/\/api.w.org\/{rel}","templated":true}]}}