{"id":6,"date":"2024-02-23T10:54:12","date_gmt":"2024-02-23T13:54:12","guid":{"rendered":"https:\/\/congresos.unlp.edu.ar\/a2b2c2024\/?page_id=6"},"modified":"2024-11-04T16:28:47","modified_gmt":"2024-11-04T19:28:47","slug":"inicio","status":"publish","type":"page","link":"https:\/\/congresos.unlp.edu.ar\/a2b2c2024\/","title":{"rendered":"Inicio"},"content":{"rendered":"<div id=\"pl-6\"  class=\"panel-layout\" ><div id=\"pg-6-0\"  class=\"panel-grid panel-no-style\" ><div id=\"pgc-6-0-0\"  class=\"panel-grid-cell\" ><div id=\"panel-6-0-0-0\" class=\"so-panel widget widget_media_image panel-first-child panel-last-child\" data-index=\"0\" ><img loading=\"lazy\" decoding=\"async\" width=\"1600\" height=\"400\" src=\"https:\/\/congresos.unlp.edu.ar\/a2b2c2024\/wp-content\/uploads\/sites\/82\/2024\/06\/flyer_home4-1.png\" class=\"image wp-image-447  attachment-full size-full\" alt=\"\" style=\"max-width: 100%; height: auto;\" srcset=\"https:\/\/congresos.unlp.edu.ar\/a2b2c2024\/wp-content\/uploads\/sites\/82\/2024\/06\/flyer_home4-1.png 1600w, https:\/\/congresos.unlp.edu.ar\/a2b2c2024\/wp-content\/uploads\/sites\/82\/2024\/06\/flyer_home4-1-300x75.png 300w, https:\/\/congresos.unlp.edu.ar\/a2b2c2024\/wp-content\/uploads\/sites\/82\/2024\/06\/flyer_home4-1-1024x256.png 1024w, https:\/\/congresos.unlp.edu.ar\/a2b2c2024\/wp-content\/uploads\/sites\/82\/2024\/06\/flyer_home4-1-768x192.png 768w, https:\/\/congresos.unlp.edu.ar\/a2b2c2024\/wp-content\/uploads\/sites\/82\/2024\/06\/flyer_home4-1-1536x384.png 1536w\" sizes=\"auto, (max-width: 1600px) 100vw, 1600px\" \/><\/div><\/div><\/div><div id=\"pg-6-1\"  class=\"panel-grid panel-no-style\" ><div id=\"pgc-6-1-0\"  class=\"panel-grid-cell\" ><div id=\"panel-6-1-0-0\" class=\"so-panel widget widget_circleicon-widget panel-first-child panel-last-child\" data-index=\"1\" >\t\t<div class=\"circle-icon-box circle-icon-position-top circle-icon-hide-box circle-icon-size-small \">\n\t\t\t\t\t\t\t<div class=\"circle-icon-wrapper\">\n\t\t\t\t\t\t\t\t\t\t<div class=\"circle-icon icon-style-set\" style=\"background-color: #0cc5ab\">\n\t\t\t\t\t\t\t\t\t\t\t\t\t<div\n\t\t\t\t\t\t\t\tclass=\"fa fa-book  icon-style-set\"\n\t\t\t\t\t\t\t\tstyle=\"color: #ffffff\"\t\t\t\t\t\t\t><\/div>\n\t\t\t\t\t\t\t\t\t\t\t<\/div>\n\t\t\t\t\t\t\t\t\t<\/div>\n\t\t\t\n\t\t\t\t\t\t\t\t\t\t<h4 style=\"color: #1e73be\">\n\t\t\t\t\tTalleres\t\t\t\t<\/h4>\n\t\t\t\t\t\t\n\t\t\t\t\t\t\t<p class=\"text\" style=\"color: #1e73be\">\n\t\t\t\tTalleres te\u00f3rico-pr\u00e1cticos\t\t\t<\/p>\n\t\t\t\t\t\t\t\t\t\t<a\n\t\t\t\t\thref=\"https:\/\/rsg-argentina.netlify.app\/talk\/9sajib\/\"\n\t\t\t\t\tclass=\"more-button\"\n\t\t\t\t\ttarget=&quot;_blank&quot;style=\"color: #1e73be\"\t\t\t\t>\n\t\t\t\t\t+ Info\t\t\t\t\t<i><\/i>\n\t\t\t\t<\/a>\n\t\t\t\t\t<\/div>\n\t\t<\/div><\/div><div id=\"pgc-6-1-1\"  class=\"panel-grid-cell\" ><div id=\"panel-6-1-1-0\" class=\"so-panel widget widget_circleicon-widget panel-first-child panel-last-child\" data-index=\"2\" >\t\t<div class=\"circle-icon-box circle-icon-position-top circle-icon-hide-box circle-icon-size-small \">\n\t\t\t\t\t\t\t<div class=\"circle-icon-wrapper\">\n\t\t\t\t\t\t\t\t\t\t<div class=\"circle-icon icon-style-set\" style=\"background-image: url(https:\/\/congresos.unlp.edu.ar\/a2b2c2024\/aranceles-y-formas-de-pago\/);background-color: #0cc5ab\">\n\t\t\t\t\t\t\t\t\t\t\t\t\t<div\n\t\t\t\t\t\t\t\tclass=\"fa fa-pencil  icon-style-set\"\n\t\t\t\t\t\t\t\t\t\t\t\t\t\t\t><\/div>\n\t\t\t\t\t\t\t\t\t\t\t<\/div>\n\t\t\t\t\t\t\t\t\t<\/div>\n\t\t\t\n\t\t\t\t\t\t\t\t\t\t<h4 style=\"color: #1e73be\">\n\t\t\t\t\tRegistro\t\t\t\t<\/h4>\n\t\t\t\t\t\t\n\t\t\t\t\t\t\t<p class=\"text\" style=\"color: #1e73be\">\n\t\t\t\tConoc\u00e9 nuestros aranceles\t\t\t<\/p>\n\t\t\t\t\t\t\t\t\t\t<a\n\t\t\t\t\thref=\"https:\/\/congresos.unlp.edu.ar\/a2b2c2024\/aranceles-y-formas-de-pago\/\"\n\t\t\t\t\tclass=\"more-button\"\n\t\t\t\t\ttarget=&quot;_blank&quot;style=\"color: #1e73be\"\t\t\t\t>\n\t\t\t\t\t+ Info\t\t\t\t\t<i><\/i>\n\t\t\t\t<\/a>\n\t\t\t\t\t<\/div>\n\t\t<\/div><\/div><div id=\"pgc-6-1-2\"  class=\"panel-grid-cell\" ><div id=\"panel-6-1-2-0\" class=\"so-panel widget widget_circleicon-widget panel-first-child panel-last-child\" data-index=\"3\" >\t\t<div class=\"circle-icon-box circle-icon-position-top circle-icon-hide-box circle-icon-size-small \">\n\t\t\t\t\t\t\t<div class=\"circle-icon-wrapper\">\n\t\t\t\t\t\t\t\t\t\t<div class=\"circle-icon icon-style-set\" style=\"background-image: url(https:\/\/congresos.unlp.edu.ar\/a2b2c2024\/enviar-un-trabajo\/);background-color: #0cc5ab\">\n\t\t\t\t\t\t\t\t\t\t\t\t\t<div\n\t\t\t\t\t\t\t\tclass=\"fa fa-envelope-open  icon-style-set\"\n\t\t\t\t\t\t\t\t\t\t\t\t\t\t\t><\/div>\n\t\t\t\t\t\t\t\t\t\t\t<\/div>\n\t\t\t\t\t\t\t\t\t<\/div>\n\t\t\t\n\t\t\t\t\t\t\t\t\t\t<h4 style=\"color: #1e73be\">\n\t\t\t\t\tRes\u00famenes\t\t\t\t<\/h4>\n\t\t\t\t\t\t\n\t\t\t\t\t\t\t<p class=\"text\" style=\"color: #1e73be\">\n\t\t\t\tEnvio de trabajos\t\t\t<\/p>\n\t\t\t\t\t\t\t\t\t\t<a\n\t\t\t\t\thref=\"https:\/\/congresos.unlp.edu.ar\/a2b2c2024\/enviar-un-trabajo\/\"\n\t\t\t\t\tclass=\"more-button\"\n\t\t\t\t\ttarget=&quot;_blank&quot;style=\"color: #1e73be\"\t\t\t\t>\n\t\t\t\t\t+ Info\t\t\t\t\t<i><\/i>\n\t\t\t\t<\/a>\n\t\t\t\t\t<\/div>\n\t\t<\/div><\/div><\/div><div id=\"pg-6-2\"  class=\"panel-grid panel-no-style\" ><div id=\"pgc-6-2-0\"  class=\"panel-grid-cell\" ><div id=\"panel-6-2-0-0\" class=\"so-panel widget widget_text panel-first-child panel-last-child\" data-index=\"4\" ><div class=\"panel-widget-style panel-widget-style-for-6-2-0-0\" >\t\t\t<div class=\"textwidget\"><p>AUSPICIAN<\/p>\n<\/div>\n\t\t<\/div><\/div><\/div><\/div><div id=\"pg-6-3\"  class=\"panel-grid panel-has-style\" ><div class=\"panel-row-style panel-row-style-for-6-3\" ><div id=\"pgc-6-3-0\"  class=\"panel-grid-cell\" ><div id=\"panel-6-3-0-0\" class=\"so-panel widget widget_media_image panel-first-child panel-last-child\" data-index=\"5\" ><div class=\"panel-widget-style panel-widget-style-for-6-3-0-0\" ><img loading=\"lazy\" decoding=\"async\" width=\"300\" height=\"129\" src=\"https:\/\/congresos.unlp.edu.ar\/a2b2c2024\/wp-content\/uploads\/sites\/82\/2024\/09\/logo-fundacion-williams-01crop-300x129.jpg\" class=\"image wp-image-506  attachment-medium size-medium\" alt=\"\" style=\"max-width: 100%; height: auto;\" srcset=\"https:\/\/congresos.unlp.edu.ar\/a2b2c2024\/wp-content\/uploads\/sites\/82\/2024\/09\/logo-fundacion-williams-01crop-300x129.jpg 300w, https:\/\/congresos.unlp.edu.ar\/a2b2c2024\/wp-content\/uploads\/sites\/82\/2024\/09\/logo-fundacion-williams-01crop-1024x440.jpg 1024w, https:\/\/congresos.unlp.edu.ar\/a2b2c2024\/wp-content\/uploads\/sites\/82\/2024\/09\/logo-fundacion-williams-01crop-768x330.jpg 768w, https:\/\/congresos.unlp.edu.ar\/a2b2c2024\/wp-content\/uploads\/sites\/82\/2024\/09\/logo-fundacion-williams-01crop-1536x660.jpg 1536w, https:\/\/congresos.unlp.edu.ar\/a2b2c2024\/wp-content\/uploads\/sites\/82\/2024\/09\/logo-fundacion-williams-01crop-2048x880.jpg 2048w\" sizes=\"auto, (max-width: 300px) 100vw, 300px\" \/><\/div><\/div><\/div><div id=\"pgc-6-3-1\"  class=\"panel-grid-cell\" ><div id=\"panel-6-3-1-0\" class=\"so-panel widget widget_media_image panel-first-child panel-last-child\" data-index=\"6\" ><div class=\"panel-widget-style panel-widget-style-for-6-3-1-0\" ><img loading=\"lazy\" decoding=\"async\" width=\"300\" height=\"108\" src=\"https:\/\/congresos.unlp.edu.ar\/a2b2c2024\/wp-content\/uploads\/sites\/82\/2024\/08\/CellCo-Logo-No-Slogan-Square-1-300x108.png\" class=\"image wp-image-467  attachment-medium size-medium\" alt=\"\" style=\"max-width: 100%; height: auto;\" srcset=\"https:\/\/congresos.unlp.edu.ar\/a2b2c2024\/wp-content\/uploads\/sites\/82\/2024\/08\/CellCo-Logo-No-Slogan-Square-1-300x108.png 300w, https:\/\/congresos.unlp.edu.ar\/a2b2c2024\/wp-content\/uploads\/sites\/82\/2024\/08\/CellCo-Logo-No-Slogan-Square-1-768x277.png 768w, https:\/\/congresos.unlp.edu.ar\/a2b2c2024\/wp-content\/uploads\/sites\/82\/2024\/08\/CellCo-Logo-No-Slogan-Square-1.png 902w\" sizes=\"auto, (max-width: 300px) 100vw, 300px\" \/><\/div><\/div><\/div><div id=\"pgc-6-3-2\"  class=\"panel-grid-cell\" ><div id=\"panel-6-3-2-0\" class=\"so-panel widget widget_media_image panel-first-child panel-last-child\" data-index=\"7\" ><div class=\"panel-widget-style panel-widget-style-for-6-3-2-0\" ><img loading=\"lazy\" decoding=\"async\" width=\"300\" height=\"83\" src=\"https:\/\/congresos.unlp.edu.ar\/a2b2c2024\/wp-content\/uploads\/sites\/82\/2024\/09\/ZS-Discovery-RGB-300x83.jpg\" class=\"image wp-image-508  attachment-medium size-medium\" alt=\"\" style=\"max-width: 100%; height: auto;\" srcset=\"https:\/\/congresos.unlp.edu.ar\/a2b2c2024\/wp-content\/uploads\/sites\/82\/2024\/09\/ZS-Discovery-RGB-300x83.jpg 300w, https:\/\/congresos.unlp.edu.ar\/a2b2c2024\/wp-content\/uploads\/sites\/82\/2024\/09\/ZS-Discovery-RGB.jpg 623w\" sizes=\"auto, (max-width: 300px) 100vw, 300px\" \/><\/div><\/div><\/div><\/div><\/div><div id=\"pg-6-4\"  class=\"panel-grid panel-has-style\" ><div class=\"panel-row-style panel-row-style-for-6-4\" ><div id=\"pgc-6-4-0\"  class=\"panel-grid-cell\" ><div id=\"panel-6-4-0-0\" class=\"so-panel widget widget_media_image panel-first-child panel-last-child\" data-index=\"8\" ><div class=\"panel-widget-style panel-widget-style-for-6-4-0-0\" ><img loading=\"lazy\" decoding=\"async\" width=\"300\" height=\"267\" src=\"https:\/\/congresos.unlp.edu.ar\/a2b2c2024\/wp-content\/uploads\/sites\/82\/2024\/10\/SF500-Logo-positivo-1-1-300x267.png\" class=\"image wp-image-543  attachment-medium size-medium\" alt=\"\" style=\"max-width: 100%; height: auto;\" srcset=\"https:\/\/congresos.unlp.edu.ar\/a2b2c2024\/wp-content\/uploads\/sites\/82\/2024\/10\/SF500-Logo-positivo-1-1-300x267.png 300w, https:\/\/congresos.unlp.edu.ar\/a2b2c2024\/wp-content\/uploads\/sites\/82\/2024\/10\/SF500-Logo-positivo-1-1-1024x911.png 1024w, https:\/\/congresos.unlp.edu.ar\/a2b2c2024\/wp-content\/uploads\/sites\/82\/2024\/10\/SF500-Logo-positivo-1-1-768x684.png 768w, https:\/\/congresos.unlp.edu.ar\/a2b2c2024\/wp-content\/uploads\/sites\/82\/2024\/10\/SF500-Logo-positivo-1-1-1536x1367.png 1536w, https:\/\/congresos.unlp.edu.ar\/a2b2c2024\/wp-content\/uploads\/sites\/82\/2024\/10\/SF500-Logo-positivo-1-1-2048x1823.png 2048w\" sizes=\"auto, (max-width: 300px) 100vw, 300px\" \/><\/div><\/div><\/div><div id=\"pgc-6-4-1\"  class=\"panel-grid-cell panel-grid-cell-empty\" ><\/div><div id=\"pgc-6-4-2\"  class=\"panel-grid-cell\" ><div id=\"panel-6-4-2-0\" class=\"so-panel widget widget_media_image panel-first-child panel-last-child\" data-index=\"9\" ><div class=\"panel-widget-style panel-widget-style-for-6-4-2-0\" ><img loading=\"lazy\" decoding=\"async\" width=\"300\" height=\"92\" src=\"https:\/\/congresos.unlp.edu.ar\/a2b2c2024\/wp-content\/uploads\/sites\/82\/2024\/08\/fundacion_logo-300x92.png\" class=\"image wp-image-472  attachment-medium size-medium\" alt=\"\" style=\"max-width: 100%; height: auto;\" srcset=\"https:\/\/congresos.unlp.edu.ar\/a2b2c2024\/wp-content\/uploads\/sites\/82\/2024\/08\/fundacion_logo-300x92.png 300w, https:\/\/congresos.unlp.edu.ar\/a2b2c2024\/wp-content\/uploads\/sites\/82\/2024\/08\/fundacion_logo-1024x314.png 1024w, https:\/\/congresos.unlp.edu.ar\/a2b2c2024\/wp-content\/uploads\/sites\/82\/2024\/08\/fundacion_logo-768x236.png 768w, https:\/\/congresos.unlp.edu.ar\/a2b2c2024\/wp-content\/uploads\/sites\/82\/2024\/08\/fundacion_logo-1536x472.png 1536w, https:\/\/congresos.unlp.edu.ar\/a2b2c2024\/wp-content\/uploads\/sites\/82\/2024\/08\/fundacion_logo-2048x629.png 2048w\" sizes=\"auto, (max-width: 300px) 100vw, 300px\" \/><\/div><\/div><\/div><div id=\"pgc-6-4-3\"  class=\"panel-grid-cell\" ><div id=\"panel-6-4-3-0\" class=\"so-panel widget widget_media_image panel-first-child panel-last-child\" data-index=\"10\" ><div class=\"panel-widget-style panel-widget-style-for-6-4-3-0\" ><img loading=\"lazy\" decoding=\"async\" width=\"300\" height=\"93\" src=\"https:\/\/congresos.unlp.edu.ar\/a2b2c2024\/wp-content\/uploads\/sites\/82\/2024\/08\/WBDS-LA-Logo-Spanish-300x93.png\" class=\"image wp-image-461  attachment-medium size-medium\" alt=\"\" style=\"max-width: 100%; height: auto;\" srcset=\"https:\/\/congresos.unlp.edu.ar\/a2b2c2024\/wp-content\/uploads\/sites\/82\/2024\/08\/WBDS-LA-Logo-Spanish-300x93.png 300w, https:\/\/congresos.unlp.edu.ar\/a2b2c2024\/wp-content\/uploads\/sites\/82\/2024\/08\/WBDS-LA-Logo-Spanish-1024x318.png 1024w, https:\/\/congresos.unlp.edu.ar\/a2b2c2024\/wp-content\/uploads\/sites\/82\/2024\/08\/WBDS-LA-Logo-Spanish-768x239.png 768w, https:\/\/congresos.unlp.edu.ar\/a2b2c2024\/wp-content\/uploads\/sites\/82\/2024\/08\/WBDS-LA-Logo-Spanish.png 1458w\" sizes=\"auto, (max-width: 300px) 100vw, 300px\" \/><\/div><\/div><\/div><div id=\"pgc-6-4-4\"  class=\"panel-grid-cell\" ><div id=\"panel-6-4-4-0\" class=\"so-panel widget widget_media_image panel-first-child panel-last-child\" data-index=\"11\" ><div class=\"panel-widget-style panel-widget-style-for-6-4-4-0\" ><img loading=\"lazy\" decoding=\"async\" width=\"125\" height=\"100\" src=\"https:\/\/congresos.unlp.edu.ar\/a2b2c2024\/wp-content\/uploads\/sites\/82\/2024\/11\/logoToyokoa2b2c.png\" class=\"image wp-image-570  attachment-full size-full\" alt=\"\" style=\"max-width: 100%; height: auto;\" \/><\/div><\/div><\/div><\/div><\/div><\/div>","protected":false},"excerpt":{"rendered":"<p>Talleres Talleres te\u00f3rico-pr\u00e1cticos + Info Registro Conoc\u00e9 nuestros aranceles + Info Res\u00famenes Envio de trabajos + Info AUSPICIAN<\/p>\n","protected":false},"author":202,"featured_media":0,"parent":0,"menu_order":0,"comment_status":"closed","ping_status":"closed","template":"","meta":{"advgb_blocks_editor_width":"","advgb_blocks_columns_visual_guide":"","footnotes":""},"class_list":["post-6","page","type-page","status-publish","hentry","post"],"aioseo_notices":[],"coauthors":[],"author_meta":{"author_link":"https:\/\/congresos.unlp.edu.ar\/a2b2c2024\/author\/ssoler\/","display_name":"ssoler"},"relative_dates":{"created":"Publicado 2 a\u00f1os hace","modified":"Actualizado 1 a\u00f1o hace"},"absolute_dates":{"created":"Publicado el 23 febrero, 2024","modified":"Actualizado el 4 noviembre, 2024"},"absolute_dates_time":{"created":"Publicado el 23 febrero, 2024 10:54 am","modified":"Actualizado el 4 noviembre, 2024 4:28 pm"},"featured_img_caption":"","featured_img":false,"series_order":"","_links":{"self":[{"href":"https:\/\/congresos.unlp.edu.ar\/a2b2c2024\/wp-json\/wp\/v2\/pages\/6","targetHints":{"allow":["GET"]}}],"collection":[{"href":"https:\/\/congresos.unlp.edu.ar\/a2b2c2024\/wp-json\/wp\/v2\/pages"}],"about":[{"href":"https:\/\/congresos.unlp.edu.ar\/a2b2c2024\/wp-json\/wp\/v2\/types\/page"}],"author":[{"embeddable":true,"href":"https:\/\/congresos.unlp.edu.ar\/a2b2c2024\/wp-json\/wp\/v2\/users\/202"}],"replies":[{"embeddable":true,"href":"https:\/\/congresos.unlp.edu.ar\/a2b2c2024\/wp-json\/wp\/v2\/comments?post=6"}],"version-history":[{"count":0,"href":"https:\/\/congresos.unlp.edu.ar\/a2b2c2024\/wp-json\/wp\/v2\/pages\/6\/revisions"}],"wp:attachment":[{"href":"https:\/\/congresos.unlp.edu.ar\/a2b2c2024\/wp-json\/wp\/v2\/media?parent=6"}],"curies":[{"name":"wp","href":"https:\/\/api.w.org\/{rel}","templated":true}]}}