{"id":403,"date":"2024-06-15T20:32:38","date_gmt":"2024-06-15T23:32:38","guid":{"rendered":"https:\/\/congresos.unlp.edu.ar\/a2b2c2024\/?page_id=403"},"modified":"2024-08-13T21:21:54","modified_gmt":"2024-08-14T00:21:54","slug":"oradores","status":"publish","type":"page","link":"https:\/\/congresos.unlp.edu.ar\/a2b2c2024\/oradores\/","title":{"rendered":"Oradores"},"content":{"rendered":"<div id=\"pl-403\"  class=\"panel-layout\" ><div id=\"pg-403-0\"  class=\"panel-grid panel-no-style\" ><div id=\"pgc-403-0-0\"  class=\"panel-grid-cell\" ><div id=\"panel-403-0-0-0\" class=\"so-panel widget widget_siteorigin-panels-builder panel-first-child panel-last-child\" data-index=\"0\" ><div id=\"pl-w66bbf87e10a92\"  class=\"panel-layout\" ><div id=\"pg-w66bbf87e10a92-0\"  class=\"panel-grid panel-no-style\" ><div id=\"pgc-w66bbf87e10a92-0-0\"  class=\"panel-grid-cell\" ><div id=\"panel-w66bbf87e10a92-0-0-0\" class=\"so-panel widget widget_media_image panel-first-child panel-last-child\" data-index=\"0\" ><div class=\"panel-widget-style panel-widget-style-for-w66bbf87e10a92-0-0-0\" ><img loading=\"lazy\" decoding=\"async\" width=\"300\" height=\"287\" src=\"https:\/\/congresos.unlp.edu.ar\/a2b2c2024\/wp-content\/uploads\/sites\/82\/2024\/06\/ana_ligia-300x287.png\" class=\"image wp-image-409  attachment-medium size-medium\" alt=\"\" style=\"max-width: 100%; height: auto;\" srcset=\"https:\/\/congresos.unlp.edu.ar\/a2b2c2024\/wp-content\/uploads\/sites\/82\/2024\/06\/ana_ligia-300x287.png 300w, https:\/\/congresos.unlp.edu.ar\/a2b2c2024\/wp-content\/uploads\/sites\/82\/2024\/06\/ana_ligia.png 658w\" sizes=\"auto, (max-width: 300px) 100vw, 300px\" \/><\/div><\/div><\/div><div id=\"pgc-w66bbf87e10a92-0-1\"  class=\"panel-grid-cell\" ><div id=\"panel-w66bbf87e10a92-0-1-0\" class=\"so-panel widget widget_text panel-first-child panel-last-child\" data-index=\"1\" ><div class=\"panel-widget-style panel-widget-style-for-w66bbf87e10a92-0-1-0\" ><h3 class=\"widget-title\">Ana L\u00edgia Barbour Scott<\/h3>\t\t\t<div class=\"textwidget\"><div class=\"flex flex-grow flex-col max-w-full\">\n<div class=\"min-h-[20px] text-message flex flex-col items-start whitespace-pre-wrap break-words [.text-message+&amp;]:mt-5 juice:w-full juice:items-end overflow-x-auto gap-2\" dir=\"auto\" data-message-author-role=\"assistant\" data-message-id=\"a531d29b-78f4-4ba6-9259-bb7bf4d1bedf\">\n<div class=\"flex w-full flex-col gap-1 juice:empty:hidden juice:first:pt-[3px]\">\n<div class=\"markdown prose w-full break-words dark:prose-invert light\">\n<p>Ana L\u00edgia Barbour Scott es Profesora Titular en la Universidad Federal del ABC, asesora de maestr\u00eda y doctorado. Obtuvo su doctorado en el Departamento de F\u00edsica en IBILCE\/UNESP (2013) e hizo un postdoctorado en la Escuela de Medicina de la Universidad de Pittsburgh\/MMBios (2018). Tambi\u00e9n realiz\u00f3 un postdoctorado en el grupo de Biologie Structurale Int\u00e9grative en IGBMC, Universidad de Estrasburgo, y un segundo postdoctorado en el Laboratoire de Biologie et Pharmacologie Appliqu\u00e9e (LBPA) &#8211; \u00c9cole Normale Sup\u00e9rieure de Cachan &#8211; Perahia Lab (2013). Actualmente, Ana es la directora del laboratorio de Biof\u00edsica y Biolog\u00eda Computacional de la UFABC.<\/p>\n<\/div>\n<\/div>\n<\/div>\n<\/div>\n<\/div>\n\t\t<\/div><\/div><\/div><\/div><div id=\"pg-w66bbf87e10a92-1\"  class=\"panel-grid panel-no-style\" ><div id=\"pgc-w66bbf87e10a92-1-0\"  class=\"panel-grid-cell\" ><div id=\"panel-w66bbf87e10a92-1-0-0\" class=\"so-panel widget widget_media_image panel-first-child panel-last-child\" data-index=\"2\" ><div class=\"panel-widget-style panel-widget-style-for-w66bbf87e10a92-1-0-0\" ><img loading=\"lazy\" decoding=\"async\" width=\"300\" height=\"300\" src=\"https:\/\/congresos.unlp.edu.ar\/a2b2c2024\/wp-content\/uploads\/sites\/82\/2024\/06\/Mascotti-ML-Laura-Mascotti-300x300.jpg\" class=\"image wp-image-415  attachment-medium size-medium\" alt=\"\" style=\"max-width: 100%; height: auto;\" srcset=\"https:\/\/congresos.unlp.edu.ar\/a2b2c2024\/wp-content\/uploads\/sites\/82\/2024\/06\/Mascotti-ML-Laura-Mascotti-300x300.jpg 300w, https:\/\/congresos.unlp.edu.ar\/a2b2c2024\/wp-content\/uploads\/sites\/82\/2024\/06\/Mascotti-ML-Laura-Mascotti-150x150.jpg 150w, https:\/\/congresos.unlp.edu.ar\/a2b2c2024\/wp-content\/uploads\/sites\/82\/2024\/06\/Mascotti-ML-Laura-Mascotti-768x767.jpg 768w, https:\/\/congresos.unlp.edu.ar\/a2b2c2024\/wp-content\/uploads\/sites\/82\/2024\/06\/Mascotti-ML-Laura-Mascotti.jpg 778w\" sizes=\"auto, (max-width: 300px) 100vw, 300px\" \/><\/div><\/div><\/div><div id=\"pgc-w66bbf87e10a92-1-1\"  class=\"panel-grid-cell\" ><div id=\"panel-w66bbf87e10a92-1-1-0\" class=\"so-panel widget widget_text panel-first-child panel-last-child\" data-index=\"3\" ><div class=\"panel-widget-style panel-widget-style-for-w66bbf87e10a92-1-1-0\" ><h3 class=\"widget-title\">Maria Laura Mascotti<\/h3>\t\t\t<div class=\"textwidget\"><p>Mar\u00eda Laura Mascotti es una cient\u00edfica argentina en bioqu\u00edmica evolutiva y trabaja en el IHEM (CONICET-UNCuyo). Tiene un doctorado en Biocat\u00e1lisis de la UNSL y ha investigado en el IMIBIO-SL (Argentina), el EBI (Reino Unido), y la Universidad de Chicago (EE.UU.). Tambi\u00e9n particip\u00f3 en el programa Or\u00edgenes de la Vida (oLife) en la Universidad de Groningen (Pa\u00edses Bajos). Su trabajo interdisciplinario combina evoluci\u00f3n molecular, bioinform\u00e1tica y bioqu\u00edmica enzim\u00e1tica, adem\u00e1s de contribuir a la formaci\u00f3n de j\u00f3venes cient\u00edficos.<\/p>\n<\/div>\n\t\t<\/div><\/div><\/div><\/div><div id=\"pg-w66bbf87e10a92-2\"  class=\"panel-grid panel-no-style\" ><div id=\"pgc-w66bbf87e10a92-2-0\"  class=\"panel-grid-cell\" ><div id=\"panel-w66bbf87e10a92-2-0-0\" class=\"so-panel widget widget_media_image panel-first-child panel-last-child\" data-index=\"4\" ><div class=\"panel-widget-style panel-widget-style-for-w66bbf87e10a92-2-0-0\" ><img loading=\"lazy\" decoding=\"async\" width=\"293\" height=\"300\" src=\"https:\/\/congresos.unlp.edu.ar\/a2b2c2024\/wp-content\/uploads\/sites\/82\/2024\/06\/Carlos-BrizuelaV2-Carlos-Brizuela-293x300.jpg\" class=\"image wp-image-420  attachment-medium size-medium\" alt=\"\" style=\"max-width: 100%; height: auto;\" srcset=\"https:\/\/congresos.unlp.edu.ar\/a2b2c2024\/wp-content\/uploads\/sites\/82\/2024\/06\/Carlos-BrizuelaV2-Carlos-Brizuela-293x300.jpg 293w, https:\/\/congresos.unlp.edu.ar\/a2b2c2024\/wp-content\/uploads\/sites\/82\/2024\/06\/Carlos-BrizuelaV2-Carlos-Brizuela-998x1024.jpg 998w, https:\/\/congresos.unlp.edu.ar\/a2b2c2024\/wp-content\/uploads\/sites\/82\/2024\/06\/Carlos-BrizuelaV2-Carlos-Brizuela-768x788.jpg 768w, https:\/\/congresos.unlp.edu.ar\/a2b2c2024\/wp-content\/uploads\/sites\/82\/2024\/06\/Carlos-BrizuelaV2-Carlos-Brizuela-1498x1536.jpg 1498w, https:\/\/congresos.unlp.edu.ar\/a2b2c2024\/wp-content\/uploads\/sites\/82\/2024\/06\/Carlos-BrizuelaV2-Carlos-Brizuela.jpg 1561w\" sizes=\"auto, (max-width: 293px) 100vw, 293px\" \/><\/div><\/div><\/div><div id=\"pgc-w66bbf87e10a92-2-1\"  class=\"panel-grid-cell\" ><div id=\"panel-w66bbf87e10a92-2-1-0\" class=\"so-panel widget widget_text panel-first-child panel-last-child\" data-index=\"5\" ><div class=\"panel-widget-style panel-widget-style-for-w66bbf87e10a92-2-1-0\" ><h3 class=\"widget-title\">Carlos A. Brizuela<\/h3>\t\t\t<div class=\"textwidget\"><p>Carlos Brizuela obtuvo un doctorado en Ciencias de la Informaci\u00f3n y Producci\u00f3n del Instituto de Tecnolog\u00eda de Kioto. Tiene formaci\u00f3n en Mecatr\u00f3nica en Osaka y Electr\u00f3nica Industrial en Taiw\u00e1n. Fue investigador visitante durante un a\u00f1o en el laboratorio de Descubrimiento Computacional de Medicamentos en la UCSD. Es investigador senior y jefe del laboratorio de Biolog\u00eda Computacional en la Divisi\u00f3n de F\u00edsica Aplicada en CICESE. Aqu\u00ed, desarrolla algoritmos de optimizaci\u00f3n multiobjetivo y de aprendizaje autom\u00e1tico para el descubrimiento y dise\u00f1o de biomol\u00e9culas con potencial terap\u00e9utico.<\/p>\n<\/div>\n\t\t<\/div><\/div><\/div><\/div><div id=\"pg-w66bbf87e10a92-3\"  class=\"panel-grid panel-no-style\" ><div id=\"pgc-w66bbf87e10a92-3-0\"  class=\"panel-grid-cell\" ><div id=\"panel-w66bbf87e10a92-3-0-0\" class=\"so-panel widget widget_media_image panel-first-child panel-last-child\" data-index=\"6\" ><div class=\"panel-widget-style panel-widget-style-for-w66bbf87e10a92-3-0-0\" ><img loading=\"lazy\" decoding=\"async\" width=\"300\" height=\"282\" src=\"https:\/\/congresos.unlp.edu.ar\/a2b2c2024\/wp-content\/uploads\/sites\/82\/2024\/08\/foto_mia-Rodrigo-Quiroga-300x282.jpeg\" class=\"image wp-image-489  attachment-medium size-medium\" alt=\"\" style=\"max-width: 100%; height: auto;\" srcset=\"https:\/\/congresos.unlp.edu.ar\/a2b2c2024\/wp-content\/uploads\/sites\/82\/2024\/08\/foto_mia-Rodrigo-Quiroga-300x282.jpeg 300w, https:\/\/congresos.unlp.edu.ar\/a2b2c2024\/wp-content\/uploads\/sites\/82\/2024\/08\/foto_mia-Rodrigo-Quiroga.jpeg 455w\" sizes=\"auto, (max-width: 300px) 100vw, 300px\" \/><\/div><\/div><\/div><div id=\"pgc-w66bbf87e10a92-3-1\"  class=\"panel-grid-cell\" ><div id=\"panel-w66bbf87e10a92-3-1-0\" class=\"so-panel widget widget_text panel-first-child panel-last-child\" data-index=\"7\" ><div class=\"panel-widget-style panel-widget-style-for-w66bbf87e10a92-3-1-0\" ><h3 class=\"widget-title\">Rodrigo Quiroga<\/h3>\t\t\t<div class=\"textwidget\"><div class=\"UdTY9 WdefRb\" aria-hidden=\"true\" data-location=\"2\">\n<div class=\"kO6q6e\">Rodrigo es bioqu\u00edmico con un doctorado en Ciencias Qu\u00edmicas de la Universidad Nacional de C\u00f3rdoba. Su tesis se centr\u00f3 en el transporte intracelular de prote\u00ednas usando biolog\u00eda molecular y bioinform\u00e1tica. En 2018, se uni\u00f3 al CONICET como investigador, enfoc\u00e1ndose en el acoplamiento molecular y la predicci\u00f3n de estructuras de prote\u00ednas. Actualmente, trabaja en metodolog\u00edas de aprendizaje autom\u00e1tico para mejorar funciones de puntuaci\u00f3n en acoplamiento molecular.<\/div>\n<\/div>\n<\/div>\n\t\t<\/div><\/div><\/div><\/div><\/div><\/div><\/div><\/div><\/div>","protected":false},"excerpt":{"rendered":"<p>Ana L\u00edgia Barbour Scott Ana L\u00edgia Barbour Scott es Profesora Titular en la Universidad Federal del ABC, asesora de maestr\u00eda y doctorado. Obtuvo su doctorado en el Departamento de F\u00edsica en IBILCE\/UNESP (2013) e hizo un postdoctorado en la Escuela de Medicina de la Universidad de Pittsburgh\/MMBios (2018). Tambi\u00e9n realiz\u00f3 un postdoctorado en el grupo [&hellip;]<\/p>\n","protected":false},"author":209,"featured_media":0,"parent":0,"menu_order":0,"comment_status":"closed","ping_status":"closed","template":"","meta":{"advgb_blocks_editor_width":"","advgb_blocks_columns_visual_guide":"","footnotes":""},"class_list":["post-403","page","type-page","status-publish","hentry","post"],"aioseo_notices":[],"coauthors":[],"author_meta":{"author_link":"https:\/\/congresos.unlp.edu.ar\/a2b2c2024\/author\/congresoa2b2c\/","display_name":"congresoa2b2c"},"relative_dates":{"created":"Publicado 2 a\u00f1os hace","modified":"Actualizado 2 a\u00f1os hace"},"absolute_dates":{"created":"Publicado el 15 junio, 2024","modified":"Actualizado el 13 agosto, 2024"},"absolute_dates_time":{"created":"Publicado el 15 junio, 2024 8:32 pm","modified":"Actualizado el 13 agosto, 2024 9:21 pm"},"featured_img_caption":"","featured_img":false,"series_order":"","_links":{"self":[{"href":"https:\/\/congresos.unlp.edu.ar\/a2b2c2024\/wp-json\/wp\/v2\/pages\/403","targetHints":{"allow":["GET"]}}],"collection":[{"href":"https:\/\/congresos.unlp.edu.ar\/a2b2c2024\/wp-json\/wp\/v2\/pages"}],"about":[{"href":"https:\/\/congresos.unlp.edu.ar\/a2b2c2024\/wp-json\/wp\/v2\/types\/page"}],"author":[{"embeddable":true,"href":"https:\/\/congresos.unlp.edu.ar\/a2b2c2024\/wp-json\/wp\/v2\/users\/209"}],"replies":[{"embeddable":true,"href":"https:\/\/congresos.unlp.edu.ar\/a2b2c2024\/wp-json\/wp\/v2\/comments?post=403"}],"version-history":[{"count":0,"href":"https:\/\/congresos.unlp.edu.ar\/a2b2c2024\/wp-json\/wp\/v2\/pages\/403\/revisions"}],"wp:attachment":[{"href":"https:\/\/congresos.unlp.edu.ar\/a2b2c2024\/wp-json\/wp\/v2\/media?parent=403"}],"curies":[{"name":"wp","href":"https:\/\/api.w.org\/{rel}","templated":true}]}}