{"id":297,"date":"2024-05-30T11:19:24","date_gmt":"2024-05-30T14:19:24","guid":{"rendered":"https:\/\/congresos.unlp.edu.ar\/a2b2c2024\/?page_id=297"},"modified":"2024-07-29T08:20:59","modified_gmt":"2024-07-29T11:20:59","slug":"enviar-un-trabajo","status":"publish","type":"page","link":"https:\/\/congresos.unlp.edu.ar\/a2b2c2024\/enviar-un-trabajo\/","title":{"rendered":"Enviar un trabajo"},"content":{"rendered":"<div id=\"pl-297\"  class=\"panel-layout\" ><div id=\"pg-297-0\"  class=\"panel-grid panel-no-style\" ><div id=\"pgc-297-0-0\"  class=\"panel-grid-cell\" ><div id=\"panel-297-0-0-0\" class=\"so-panel widget widget_siteorigin-panels-builder panel-first-child panel-last-child\" data-index=\"0\" ><div id=\"pl-w66a77b1b6aa62\"  class=\"panel-layout\" ><div id=\"pg-w66a77b1b6aa62-0\"  class=\"panel-grid panel-no-style\" ><div id=\"pgc-w66a77b1b6aa62-0-0\"  class=\"panel-grid-cell\" ><div id=\"panel-w66a77b1b6aa62-0-0-0\" class=\"so-panel widget widget_text panel-first-child panel-last-child\" data-index=\"0\" ><h3 class=\"widget-title\">Instrucciones de Env\u00edo<\/h3>\t\t\t<div class=\"textwidget\"><p>Los res\u00famenes deben ser enviados en INGL\u00c9S, no m\u00e1s de 300 palabras, y enviados como un archivo PDF siguiendo la plantilla disponible <a href=\"https:\/\/drive.google.com\/file\/d\/10ib4cajxldkfKrO_PqifOn_WIjJvPeiK\/view?usp=sharing\">Aqu\u00ed<\/a>. Todos los res\u00famenes deben ser originales y adecuarse a cualquier tema del evento. Los autores tendr\u00e1n la oportunidad de proponerlo para presentaci\u00f3n oral, aunque el Comit\u00e9 Cient\u00edfico determinar\u00e1 si se presentar\u00e1 como oral o p\u00f3ster.<\/p>\n<p>Enlace de env\u00edo: <a href=\"https:\/\/forms.gle\/46kPG8EpFyVFJ3rF7\">https:\/\/forms.gle\/46kPG8EpFyVFJ3rF7<\/a><\/p>\n<\/div>\n\t\t<\/div><\/div><\/div><\/div><\/div><\/div><\/div><\/div>","protected":false},"excerpt":{"rendered":"<p>Instrucciones de Env\u00edo Los res\u00famenes deben ser enviados en INGL\u00c9S, no m\u00e1s de 300 palabras, y enviados como un archivo PDF siguiendo la plantilla disponible Aqu\u00ed. Todos los res\u00famenes deben ser originales y adecuarse a cualquier tema del evento. Los autores tendr\u00e1n la oportunidad de proponerlo para presentaci\u00f3n oral, aunque el Comit\u00e9 Cient\u00edfico determinar\u00e1 si [&hellip;]<\/p>\n","protected":false},"author":2,"featured_media":0,"parent":0,"menu_order":0,"comment_status":"closed","ping_status":"closed","template":"","meta":{"advgb_blocks_editor_width":"","advgb_blocks_columns_visual_guide":"","footnotes":""},"class_list":["post-297","page","type-page","status-publish","hentry","post"],"aioseo_notices":[],"coauthors":[],"author_meta":{"author_link":"https:\/\/congresos.unlp.edu.ar\/a2b2c2024\/author\/congresos\/","display_name":"congresos"},"relative_dates":{"created":"Publicado 2 a\u00f1os hace","modified":"Actualizado 2 a\u00f1os hace"},"absolute_dates":{"created":"Publicado el 30 mayo, 2024","modified":"Actualizado el 29 julio, 2024"},"absolute_dates_time":{"created":"Publicado el 30 mayo, 2024 11:19 am","modified":"Actualizado el 29 julio, 2024 8:20 am"},"featured_img_caption":"","featured_img":false,"series_order":"","_links":{"self":[{"href":"https:\/\/congresos.unlp.edu.ar\/a2b2c2024\/wp-json\/wp\/v2\/pages\/297","targetHints":{"allow":["GET"]}}],"collection":[{"href":"https:\/\/congresos.unlp.edu.ar\/a2b2c2024\/wp-json\/wp\/v2\/pages"}],"about":[{"href":"https:\/\/congresos.unlp.edu.ar\/a2b2c2024\/wp-json\/wp\/v2\/types\/page"}],"author":[{"embeddable":true,"href":"https:\/\/congresos.unlp.edu.ar\/a2b2c2024\/wp-json\/wp\/v2\/users\/2"}],"replies":[{"embeddable":true,"href":"https:\/\/congresos.unlp.edu.ar\/a2b2c2024\/wp-json\/wp\/v2\/comments?post=297"}],"version-history":[{"count":0,"href":"https:\/\/congresos.unlp.edu.ar\/a2b2c2024\/wp-json\/wp\/v2\/pages\/297\/revisions"}],"wp:attachment":[{"href":"https:\/\/congresos.unlp.edu.ar\/a2b2c2024\/wp-json\/wp\/v2\/media?parent=297"}],"curies":[{"name":"wp","href":"https:\/\/api.w.org\/{rel}","templated":true}]}}