{"id":294,"date":"2024-05-30T11:17:42","date_gmt":"2024-05-30T14:17:42","guid":{"rendered":"https:\/\/congresos.unlp.edu.ar\/a2b2c2024\/?page_id=294"},"modified":"2024-11-04T16:38:46","modified_gmt":"2024-11-04T19:38:46","slug":"programa","status":"publish","type":"page","link":"https:\/\/congresos.unlp.edu.ar\/a2b2c2024\/programa\/","title":{"rendered":"Porgrama"},"content":{"rendered":"<div id=\"pl-294\"  class=\"panel-layout\" ><div id=\"pg-294-0\"  class=\"panel-grid panel-has-style\" ><div class=\"panel-row-style panel-row-style-for-294-0\" ><div id=\"pgc-294-0-0\"  class=\"panel-grid-cell\" ><div id=\"panel-294-0-0-0\" class=\"so-panel widget widget_siteorigin-panels-builder panel-first-child panel-last-child\" data-index=\"0\" ><div id=\"pl-w6729225cc22eb\"  class=\"panel-layout\" ><div id=\"pg-w6729225cc22eb-0\"  class=\"panel-grid panel-no-style\" ><div id=\"pgc-w6729225cc22eb-0-0\"  class=\"panel-grid-cell\" ><div id=\"panel-w6729225cc22eb-0-0-0\" class=\"so-panel widget widget_media_image panel-first-child\" data-index=\"0\" ><img loading=\"lazy\" decoding=\"async\" width=\"1414\" height=\"2000\" src=\"https:\/\/congresos.unlp.edu.ar\/a2b2c2024\/wp-content\/uploads\/sites\/82\/2024\/11\/program_full.png\" class=\"image wp-image-563  attachment-full size-full\" alt=\"\" style=\"max-width: 100%; height: auto;\" srcset=\"https:\/\/congresos.unlp.edu.ar\/a2b2c2024\/wp-content\/uploads\/sites\/82\/2024\/11\/program_full.png 1414w, https:\/\/congresos.unlp.edu.ar\/a2b2c2024\/wp-content\/uploads\/sites\/82\/2024\/11\/program_full-212x300.png 212w, https:\/\/congresos.unlp.edu.ar\/a2b2c2024\/wp-content\/uploads\/sites\/82\/2024\/11\/program_full-724x1024.png 724w, https:\/\/congresos.unlp.edu.ar\/a2b2c2024\/wp-content\/uploads\/sites\/82\/2024\/11\/program_full-768x1086.png 768w, https:\/\/congresos.unlp.edu.ar\/a2b2c2024\/wp-content\/uploads\/sites\/82\/2024\/11\/program_full-1086x1536.png 1086w\" sizes=\"auto, (max-width: 1414px) 100vw, 1414px\" \/><\/div><div id=\"panel-w6729225cc22eb-0-0-1\" class=\"so-panel widget widget_text panel-last-child\" data-index=\"1\" ><div class=\"panel-widget-style panel-widget-style-for-w6729225cc22eb-0-0-1\" >\t\t\t<div class=\"textwidget\"><p>Descarg\u00e1 el programa <a href=\"https:\/\/drive.google.com\/file\/d\/1d8Ye3RlD_yx6PZFxnf2l0_kBijTkmslQ\/view?usp=sharing\">aqu\u00ed<\/a><\/p>\n<p>Descarg\u00e1 el programa de Posters <a href=\"https:\/\/drive.google.com\/file\/d\/1H6A2Pxfr5U0MSJwtrEvdtG82h0CY2eAl\/view?usp=sharing\">aqu\u00ed<\/a><\/p>\n<\/div>\n\t\t<\/div><\/div><\/div><\/div><div id=\"pg-w6729225cc22eb-1\"  class=\"panel-grid panel-no-style\" ><div id=\"pgc-w6729225cc22eb-1-0\"  class=\"panel-grid-cell\" ><div id=\"panel-w6729225cc22eb-1-0-0\" class=\"so-panel widget widget_media_image panel-first-child\" data-index=\"2\" ><img loading=\"lazy\" decoding=\"async\" width=\"1414\" height=\"2000\" src=\"https:\/\/congresos.unlp.edu.ar\/a2b2c2024\/wp-content\/uploads\/sites\/82\/2024\/11\/poster_for_web.png\" class=\"image wp-image-558  attachment-full size-full\" alt=\"\" style=\"max-width: 100%; height: auto;\" srcset=\"https:\/\/congresos.unlp.edu.ar\/a2b2c2024\/wp-content\/uploads\/sites\/82\/2024\/11\/poster_for_web.png 1414w, https:\/\/congresos.unlp.edu.ar\/a2b2c2024\/wp-content\/uploads\/sites\/82\/2024\/11\/poster_for_web-212x300.png 212w, https:\/\/congresos.unlp.edu.ar\/a2b2c2024\/wp-content\/uploads\/sites\/82\/2024\/11\/poster_for_web-724x1024.png 724w, https:\/\/congresos.unlp.edu.ar\/a2b2c2024\/wp-content\/uploads\/sites\/82\/2024\/11\/poster_for_web-768x1086.png 768w, https:\/\/congresos.unlp.edu.ar\/a2b2c2024\/wp-content\/uploads\/sites\/82\/2024\/11\/poster_for_web-1086x1536.png 1086w\" sizes=\"auto, (max-width: 1414px) 100vw, 1414px\" \/><\/div><div id=\"panel-w6729225cc22eb-1-0-1\" class=\"so-panel widget widget_text panel-last-child\" data-index=\"3\" ><div class=\"panel-widget-style panel-widget-style-for-w6729225cc22eb-1-0-1\" >\t\t\t<div class=\"textwidget\"><p>Descarg\u00e1 el cronograma de exposici\u00f3n de posters <a href=\"https:\/\/drive.google.com\/file\/d\/1H6A2Pxfr5U0MSJwtrEvdtG82h0CY2eAl\/view?usp=sharing\">aqu\u00ed<\/a><\/p>\n<\/div>\n\t\t<\/div><\/div><\/div><\/div><\/div><\/div><\/div><\/div><\/div><\/div>","protected":false},"excerpt":{"rendered":"<p>Descarg\u00e1 el programa aqu\u00ed Descarg\u00e1 el programa de Posters aqu\u00ed Descarg\u00e1 el cronograma de exposici\u00f3n de posters aqu\u00ed<\/p>\n","protected":false},"author":2,"featured_media":0,"parent":0,"menu_order":0,"comment_status":"closed","ping_status":"closed","template":"","meta":{"advgb_blocks_editor_width":"","advgb_blocks_columns_visual_guide":"","footnotes":""},"class_list":["post-294","page","type-page","status-publish","hentry","post"],"aioseo_notices":[],"coauthors":[],"author_meta":{"author_link":"https:\/\/congresos.unlp.edu.ar\/a2b2c2024\/author\/congresos\/","display_name":"congresos"},"relative_dates":{"created":"Publicado 2 a\u00f1os hace","modified":"Actualizado 1 a\u00f1o hace"},"absolute_dates":{"created":"Publicado el 30 mayo, 2024","modified":"Actualizado el 4 noviembre, 2024"},"absolute_dates_time":{"created":"Publicado el 30 mayo, 2024 11:17 am","modified":"Actualizado el 4 noviembre, 2024 4:38 pm"},"featured_img_caption":"","featured_img":false,"series_order":"","_links":{"self":[{"href":"https:\/\/congresos.unlp.edu.ar\/a2b2c2024\/wp-json\/wp\/v2\/pages\/294","targetHints":{"allow":["GET"]}}],"collection":[{"href":"https:\/\/congresos.unlp.edu.ar\/a2b2c2024\/wp-json\/wp\/v2\/pages"}],"about":[{"href":"https:\/\/congresos.unlp.edu.ar\/a2b2c2024\/wp-json\/wp\/v2\/types\/page"}],"author":[{"embeddable":true,"href":"https:\/\/congresos.unlp.edu.ar\/a2b2c2024\/wp-json\/wp\/v2\/users\/2"}],"replies":[{"embeddable":true,"href":"https:\/\/congresos.unlp.edu.ar\/a2b2c2024\/wp-json\/wp\/v2\/comments?post=294"}],"version-history":[{"count":0,"href":"https:\/\/congresos.unlp.edu.ar\/a2b2c2024\/wp-json\/wp\/v2\/pages\/294\/revisions"}],"wp:attachment":[{"href":"https:\/\/congresos.unlp.edu.ar\/a2b2c2024\/wp-json\/wp\/v2\/media?parent=294"}],"curies":[{"name":"wp","href":"https:\/\/api.w.org\/{rel}","templated":true}]}}