{"id":28,"date":"2024-02-23T11:17:41","date_gmt":"2024-02-23T14:17:41","guid":{"rendered":"https:\/\/congresos.unlp.edu.ar\/a2b2c2024\/?page_id=28"},"modified":"2024-03-02T17:04:23","modified_gmt":"2024-03-02T20:04:23","slug":"informacion-turistica","status":"publish","type":"page","link":"https:\/\/congresos.unlp.edu.ar\/a2b2c2024\/informacion-turistica\/","title":{"rendered":"Informaci\u00f3n tur\u00edstica"},"content":{"rendered":"<div id=\"pl-28\"  class=\"panel-layout\" ><div id=\"pg-28-0\"  class=\"panel-grid panel-no-style\" ><div id=\"pgc-28-0-0\"  class=\"panel-grid-cell\" ><div id=\"panel-28-0-0-0\" class=\"so-panel widget widget_text panel-first-child\" data-index=\"0\" ><h3 class=\"widget-title\">Sobre turismo y otras Yerbas \ud83e\uddc9<\/h3>\t\t\t<div class=\"textwidget\"><p><strong>\u00bfC\u00f3mo llegar hasta La Plata y qu\u00e9 hacer?<\/strong> Viaje en Tren y curiosidades de las estaciones intermedias. <a href=\"https:\/\/youtu.be\/fqUXJBiibAY?si=mJWvq1XUZaqVVB7L\"><strong>+Info Aqu\u00ed<\/strong><\/a><\/p>\n<p><strong>\u00a1Antes de viajar! <\/strong>Todo lo que necesitas saber para preparar tu viaje <a href=\"https:\/\/youtu.be\/fqUXJBiibAY?si=RWvSw2FSa39BPG7J\">aqu\u00ed<\/a><\/p>\n<\/div>\n\t\t<\/div><div id=\"panel-28-0-0-1\" class=\"so-panel widget widget_media_video panel-last-child\" data-index=\"1\" ><h3 class=\"widget-title\">Argentina es para quien la quiera disfrutar<\/h3><div style=\"width:100%;\" class=\"wp-video\"><video class=\"wp-video-shortcode\" id=\"video-28-1\" preload=\"metadata\" controls=\"controls\"><source type=\"video\/youtube\" src=\"https:\/\/youtu.be\/57waq1HdllQ?si=Xb8wMo4ias5MPMc0&#038;_=1\" \/><a href=\"https:\/\/youtu.be\/57waq1HdllQ?si=Xb8wMo4ias5MPMc0\">https:\/\/youtu.be\/57waq1HdllQ?si=Xb8wMo4ias5MPMc0<\/a><\/video><\/div><\/div><\/div><\/div><\/div>","protected":false},"excerpt":{"rendered":"<p>\u00bfC\u00f3mo llegar hasta La Plata y qu\u00e9 hacer? Viaje en Tren y curiosidades de las estaciones intermedias. +Info Aqu\u00ed \u00a1Antes de viajar! Todo lo que necesitas saber para preparar tu viaje aqu\u00ed<\/p>\n","protected":false},"author":202,"featured_media":0,"parent":0,"menu_order":0,"comment_status":"closed","ping_status":"closed","template":"","meta":{"advgb_blocks_editor_width":"","advgb_blocks_columns_visual_guide":"","footnotes":""},"class_list":["post-28","page","type-page","status-publish","hentry","post"],"aioseo_notices":[],"coauthors":[],"author_meta":{"author_link":"https:\/\/congresos.unlp.edu.ar\/a2b2c2024\/author\/ssoler\/","display_name":"ssoler"},"relative_dates":{"created":"Publicado 2 a\u00f1os hace","modified":"Actualizado 2 a\u00f1os hace"},"absolute_dates":{"created":"Publicado el 23 febrero, 2024","modified":"Actualizado el 2 marzo, 2024"},"absolute_dates_time":{"created":"Publicado el 23 febrero, 2024 11:17 am","modified":"Actualizado el 2 marzo, 2024 5:04 pm"},"featured_img_caption":"","featured_img":false,"series_order":"","_links":{"self":[{"href":"https:\/\/congresos.unlp.edu.ar\/a2b2c2024\/wp-json\/wp\/v2\/pages\/28","targetHints":{"allow":["GET"]}}],"collection":[{"href":"https:\/\/congresos.unlp.edu.ar\/a2b2c2024\/wp-json\/wp\/v2\/pages"}],"about":[{"href":"https:\/\/congresos.unlp.edu.ar\/a2b2c2024\/wp-json\/wp\/v2\/types\/page"}],"author":[{"embeddable":true,"href":"https:\/\/congresos.unlp.edu.ar\/a2b2c2024\/wp-json\/wp\/v2\/users\/202"}],"replies":[{"embeddable":true,"href":"https:\/\/congresos.unlp.edu.ar\/a2b2c2024\/wp-json\/wp\/v2\/comments?post=28"}],"version-history":[{"count":0,"href":"https:\/\/congresos.unlp.edu.ar\/a2b2c2024\/wp-json\/wp\/v2\/pages\/28\/revisions"}],"wp:attachment":[{"href":"https:\/\/congresos.unlp.edu.ar\/a2b2c2024\/wp-json\/wp\/v2\/media?parent=28"}],"curies":[{"name":"wp","href":"https:\/\/api.w.org\/{rel}","templated":true}]}}