{"id":23,"date":"2024-02-23T11:17:41","date_gmt":"2024-02-23T14:17:41","guid":{"rendered":"https:\/\/congresos.unlp.edu.ar\/a2b2c2024\/?page_id=23"},"modified":"2024-08-03T13:09:58","modified_gmt":"2024-08-03T16:09:58","slug":"aranceles-y-formas-de-pago","status":"publish","type":"page","link":"https:\/\/congresos.unlp.edu.ar\/a2b2c2024\/aranceles-y-formas-de-pago\/","title":{"rendered":"Aranceles y formas de pago"},"content":{"rendered":"<div id=\"pl-23\"  class=\"panel-layout\" ><div id=\"pg-23-0\"  class=\"panel-grid panel-no-style\" ><div id=\"pgc-23-0-0\"  class=\"panel-grid-cell\" ><div id=\"panel-23-0-0-0\" class=\"so-panel widget widget_siteorigin-panels-builder panel-first-child panel-last-child\" data-index=\"0\" ><div id=\"pl-w66ae52e382341\"  class=\"panel-layout\" ><div id=\"pg-w66ae52e382341-0\"  class=\"panel-grid panel-no-style\" ><div id=\"pgc-w66ae52e382341-0-0\"  class=\"panel-grid-cell\" ><div id=\"panel-w66ae52e382341-0-0-0\" class=\"so-panel widget widget_text panel-first-child panel-last-child\" data-index=\"0\" ><h3 class=\"widget-title\">Aranceles y Tarifas<\/h3>\t\t\t<div class=\"textwidget\"><div>Profesionales Independientes e Industria\u00a0 \u00a0 \u00a0 \u00a0 \u00a0 \u00a0$55.000<\/div>\n<div>Profesores, Investigadores, CPA $45.000<br \/>\nPosdoctorado $35.000<br \/>\nEstudiantes de posgrado (Doctorado, Maestr\u00eda, Especializaci\u00f3n) $30.000<br \/>\nEstudiantes de Grado $5.000<\/div>\n<div><\/div>\n<div>Todos los aranceles son en Pesos Argentinos<\/div>\n<\/div>\n\t\t<\/div><\/div><\/div><div id=\"pg-w66ae52e382341-1\"  class=\"panel-grid panel-no-style\" ><div id=\"pgc-w66ae52e382341-1-0\"  class=\"panel-grid-cell\" ><div id=\"panel-w66ae52e382341-1-0-0\" class=\"so-panel widget widget_text panel-first-child panel-last-child\" data-index=\"1\" ><h3 class=\"widget-title\">Registro\u00a0<\/h3>\t\t\t<div class=\"textwidget\"><p>Complet\u00e1 tu registro <a href=\"https:\/\/docs.google.com\/forms\/d\/e\/1FAIpQLSfTutSFCjYJxKEKMMcSRAdkJRXj4E-fW_t_v29E4quRCGyhRQ\/viewform?usp=sf_link\">aqu\u00ed<\/a> y envi\u00e1 tu comprobante de pago.<\/p>\n<p><strong>Detalles Bancarios<\/strong><br \/>\nCuanta Bancaria: Asociaci\u00f3n Argentina de Bioinform\u00e1tica y Biolog\u00eda Computacional<br \/>\nBanco: ICBC<br \/>\nCUIT: 30-71154259-7<br \/>\nCBU: 0150541202000104510647<br \/>\nN\u00famero de Cuenta: 0541\/02105410\/64<br \/>\nSwift: ICBKARBA<br \/>\nDirecci\u00f3n: Av Triunvirato 4599, C1431FBI CABA. Argentina<\/p>\n<\/div>\n\t\t<\/div><\/div><\/div><\/div><\/div><\/div><\/div><\/div>","protected":false},"excerpt":{"rendered":"<p>Aranceles y Tarifas Profesionales Independientes e Industria\u00a0 \u00a0 \u00a0 \u00a0 \u00a0 \u00a0$55.000 Profesores, Investigadores, CPA $45.000 Posdoctorado $35.000 Estudiantes de posgrado (Doctorado, Maestr\u00eda, Especializaci\u00f3n) $30.000 Estudiantes de Grado $5.000 Todos los aranceles son en Pesos Argentinos Registro\u00a0 Complet\u00e1 tu registro aqu\u00ed y envi\u00e1 tu comprobante de pago. Detalles Bancarios Cuanta Bancaria: Asociaci\u00f3n Argentina de Bioinform\u00e1tica [&hellip;]<\/p>\n","protected":false},"author":202,"featured_media":0,"parent":0,"menu_order":0,"comment_status":"closed","ping_status":"closed","template":"","meta":{"advgb_blocks_editor_width":"","advgb_blocks_columns_visual_guide":"","footnotes":""},"class_list":["post-23","page","type-page","status-publish","hentry","post"],"aioseo_notices":[],"coauthors":[],"author_meta":{"author_link":"https:\/\/congresos.unlp.edu.ar\/a2b2c2024\/author\/ssoler\/","display_name":"ssoler"},"relative_dates":{"created":"Publicado 2 a\u00f1os hace","modified":"Actualizado 2 a\u00f1os hace"},"absolute_dates":{"created":"Publicado el 23 febrero, 2024","modified":"Actualizado el 3 agosto, 2024"},"absolute_dates_time":{"created":"Publicado el 23 febrero, 2024 11:17 am","modified":"Actualizado el 3 agosto, 2024 1:09 pm"},"featured_img_caption":"","featured_img":false,"series_order":"","_links":{"self":[{"href":"https:\/\/congresos.unlp.edu.ar\/a2b2c2024\/wp-json\/wp\/v2\/pages\/23","targetHints":{"allow":["GET"]}}],"collection":[{"href":"https:\/\/congresos.unlp.edu.ar\/a2b2c2024\/wp-json\/wp\/v2\/pages"}],"about":[{"href":"https:\/\/congresos.unlp.edu.ar\/a2b2c2024\/wp-json\/wp\/v2\/types\/page"}],"author":[{"embeddable":true,"href":"https:\/\/congresos.unlp.edu.ar\/a2b2c2024\/wp-json\/wp\/v2\/users\/202"}],"replies":[{"embeddable":true,"href":"https:\/\/congresos.unlp.edu.ar\/a2b2c2024\/wp-json\/wp\/v2\/comments?post=23"}],"version-history":[{"count":0,"href":"https:\/\/congresos.unlp.edu.ar\/a2b2c2024\/wp-json\/wp\/v2\/pages\/23\/revisions"}],"wp:attachment":[{"href":"https:\/\/congresos.unlp.edu.ar\/a2b2c2024\/wp-json\/wp\/v2\/media?parent=23"}],"curies":[{"name":"wp","href":"https:\/\/api.w.org\/{rel}","templated":true}]}}